{"id":853,"date":"2016-02-22T14:19:48","date_gmt":"2016-02-22T17:19:48","guid":{"rendered":"https:\/\/www.pipacomunica.com.br\/livrariadapipa\/?post_type=product&#038;p=853"},"modified":"2023-01-17T14:29:25","modified_gmt":"2023-01-17T17:29:25","slug":"mario-de-andrade-brasis-tupis-e-carnavais","status":"publish","type":"product","link":"https:\/\/www.pipacomunica.com.br\/livrariadapipa\/produto\/mario-de-andrade-brasis-tupis-e-carnavais\/","title":{"rendered":"M\u00e1rio de Andrade: Brasis, tupis e carnavais"},"content":{"rendered":"<p>M\u00e1rio de Andrade: Brasis, tupis e carnavais.<br \/>\nFrederico Jos\u00e9 Machado da Silva; Angela Mendon\u00e7a; Anelilde Lima; Joelma Gomes dos Santos; Suelany Christtinny Ribeiro Mascena (orgs.)<\/p>\n<p>Leitura online e PDF.<br \/>\nISBN 978-85-66530-53-7<\/p>\n<p>Os Anais eletr\u00f4nicos do XII <a href=\"http:\/\/eellfacho.blogspot.com.br\/\" target=\"_blank\" rel=\"noopener\">Encontro sobre o Ensino de L\u00edngua e Literatura<\/a> promovido pelo Curso de Letras da Faculdade de Ci\u00eancias Humanas de Olinda apresenta 20 artigos originados a partir das pesquisas apresentadas durante o evento. Nesta edi\u00e7\u00e3o o encontro se articulou em tr\u00eas eixos: <b>ensino, ensino da l\u00edngua e ensino da literatura.<\/b> A proposta geral do evento foi debater sobre cultura e literatura afrobrasileira e l\u00edngua e varia\u00e7\u00e3o lingu\u00edstica na contemporaneidade nos tr\u00eas eixos seminais.<\/p>\n<p>1\u00aa ed. Pipa Comunica\u00e7\u00e3o, 2015. 250p. il., Fig., Quadros. (e-book)<br \/>\n1. L\u00edngua. 2. Literatura. 3. M\u00e1rio de Andrade. 4. Anais. 5. XII EELL.<\/p>\n","protected":false},"excerpt":{"rendered":"<p>M\u00e1rio de Andrade: Brasis, tupis e carnavais.<br \/>\nFrederico Jos\u00e9 Machado da Silva; Angela Mendon\u00e7a; Anelilde Lima; Joelma Gomes dos Santos; Suelany Christtinny Ribeiro Mascena (orgs.)<\/p>\n<p>Leitura online e PDF.<br \/>\nISBN 978-85-66530-53-7<\/p>\n<p>M\u00e1rio de Andrade: Brasis, tupis e carnavais \u00e9 o t\u00edtulo dos Anais eletr\u00f4nicos do <a href=\"http:\/\/eellfacho.blogspot.com.br\/\" target=\"_blank\" rel=\"noopener\">XII Encontro sobre o Ensino de L\u00edngua e Literatura<\/a> promovido pelo Curso de Letras da Faculdade de Ci\u00eancias Humanas de Olinda (FACHO) que apresenta 20 artigos originados a partir das pesquisas apresentadas durante o evento.<\/p>\n<p>1\u00aa ed. Pipa Comunica\u00e7\u00e3o, 2015. 250p. il., Fig., Quadros. (e-book)<br \/>\n1. L\u00edngua. 2. Literatura. 3. M\u00e1rio de Andrade. 4. Anais. 5. XII EELL.<\/p>\n<p>Leitura Online: <a href=\"https:\/\/goo.gl\/w0sXFN\" target=\"_blank\" rel=\"noopener\">https:\/\/goo.gl\/w0sXFN<\/a><br \/>\nDownload PDF: <a href=\"http:\/\/goo.gl\/mMVrrT\">http:\/\/goo.gl\/mMVrrT<\/a>\u00a0ou via <a href=\"https:\/\/www.dropbox.com\/s\/u9xylby8z475vqd\/Anais-EELL-2015.pdf?dl=0\">Dropbox<\/a><\/p>\n","protected":false},"featured_media":855,"comment_status":"open","ping_status":"closed","template":"","meta":{"jetpack_post_was_ever_published":false,"jetpack_publicize_message":"","jetpack_publicize_feature_enabled":true,"jetpack_social_post_already_shared":false,"jetpack_social_options":{"image_generator_settings":{"template":"highway","default_image_id":0,"font":"","enabled":false},"version":2}},"product_brand":[],"product_cat":[34,24,17],"product_tag":[],"class_list":{"0":"post-853","1":"product","2":"type-product","3":"status-publish","4":"has-post-thumbnail","6":"product_cat-sem-categoria","7":"product_cat-anais","8":"product_cat-gratuitos","10":"first","11":"instock","12":"shipping-taxable","13":"product-type-external"},"yoast_head":"<!-- This site is optimized with the Yoast SEO plugin v27.1.1 - https:\/\/yoast.com\/product\/yoast-seo-wordpress\/ -->\n<title>M\u00e1rio de Andrade: Brasis, tupis e carnavais - Livraria da Pipa Comunica\u00e7\u00e3o<\/title>\n<meta name=\"description\" content=\"M\u00e1rio de Andrade: Brasis, tupis e carnavais \u00e9 o t\u00edtulo dos Anais Eletr\u00f4nicos do XII Encontro sobre o Ensino de L\u00edngua e Literatura.\" \/>\n<meta name=\"robots\" content=\"index, follow, max-snippet:-1, max-image-preview:large, max-video-preview:-1\" \/>\n<link rel=\"canonical\" href=\"https:\/\/www.pipacomunica.com.br\/livrariadapipa\/produto\/mario-de-andrade-brasis-tupis-e-carnavais\/\" \/>\n<meta property=\"og:locale\" content=\"pt_BR\" \/>\n<meta property=\"og:type\" content=\"article\" \/>\n<meta property=\"og:title\" content=\"M\u00e1rio de Andrade: Brasis, tupis e carnavais\" \/>\n<meta property=\"og:description\" content=\"M\u00e1rio de Andrade: Brasis, tupis e carnavais \u00e9 o t\u00edtulo dos Anais Eletr\u00f4nicos do XII Encontro sobre o Ensino de L\u00edngua e Literatura.\" \/>\n<meta property=\"og:url\" content=\"https:\/\/www.pipacomunica.com.br\/livrariadapipa\/produto\/mario-de-andrade-brasis-tupis-e-carnavais\/\" \/>\n<meta property=\"og:site_name\" content=\"Livraria da Pipa Comunica\u00e7\u00e3o\" \/>\n<meta property=\"article:publisher\" content=\"https:\/\/www.facebook.com\/pipacomunica\" \/>\n<meta property=\"article:modified_time\" content=\"2023-01-17T17:29:25+00:00\" \/>\n<meta property=\"og:image\" content=\"https:\/\/www.pipacomunica.com.br\/livrariadapipa\/wp-content\/uploads\/2016\/02\/thumb-2015eell.jpg\" \/>\n\t<meta property=\"og:image:width\" content=\"870\" \/>\n\t<meta property=\"og:image:height\" content=\"452\" \/>\n\t<meta property=\"og:image:type\" content=\"image\/jpeg\" \/>\n<meta name=\"twitter:card\" content=\"summary_large_image\" \/>\n<meta name=\"twitter:title\" content=\"M\u00e1rio de Andrade: Brasis, tupis e carnavais\" \/>\n<meta name=\"twitter:description\" content=\"M\u00e1rio de Andrade: Brasis, tupis e carnavais \u00e9 o t\u00edtulo dos Anais Eletr\u00f4nicos do XII Encontro sobre o Ensino de L\u00edngua e Literatura.\" \/>\n<meta name=\"twitter:image\" content=\"https:\/\/i0.wp.com\/www.pipacomunica.com.br\/livrariadapipa\/wp-content\/uploads\/2016\/02\/thumb-2015eell.jpg?fit=870%2C452&ssl=1\" \/>\n<meta name=\"twitter:site\" content=\"@PipaComunica\" \/>\n<meta name=\"twitter:label1\" content=\"Est. tempo de leitura\" \/>\n\t<meta name=\"twitter:data1\" content=\"1 minuto\" \/>\n<script type=\"application\/ld+json\" class=\"yoast-schema-graph\">{\"@context\":\"https:\/\/schema.org\",\"@graph\":[{\"@type\":\"WebPage\",\"@id\":\"https:\/\/www.pipacomunica.com.br\/livrariadapipa\/produto\/mario-de-andrade-brasis-tupis-e-carnavais\/\",\"url\":\"https:\/\/www.pipacomunica.com.br\/livrariadapipa\/produto\/mario-de-andrade-brasis-tupis-e-carnavais\/\",\"name\":\"M\u00e1rio de Andrade: Brasis, tupis e carnavais - Livraria da Pipa Comunica\u00e7\u00e3o\",\"isPartOf\":{\"@id\":\"https:\/\/www.pipacomunica.com.br\/livrariadapipa\/#website\"},\"primaryImageOfPage\":{\"@id\":\"https:\/\/www.pipacomunica.com.br\/livrariadapipa\/produto\/mario-de-andrade-brasis-tupis-e-carnavais\/#primaryimage\"},\"image\":{\"@id\":\"https:\/\/www.pipacomunica.com.br\/livrariadapipa\/produto\/mario-de-andrade-brasis-tupis-e-carnavais\/#primaryimage\"},\"thumbnailUrl\":\"https:\/\/i0.wp.com\/www.pipacomunica.com.br\/livrariadapipa\/wp-content\/uploads\/2016\/02\/anais2015-EELL.jpg?fit=461%2C595&ssl=1\",\"datePublished\":\"2016-02-22T17:19:48+00:00\",\"dateModified\":\"2023-01-17T17:29:25+00:00\",\"description\":\"M\u00e1rio de Andrade: Brasis, tupis e carnavais \u00e9 o t\u00edtulo dos Anais Eletr\u00f4nicos do XII Encontro sobre o Ensino de L\u00edngua e Literatura.\",\"breadcrumb\":{\"@id\":\"https:\/\/www.pipacomunica.com.br\/livrariadapipa\/produto\/mario-de-andrade-brasis-tupis-e-carnavais\/#breadcrumb\"},\"inLanguage\":\"pt-BR\",\"potentialAction\":[{\"@type\":\"ReadAction\",\"target\":[\"https:\/\/www.pipacomunica.com.br\/livrariadapipa\/produto\/mario-de-andrade-brasis-tupis-e-carnavais\/\"]}]},{\"@type\":\"ImageObject\",\"inLanguage\":\"pt-BR\",\"@id\":\"https:\/\/www.pipacomunica.com.br\/livrariadapipa\/produto\/mario-de-andrade-brasis-tupis-e-carnavais\/#primaryimage\",\"url\":\"https:\/\/i0.wp.com\/www.pipacomunica.com.br\/livrariadapipa\/wp-content\/uploads\/2016\/02\/anais2015-EELL.jpg?fit=461%2C595&ssl=1\",\"contentUrl\":\"https:\/\/i0.wp.com\/www.pipacomunica.com.br\/livrariadapipa\/wp-content\/uploads\/2016\/02\/anais2015-EELL.jpg?fit=461%2C595&ssl=1\",\"width\":461,\"height\":595,\"caption\":\"M\u00e1rio de Andrade: Brasis, tupis e carnavais\"},{\"@type\":\"BreadcrumbList\",\"@id\":\"https:\/\/www.pipacomunica.com.br\/livrariadapipa\/produto\/mario-de-andrade-brasis-tupis-e-carnavais\/#breadcrumb\",\"itemListElement\":[{\"@type\":\"ListItem\",\"position\":1,\"name\":\"In\u00edcio\",\"item\":\"https:\/\/www.pipacomunica.com.br\/livrariadapipa\/\"},{\"@type\":\"ListItem\",\"position\":2,\"name\":\"Cat\u00e1logo\",\"item\":\"https:\/\/www.pipacomunica.com.br\/livrariadapipa\/vitrine\/\"},{\"@type\":\"ListItem\",\"position\":3,\"name\":\"M\u00e1rio de Andrade: Brasis, tupis e carnavais\"}]},{\"@type\":\"WebSite\",\"@id\":\"https:\/\/www.pipacomunica.com.br\/livrariadapipa\/#website\",\"url\":\"https:\/\/www.pipacomunica.com.br\/livrariadapipa\/\",\"name\":\"Livraria da Pipa Comunica\u00e7\u00e3o\",\"description\":\"Livros mais baratos que xerox\",\"publisher\":{\"@id\":\"https:\/\/www.pipacomunica.com.br\/livrariadapipa\/#organization\"},\"potentialAction\":[{\"@type\":\"SearchAction\",\"target\":{\"@type\":\"EntryPoint\",\"urlTemplate\":\"https:\/\/www.pipacomunica.com.br\/livrariadapipa\/?s={search_term_string}\"},\"query-input\":{\"@type\":\"PropertyValueSpecification\",\"valueRequired\":true,\"valueName\":\"search_term_string\"}}],\"inLanguage\":\"pt-BR\"},{\"@type\":\"Organization\",\"@id\":\"https:\/\/www.pipacomunica.com.br\/livrariadapipa\/#organization\",\"name\":\"Livraria da Pipa Comunica\u00e7\u00e3o\",\"url\":\"https:\/\/www.pipacomunica.com.br\/livrariadapipa\/\",\"logo\":{\"@type\":\"ImageObject\",\"inLanguage\":\"pt-BR\",\"@id\":\"https:\/\/www.pipacomunica.com.br\/livrariadapipa\/#\/schema\/logo\/image\/\",\"url\":\"https:\/\/i0.wp.com\/www.pipacomunica.com.br\/livrariadapipa\/wp-content\/uploads\/2018\/09\/marca-livraria-pipa-400px-negativo.png?fit=400%2C80&ssl=1\",\"contentUrl\":\"https:\/\/i0.wp.com\/www.pipacomunica.com.br\/livrariadapipa\/wp-content\/uploads\/2018\/09\/marca-livraria-pipa-400px-negativo.png?fit=400%2C80&ssl=1\",\"width\":400,\"height\":80,\"caption\":\"Livraria da Pipa Comunica\u00e7\u00e3o\"},\"image\":{\"@id\":\"https:\/\/www.pipacomunica.com.br\/livrariadapipa\/#\/schema\/logo\/image\/\"},\"sameAs\":[\"https:\/\/www.facebook.com\/pipacomunica\",\"https:\/\/x.com\/PipaComunica\",\"https:\/\/instagram.com\/pipacomunicacao\",\"http:\/\/www.linkedin.com\/companies\/pipa-comunica-o\",\"https:\/\/br.pinterest.com\/pipacomunicacao\/\",\"http:\/\/il.youtube.com\/user\/pipacomunicacao\"]}]}<\/script>\n<!-- \/ Yoast SEO plugin. -->","yoast_head_json":{"title":"M\u00e1rio de Andrade: Brasis, tupis e carnavais - Livraria da Pipa Comunica\u00e7\u00e3o","description":"M\u00e1rio de Andrade: Brasis, tupis e carnavais \u00e9 o t\u00edtulo dos Anais Eletr\u00f4nicos do XII Encontro sobre o Ensino de L\u00edngua e Literatura.","robots":{"index":"index","follow":"follow","max-snippet":"max-snippet:-1","max-image-preview":"max-image-preview:large","max-video-preview":"max-video-preview:-1"},"canonical":"https:\/\/www.pipacomunica.com.br\/livrariadapipa\/produto\/mario-de-andrade-brasis-tupis-e-carnavais\/","og_locale":"pt_BR","og_type":"article","og_title":"M\u00e1rio de Andrade: Brasis, tupis e carnavais","og_description":"M\u00e1rio de Andrade: Brasis, tupis e carnavais \u00e9 o t\u00edtulo dos Anais Eletr\u00f4nicos do XII Encontro sobre o Ensino de L\u00edngua e Literatura.","og_url":"https:\/\/www.pipacomunica.com.br\/livrariadapipa\/produto\/mario-de-andrade-brasis-tupis-e-carnavais\/","og_site_name":"Livraria da Pipa Comunica\u00e7\u00e3o","article_publisher":"https:\/\/www.facebook.com\/pipacomunica","article_modified_time":"2023-01-17T17:29:25+00:00","og_image":[{"width":870,"height":452,"url":"https:\/\/www.pipacomunica.com.br\/livrariadapipa\/wp-content\/uploads\/2016\/02\/thumb-2015eell.jpg","type":"image\/jpeg"}],"twitter_card":"summary_large_image","twitter_title":"M\u00e1rio de Andrade: Brasis, tupis e carnavais","twitter_description":"M\u00e1rio de Andrade: Brasis, tupis e carnavais \u00e9 o t\u00edtulo dos Anais Eletr\u00f4nicos do XII Encontro sobre o Ensino de L\u00edngua e Literatura.","twitter_image":"https:\/\/i0.wp.com\/www.pipacomunica.com.br\/livrariadapipa\/wp-content\/uploads\/2016\/02\/thumb-2015eell.jpg?fit=870%2C452&ssl=1","twitter_site":"@PipaComunica","twitter_misc":{"Est. tempo de leitura":"1 minuto"},"schema":{"@context":"https:\/\/schema.org","@graph":[{"@type":"WebPage","@id":"https:\/\/www.pipacomunica.com.br\/livrariadapipa\/produto\/mario-de-andrade-brasis-tupis-e-carnavais\/","url":"https:\/\/www.pipacomunica.com.br\/livrariadapipa\/produto\/mario-de-andrade-brasis-tupis-e-carnavais\/","name":"M\u00e1rio de Andrade: Brasis, tupis e carnavais - Livraria da Pipa Comunica\u00e7\u00e3o","isPartOf":{"@id":"https:\/\/www.pipacomunica.com.br\/livrariadapipa\/#website"},"primaryImageOfPage":{"@id":"https:\/\/www.pipacomunica.com.br\/livrariadapipa\/produto\/mario-de-andrade-brasis-tupis-e-carnavais\/#primaryimage"},"image":{"@id":"https:\/\/www.pipacomunica.com.br\/livrariadapipa\/produto\/mario-de-andrade-brasis-tupis-e-carnavais\/#primaryimage"},"thumbnailUrl":"https:\/\/i0.wp.com\/www.pipacomunica.com.br\/livrariadapipa\/wp-content\/uploads\/2016\/02\/anais2015-EELL.jpg?fit=461%2C595&ssl=1","datePublished":"2016-02-22T17:19:48+00:00","dateModified":"2023-01-17T17:29:25+00:00","description":"M\u00e1rio de Andrade: Brasis, tupis e carnavais \u00e9 o t\u00edtulo dos Anais Eletr\u00f4nicos do XII Encontro sobre o Ensino de L\u00edngua e Literatura.","breadcrumb":{"@id":"https:\/\/www.pipacomunica.com.br\/livrariadapipa\/produto\/mario-de-andrade-brasis-tupis-e-carnavais\/#breadcrumb"},"inLanguage":"pt-BR","potentialAction":[{"@type":"ReadAction","target":["https:\/\/www.pipacomunica.com.br\/livrariadapipa\/produto\/mario-de-andrade-brasis-tupis-e-carnavais\/"]}]},{"@type":"ImageObject","inLanguage":"pt-BR","@id":"https:\/\/www.pipacomunica.com.br\/livrariadapipa\/produto\/mario-de-andrade-brasis-tupis-e-carnavais\/#primaryimage","url":"https:\/\/i0.wp.com\/www.pipacomunica.com.br\/livrariadapipa\/wp-content\/uploads\/2016\/02\/anais2015-EELL.jpg?fit=461%2C595&ssl=1","contentUrl":"https:\/\/i0.wp.com\/www.pipacomunica.com.br\/livrariadapipa\/wp-content\/uploads\/2016\/02\/anais2015-EELL.jpg?fit=461%2C595&ssl=1","width":461,"height":595,"caption":"M\u00e1rio de Andrade: Brasis, tupis e carnavais"},{"@type":"BreadcrumbList","@id":"https:\/\/www.pipacomunica.com.br\/livrariadapipa\/produto\/mario-de-andrade-brasis-tupis-e-carnavais\/#breadcrumb","itemListElement":[{"@type":"ListItem","position":1,"name":"In\u00edcio","item":"https:\/\/www.pipacomunica.com.br\/livrariadapipa\/"},{"@type":"ListItem","position":2,"name":"Cat\u00e1logo","item":"https:\/\/www.pipacomunica.com.br\/livrariadapipa\/vitrine\/"},{"@type":"ListItem","position":3,"name":"M\u00e1rio de Andrade: Brasis, tupis e carnavais"}]},{"@type":"WebSite","@id":"https:\/\/www.pipacomunica.com.br\/livrariadapipa\/#website","url":"https:\/\/www.pipacomunica.com.br\/livrariadapipa\/","name":"Livraria da Pipa Comunica\u00e7\u00e3o","description":"Livros mais baratos que xerox","publisher":{"@id":"https:\/\/www.pipacomunica.com.br\/livrariadapipa\/#organization"},"potentialAction":[{"@type":"SearchAction","target":{"@type":"EntryPoint","urlTemplate":"https:\/\/www.pipacomunica.com.br\/livrariadapipa\/?s={search_term_string}"},"query-input":{"@type":"PropertyValueSpecification","valueRequired":true,"valueName":"search_term_string"}}],"inLanguage":"pt-BR"},{"@type":"Organization","@id":"https:\/\/www.pipacomunica.com.br\/livrariadapipa\/#organization","name":"Livraria da Pipa Comunica\u00e7\u00e3o","url":"https:\/\/www.pipacomunica.com.br\/livrariadapipa\/","logo":{"@type":"ImageObject","inLanguage":"pt-BR","@id":"https:\/\/www.pipacomunica.com.br\/livrariadapipa\/#\/schema\/logo\/image\/","url":"https:\/\/i0.wp.com\/www.pipacomunica.com.br\/livrariadapipa\/wp-content\/uploads\/2018\/09\/marca-livraria-pipa-400px-negativo.png?fit=400%2C80&ssl=1","contentUrl":"https:\/\/i0.wp.com\/www.pipacomunica.com.br\/livrariadapipa\/wp-content\/uploads\/2018\/09\/marca-livraria-pipa-400px-negativo.png?fit=400%2C80&ssl=1","width":400,"height":80,"caption":"Livraria da Pipa Comunica\u00e7\u00e3o"},"image":{"@id":"https:\/\/www.pipacomunica.com.br\/livrariadapipa\/#\/schema\/logo\/image\/"},"sameAs":["https:\/\/www.facebook.com\/pipacomunica","https:\/\/x.com\/PipaComunica","https:\/\/instagram.com\/pipacomunicacao","http:\/\/www.linkedin.com\/companies\/pipa-comunica-o","https:\/\/br.pinterest.com\/pipacomunicacao\/","http:\/\/il.youtube.com\/user\/pipacomunicacao"]}]}},"jetpack_publicize_connections":[],"jetpack_sharing_enabled":true,"_links":{"self":[{"href":"https:\/\/www.pipacomunica.com.br\/livrariadapipa\/wp-json\/wp\/v2\/product\/853","targetHints":{"allow":["GET"]}}],"collection":[{"href":"https:\/\/www.pipacomunica.com.br\/livrariadapipa\/wp-json\/wp\/v2\/product"}],"about":[{"href":"https:\/\/www.pipacomunica.com.br\/livrariadapipa\/wp-json\/wp\/v2\/types\/product"}],"replies":[{"embeddable":true,"href":"https:\/\/www.pipacomunica.com.br\/livrariadapipa\/wp-json\/wp\/v2\/comments?post=853"}],"version-history":[{"count":1,"href":"https:\/\/www.pipacomunica.com.br\/livrariadapipa\/wp-json\/wp\/v2\/product\/853\/revisions"}],"predecessor-version":[{"id":11872,"href":"https:\/\/www.pipacomunica.com.br\/livrariadapipa\/wp-json\/wp\/v2\/product\/853\/revisions\/11872"}],"wp:featuredmedia":[{"embeddable":true,"href":"https:\/\/www.pipacomunica.com.br\/livrariadapipa\/wp-json\/wp\/v2\/media\/855"}],"wp:attachment":[{"href":"https:\/\/www.pipacomunica.com.br\/livrariadapipa\/wp-json\/wp\/v2\/media?parent=853"}],"wp:term":[{"taxonomy":"product_brand","embeddable":true,"href":"https:\/\/www.pipacomunica.com.br\/livrariadapipa\/wp-json\/wp\/v2\/product_brand?post=853"},{"taxonomy":"product_cat","embeddable":true,"href":"https:\/\/www.pipacomunica.com.br\/livrariadapipa\/wp-json\/wp\/v2\/product_cat?post=853"},{"taxonomy":"product_tag","embeddable":true,"href":"https:\/\/www.pipacomunica.com.br\/livrariadapipa\/wp-json\/wp\/v2\/product_tag?post=853"}],"curies":[{"name":"wp","href":"https:\/\/api.w.org\/{rel}","templated":true}]}}