{"id":820,"date":"2016-02-27T06:26:51","date_gmt":"2016-02-27T09:26:51","guid":{"rendered":"https:\/\/www.pipacomunica.com.br\/livrariadapipa\/?post_type=product&#038;p=820"},"modified":"2025-04-12T08:01:30","modified_gmt":"2025-04-12T11:01:30","slug":"pesquisas-em-educacao-inclusiva-questoes-teoricas-e-metodologicas","status":"publish","type":"product","link":"https:\/\/www.pipacomunica.com.br\/livrariadapipa\/produto\/pesquisas-em-educacao-inclusiva-questoes-teoricas-e-metodologicas\/","title":{"rendered":"Pesquisas em educa\u00e7\u00e3o inclusiva: quest\u00f5es te\u00f3ricas e metodol\u00f3gicas"},"content":{"rendered":"<h5><strong>Pesquisas em educa\u00e7\u00e3o inclusiva: quest\u00f5es te\u00f3ricas e metodol\u00f3gicas<\/strong><\/h5>\n<p>Jos\u00e9 Ribamar Lopes Batista J\u00fanior<\/p>\n<p>1\u00aa Edi\u00e7\u00e3o. Recife: Pipa Comunica\u00e7\u00e3o, 2016.<br \/>\n300p. : Il., Fig., Quadros. (e-book)<br \/>\nISBN 978-85-66530-54-4<br \/>\n1. Educa\u00e7\u00e3o. 2. Educa\u00e7\u00e3o Inclusiva. 3. Identidade docente. 4. Lingu\u00edstica. 5. Escola.<\/p>\n<p>O ebook gratuito <em>Pesquisas em Educa\u00e7\u00e3o Inclusiva: quest\u00f5es te\u00f3ricas e metodol\u00f3gicas<\/em>, do autor Jos\u00e9 Ribamar Lopes Batista J\u00fanior, apresenta rica pesquisa social cr\u00edtica sobre educa\u00e7\u00e3o e pr\u00e1ticas de inclus\u00e3o. Entre as abordagens o autor analisa quest\u00f5es referentes ao Atendimento Educacional Especializado, legisla\u00e7\u00e3o e identidade docente. Em cinco cap\u00edtulos o autor descreve sua trajet\u00f3rias de pesquisa na \u00e1rea que envolvem desde cursos de extens\u00e3o e especializa\u00e7\u00e3o at\u00e9 o mestrado e o doutorado.<\/p>\n<h5>Assista ao v\u00eddeo de lan\u00e7amento<\/h5>\n<div class=\"su-youtube su-u-responsive-media-yes\"><iframe width=\"600\" height=\"400\" src=\"https:\/\/www.youtube.com\/embed\/yDDLWyAHzjU?\" frameborder=\"0\" allowfullscreen allow=\"autoplay; encrypted-media; picture-in-picture\" title=\"\"><\/iframe><\/div>\n<p>Capa: Ilustra\u00e7\u00f5es de <a href=\"http:\/\/karlavidal.com.br\/\" target=\"_blank\" rel=\"noopener\">Karla Vidal<\/a> a partir de elementos de <a href=\"http:\/\/www.freepik.com\" target=\"_blank\" rel=\"noopener\">freepik.com<\/a><br \/>\nConcep\u00e7\u00e3o de capa e projeto gr\u00e1fico: Karla Vidal<br \/>\nDiagrama\u00e7\u00e3o: Augusto Noronha e Karla Vidal<br \/>\nRevis\u00e3o e Pref\u00e1cio: Denise Tama\u00ea Borges Sato e Rodrigo Alves Silva<br \/>\nEdi\u00e7\u00e3o: Pipa Comunica\u00e7\u00e3o &#8211; <a href=\"https:\/\/www.pipacomunica.com.br\" target=\"_blank\" rel=\"noopener\">https:\/\/www.pipacomunica.com.br<\/a><\/p>\n","protected":false},"excerpt":{"rendered":"<h5><strong>Pesquisas em educa\u00e7\u00e3o inclusiva: quest\u00f5es te\u00f3ricas e metodol\u00f3gicas<\/strong><\/h5>\n<p>Jos\u00e9 Ribamar Lopes Batista J\u00fanior<\/p>\n<p>1\u00aa Edi\u00e7\u00e3o. Recife: Pipa Comunica\u00e7\u00e3o, 2016.<br \/>\nISBN 978-85-66530-54-4<br \/>\n1. Educa\u00e7\u00e3o. 2. Educa\u00e7\u00e3o Inclusiva. 3. Identidade docente. 4. Lingu\u00edstica. 5. Escola.<\/p>\n<p>O ebook gratuito <em>Pesquisas em Educa\u00e7\u00e3o Inclusiva: quest\u00f5es te\u00f3ricas e metodol\u00f3gicas<\/em>, do autor Jos\u00e9 Ribamar Lopes Batista J\u00fanior, apresenta rica pesquisa social cr\u00edtica sobre educa\u00e7\u00e3o e pr\u00e1ticas de inclus\u00e3o. Entre as abordagens o autor analisa quest\u00f5es referentes ao Atendimento Educacional Especializado, legisla\u00e7\u00e3o e identidade docente. Em cinco cap\u00edtulos o autor descreve sua trajet\u00f3rias de pesquisa na \u00e1rea que envolvem desde cursos de extens\u00e3o e especializa\u00e7\u00e3o at\u00e9 o mestrado e o doutorado.<\/p>\n<ul>\n<ul>\n<li>Leitura online no ISSUU:<b> <a href=\"http:\/\/goo.gl\/xqA6pv\" target=\"_blank\" rel=\"noopener\">http:\/\/goo.gl\/xqA6pv<\/a><\/b><b><br \/>\n<\/b><\/li>\n<li>Download PDF: <a href=\"http:\/\/goo.gl\/YIZWmU\">http:\/\/goo.gl\/YIZWmU<\/a>\u00a0ou via <a href=\"https:\/\/www.dropbox.com\/s\/4f7nv7svfag0q42\/pesquisas-em-educacao-inclusiva.pdf?dl=0\">Dropbox<\/a><\/li>\n<li>Download EPUB:\u00a0<a href=\"http:\/\/goo.gl\/OGZvyo\">http:\/\/goo.gl\/OGZvyo<\/a> ou via <a href=\"https:\/\/www.dropbox.com\/s\/ij8zb10gwlhfqff\/EPUB-pesquisas-em-educacao-inclusiva.epub?dl=0\">Dropbox<\/a><\/li>\n<li>Download MOBI: <a href=\"http:\/\/goo.gl\/rxm8ZX\">http:\/\/goo.gl\/rxm8ZX<\/a> ou via <a href=\"https:\/\/www.dropbox.com\/s\/s3toqxjoj3n7gaa\/MOBI-pesquisas-em-educacao-inclusiva.mobi?dl=0\">Dropbox<\/a><\/li>\n<\/ul>\n<\/ul>\n<p>Consulte informa\u00e7\u00f5es sobre cada formato no link: <a href=\"https:\/\/www.pipacomunica.com.br\/livrariadapipa\/formatos\/\" target=\"_blank\" rel=\"noopener\">https:\/\/www.pipacomunica.com.br\/livrariadapipa\/formatos\/<\/a><\/p>\n","protected":false},"featured_media":831,"comment_status":"open","ping_status":"closed","template":"","meta":{"jetpack_post_was_ever_published":false,"jetpack_publicize_message":"","jetpack_publicize_feature_enabled":true,"jetpack_social_post_already_shared":false,"jetpack_social_options":{"image_generator_settings":{"template":"highway","default_image_id":0,"font":"","enabled":false},"version":2}},"product_brand":[],"product_cat":[34,19,17],"product_tag":[],"class_list":{"0":"post-820","1":"product","2":"type-product","3":"status-publish","4":"has-post-thumbnail","6":"product_cat-sem-categoria","7":"product_cat-livros-digitais","8":"product_cat-gratuitos","10":"first","11":"instock","12":"shipping-taxable","13":"product-type-external"},"yoast_head":"<!-- This site is optimized with the Yoast SEO plugin v27.1.1 - https:\/\/yoast.com\/product\/yoast-seo-wordpress\/ -->\n<title>Pesquisas em educa\u00e7\u00e3o inclusiva: quest\u00f5es te\u00f3ricas e metodol\u00f3gicas - Livraria da Pipa Comunica\u00e7\u00e3o<\/title>\n<meta name=\"description\" content=\"Pesquisas em Educa\u00e7\u00e3o Inclusiva, do autor Jos\u00e9 Ribamar Lopes Batista J\u00fanior, apresenta pesquisa social e cr\u00edtica sobre educa\u00e7\u00e3o e pr\u00e1ticas de inclus\u00e3o.\" \/>\n<meta name=\"robots\" content=\"index, follow, max-snippet:-1, max-image-preview:large, max-video-preview:-1\" \/>\n<link rel=\"canonical\" href=\"https:\/\/www.pipacomunica.com.br\/livrariadapipa\/produto\/pesquisas-em-educacao-inclusiva-questoes-teoricas-e-metodologicas\/\" \/>\n<meta property=\"og:locale\" content=\"pt_BR\" \/>\n<meta property=\"og:type\" content=\"article\" \/>\n<meta property=\"og:title\" content=\"Pesquisas em educa\u00e7\u00e3o inclusiva: quest\u00f5es te\u00f3ricas e metodol\u00f3gicas\" \/>\n<meta property=\"og:description\" content=\"O eBook gratuito &#039;Pesquisas em Educa\u00e7\u00e3o Inclusiva&#039;, de autoria do pesquisador Jos\u00e9 Ribamar Lopes Batista J\u00fanior, apresenta pesquisa social e cr\u00edtica sobre educa\u00e7\u00e3o e pr\u00e1ticas de inclus\u00e3o.\" \/>\n<meta property=\"og:url\" content=\"https:\/\/www.pipacomunica.com.br\/livrariadapipa\/produto\/pesquisas-em-educacao-inclusiva-questoes-teoricas-e-metodologicas\/\" \/>\n<meta property=\"og:site_name\" content=\"Livraria da Pipa Comunica\u00e7\u00e3o\" \/>\n<meta property=\"article:publisher\" content=\"https:\/\/www.facebook.com\/pipacomunica\" \/>\n<meta property=\"article:modified_time\" content=\"2025-04-12T11:01:30+00:00\" \/>\n<meta property=\"og:image\" content=\"https:\/\/www.pipacomunica.com.br\/livrariadapipa\/wp-content\/uploads\/2016\/02\/thumb-pesquisas-em-educacao-inclusiva-16.jpg\" \/>\n\t<meta property=\"og:image:width\" content=\"870\" \/>\n\t<meta property=\"og:image:height\" content=\"452\" \/>\n\t<meta property=\"og:image:type\" content=\"image\/jpeg\" \/>\n<meta name=\"twitter:card\" content=\"summary_large_image\" \/>\n<meta name=\"twitter:title\" content=\"Pesquisas em educa\u00e7\u00e3o inclusiva: quest\u00f5es te\u00f3ricas e metodol\u00f3gicas\" \/>\n<meta name=\"twitter:description\" content=\"O eBook gratuito &#039;Pesquisas em Educa\u00e7\u00e3o Inclusiva&#039;, de autoria do pesquisador Jos\u00e9 Ribamar Lopes Batista J\u00fanior, apresenta pesquisa social e cr\u00edtica sobre educa\u00e7\u00e3o e pr\u00e1ticas de inclus\u00e3o.\" \/>\n<meta name=\"twitter:image\" content=\"https:\/\/i0.wp.com\/www.pipacomunica.com.br\/livrariadapipa\/wp-content\/uploads\/2016\/02\/thumb-pesquisas-em-educacao-inclusiva-16.jpg?fit=870%2C452&ssl=1\" \/>\n<meta name=\"twitter:site\" content=\"@PipaComunica\" \/>\n<meta name=\"twitter:label1\" content=\"Est. tempo de leitura\" \/>\n\t<meta name=\"twitter:data1\" content=\"1 minuto\" \/>\n<script type=\"application\/ld+json\" class=\"yoast-schema-graph\">{\"@context\":\"https:\/\/schema.org\",\"@graph\":[{\"@type\":\"WebPage\",\"@id\":\"https:\/\/www.pipacomunica.com.br\/livrariadapipa\/produto\/pesquisas-em-educacao-inclusiva-questoes-teoricas-e-metodologicas\/\",\"url\":\"https:\/\/www.pipacomunica.com.br\/livrariadapipa\/produto\/pesquisas-em-educacao-inclusiva-questoes-teoricas-e-metodologicas\/\",\"name\":\"Pesquisas em educa\u00e7\u00e3o inclusiva: quest\u00f5es te\u00f3ricas e metodol\u00f3gicas - Livraria da Pipa Comunica\u00e7\u00e3o\",\"isPartOf\":{\"@id\":\"https:\/\/www.pipacomunica.com.br\/livrariadapipa\/#website\"},\"primaryImageOfPage\":{\"@id\":\"https:\/\/www.pipacomunica.com.br\/livrariadapipa\/produto\/pesquisas-em-educacao-inclusiva-questoes-teoricas-e-metodologicas\/#primaryimage\"},\"image\":{\"@id\":\"https:\/\/www.pipacomunica.com.br\/livrariadapipa\/produto\/pesquisas-em-educacao-inclusiva-questoes-teoricas-e-metodologicas\/#primaryimage\"},\"thumbnailUrl\":\"https:\/\/i0.wp.com\/www.pipacomunica.com.br\/livrariadapipa\/wp-content\/uploads\/2016\/02\/pesquisas-educacao-inclusiva.jpg?fit=461%2C595&ssl=1\",\"datePublished\":\"2016-02-27T09:26:51+00:00\",\"dateModified\":\"2025-04-12T11:01:30+00:00\",\"description\":\"Pesquisas em Educa\u00e7\u00e3o Inclusiva, do autor Jos\u00e9 Ribamar Lopes Batista J\u00fanior, apresenta pesquisa social e cr\u00edtica sobre educa\u00e7\u00e3o e pr\u00e1ticas de inclus\u00e3o.\",\"breadcrumb\":{\"@id\":\"https:\/\/www.pipacomunica.com.br\/livrariadapipa\/produto\/pesquisas-em-educacao-inclusiva-questoes-teoricas-e-metodologicas\/#breadcrumb\"},\"inLanguage\":\"pt-BR\",\"potentialAction\":[{\"@type\":\"ReadAction\",\"target\":[\"https:\/\/www.pipacomunica.com.br\/livrariadapipa\/produto\/pesquisas-em-educacao-inclusiva-questoes-teoricas-e-metodologicas\/\"]}]},{\"@type\":\"ImageObject\",\"inLanguage\":\"pt-BR\",\"@id\":\"https:\/\/www.pipacomunica.com.br\/livrariadapipa\/produto\/pesquisas-em-educacao-inclusiva-questoes-teoricas-e-metodologicas\/#primaryimage\",\"url\":\"https:\/\/i0.wp.com\/www.pipacomunica.com.br\/livrariadapipa\/wp-content\/uploads\/2016\/02\/pesquisas-educacao-inclusiva.jpg?fit=461%2C595&ssl=1\",\"contentUrl\":\"https:\/\/i0.wp.com\/www.pipacomunica.com.br\/livrariadapipa\/wp-content\/uploads\/2016\/02\/pesquisas-educacao-inclusiva.jpg?fit=461%2C595&ssl=1\",\"width\":461,\"height\":595,\"caption\":\"Pesquisas em Educa\u00e7\u00e3o Inclusiva: quest\u00f5es te\u00f3ricas e metodol\u00f3gicas\"},{\"@type\":\"BreadcrumbList\",\"@id\":\"https:\/\/www.pipacomunica.com.br\/livrariadapipa\/produto\/pesquisas-em-educacao-inclusiva-questoes-teoricas-e-metodologicas\/#breadcrumb\",\"itemListElement\":[{\"@type\":\"ListItem\",\"position\":1,\"name\":\"In\u00edcio\",\"item\":\"https:\/\/www.pipacomunica.com.br\/livrariadapipa\/\"},{\"@type\":\"ListItem\",\"position\":2,\"name\":\"Cat\u00e1logo\",\"item\":\"https:\/\/www.pipacomunica.com.br\/livrariadapipa\/vitrine\/\"},{\"@type\":\"ListItem\",\"position\":3,\"name\":\"Pesquisas em educa\u00e7\u00e3o inclusiva: quest\u00f5es te\u00f3ricas e metodol\u00f3gicas\"}]},{\"@type\":\"WebSite\",\"@id\":\"https:\/\/www.pipacomunica.com.br\/livrariadapipa\/#website\",\"url\":\"https:\/\/www.pipacomunica.com.br\/livrariadapipa\/\",\"name\":\"Livraria da Pipa Comunica\u00e7\u00e3o\",\"description\":\"Livros mais baratos que xerox\",\"publisher\":{\"@id\":\"https:\/\/www.pipacomunica.com.br\/livrariadapipa\/#organization\"},\"potentialAction\":[{\"@type\":\"SearchAction\",\"target\":{\"@type\":\"EntryPoint\",\"urlTemplate\":\"https:\/\/www.pipacomunica.com.br\/livrariadapipa\/?s={search_term_string}\"},\"query-input\":{\"@type\":\"PropertyValueSpecification\",\"valueRequired\":true,\"valueName\":\"search_term_string\"}}],\"inLanguage\":\"pt-BR\"},{\"@type\":\"Organization\",\"@id\":\"https:\/\/www.pipacomunica.com.br\/livrariadapipa\/#organization\",\"name\":\"Livraria da Pipa Comunica\u00e7\u00e3o\",\"url\":\"https:\/\/www.pipacomunica.com.br\/livrariadapipa\/\",\"logo\":{\"@type\":\"ImageObject\",\"inLanguage\":\"pt-BR\",\"@id\":\"https:\/\/www.pipacomunica.com.br\/livrariadapipa\/#\/schema\/logo\/image\/\",\"url\":\"https:\/\/i0.wp.com\/www.pipacomunica.com.br\/livrariadapipa\/wp-content\/uploads\/2018\/09\/marca-livraria-pipa-400px-negativo.png?fit=400%2C80&ssl=1\",\"contentUrl\":\"https:\/\/i0.wp.com\/www.pipacomunica.com.br\/livrariadapipa\/wp-content\/uploads\/2018\/09\/marca-livraria-pipa-400px-negativo.png?fit=400%2C80&ssl=1\",\"width\":400,\"height\":80,\"caption\":\"Livraria da Pipa Comunica\u00e7\u00e3o\"},\"image\":{\"@id\":\"https:\/\/www.pipacomunica.com.br\/livrariadapipa\/#\/schema\/logo\/image\/\"},\"sameAs\":[\"https:\/\/www.facebook.com\/pipacomunica\",\"https:\/\/x.com\/PipaComunica\",\"https:\/\/instagram.com\/pipacomunicacao\",\"http:\/\/www.linkedin.com\/companies\/pipa-comunica-o\",\"https:\/\/br.pinterest.com\/pipacomunicacao\/\",\"http:\/\/il.youtube.com\/user\/pipacomunicacao\"]}]}<\/script>\n<!-- \/ Yoast SEO plugin. -->","yoast_head_json":{"title":"Pesquisas em educa\u00e7\u00e3o inclusiva: quest\u00f5es te\u00f3ricas e metodol\u00f3gicas - Livraria da Pipa Comunica\u00e7\u00e3o","description":"Pesquisas em Educa\u00e7\u00e3o Inclusiva, do autor Jos\u00e9 Ribamar Lopes Batista J\u00fanior, apresenta pesquisa social e cr\u00edtica sobre educa\u00e7\u00e3o e pr\u00e1ticas de inclus\u00e3o.","robots":{"index":"index","follow":"follow","max-snippet":"max-snippet:-1","max-image-preview":"max-image-preview:large","max-video-preview":"max-video-preview:-1"},"canonical":"https:\/\/www.pipacomunica.com.br\/livrariadapipa\/produto\/pesquisas-em-educacao-inclusiva-questoes-teoricas-e-metodologicas\/","og_locale":"pt_BR","og_type":"article","og_title":"Pesquisas em educa\u00e7\u00e3o inclusiva: quest\u00f5es te\u00f3ricas e metodol\u00f3gicas","og_description":"O eBook gratuito 'Pesquisas em Educa\u00e7\u00e3o Inclusiva', de autoria do pesquisador Jos\u00e9 Ribamar Lopes Batista J\u00fanior, apresenta pesquisa social e cr\u00edtica sobre educa\u00e7\u00e3o e pr\u00e1ticas de inclus\u00e3o.","og_url":"https:\/\/www.pipacomunica.com.br\/livrariadapipa\/produto\/pesquisas-em-educacao-inclusiva-questoes-teoricas-e-metodologicas\/","og_site_name":"Livraria da Pipa Comunica\u00e7\u00e3o","article_publisher":"https:\/\/www.facebook.com\/pipacomunica","article_modified_time":"2025-04-12T11:01:30+00:00","og_image":[{"width":870,"height":452,"url":"https:\/\/www.pipacomunica.com.br\/livrariadapipa\/wp-content\/uploads\/2016\/02\/thumb-pesquisas-em-educacao-inclusiva-16.jpg","type":"image\/jpeg"}],"twitter_card":"summary_large_image","twitter_title":"Pesquisas em educa\u00e7\u00e3o inclusiva: quest\u00f5es te\u00f3ricas e metodol\u00f3gicas","twitter_description":"O eBook gratuito 'Pesquisas em Educa\u00e7\u00e3o Inclusiva', de autoria do pesquisador Jos\u00e9 Ribamar Lopes Batista J\u00fanior, apresenta pesquisa social e cr\u00edtica sobre educa\u00e7\u00e3o e pr\u00e1ticas de inclus\u00e3o.","twitter_image":"https:\/\/i0.wp.com\/www.pipacomunica.com.br\/livrariadapipa\/wp-content\/uploads\/2016\/02\/thumb-pesquisas-em-educacao-inclusiva-16.jpg?fit=870%2C452&ssl=1","twitter_site":"@PipaComunica","twitter_misc":{"Est. tempo de leitura":"1 minuto"},"schema":{"@context":"https:\/\/schema.org","@graph":[{"@type":"WebPage","@id":"https:\/\/www.pipacomunica.com.br\/livrariadapipa\/produto\/pesquisas-em-educacao-inclusiva-questoes-teoricas-e-metodologicas\/","url":"https:\/\/www.pipacomunica.com.br\/livrariadapipa\/produto\/pesquisas-em-educacao-inclusiva-questoes-teoricas-e-metodologicas\/","name":"Pesquisas em educa\u00e7\u00e3o inclusiva: quest\u00f5es te\u00f3ricas e metodol\u00f3gicas - Livraria da Pipa Comunica\u00e7\u00e3o","isPartOf":{"@id":"https:\/\/www.pipacomunica.com.br\/livrariadapipa\/#website"},"primaryImageOfPage":{"@id":"https:\/\/www.pipacomunica.com.br\/livrariadapipa\/produto\/pesquisas-em-educacao-inclusiva-questoes-teoricas-e-metodologicas\/#primaryimage"},"image":{"@id":"https:\/\/www.pipacomunica.com.br\/livrariadapipa\/produto\/pesquisas-em-educacao-inclusiva-questoes-teoricas-e-metodologicas\/#primaryimage"},"thumbnailUrl":"https:\/\/i0.wp.com\/www.pipacomunica.com.br\/livrariadapipa\/wp-content\/uploads\/2016\/02\/pesquisas-educacao-inclusiva.jpg?fit=461%2C595&ssl=1","datePublished":"2016-02-27T09:26:51+00:00","dateModified":"2025-04-12T11:01:30+00:00","description":"Pesquisas em Educa\u00e7\u00e3o Inclusiva, do autor Jos\u00e9 Ribamar Lopes Batista J\u00fanior, apresenta pesquisa social e cr\u00edtica sobre educa\u00e7\u00e3o e pr\u00e1ticas de inclus\u00e3o.","breadcrumb":{"@id":"https:\/\/www.pipacomunica.com.br\/livrariadapipa\/produto\/pesquisas-em-educacao-inclusiva-questoes-teoricas-e-metodologicas\/#breadcrumb"},"inLanguage":"pt-BR","potentialAction":[{"@type":"ReadAction","target":["https:\/\/www.pipacomunica.com.br\/livrariadapipa\/produto\/pesquisas-em-educacao-inclusiva-questoes-teoricas-e-metodologicas\/"]}]},{"@type":"ImageObject","inLanguage":"pt-BR","@id":"https:\/\/www.pipacomunica.com.br\/livrariadapipa\/produto\/pesquisas-em-educacao-inclusiva-questoes-teoricas-e-metodologicas\/#primaryimage","url":"https:\/\/i0.wp.com\/www.pipacomunica.com.br\/livrariadapipa\/wp-content\/uploads\/2016\/02\/pesquisas-educacao-inclusiva.jpg?fit=461%2C595&ssl=1","contentUrl":"https:\/\/i0.wp.com\/www.pipacomunica.com.br\/livrariadapipa\/wp-content\/uploads\/2016\/02\/pesquisas-educacao-inclusiva.jpg?fit=461%2C595&ssl=1","width":461,"height":595,"caption":"Pesquisas em Educa\u00e7\u00e3o Inclusiva: quest\u00f5es te\u00f3ricas e metodol\u00f3gicas"},{"@type":"BreadcrumbList","@id":"https:\/\/www.pipacomunica.com.br\/livrariadapipa\/produto\/pesquisas-em-educacao-inclusiva-questoes-teoricas-e-metodologicas\/#breadcrumb","itemListElement":[{"@type":"ListItem","position":1,"name":"In\u00edcio","item":"https:\/\/www.pipacomunica.com.br\/livrariadapipa\/"},{"@type":"ListItem","position":2,"name":"Cat\u00e1logo","item":"https:\/\/www.pipacomunica.com.br\/livrariadapipa\/vitrine\/"},{"@type":"ListItem","position":3,"name":"Pesquisas em educa\u00e7\u00e3o inclusiva: quest\u00f5es te\u00f3ricas e metodol\u00f3gicas"}]},{"@type":"WebSite","@id":"https:\/\/www.pipacomunica.com.br\/livrariadapipa\/#website","url":"https:\/\/www.pipacomunica.com.br\/livrariadapipa\/","name":"Livraria da Pipa Comunica\u00e7\u00e3o","description":"Livros mais baratos que xerox","publisher":{"@id":"https:\/\/www.pipacomunica.com.br\/livrariadapipa\/#organization"},"potentialAction":[{"@type":"SearchAction","target":{"@type":"EntryPoint","urlTemplate":"https:\/\/www.pipacomunica.com.br\/livrariadapipa\/?s={search_term_string}"},"query-input":{"@type":"PropertyValueSpecification","valueRequired":true,"valueName":"search_term_string"}}],"inLanguage":"pt-BR"},{"@type":"Organization","@id":"https:\/\/www.pipacomunica.com.br\/livrariadapipa\/#organization","name":"Livraria da Pipa Comunica\u00e7\u00e3o","url":"https:\/\/www.pipacomunica.com.br\/livrariadapipa\/","logo":{"@type":"ImageObject","inLanguage":"pt-BR","@id":"https:\/\/www.pipacomunica.com.br\/livrariadapipa\/#\/schema\/logo\/image\/","url":"https:\/\/i0.wp.com\/www.pipacomunica.com.br\/livrariadapipa\/wp-content\/uploads\/2018\/09\/marca-livraria-pipa-400px-negativo.png?fit=400%2C80&ssl=1","contentUrl":"https:\/\/i0.wp.com\/www.pipacomunica.com.br\/livrariadapipa\/wp-content\/uploads\/2018\/09\/marca-livraria-pipa-400px-negativo.png?fit=400%2C80&ssl=1","width":400,"height":80,"caption":"Livraria da Pipa Comunica\u00e7\u00e3o"},"image":{"@id":"https:\/\/www.pipacomunica.com.br\/livrariadapipa\/#\/schema\/logo\/image\/"},"sameAs":["https:\/\/www.facebook.com\/pipacomunica","https:\/\/x.com\/PipaComunica","https:\/\/instagram.com\/pipacomunicacao","http:\/\/www.linkedin.com\/companies\/pipa-comunica-o","https:\/\/br.pinterest.com\/pipacomunicacao\/","http:\/\/il.youtube.com\/user\/pipacomunicacao"]}]}},"jetpack_publicize_connections":[],"jetpack_sharing_enabled":true,"_links":{"self":[{"href":"https:\/\/www.pipacomunica.com.br\/livrariadapipa\/wp-json\/wp\/v2\/product\/820","targetHints":{"allow":["GET"]}}],"collection":[{"href":"https:\/\/www.pipacomunica.com.br\/livrariadapipa\/wp-json\/wp\/v2\/product"}],"about":[{"href":"https:\/\/www.pipacomunica.com.br\/livrariadapipa\/wp-json\/wp\/v2\/types\/product"}],"replies":[{"embeddable":true,"href":"https:\/\/www.pipacomunica.com.br\/livrariadapipa\/wp-json\/wp\/v2\/comments?post=820"}],"version-history":[{"count":1,"href":"https:\/\/www.pipacomunica.com.br\/livrariadapipa\/wp-json\/wp\/v2\/product\/820\/revisions"}],"predecessor-version":[{"id":11871,"href":"https:\/\/www.pipacomunica.com.br\/livrariadapipa\/wp-json\/wp\/v2\/product\/820\/revisions\/11871"}],"wp:featuredmedia":[{"embeddable":true,"href":"https:\/\/www.pipacomunica.com.br\/livrariadapipa\/wp-json\/wp\/v2\/media\/831"}],"wp:attachment":[{"href":"https:\/\/www.pipacomunica.com.br\/livrariadapipa\/wp-json\/wp\/v2\/media?parent=820"}],"wp:term":[{"taxonomy":"product_brand","embeddable":true,"href":"https:\/\/www.pipacomunica.com.br\/livrariadapipa\/wp-json\/wp\/v2\/product_brand?post=820"},{"taxonomy":"product_cat","embeddable":true,"href":"https:\/\/www.pipacomunica.com.br\/livrariadapipa\/wp-json\/wp\/v2\/product_cat?post=820"},{"taxonomy":"product_tag","embeddable":true,"href":"https:\/\/www.pipacomunica.com.br\/livrariadapipa\/wp-json\/wp\/v2\/product_tag?post=820"}],"curies":[{"name":"wp","href":"https:\/\/api.w.org\/{rel}","templated":true}]}}