{"id":8040,"date":"2020-02-14T11:30:36","date_gmt":"2020-02-14T14:30:36","guid":{"rendered":"https:\/\/www.pipacomunica.com.br\/livrariadapipa\/?post_type=product&#038;p=8040"},"modified":"2023-03-30T14:36:44","modified_gmt":"2023-03-30T17:36:44","slug":"leituras-urbanisticas-luziapolis","status":"publish","type":"product","link":"https:\/\/www.pipacomunica.com.br\/livrariadapipa\/produto\/leituras-urbanisticas-luziapolis\/","title":{"rendered":"Leituras urban\u00edsticas sobre Luzi\u00e1polis"},"content":{"rendered":"<p><strong>Leituras urban\u00edsticas sobre Luzi\u00e1polis: um olhar prospectivo para pequenos territ\u00f3rios <\/strong><br \/>\n<em>eBook \u2014 PDF<\/em><br \/>\nSonia da Rocha<\/p>\n<p>As \u201cLeituras urban\u00edsticas\u201d sobre Luzi\u00e1polis, um distrito de cerca de 20 mil habitantes no leste alagoano, pertencente ao munic\u00edpio de Campo Alegre, feitas pela profissional de estudos em linguagem, educadora e arquiteta S\u00f4nia da Rocha, configuram-se como um livro necess\u00e1rio e urgente para pensarmos e repensarmos os territ\u00f3rios pequenos e suas tessituras urbanas, quando visamos considerar a localidade como \u201c\u2018cidade\u2019 do cidad\u00e3o\u201d, tal como consideram muitos especialistas, arquitetos e arquitetas da \u00e1rea de planejamento e urbanismo, mais do que um simples \u201cpovoado\u201d ou \u201cdistrito\u201d.<\/p>\n<p>A leitura nos garante dizer que S\u00f4nia da Rocha leu a \u201ccidade\u201d em seus diversos aspectos e de maneira cr\u00edtica, tarefa que perpassou por aspectos te\u00f3rico-conceituais, visitas t\u00e9cnicas e percep\u00e7\u00f5es sensoriais, registros fotogr\u00e1ficos, escuta ativa, nas entrevistas, leitura de mapas, tabelas e quadros, garantindo-lhes um reconhecimento t\u00e9cnico-pol\u00edtico do desenho e da tessitura do urbano, a partir do qual gerou fotografias, esquemas, gr\u00e1ficos, desenhos, croquis, quadros, uma linha do tempo e outros mapas, que encontramos dispostos ao longo de sua escrita, recursos que d\u00e3o vida \u00e0 cartografia do pequeno territ\u00f3rio.<\/p>\n<p>A compreens\u00e3o de \u201cLeituras urban\u00edsticas sobre Luzi\u00e1polis: um olhar prospectivo para pequenos territ\u00f3rios\u201d nos mobiliza a olhar as \u201ccidades\u201d, a olhar as pequenas localidades, objetivando evitar sua morte, uma morte em vida. Por esse excelente livro, dou a S\u00f4nia da Rocha, que foi minha aluna na quinta s\u00e9rie, do gin\u00e1sio, hoje minha amiga, meus parab\u00e9ns, pelo trabalho e pela del\u00edcia de fazer essas leituras urban\u00edsticas de Luzi\u00e1polis. Parab\u00e9ns pela leitura urban\u00edstica como posicionamento pol\u00edtico sobre uma \u201ccidade\u201d!<\/p>\n<p>\u2014 <strong>Ismar In\u00e1cio dos Santos Filho<\/strong><br \/>\nProfessor da <a href=\"http:\/\/www.ufal.edu.br\/sertao\" target=\"_blank\" rel=\"noopener noreferrer\">UFAL\/Campus Sert\u00e3o<\/a><\/p>\n<h4>Sobre a autora<\/h4>\n<p style=\"text-align: center;\"><a href=\"https:\/\/i0.wp.com\/www.pipacomunica.com.br\/livrariadapipa\/wp-content\/uploads\/2020\/02\/sonia-da-rocha-1.png?ssl=1\"><img data-recalc-dims=\"1\" fetchpriority=\"high\" decoding=\"async\" class=\"aligncenter wp-image-11966 size-full\" title=\"Sonia da Rocha\" src=\"https:\/\/i0.wp.com\/www.pipacomunica.com.br\/livrariadapipa\/wp-content\/uploads\/2020\/02\/sonia-da-rocha-1.png?resize=300%2C276&#038;ssl=1\" alt=\"Sonia da Rocha\" width=\"300\" height=\"276\" \/><\/a><\/p>\n<p style=\"text-align: center;\"><strong>Sonia da Rocha<\/strong><\/p>\n<p>\u00c9 professora e est\u00e1 na coordena\u00e7\u00e3o pedag\u00f3gica do Ensino Fundamental desde 2013. Lecionou no Ensino B\u00e1sico de 2001 a 2012 e no Ensino Superior (em cursos de forma\u00e7\u00e3o de professores) de 2009 a 2011. \u00c9 especialista em Metodologia do Ensino da L\u00edngua Portuguesa, graduada em Letras (UNEAL-2005) e em Arquitetura e Urbanismo (UFAL-2019). Desde 2017 tem pesquisado sobre educa\u00e7\u00e3o urban\u00edstica e a realidade urbana de pequenos territ\u00f3rios, iniciando com o reconhecimento do universo urban\u00edstico do lugar onde vive (Distrito de Luzi\u00e1polis \u2013 Campo Alegre \u2013 AL).<\/p>\n<p><strong>Capa e Projeto Gr\u00e1fico:<\/strong> Karla Vidal<br \/>\n<strong>Diagrama\u00e7\u00e3o:<\/strong> Augusto Noronha e Karla Vidal<br \/>\n<strong>Revis\u00e3o lingu\u00edstica:<\/strong> Ismar In\u00e1cio dos Santos Filho<br \/>\n<strong>Revis\u00e3o gramatical:<\/strong> Jeile Rocha<br \/>\n<strong>Editores<\/strong>: Augusto Noronha e Karla Vidal<br \/>\n<strong>Edi\u00e7\u00e3o Pipa Comunica\u00e7\u00e3o:<\/strong> <a href=\"https:\/\/www.pipacomunica.com.br\"><strong>https:\/\/www.pipacomunica.com.br<\/strong><\/a><\/p>\n<h4><a href=\"https:\/\/drive.google.com\/file\/d\/1Tq_XDSRf4o1Gg6J-616Uy5SQO4_KF2lZ\/view?usp=share_link\" class=\"su-button su-button-style-flat\" style=\"color:#ffffff;background-color:#AF2B72;border-color:#8c235c;border-radius:0px\" target=\"_blank\" rel=\"noopener noreferrer\"><span style=\"color:#ffffff;padding:7px 20px;font-size:16px;line-height:24px;border-color:#c76b9d;border-radius:0px;text-shadow:none\"><i class=\"sui sui-file-pdf-o\" style=\"font-size:16px;color:#FFFFFF\"><\/i> Baixe agora<\/span><\/a><\/h4>\n","protected":false},"excerpt":{"rendered":"<p><strong>Leituras urban\u00edsticas sobre Luzi\u00e1polis: um olhar prospectivo para pequenos territ\u00f3rios <\/strong><br \/>\n<em>eBook \u2014 PDF<\/em><br \/>\nSonia da Rocha<\/p>\n<blockquote><p>\u2018As \u201cLeituras urban\u00edsticas\u201d sobre Luzi\u00e1polis, um distrito de cerca de 20 mil habitantes no leste alagoano, pertencente ao munic\u00edpio de Campo Alegre, feitas pela profissional de estudos em linguagem, educadora e arquiteta S\u00f4nia da Rocha, configuram-se como um livro necess\u00e1rio e urgente para pensarmos e repensarmos os territ\u00f3rios pequenos e suas tessituras urbanas, quando visamos considerar a localidade como \u201c\u2018cidade\u2019 do cidad\u00e3o\u201d, tal como consideram muitos especialistas, arquitetos e arquitetas da \u00e1rea de planejamento e urbanismo, mais do que um simples \u201cpovoado\u201d ou \u201cdistrito\u201d.\u2019<\/p>\n<p>\u2014 <strong>Ismar In\u00e1cio dos Santos Filho<\/strong><br \/>\nProfessor da <a href=\"http:\/\/www.ufal.edu.br\/sertao\" target=\"_blank\" rel=\"noopener noreferrer\">UFAL\/Campus Sert\u00e3o<\/a><\/p><\/blockquote>\n<h4>Ficha T\u00e9cnica<\/h4>\n<p>1\u00aa ed.<br \/>\nISBN 978-65-5101-001-9<br \/>\n166p. : Il., Fig., Quadros. (e-book)<br \/>\n1. Planejamento Urbano. 2. Uso e Ocupa\u00e7\u00e3o do Solo. 3. Ordenamento Territorial. 4. Plano<\/p>\n","protected":false},"featured_media":8043,"comment_status":"open","ping_status":"closed","template":"","meta":{"jetpack_post_was_ever_published":false,"jetpack_publicize_message":"","jetpack_publicize_feature_enabled":true,"jetpack_social_post_already_shared":true,"jetpack_social_options":{"image_generator_settings":{"template":"highway","default_image_id":0,"font":"","enabled":false},"version":2}},"product_brand":[],"product_cat":[34,19,17],"product_tag":[],"class_list":{"0":"post-8040","1":"product","2":"type-product","3":"status-publish","4":"has-post-thumbnail","6":"product_cat-sem-categoria","7":"product_cat-livros-digitais","8":"product_cat-gratuitos","10":"first","11":"instock","12":"sold-individually","13":"shipping-taxable","14":"product-type-external"},"yoast_head":"<!-- This site is optimized with the Yoast SEO plugin v27.1.1 - https:\/\/yoast.com\/product\/yoast-seo-wordpress\/ -->\n<title>Leituras urban\u00edsticas sobre Luzi\u00e1polis<\/title>\n<meta name=\"description\" content=\"&quot;Leituras urban\u00edsticas sobre Luzi\u00e1polis\u201d \u00e9 uma obra que vem para pensar e repensar pequenos territ\u00f3rios e suas tessituras urbanas.\" \/>\n<meta name=\"robots\" content=\"index, follow, max-snippet:-1, max-image-preview:large, max-video-preview:-1\" \/>\n<link rel=\"canonical\" href=\"https:\/\/www.pipacomunica.com.br\/livrariadapipa\/produto\/leituras-urbanisticas-luziapolis\/\" \/>\n<meta property=\"og:locale\" content=\"pt_BR\" \/>\n<meta property=\"og:type\" content=\"article\" \/>\n<meta property=\"og:title\" content=\"Leituras urban\u00edsticas sobre Luzi\u00e1polis\" \/>\n<meta property=\"og:description\" content=\"&quot;Leituras urban\u00edsticas sobre Luzi\u00e1polis\u201d \u00e9 uma obra que vem para pensar e repensar pequenos territ\u00f3rios e suas tessituras urbanas.\" \/>\n<meta property=\"og:url\" content=\"https:\/\/www.pipacomunica.com.br\/livrariadapipa\/produto\/leituras-urbanisticas-luziapolis\/\" \/>\n<meta property=\"og:site_name\" content=\"Livraria da Pipa Comunica\u00e7\u00e3o\" \/>\n<meta property=\"article:publisher\" content=\"https:\/\/www.facebook.com\/pipacomunica\" \/>\n<meta property=\"article:modified_time\" content=\"2023-03-30T17:36:44+00:00\" \/>\n<meta property=\"og:image\" content=\"https:\/\/www.pipacomunica.com.br\/livrariadapipa\/wp-content\/uploads\/2020\/02\/thumb-luziapolis.png\" \/>\n\t<meta property=\"og:image:width\" content=\"871\" \/>\n\t<meta property=\"og:image:height\" content=\"452\" \/>\n\t<meta property=\"og:image:type\" content=\"image\/png\" \/>\n<meta name=\"twitter:card\" content=\"summary_large_image\" \/>\n<meta name=\"twitter:title\" content=\"Leituras urban\u00edsticas sobre Luzi\u00e1polis\" \/>\n<meta name=\"twitter:description\" content=\"&quot;Leituras urban\u00edsticas sobre Luzi\u00e1polis\u201d \u00e9 uma obra que vem para pensar e repensar pequenos territ\u00f3rios e suas tessituras urbanas.\" \/>\n<meta name=\"twitter:image\" content=\"https:\/\/i0.wp.com\/www.pipacomunica.com.br\/livrariadapipa\/wp-content\/uploads\/2020\/02\/thumb-luziapolis.png?fit=871%2C452&ssl=1\" \/>\n<meta name=\"twitter:site\" content=\"@PipaComunica\" \/>\n<meta name=\"twitter:label1\" content=\"Est. tempo de leitura\" \/>\n\t<meta name=\"twitter:data1\" content=\"3 minutos\" \/>\n<script type=\"application\/ld+json\" class=\"yoast-schema-graph\">{\"@context\":\"https:\/\/schema.org\",\"@graph\":[{\"@type\":\"WebPage\",\"@id\":\"https:\/\/www.pipacomunica.com.br\/livrariadapipa\/produto\/leituras-urbanisticas-luziapolis\/\",\"url\":\"https:\/\/www.pipacomunica.com.br\/livrariadapipa\/produto\/leituras-urbanisticas-luziapolis\/\",\"name\":\"Leituras urban\u00edsticas sobre Luzi\u00e1polis\",\"isPartOf\":{\"@id\":\"https:\/\/www.pipacomunica.com.br\/livrariadapipa\/#website\"},\"primaryImageOfPage\":{\"@id\":\"https:\/\/www.pipacomunica.com.br\/livrariadapipa\/produto\/leituras-urbanisticas-luziapolis\/#primaryimage\"},\"image\":{\"@id\":\"https:\/\/www.pipacomunica.com.br\/livrariadapipa\/produto\/leituras-urbanisticas-luziapolis\/#primaryimage\"},\"thumbnailUrl\":\"https:\/\/i0.wp.com\/www.pipacomunica.com.br\/livrariadapipa\/wp-content\/uploads\/2020\/02\/leituras-urbanisticas-luziapolis.gif?fit=461%2C595&ssl=1\",\"datePublished\":\"2020-02-14T14:30:36+00:00\",\"dateModified\":\"2023-03-30T17:36:44+00:00\",\"description\":\"\\\"Leituras urban\u00edsticas sobre Luzi\u00e1polis\u201d \u00e9 uma obra que vem para pensar e repensar pequenos territ\u00f3rios e suas tessituras urbanas.\",\"breadcrumb\":{\"@id\":\"https:\/\/www.pipacomunica.com.br\/livrariadapipa\/produto\/leituras-urbanisticas-luziapolis\/#breadcrumb\"},\"inLanguage\":\"pt-BR\",\"potentialAction\":[{\"@type\":\"ReadAction\",\"target\":[\"https:\/\/www.pipacomunica.com.br\/livrariadapipa\/produto\/leituras-urbanisticas-luziapolis\/\"]}]},{\"@type\":\"ImageObject\",\"inLanguage\":\"pt-BR\",\"@id\":\"https:\/\/www.pipacomunica.com.br\/livrariadapipa\/produto\/leituras-urbanisticas-luziapolis\/#primaryimage\",\"url\":\"https:\/\/i0.wp.com\/www.pipacomunica.com.br\/livrariadapipa\/wp-content\/uploads\/2020\/02\/leituras-urbanisticas-luziapolis.gif?fit=461%2C595&ssl=1\",\"contentUrl\":\"https:\/\/i0.wp.com\/www.pipacomunica.com.br\/livrariadapipa\/wp-content\/uploads\/2020\/02\/leituras-urbanisticas-luziapolis.gif?fit=461%2C595&ssl=1\",\"width\":461,\"height\":595,\"caption\":\"Leituras urban\u00edsticas sobre Luzi\u00e1polis: um olhar prospectivo para pequenos territ\u00f3rios\"},{\"@type\":\"BreadcrumbList\",\"@id\":\"https:\/\/www.pipacomunica.com.br\/livrariadapipa\/produto\/leituras-urbanisticas-luziapolis\/#breadcrumb\",\"itemListElement\":[{\"@type\":\"ListItem\",\"position\":1,\"name\":\"In\u00edcio\",\"item\":\"https:\/\/www.pipacomunica.com.br\/livrariadapipa\/\"},{\"@type\":\"ListItem\",\"position\":2,\"name\":\"Cat\u00e1logo\",\"item\":\"https:\/\/www.pipacomunica.com.br\/livrariadapipa\/vitrine\/\"},{\"@type\":\"ListItem\",\"position\":3,\"name\":\"Leituras urban\u00edsticas sobre Luzi\u00e1polis\"}]},{\"@type\":\"WebSite\",\"@id\":\"https:\/\/www.pipacomunica.com.br\/livrariadapipa\/#website\",\"url\":\"https:\/\/www.pipacomunica.com.br\/livrariadapipa\/\",\"name\":\"Livraria da Pipa Comunica\u00e7\u00e3o\",\"description\":\"Livros mais baratos que xerox\",\"publisher\":{\"@id\":\"https:\/\/www.pipacomunica.com.br\/livrariadapipa\/#organization\"},\"potentialAction\":[{\"@type\":\"SearchAction\",\"target\":{\"@type\":\"EntryPoint\",\"urlTemplate\":\"https:\/\/www.pipacomunica.com.br\/livrariadapipa\/?s={search_term_string}\"},\"query-input\":{\"@type\":\"PropertyValueSpecification\",\"valueRequired\":true,\"valueName\":\"search_term_string\"}}],\"inLanguage\":\"pt-BR\"},{\"@type\":\"Organization\",\"@id\":\"https:\/\/www.pipacomunica.com.br\/livrariadapipa\/#organization\",\"name\":\"Livraria da Pipa Comunica\u00e7\u00e3o\",\"url\":\"https:\/\/www.pipacomunica.com.br\/livrariadapipa\/\",\"logo\":{\"@type\":\"ImageObject\",\"inLanguage\":\"pt-BR\",\"@id\":\"https:\/\/www.pipacomunica.com.br\/livrariadapipa\/#\/schema\/logo\/image\/\",\"url\":\"https:\/\/i0.wp.com\/www.pipacomunica.com.br\/livrariadapipa\/wp-content\/uploads\/2018\/09\/marca-livraria-pipa-400px-negativo.png?fit=400%2C80&ssl=1\",\"contentUrl\":\"https:\/\/i0.wp.com\/www.pipacomunica.com.br\/livrariadapipa\/wp-content\/uploads\/2018\/09\/marca-livraria-pipa-400px-negativo.png?fit=400%2C80&ssl=1\",\"width\":400,\"height\":80,\"caption\":\"Livraria da Pipa Comunica\u00e7\u00e3o\"},\"image\":{\"@id\":\"https:\/\/www.pipacomunica.com.br\/livrariadapipa\/#\/schema\/logo\/image\/\"},\"sameAs\":[\"https:\/\/www.facebook.com\/pipacomunica\",\"https:\/\/x.com\/PipaComunica\",\"https:\/\/instagram.com\/pipacomunicacao\",\"http:\/\/www.linkedin.com\/companies\/pipa-comunica-o\",\"https:\/\/br.pinterest.com\/pipacomunicacao\/\",\"http:\/\/il.youtube.com\/user\/pipacomunicacao\"]}]}<\/script>\n<!-- \/ Yoast SEO plugin. -->","yoast_head_json":{"title":"Leituras urban\u00edsticas sobre Luzi\u00e1polis","description":"\"Leituras urban\u00edsticas sobre Luzi\u00e1polis\u201d \u00e9 uma obra que vem para pensar e repensar pequenos territ\u00f3rios e suas tessituras urbanas.","robots":{"index":"index","follow":"follow","max-snippet":"max-snippet:-1","max-image-preview":"max-image-preview:large","max-video-preview":"max-video-preview:-1"},"canonical":"https:\/\/www.pipacomunica.com.br\/livrariadapipa\/produto\/leituras-urbanisticas-luziapolis\/","og_locale":"pt_BR","og_type":"article","og_title":"Leituras urban\u00edsticas sobre Luzi\u00e1polis","og_description":"\"Leituras urban\u00edsticas sobre Luzi\u00e1polis\u201d \u00e9 uma obra que vem para pensar e repensar pequenos territ\u00f3rios e suas tessituras urbanas.","og_url":"https:\/\/www.pipacomunica.com.br\/livrariadapipa\/produto\/leituras-urbanisticas-luziapolis\/","og_site_name":"Livraria da Pipa Comunica\u00e7\u00e3o","article_publisher":"https:\/\/www.facebook.com\/pipacomunica","article_modified_time":"2023-03-30T17:36:44+00:00","og_image":[{"width":871,"height":452,"url":"https:\/\/www.pipacomunica.com.br\/livrariadapipa\/wp-content\/uploads\/2020\/02\/thumb-luziapolis.png","type":"image\/png"}],"twitter_card":"summary_large_image","twitter_title":"Leituras urban\u00edsticas sobre Luzi\u00e1polis","twitter_description":"\"Leituras urban\u00edsticas sobre Luzi\u00e1polis\u201d \u00e9 uma obra que vem para pensar e repensar pequenos territ\u00f3rios e suas tessituras urbanas.","twitter_image":"https:\/\/i0.wp.com\/www.pipacomunica.com.br\/livrariadapipa\/wp-content\/uploads\/2020\/02\/thumb-luziapolis.png?fit=871%2C452&ssl=1","twitter_site":"@PipaComunica","twitter_misc":{"Est. tempo de leitura":"3 minutos"},"schema":{"@context":"https:\/\/schema.org","@graph":[{"@type":"WebPage","@id":"https:\/\/www.pipacomunica.com.br\/livrariadapipa\/produto\/leituras-urbanisticas-luziapolis\/","url":"https:\/\/www.pipacomunica.com.br\/livrariadapipa\/produto\/leituras-urbanisticas-luziapolis\/","name":"Leituras urban\u00edsticas sobre Luzi\u00e1polis","isPartOf":{"@id":"https:\/\/www.pipacomunica.com.br\/livrariadapipa\/#website"},"primaryImageOfPage":{"@id":"https:\/\/www.pipacomunica.com.br\/livrariadapipa\/produto\/leituras-urbanisticas-luziapolis\/#primaryimage"},"image":{"@id":"https:\/\/www.pipacomunica.com.br\/livrariadapipa\/produto\/leituras-urbanisticas-luziapolis\/#primaryimage"},"thumbnailUrl":"https:\/\/i0.wp.com\/www.pipacomunica.com.br\/livrariadapipa\/wp-content\/uploads\/2020\/02\/leituras-urbanisticas-luziapolis.gif?fit=461%2C595&ssl=1","datePublished":"2020-02-14T14:30:36+00:00","dateModified":"2023-03-30T17:36:44+00:00","description":"\"Leituras urban\u00edsticas sobre Luzi\u00e1polis\u201d \u00e9 uma obra que vem para pensar e repensar pequenos territ\u00f3rios e suas tessituras urbanas.","breadcrumb":{"@id":"https:\/\/www.pipacomunica.com.br\/livrariadapipa\/produto\/leituras-urbanisticas-luziapolis\/#breadcrumb"},"inLanguage":"pt-BR","potentialAction":[{"@type":"ReadAction","target":["https:\/\/www.pipacomunica.com.br\/livrariadapipa\/produto\/leituras-urbanisticas-luziapolis\/"]}]},{"@type":"ImageObject","inLanguage":"pt-BR","@id":"https:\/\/www.pipacomunica.com.br\/livrariadapipa\/produto\/leituras-urbanisticas-luziapolis\/#primaryimage","url":"https:\/\/i0.wp.com\/www.pipacomunica.com.br\/livrariadapipa\/wp-content\/uploads\/2020\/02\/leituras-urbanisticas-luziapolis.gif?fit=461%2C595&ssl=1","contentUrl":"https:\/\/i0.wp.com\/www.pipacomunica.com.br\/livrariadapipa\/wp-content\/uploads\/2020\/02\/leituras-urbanisticas-luziapolis.gif?fit=461%2C595&ssl=1","width":461,"height":595,"caption":"Leituras urban\u00edsticas sobre Luzi\u00e1polis: um olhar prospectivo para pequenos territ\u00f3rios"},{"@type":"BreadcrumbList","@id":"https:\/\/www.pipacomunica.com.br\/livrariadapipa\/produto\/leituras-urbanisticas-luziapolis\/#breadcrumb","itemListElement":[{"@type":"ListItem","position":1,"name":"In\u00edcio","item":"https:\/\/www.pipacomunica.com.br\/livrariadapipa\/"},{"@type":"ListItem","position":2,"name":"Cat\u00e1logo","item":"https:\/\/www.pipacomunica.com.br\/livrariadapipa\/vitrine\/"},{"@type":"ListItem","position":3,"name":"Leituras urban\u00edsticas sobre Luzi\u00e1polis"}]},{"@type":"WebSite","@id":"https:\/\/www.pipacomunica.com.br\/livrariadapipa\/#website","url":"https:\/\/www.pipacomunica.com.br\/livrariadapipa\/","name":"Livraria da Pipa Comunica\u00e7\u00e3o","description":"Livros mais baratos que xerox","publisher":{"@id":"https:\/\/www.pipacomunica.com.br\/livrariadapipa\/#organization"},"potentialAction":[{"@type":"SearchAction","target":{"@type":"EntryPoint","urlTemplate":"https:\/\/www.pipacomunica.com.br\/livrariadapipa\/?s={search_term_string}"},"query-input":{"@type":"PropertyValueSpecification","valueRequired":true,"valueName":"search_term_string"}}],"inLanguage":"pt-BR"},{"@type":"Organization","@id":"https:\/\/www.pipacomunica.com.br\/livrariadapipa\/#organization","name":"Livraria da Pipa Comunica\u00e7\u00e3o","url":"https:\/\/www.pipacomunica.com.br\/livrariadapipa\/","logo":{"@type":"ImageObject","inLanguage":"pt-BR","@id":"https:\/\/www.pipacomunica.com.br\/livrariadapipa\/#\/schema\/logo\/image\/","url":"https:\/\/i0.wp.com\/www.pipacomunica.com.br\/livrariadapipa\/wp-content\/uploads\/2018\/09\/marca-livraria-pipa-400px-negativo.png?fit=400%2C80&ssl=1","contentUrl":"https:\/\/i0.wp.com\/www.pipacomunica.com.br\/livrariadapipa\/wp-content\/uploads\/2018\/09\/marca-livraria-pipa-400px-negativo.png?fit=400%2C80&ssl=1","width":400,"height":80,"caption":"Livraria da Pipa Comunica\u00e7\u00e3o"},"image":{"@id":"https:\/\/www.pipacomunica.com.br\/livrariadapipa\/#\/schema\/logo\/image\/"},"sameAs":["https:\/\/www.facebook.com\/pipacomunica","https:\/\/x.com\/PipaComunica","https:\/\/instagram.com\/pipacomunicacao","http:\/\/www.linkedin.com\/companies\/pipa-comunica-o","https:\/\/br.pinterest.com\/pipacomunicacao\/","http:\/\/il.youtube.com\/user\/pipacomunicacao"]}]}},"jetpack_publicize_connections":[],"jetpack_sharing_enabled":true,"_links":{"self":[{"href":"https:\/\/www.pipacomunica.com.br\/livrariadapipa\/wp-json\/wp\/v2\/product\/8040","targetHints":{"allow":["GET"]}}],"collection":[{"href":"https:\/\/www.pipacomunica.com.br\/livrariadapipa\/wp-json\/wp\/v2\/product"}],"about":[{"href":"https:\/\/www.pipacomunica.com.br\/livrariadapipa\/wp-json\/wp\/v2\/types\/product"}],"replies":[{"embeddable":true,"href":"https:\/\/www.pipacomunica.com.br\/livrariadapipa\/wp-json\/wp\/v2\/comments?post=8040"}],"version-history":[{"count":4,"href":"https:\/\/www.pipacomunica.com.br\/livrariadapipa\/wp-json\/wp\/v2\/product\/8040\/revisions"}],"predecessor-version":[{"id":11969,"href":"https:\/\/www.pipacomunica.com.br\/livrariadapipa\/wp-json\/wp\/v2\/product\/8040\/revisions\/11969"}],"wp:featuredmedia":[{"embeddable":true,"href":"https:\/\/www.pipacomunica.com.br\/livrariadapipa\/wp-json\/wp\/v2\/media\/8043"}],"wp:attachment":[{"href":"https:\/\/www.pipacomunica.com.br\/livrariadapipa\/wp-json\/wp\/v2\/media?parent=8040"}],"wp:term":[{"taxonomy":"product_brand","embeddable":true,"href":"https:\/\/www.pipacomunica.com.br\/livrariadapipa\/wp-json\/wp\/v2\/product_brand?post=8040"},{"taxonomy":"product_cat","embeddable":true,"href":"https:\/\/www.pipacomunica.com.br\/livrariadapipa\/wp-json\/wp\/v2\/product_cat?post=8040"},{"taxonomy":"product_tag","embeddable":true,"href":"https:\/\/www.pipacomunica.com.br\/livrariadapipa\/wp-json\/wp\/v2\/product_tag?post=8040"}],"curies":[{"name":"wp","href":"https:\/\/api.w.org\/{rel}","templated":true}]}}