{"id":79,"date":"2015-01-22T18:25:55","date_gmt":"2015-01-22T21:25:55","guid":{"rendered":"https:\/\/www.pipacomunica.com.br\/livrariadapipa\/?post_type=product&#038;p=79"},"modified":"2023-01-17T14:32:36","modified_gmt":"2023-01-17T17:32:36","slug":"versao-%ce%b2-literatura-critica-teoria-e-traducao","status":"publish","type":"product","link":"https:\/\/www.pipacomunica.com.br\/livrariadapipa\/produto\/versao-%ce%b2-literatura-critica-teoria-e-traducao\/","title":{"rendered":"Vers\u00e3o \u03b2eta Literatura: cr\u00edtica, teoria e tradu\u00e7\u00e3o"},"content":{"rendered":"<p><strong>Vers\u00e3o \u03b2eta Literatura: cr\u00edtica, teoria e tradu\u00e7\u00e3o<\/strong><br \/>\nCl\u00e1udio Eufrausino e Anuska Vaz (orgs.)<\/p>\n<p>ISBN 978-85-66530-00-1.<\/p>\n<p>Vers\u00e3o \u03b2eta \u00e9 uma publica\u00e7\u00e3o de car\u00e1ter provis\u00f3rio. Os textos que a comp\u00f5em n\u00e3o s\u00e3o somente artigos cient\u00edficos. S\u00e3o tamb\u00e9m convites para que pessoas n\u00e3o recobertas pelo \u201cpeso\u201d da Academia possam assumir o papel de avaliadores e interferir, por meio de coment\u00e1rios sugest\u00f5es e indica\u00e7\u00e3o de refer\u00eancias, auxiliando os autores a preparar os textos para atingir o status de Vers\u00e3o \u03b1.<\/p>\n<p>Para mais informa\u00e7\u00f5es e download acesse o site:\u00a0<a href=\"http:\/\/betaversao.wordpress.com\/\" target=\"_blank\" rel=\"noopener\"><strong>http:\/\/betaversao.wordpress.com\/<\/strong><\/a><\/p>\n<p>1\u00aa edi\u00e7\u00e3o. Pipa Comunica\u00e7\u00e3o. 2013. 343 p\u00e1ginas.<br \/>\n1. Literatura. 2. Cr\u00edtica Liter\u00e1ria. 3. Tradu\u00e7\u00e3o. 4. Teoria Liter\u00e1ria.<\/p>\n","protected":false},"excerpt":{"rendered":"<p><strong>Vers\u00e3o \u03b2eta Literatura: cr\u00edtica, teoria e tradu\u00e7\u00e3o<\/strong><br \/>\nCl\u00e1udio Eufrausino e Anuska Vaz (orgs.)<\/p>\n<p>ISBN 978-85-66530-00-1.<\/p>\n<p>Vers\u00e3o \u03b2 \u00e9 uma publica\u00e7\u00e3o de car\u00e1ter provis\u00f3rio. Os textos que a comp\u00f5em n\u00e3o s\u00e3o somente artigos cient\u00edficos. S\u00e3o tamb\u00e9m convites para que pessoas n\u00e3o recobertas pelo \u201cpeso\u201d da Academia possam assumir o papel de avaliadores e interferir, por meio de coment\u00e1rios sugest\u00f5es e indica\u00e7\u00e3o de refer\u00eancias, auxiliando os autores a preparar os textos para atingir o status de Vers\u00e3o \u03b1.<\/p>\n<p>Para mais informa\u00e7\u00f5es e download acesse o site:\u00a0<a href=\"http:\/\/betaversao.wordpress.com\/\" target=\"_blank\" rel=\"noopener\"><strong>http:\/\/betaversao.wordpress.com\/<\/strong><\/a><br \/>\nLeia o ebook online: <a href=\"http:\/\/issuu.com\/pipacomunica\/docs\/versaobeta\">http:\/\/issuu.com\/pipacomunica\/docs\/versaobeta<\/a><\/p>\n<p>1\u00aa edi\u00e7\u00e3o. Pipa Comunica\u00e7\u00e3o. 2013. 343 p\u00e1ginas.<br \/>\n1. Literatura. 2. Cr\u00edtica Liter\u00e1ria. 3. Tradu\u00e7\u00e3o. 4. Teoria Liter\u00e1ria.<\/p>\n","protected":false},"featured_media":402,"comment_status":"open","ping_status":"closed","template":"","meta":{"jetpack_post_was_ever_published":false,"jetpack_publicize_message":"","jetpack_publicize_feature_enabled":true,"jetpack_social_post_already_shared":false,"jetpack_social_options":{"image_generator_settings":{"template":"highway","default_image_id":0,"font":"","enabled":false},"version":2}},"product_brand":[],"product_cat":[34,19,17],"product_tag":[],"class_list":{"0":"post-79","1":"product","2":"type-product","3":"status-publish","4":"has-post-thumbnail","6":"product_cat-sem-categoria","7":"product_cat-livros-digitais","8":"product_cat-gratuitos","10":"first","11":"instock","12":"shipping-taxable","13":"product-type-external"},"yoast_head":"<!-- This site is optimized with the Yoast SEO plugin v27.1.1 - https:\/\/yoast.com\/product\/yoast-seo-wordpress\/ -->\n<title>Vers\u00e3o \u03b2eta Literatura: cr\u00edtica, teoria e tradu\u00e7\u00e3o - Livraria da Pipa Comunica\u00e7\u00e3o<\/title>\n<meta name=\"description\" content=\"Vers\u00e3o \u03b2eta: cr\u00edtica, teoria e tradu\u00e7\u00e3o \u00e9 um livro que aposta em identidades m\u00faltiplas para apontar novas perspectivas da teoria liter\u00e1ria.\" \/>\n<meta name=\"robots\" content=\"index, follow, max-snippet:-1, max-image-preview:large, max-video-preview:-1\" \/>\n<link rel=\"canonical\" href=\"https:\/\/www.pipacomunica.com.br\/livrariadapipa\/produto\/versao-\u03b2-literatura-critica-teoria-e-traducao\/\" \/>\n<meta property=\"og:locale\" content=\"pt_BR\" \/>\n<meta property=\"og:type\" content=\"article\" \/>\n<meta property=\"og:title\" content=\"Vers\u00e3o \u03b2eta\" \/>\n<meta property=\"og:description\" content=\"Vers\u00e3o \u03b2eta \u00e9 um livro que aposta em identidades m\u00faltiplas para apontar novas perspectivas da teoria liter\u00e1ria.\" \/>\n<meta property=\"og:url\" content=\"https:\/\/www.pipacomunica.com.br\/livrariadapipa\/produto\/versao-\u03b2-literatura-critica-teoria-e-traducao\/\" \/>\n<meta property=\"og:site_name\" content=\"Livraria da Pipa Comunica\u00e7\u00e3o\" \/>\n<meta property=\"article:publisher\" content=\"https:\/\/www.facebook.com\/pipacomunica\" \/>\n<meta property=\"article:modified_time\" content=\"2023-01-17T17:32:36+00:00\" \/>\n<meta property=\"og:image\" content=\"https:\/\/www.pipacomunica.com.br\/livrariadapipa\/wp-content\/uploads\/2015\/01\/thumb-versao-beta.jpg\" \/>\n\t<meta property=\"og:image:width\" content=\"870\" \/>\n\t<meta property=\"og:image:height\" content=\"452\" \/>\n\t<meta property=\"og:image:type\" content=\"image\/jpeg\" \/>\n<meta name=\"twitter:card\" content=\"summary_large_image\" \/>\n<meta name=\"twitter:title\" content=\"Vers\u00e3o \u03b2eta\" \/>\n<meta name=\"twitter:description\" content=\"Vers\u00e3o \u03b2eta \u00e9 um livro que aposta em identidades m\u00faltiplas para apontar novas perspectivas da teoria liter\u00e1ria.\" \/>\n<meta name=\"twitter:image\" content=\"https:\/\/i0.wp.com\/www.pipacomunica.com.br\/livrariadapipa\/wp-content\/uploads\/2015\/01\/thumb-versao-beta.jpg?fit=870%2C452&ssl=1\" \/>\n<meta name=\"twitter:site\" content=\"@PipaComunica\" \/>\n<meta name=\"twitter:label1\" content=\"Est. tempo de leitura\" \/>\n\t<meta name=\"twitter:data1\" content=\"1 minuto\" \/>\n<script type=\"application\/ld+json\" class=\"yoast-schema-graph\">{\"@context\":\"https:\/\/schema.org\",\"@graph\":[{\"@type\":\"WebPage\",\"@id\":\"https:\/\/www.pipacomunica.com.br\/livrariadapipa\/produto\/versao-%ce%b2-literatura-critica-teoria-e-traducao\/\",\"url\":\"https:\/\/www.pipacomunica.com.br\/livrariadapipa\/produto\/versao-%ce%b2-literatura-critica-teoria-e-traducao\/\",\"name\":\"Vers\u00e3o \u03b2eta Literatura: cr\u00edtica, teoria e tradu\u00e7\u00e3o - Livraria da Pipa Comunica\u00e7\u00e3o\",\"isPartOf\":{\"@id\":\"https:\/\/www.pipacomunica.com.br\/livrariadapipa\/#website\"},\"primaryImageOfPage\":{\"@id\":\"https:\/\/www.pipacomunica.com.br\/livrariadapipa\/produto\/versao-%ce%b2-literatura-critica-teoria-e-traducao\/#primaryimage\"},\"image\":{\"@id\":\"https:\/\/www.pipacomunica.com.br\/livrariadapipa\/produto\/versao-%ce%b2-literatura-critica-teoria-e-traducao\/#primaryimage\"},\"thumbnailUrl\":\"https:\/\/i0.wp.com\/www.pipacomunica.com.br\/livrariadapipa\/wp-content\/uploads\/2015\/06\/Versao-Beta.jpg?fit=461%2C595&ssl=1\",\"datePublished\":\"2015-01-22T21:25:55+00:00\",\"dateModified\":\"2023-01-17T17:32:36+00:00\",\"description\":\"Vers\u00e3o \u03b2eta: cr\u00edtica, teoria e tradu\u00e7\u00e3o \u00e9 um livro que aposta em identidades m\u00faltiplas para apontar novas perspectivas da teoria liter\u00e1ria.\",\"breadcrumb\":{\"@id\":\"https:\/\/www.pipacomunica.com.br\/livrariadapipa\/produto\/versao-%ce%b2-literatura-critica-teoria-e-traducao\/#breadcrumb\"},\"inLanguage\":\"pt-BR\",\"potentialAction\":[{\"@type\":\"ReadAction\",\"target\":[\"https:\/\/www.pipacomunica.com.br\/livrariadapipa\/produto\/versao-%ce%b2-literatura-critica-teoria-e-traducao\/\"]}]},{\"@type\":\"ImageObject\",\"inLanguage\":\"pt-BR\",\"@id\":\"https:\/\/www.pipacomunica.com.br\/livrariadapipa\/produto\/versao-%ce%b2-literatura-critica-teoria-e-traducao\/#primaryimage\",\"url\":\"https:\/\/i0.wp.com\/www.pipacomunica.com.br\/livrariadapipa\/wp-content\/uploads\/2015\/06\/Versao-Beta.jpg?fit=461%2C595&ssl=1\",\"contentUrl\":\"https:\/\/i0.wp.com\/www.pipacomunica.com.br\/livrariadapipa\/wp-content\/uploads\/2015\/06\/Versao-Beta.jpg?fit=461%2C595&ssl=1\",\"width\":461,\"height\":595,\"caption\":\"Vers\u00e3o \u03b2eta\"},{\"@type\":\"BreadcrumbList\",\"@id\":\"https:\/\/www.pipacomunica.com.br\/livrariadapipa\/produto\/versao-%ce%b2-literatura-critica-teoria-e-traducao\/#breadcrumb\",\"itemListElement\":[{\"@type\":\"ListItem\",\"position\":1,\"name\":\"In\u00edcio\",\"item\":\"https:\/\/www.pipacomunica.com.br\/livrariadapipa\/\"},{\"@type\":\"ListItem\",\"position\":2,\"name\":\"Cat\u00e1logo\",\"item\":\"https:\/\/www.pipacomunica.com.br\/livrariadapipa\/vitrine\/\"},{\"@type\":\"ListItem\",\"position\":3,\"name\":\"Vers\u00e3o \u03b2eta Literatura: cr\u00edtica, teoria e tradu\u00e7\u00e3o\"}]},{\"@type\":\"WebSite\",\"@id\":\"https:\/\/www.pipacomunica.com.br\/livrariadapipa\/#website\",\"url\":\"https:\/\/www.pipacomunica.com.br\/livrariadapipa\/\",\"name\":\"Livraria da Pipa Comunica\u00e7\u00e3o\",\"description\":\"Livros mais baratos que xerox\",\"publisher\":{\"@id\":\"https:\/\/www.pipacomunica.com.br\/livrariadapipa\/#organization\"},\"potentialAction\":[{\"@type\":\"SearchAction\",\"target\":{\"@type\":\"EntryPoint\",\"urlTemplate\":\"https:\/\/www.pipacomunica.com.br\/livrariadapipa\/?s={search_term_string}\"},\"query-input\":{\"@type\":\"PropertyValueSpecification\",\"valueRequired\":true,\"valueName\":\"search_term_string\"}}],\"inLanguage\":\"pt-BR\"},{\"@type\":\"Organization\",\"@id\":\"https:\/\/www.pipacomunica.com.br\/livrariadapipa\/#organization\",\"name\":\"Livraria da Pipa Comunica\u00e7\u00e3o\",\"url\":\"https:\/\/www.pipacomunica.com.br\/livrariadapipa\/\",\"logo\":{\"@type\":\"ImageObject\",\"inLanguage\":\"pt-BR\",\"@id\":\"https:\/\/www.pipacomunica.com.br\/livrariadapipa\/#\/schema\/logo\/image\/\",\"url\":\"https:\/\/i0.wp.com\/www.pipacomunica.com.br\/livrariadapipa\/wp-content\/uploads\/2018\/09\/marca-livraria-pipa-400px-negativo.png?fit=400%2C80&ssl=1\",\"contentUrl\":\"https:\/\/i0.wp.com\/www.pipacomunica.com.br\/livrariadapipa\/wp-content\/uploads\/2018\/09\/marca-livraria-pipa-400px-negativo.png?fit=400%2C80&ssl=1\",\"width\":400,\"height\":80,\"caption\":\"Livraria da Pipa Comunica\u00e7\u00e3o\"},\"image\":{\"@id\":\"https:\/\/www.pipacomunica.com.br\/livrariadapipa\/#\/schema\/logo\/image\/\"},\"sameAs\":[\"https:\/\/www.facebook.com\/pipacomunica\",\"https:\/\/x.com\/PipaComunica\",\"https:\/\/instagram.com\/pipacomunicacao\",\"http:\/\/www.linkedin.com\/companies\/pipa-comunica-o\",\"https:\/\/br.pinterest.com\/pipacomunicacao\/\",\"http:\/\/il.youtube.com\/user\/pipacomunicacao\"]}]}<\/script>\n<!-- \/ Yoast SEO plugin. -->","yoast_head_json":{"title":"Vers\u00e3o \u03b2eta Literatura: cr\u00edtica, teoria e tradu\u00e7\u00e3o - Livraria da Pipa Comunica\u00e7\u00e3o","description":"Vers\u00e3o \u03b2eta: cr\u00edtica, teoria e tradu\u00e7\u00e3o \u00e9 um livro que aposta em identidades m\u00faltiplas para apontar novas perspectivas da teoria liter\u00e1ria.","robots":{"index":"index","follow":"follow","max-snippet":"max-snippet:-1","max-image-preview":"max-image-preview:large","max-video-preview":"max-video-preview:-1"},"canonical":"https:\/\/www.pipacomunica.com.br\/livrariadapipa\/produto\/versao-\u03b2-literatura-critica-teoria-e-traducao\/","og_locale":"pt_BR","og_type":"article","og_title":"Vers\u00e3o \u03b2eta","og_description":"Vers\u00e3o \u03b2eta \u00e9 um livro que aposta em identidades m\u00faltiplas para apontar novas perspectivas da teoria liter\u00e1ria.","og_url":"https:\/\/www.pipacomunica.com.br\/livrariadapipa\/produto\/versao-\u03b2-literatura-critica-teoria-e-traducao\/","og_site_name":"Livraria da Pipa Comunica\u00e7\u00e3o","article_publisher":"https:\/\/www.facebook.com\/pipacomunica","article_modified_time":"2023-01-17T17:32:36+00:00","og_image":[{"width":870,"height":452,"url":"https:\/\/www.pipacomunica.com.br\/livrariadapipa\/wp-content\/uploads\/2015\/01\/thumb-versao-beta.jpg","type":"image\/jpeg"}],"twitter_card":"summary_large_image","twitter_title":"Vers\u00e3o \u03b2eta","twitter_description":"Vers\u00e3o \u03b2eta \u00e9 um livro que aposta em identidades m\u00faltiplas para apontar novas perspectivas da teoria liter\u00e1ria.","twitter_image":"https:\/\/i0.wp.com\/www.pipacomunica.com.br\/livrariadapipa\/wp-content\/uploads\/2015\/01\/thumb-versao-beta.jpg?fit=870%2C452&ssl=1","twitter_site":"@PipaComunica","twitter_misc":{"Est. tempo de leitura":"1 minuto"},"schema":{"@context":"https:\/\/schema.org","@graph":[{"@type":"WebPage","@id":"https:\/\/www.pipacomunica.com.br\/livrariadapipa\/produto\/versao-%ce%b2-literatura-critica-teoria-e-traducao\/","url":"https:\/\/www.pipacomunica.com.br\/livrariadapipa\/produto\/versao-%ce%b2-literatura-critica-teoria-e-traducao\/","name":"Vers\u00e3o \u03b2eta Literatura: cr\u00edtica, teoria e tradu\u00e7\u00e3o - Livraria da Pipa Comunica\u00e7\u00e3o","isPartOf":{"@id":"https:\/\/www.pipacomunica.com.br\/livrariadapipa\/#website"},"primaryImageOfPage":{"@id":"https:\/\/www.pipacomunica.com.br\/livrariadapipa\/produto\/versao-%ce%b2-literatura-critica-teoria-e-traducao\/#primaryimage"},"image":{"@id":"https:\/\/www.pipacomunica.com.br\/livrariadapipa\/produto\/versao-%ce%b2-literatura-critica-teoria-e-traducao\/#primaryimage"},"thumbnailUrl":"https:\/\/i0.wp.com\/www.pipacomunica.com.br\/livrariadapipa\/wp-content\/uploads\/2015\/06\/Versao-Beta.jpg?fit=461%2C595&ssl=1","datePublished":"2015-01-22T21:25:55+00:00","dateModified":"2023-01-17T17:32:36+00:00","description":"Vers\u00e3o \u03b2eta: cr\u00edtica, teoria e tradu\u00e7\u00e3o \u00e9 um livro que aposta em identidades m\u00faltiplas para apontar novas perspectivas da teoria liter\u00e1ria.","breadcrumb":{"@id":"https:\/\/www.pipacomunica.com.br\/livrariadapipa\/produto\/versao-%ce%b2-literatura-critica-teoria-e-traducao\/#breadcrumb"},"inLanguage":"pt-BR","potentialAction":[{"@type":"ReadAction","target":["https:\/\/www.pipacomunica.com.br\/livrariadapipa\/produto\/versao-%ce%b2-literatura-critica-teoria-e-traducao\/"]}]},{"@type":"ImageObject","inLanguage":"pt-BR","@id":"https:\/\/www.pipacomunica.com.br\/livrariadapipa\/produto\/versao-%ce%b2-literatura-critica-teoria-e-traducao\/#primaryimage","url":"https:\/\/i0.wp.com\/www.pipacomunica.com.br\/livrariadapipa\/wp-content\/uploads\/2015\/06\/Versao-Beta.jpg?fit=461%2C595&ssl=1","contentUrl":"https:\/\/i0.wp.com\/www.pipacomunica.com.br\/livrariadapipa\/wp-content\/uploads\/2015\/06\/Versao-Beta.jpg?fit=461%2C595&ssl=1","width":461,"height":595,"caption":"Vers\u00e3o \u03b2eta"},{"@type":"BreadcrumbList","@id":"https:\/\/www.pipacomunica.com.br\/livrariadapipa\/produto\/versao-%ce%b2-literatura-critica-teoria-e-traducao\/#breadcrumb","itemListElement":[{"@type":"ListItem","position":1,"name":"In\u00edcio","item":"https:\/\/www.pipacomunica.com.br\/livrariadapipa\/"},{"@type":"ListItem","position":2,"name":"Cat\u00e1logo","item":"https:\/\/www.pipacomunica.com.br\/livrariadapipa\/vitrine\/"},{"@type":"ListItem","position":3,"name":"Vers\u00e3o \u03b2eta Literatura: cr\u00edtica, teoria e tradu\u00e7\u00e3o"}]},{"@type":"WebSite","@id":"https:\/\/www.pipacomunica.com.br\/livrariadapipa\/#website","url":"https:\/\/www.pipacomunica.com.br\/livrariadapipa\/","name":"Livraria da Pipa Comunica\u00e7\u00e3o","description":"Livros mais baratos que xerox","publisher":{"@id":"https:\/\/www.pipacomunica.com.br\/livrariadapipa\/#organization"},"potentialAction":[{"@type":"SearchAction","target":{"@type":"EntryPoint","urlTemplate":"https:\/\/www.pipacomunica.com.br\/livrariadapipa\/?s={search_term_string}"},"query-input":{"@type":"PropertyValueSpecification","valueRequired":true,"valueName":"search_term_string"}}],"inLanguage":"pt-BR"},{"@type":"Organization","@id":"https:\/\/www.pipacomunica.com.br\/livrariadapipa\/#organization","name":"Livraria da Pipa Comunica\u00e7\u00e3o","url":"https:\/\/www.pipacomunica.com.br\/livrariadapipa\/","logo":{"@type":"ImageObject","inLanguage":"pt-BR","@id":"https:\/\/www.pipacomunica.com.br\/livrariadapipa\/#\/schema\/logo\/image\/","url":"https:\/\/i0.wp.com\/www.pipacomunica.com.br\/livrariadapipa\/wp-content\/uploads\/2018\/09\/marca-livraria-pipa-400px-negativo.png?fit=400%2C80&ssl=1","contentUrl":"https:\/\/i0.wp.com\/www.pipacomunica.com.br\/livrariadapipa\/wp-content\/uploads\/2018\/09\/marca-livraria-pipa-400px-negativo.png?fit=400%2C80&ssl=1","width":400,"height":80,"caption":"Livraria da Pipa Comunica\u00e7\u00e3o"},"image":{"@id":"https:\/\/www.pipacomunica.com.br\/livrariadapipa\/#\/schema\/logo\/image\/"},"sameAs":["https:\/\/www.facebook.com\/pipacomunica","https:\/\/x.com\/PipaComunica","https:\/\/instagram.com\/pipacomunicacao","http:\/\/www.linkedin.com\/companies\/pipa-comunica-o","https:\/\/br.pinterest.com\/pipacomunicacao\/","http:\/\/il.youtube.com\/user\/pipacomunicacao"]}]}},"jetpack_publicize_connections":[],"jetpack_sharing_enabled":true,"_links":{"self":[{"href":"https:\/\/www.pipacomunica.com.br\/livrariadapipa\/wp-json\/wp\/v2\/product\/79","targetHints":{"allow":["GET"]}}],"collection":[{"href":"https:\/\/www.pipacomunica.com.br\/livrariadapipa\/wp-json\/wp\/v2\/product"}],"about":[{"href":"https:\/\/www.pipacomunica.com.br\/livrariadapipa\/wp-json\/wp\/v2\/types\/product"}],"replies":[{"embeddable":true,"href":"https:\/\/www.pipacomunica.com.br\/livrariadapipa\/wp-json\/wp\/v2\/comments?post=79"}],"version-history":[{"count":1,"href":"https:\/\/www.pipacomunica.com.br\/livrariadapipa\/wp-json\/wp\/v2\/product\/79\/revisions"}],"predecessor-version":[{"id":11875,"href":"https:\/\/www.pipacomunica.com.br\/livrariadapipa\/wp-json\/wp\/v2\/product\/79\/revisions\/11875"}],"wp:featuredmedia":[{"embeddable":true,"href":"https:\/\/www.pipacomunica.com.br\/livrariadapipa\/wp-json\/wp\/v2\/media\/402"}],"wp:attachment":[{"href":"https:\/\/www.pipacomunica.com.br\/livrariadapipa\/wp-json\/wp\/v2\/media?parent=79"}],"wp:term":[{"taxonomy":"product_brand","embeddable":true,"href":"https:\/\/www.pipacomunica.com.br\/livrariadapipa\/wp-json\/wp\/v2\/product_brand?post=79"},{"taxonomy":"product_cat","embeddable":true,"href":"https:\/\/www.pipacomunica.com.br\/livrariadapipa\/wp-json\/wp\/v2\/product_cat?post=79"},{"taxonomy":"product_tag","embeddable":true,"href":"https:\/\/www.pipacomunica.com.br\/livrariadapipa\/wp-json\/wp\/v2\/product_tag?post=79"}],"curies":[{"name":"wp","href":"https:\/\/api.w.org\/{rel}","templated":true}]}}