{"id":6726,"date":"2019-12-28T18:02:58","date_gmt":"2019-12-28T21:02:58","guid":{"rendered":"https:\/\/www.pipacomunica.com.br\/livrariadapipa\/?post_type=product&#038;p=6726"},"modified":"2024-08-18T18:32:20","modified_gmt":"2024-08-18T21:32:20","slug":"multiplos-olhares-multiletramentos","status":"publish","type":"product","link":"https:\/\/www.pipacomunica.com.br\/livrariadapipa\/produto\/multiplos-olhares-multiletramentos\/","title":{"rendered":"M\u00faltiplos olhares para a educa\u00e7\u00e3o b\u00e1sica: g\u00eaneros textuais e multiletramentos"},"content":{"rendered":"<p><strong>M\u00faltiplos olhares para a educa\u00e7\u00e3o b\u00e1sica: g\u00eaneros textuais e multiletramentos <\/strong><br \/>\n<em>eBook na Amazon<\/em><br \/>\nJos\u00e9 Ribamar Lopes Batista J\u00fanior, Vicente Lima-Neto, Carlos Alexandre Rodrigues de Oliveira, Sergio Vale da Paix\u00e3o. [Orgs.].<\/p>\n<p>O s\u00e9timo volume da S\u00e9rie Professor Criativo chega para complementar o <a href=\"https:\/\/www.pipacomunica.com.br\/livrariadapipa\/produto\/letramentos-e-tecnologias-digitais\/\">quinto volume especial<\/a> lan\u00e7ado em 2018. Dez cap\u00edtulos abordam de forma objetiva uma s\u00e9rie de experi\u00eancias pr\u00e1ticas bem sucedidas sobre g\u00eaneros textuais, (multi)letramentos e tecnologias digitais nas salas de aula da educa\u00e7\u00e3o b\u00e1sica.\u00a0 Nesse universo os autores lan\u00e7am luz sobre a realidade dos professores de l\u00ednguas buscando ir al\u00e9m da gram\u00e1tica para estimular a reflex\u00e3o sobre o funcionamento real da l\u00edngua.<\/p>\n<p>As aplica\u00e7\u00f5es pr\u00e1ticas em sala s\u00e3o descritas na obra de forma cuidadosa e embasadas por importantes reflex\u00f5es te\u00f3ricas que apresentam ao leitor resultados de pesquisas, bem como novos olhares sobre as conex\u00f5es entre as l\u00ednguas (materna ou estrangeira) e g\u00eaneros textuais como memes, roteiro cinematogr\u00e1fico, desenho \u00e0 m\u00e3o, apps, redes sociais, artigo de opini\u00e3o, cr\u00f4nica, entrevista, arte digital e artefatos sem\u00e2nticos.<\/p>\n<h4>Com a palavra, os organizadores<\/h4>\n<p>&nbsp;<\/p>\n<blockquote><p>(&#8230;) como podemos ajudar os nossos alunos da educa\u00e7\u00e3o b\u00e1sica e os nossos professores de l\u00edngua a refletir criticamente sobre o funcionamento da l\u00edngua a partir dos g\u00eaneros em sala de aula? Este n\u00e3o \u00e9 o primeiro e nem ser\u00e1 o \u00faltimo livro buscando responder a essa pergunta. O nosso diferencial \u00e9 que nos centramos em relatos de experi\u00eancia que funcionaram bem em diferentes salas de aula de l\u00edngua pelo pa\u00eds afora que dialogam, de alguma maneira, com uma abordagem n\u00e3o t\u00e3o recente na academia, mas ainda engatinhando no ensino b\u00e1sico: a dos (multi)letramentos. N\u00e3o espere de n\u00f3s e dos autores que aqui est\u00e3o alongadas e calorosas discuss\u00f5es sobre os conceitos que o Grupo de Nova Londres e seus seguidores propuseram. \u00c9 evidente que n\u00e3o estamos menosprezando as teorias \u2013 afinal, s\u00f3 existimos por conta delas \u2013, apenas quisemos aqui mostrar a aplicabilidade de uma abordagem que julgamos prop\u00edcia para uma reflex\u00e3o sobre a l\u00edngua de maneira cr\u00edtica, respons\u00e1vel e bastante afinada com a atual Base Nacional Comum Curricular (BNCC \u2013 BRASIL, 2018).<\/p><\/blockquote>\n<h4>V\u00eddeo de Lan\u00e7amento<\/h4>\n<div class=\"su-youtube su-u-responsive-media-yes\"><iframe width=\"600\" height=\"400\" src=\"https:\/\/www.youtube.com\/embed\/3C_le9mhGvY?\" frameborder=\"0\" allowfullscreen allow=\"autoplay; encrypted-media; picture-in-picture\" title=\"\"><\/iframe><\/div>\n<h4>Sobre os organizadores<\/h4>\n<p><strong> Carlos Alexandre Rodrigues de Oliveira<\/strong><br \/>\nMestre em Educa\u00e7\u00e3o e Doc\u00eancia (FaE\/UFMG). Especialista em L\u00edngua Portuguesa: Ensino de Leitura e Produ\u00e7\u00e3o de Textos (FALE\/UFMG) e em M\u00eddias na Educa\u00e7\u00e3o (CEAD\/UFOP). Membro do N\u00facleo de Estudos e Pesquisas sobre Cultura Escrita Digital (NEPCED\/FaE\/UFMG). Dedica-se a pesquisas nas \u00e1reas de Lingu\u00edstica Aplicada (Linguagem; Tecnologia), Educa\u00e7\u00e3o (Educa\u00e7\u00e3o; Tecnologia) e Forma\u00e7\u00e3o Inicial e Continuada de Professores de Educa\u00e7\u00e3o B\u00e1sica para Uso das Tecnologias Digitais de Informa\u00e7\u00e3o e Comunica\u00e7\u00e3o (TDIC) em sala de aula.<\/p>\n<p><strong>Jos\u00e9 Ribamar Lopes Batista J\u00fanior<\/strong><br \/>\nDoutor e Mestre em Lingu\u00edstica pela Universidade de Bras\u00edlia. \u00c9 membro do Grupo de Estudos Lingu\u00edsticos do Nordeste (GELNE)e do N\u00facleo de Estudos e Pesquisas em An\u00e1lise do Discurso (NEPAD\/UFPI). Atualmente, \u00e9 professor do ensino b\u00e1sico, t\u00e9cnico e tecnol\u00f3gico da Universidade Federal do Piau\u00ed (UFPI), fundador e coordenador do Laborat\u00f3rio Experimental de Ensino e Pesquisa em Leitura e Produ\u00e7\u00e3o Textual (LPT\/CNPq). Dedica-se a estudos nas \u00e1reas dos Novos Estudos do Letramento e da An\u00e1lise de Discurso Cr\u00edtica, atuando principalmente nos seguintes temas: Tecnologias digitais no Ensino de L\u00edngua Portuguesa, identidades, discursos e Educa\u00e7\u00e3o Inclusiva.<\/p>\n<p><strong>Sergio Vale da Paix\u00e3o<\/strong><br \/>\nP\u00f3s doutor em Letras (UEM). Doutor em Psicologia pela UNESP. Mestre em Estudos da Linguagem (UEL). Professor do IFPR &#8211; campus Jacarezinho. L\u00edder do grupo de pesquisa Ensino, Cultura, Linguagem e suas tecnologias (GECLIT &#8211; IFPR\/CNPq) e participante do grupo de pesquisa Intera\u00e7\u00e3o e Escrita (UEM). Coordenador da Especializa\u00e7\u00e3o Educa\u00e7\u00e3o e Sociedade no IFPR &#8211; Jacarezinho. Coordenador institucional do Programa de Resid\u00eancia Pedag\u00f3gica &#8211; IFPR\/Capes.<\/p>\n<p><strong>Vicente de Lima-Neto<\/strong><br \/>\nProfessor de Lingu\u00edstica da Universidade Federal Rural do Semi-\u00e1rido (UFERSA) e do Programa de P\u00f3s-gradua\u00e7\u00e3o em Ensino (POSENSINO) da associa\u00e7\u00e3o UERN\/UFERSA\/IFRN. Possui mestrado (2009) e doutorado (2014) em Lingu\u00edstica pela Universidade Federal do Cear\u00e1. L\u00edder do grupo de pesquisa Linguagens e Internet (GLINET\/ UFERSA). Atua principalmente nos seguintes temas: g\u00eaneros discursivos, emerg\u00eancia e reelabora\u00e7\u00e3o de g\u00eaneros, mesclas gen\u00e9ricas, remix, tecnologias digitais e pedagogia dos multiletramentos.<\/p>\n<h4>Ficha T\u00e9cnica<\/h4>\n<p>1\u00aa Edi\u00e7\u00e3o. Pipa Comunica\u00e7\u00e3o. 2019.<br \/>\nISBN 978-85-66530-99-5<br \/>\n298p. : Il., Fig., Quadros. (S\u00e9rie professor criativo: construindo cen\u00e1rios de aprendizagem &#8211; vol. 7) (e-book)<\/p>\n<p><strong>Capa e Projeto Gr\u00e1fico:<\/strong> Karla Vidal<br \/>\n<strong>Diagrama\u00e7\u00e3o:<\/strong> Augusto Noronha e Karla Vidal<br \/>\n<strong>Revis\u00e3o:<\/strong> os organizadores<br \/>\n<strong>Editores<\/strong>: Augusto Noronha e Karla Vidal<br \/>\n<strong>Edi\u00e7\u00e3o Pipa Comunica\u00e7\u00e3o:<\/strong> <a href=\"https:\/\/www.pipacomunica.com.br\"><strong>https:\/\/www.pipacomunica.com.br<\/strong><\/a><\/p>\n","protected":false},"excerpt":{"rendered":"<p><strong>M\u00faltiplos olhares para a educa\u00e7\u00e3o b\u00e1sica: g\u00eaneros textuais e multiletramentos <\/strong><br \/>\n<em>eBook na Amazon<\/em><br \/>\nJos\u00e9 Ribamar Lopes Batista J\u00fanior, Vicente Lima-Neto, Carlos Alexandre Rodrigues de Oliveira, Sergio Vale da Paix\u00e3o. [Orgs.].<\/p>\n<p>O s\u00e9timo volume da S\u00e9rie Professor Criativo chega para complementar o <a href=\"https:\/\/www.pipacomunica.com.br\/livrariadapipa\/produto\/letramentos-e-tecnologias-digitais\/\">quinto volume especial<\/a> lan\u00e7ado em 2018. Dez cap\u00edtulos abordam de forma objetiva uma s\u00e9rie de experi\u00eancias pr\u00e1ticas bem sucedidas sobre g\u00eaneros textuais, (multi)letramentos e tecnologias digitais nas salas de aula da educa\u00e7\u00e3o b\u00e1sica.\u00a0 Nesse universo os autores lan\u00e7am luz sobre a realidade dos professores de l\u00ednguas buscando ir al\u00e9m da gram\u00e1tica para estimular a reflex\u00e3o sobre o funcionamento real da l\u00edngua.<\/p>\n<p>As aplica\u00e7\u00f5es pr\u00e1ticas em sala s\u00e3o descritas na obra de forma cuidadosa e embasadas por importantes reflex\u00f5es te\u00f3ricas que apresentam ao leitor resultados de pesquisas, bem como novos olhares sobre as conex\u00f5es entre as l\u00ednguas (materna ou estrangeira) e g\u00eaneros textuais como memes, roteiro cinematogr\u00e1fico, desenho \u00e0 m\u00e3o, apps, redes sociais, artigo de opini\u00e3o, cr\u00f4nica, entrevista, arte digital e artefatos sem\u00e2nticos.<br \/>\n<a href=\"https:\/\/issuu.com\/serieprofessorcriativo\/docs\/multiplos-olhares-para-a-educacao-basica-amostra\" target=\"_blank\" rel=\"noopener noreferrer\"><img decoding=\"async\" class=\"alignnone wp-image-1820 size-full\" src=\"https:\/\/www.pipacomunica.com.br\/livrariadapipa\/wp-content\/uploads\/2017\/12\/botao-folhear02.png\" alt=\"\" width=\"200\" height=\"65\" \/><\/a><\/p>\n<p>1\u00aa Edi\u00e7\u00e3o. Pipa Comunica\u00e7\u00e3o. 2019.<br \/>\nISBN 978-85-66530-99-5<\/p>\n<p>&nbsp;<\/p>\n","protected":false},"featured_media":6734,"comment_status":"open","ping_status":"closed","template":"","meta":{"jetpack_post_was_ever_published":false,"jetpack_publicize_message":"","jetpack_publicize_feature_enabled":true,"jetpack_social_post_already_shared":true,"jetpack_social_options":{"image_generator_settings":{"template":"highway","default_image_id":0,"font":"","enabled":false},"version":2}},"product_brand":[],"product_cat":[34,19,20],"product_tag":[],"class_list":{"0":"post-6726","1":"product","2":"type-product","3":"status-publish","4":"has-post-thumbnail","6":"product_cat-sem-categoria","7":"product_cat-livros-digitais","8":"product_cat-serie-professor-criativo","10":"first","11":"instock","12":"sold-individually","13":"shipping-taxable","14":"product-type-external"},"yoast_head":"<!-- This site is optimized with the Yoast SEO plugin v27.1.1 - https:\/\/yoast.com\/product\/yoast-seo-wordpress\/ -->\n<title>M\u00faltiplos olhares para a educa\u00e7\u00e3o b\u00e1sica: g\u00eaneros textuais e multiletramentos<\/title>\n<meta name=\"description\" content=\"Dez cap\u00edtulos abordam de forma objetiva aplica\u00e7\u00f5es bem sucedidas sobre g\u00eaneros textuais, (multi)letramentos e tecnologias digitais na sala de aula.\" \/>\n<meta name=\"robots\" content=\"index, follow, max-snippet:-1, max-image-preview:large, max-video-preview:-1\" \/>\n<link rel=\"canonical\" href=\"https:\/\/www.pipacomunica.com.br\/livrariadapipa\/produto\/multiplos-olhares-multiletramentos\/\" \/>\n<meta property=\"og:locale\" content=\"pt_BR\" \/>\n<meta property=\"og:type\" content=\"article\" \/>\n<meta property=\"og:title\" content=\"M\u00faltiplos olhares para a educa\u00e7\u00e3o b\u00e1sica: g\u00eaneros textuais e multiletramentos\" \/>\n<meta property=\"og:description\" content=\"Dez cap\u00edtulos abordam de forma objetiva aplica\u00e7\u00f5es bem sucedidas sobre g\u00eaneros textuais, (multi)letramentos e tecnologias digitais na sala de aula.\" \/>\n<meta property=\"og:url\" content=\"https:\/\/www.pipacomunica.com.br\/livrariadapipa\/produto\/multiplos-olhares-multiletramentos\/\" \/>\n<meta property=\"og:site_name\" content=\"Livraria da Pipa Comunica\u00e7\u00e3o\" \/>\n<meta property=\"article:publisher\" content=\"https:\/\/www.facebook.com\/pipacomunica\" \/>\n<meta property=\"article:modified_time\" content=\"2024-08-18T21:32:20+00:00\" \/>\n<meta property=\"og:image\" content=\"https:\/\/www.pipacomunica.com.br\/livrariadapipa\/wp-content\/uploads\/2019\/12\/thumb.gif\" \/>\n\t<meta property=\"og:image:width\" content=\"870\" \/>\n\t<meta property=\"og:image:height\" content=\"453\" \/>\n\t<meta property=\"og:image:type\" content=\"image\/gif\" \/>\n<meta name=\"twitter:card\" content=\"summary_large_image\" \/>\n<meta name=\"twitter:title\" content=\"M\u00faltiplos olhares para a educa\u00e7\u00e3o b\u00e1sica: g\u00eaneros textuais e multiletramentos\" \/>\n<meta name=\"twitter:description\" content=\"Dez cap\u00edtulos abordam de forma objetiva aplica\u00e7\u00f5es bem sucedidas sobre g\u00eaneros textuais, (multi)letramentos e tecnologias digitais na sala de aula.\" \/>\n<meta name=\"twitter:image\" content=\"https:\/\/i0.wp.com\/www.pipacomunica.com.br\/livrariadapipa\/wp-content\/uploads\/2019\/12\/thumb.gif?fit=870%2C453&ssl=1\" \/>\n<meta name=\"twitter:site\" content=\"@PipaComunica\" \/>\n<meta name=\"twitter:label1\" content=\"Est. tempo de leitura\" \/>\n\t<meta name=\"twitter:data1\" content=\"4 minutos\" \/>\n<script type=\"application\/ld+json\" class=\"yoast-schema-graph\">{\"@context\":\"https:\/\/schema.org\",\"@graph\":[{\"@type\":\"WebPage\",\"@id\":\"https:\/\/www.pipacomunica.com.br\/livrariadapipa\/produto\/multiplos-olhares-multiletramentos\/\",\"url\":\"https:\/\/www.pipacomunica.com.br\/livrariadapipa\/produto\/multiplos-olhares-multiletramentos\/\",\"name\":\"M\u00faltiplos olhares para a educa\u00e7\u00e3o b\u00e1sica: g\u00eaneros textuais e multiletramentos\",\"isPartOf\":{\"@id\":\"https:\/\/www.pipacomunica.com.br\/livrariadapipa\/#website\"},\"primaryImageOfPage\":{\"@id\":\"https:\/\/www.pipacomunica.com.br\/livrariadapipa\/produto\/multiplos-olhares-multiletramentos\/#primaryimage\"},\"image\":{\"@id\":\"https:\/\/www.pipacomunica.com.br\/livrariadapipa\/produto\/multiplos-olhares-multiletramentos\/#primaryimage\"},\"thumbnailUrl\":\"https:\/\/i0.wp.com\/www.pipacomunica.com.br\/livrariadapipa\/wp-content\/uploads\/2019\/12\/ebook-multiplos-olhares.gif?fit=461%2C595&ssl=1\",\"datePublished\":\"2019-12-28T21:02:58+00:00\",\"dateModified\":\"2024-08-18T21:32:20+00:00\",\"description\":\"Dez cap\u00edtulos abordam de forma objetiva aplica\u00e7\u00f5es bem sucedidas sobre g\u00eaneros textuais, (multi)letramentos e tecnologias digitais na sala de aula.\",\"breadcrumb\":{\"@id\":\"https:\/\/www.pipacomunica.com.br\/livrariadapipa\/produto\/multiplos-olhares-multiletramentos\/#breadcrumb\"},\"inLanguage\":\"pt-BR\",\"potentialAction\":[{\"@type\":\"ReadAction\",\"target\":[\"https:\/\/www.pipacomunica.com.br\/livrariadapipa\/produto\/multiplos-olhares-multiletramentos\/\"]}]},{\"@type\":\"ImageObject\",\"inLanguage\":\"pt-BR\",\"@id\":\"https:\/\/www.pipacomunica.com.br\/livrariadapipa\/produto\/multiplos-olhares-multiletramentos\/#primaryimage\",\"url\":\"https:\/\/i0.wp.com\/www.pipacomunica.com.br\/livrariadapipa\/wp-content\/uploads\/2019\/12\/ebook-multiplos-olhares.gif?fit=461%2C595&ssl=1\",\"contentUrl\":\"https:\/\/i0.wp.com\/www.pipacomunica.com.br\/livrariadapipa\/wp-content\/uploads\/2019\/12\/ebook-multiplos-olhares.gif?fit=461%2C595&ssl=1\",\"width\":461,\"height\":595,\"caption\":\"M\u00faltiplos olhares para a educa\u00e7\u00e3o b\u00e1sica: g\u00eaneros textuais e multiletramentos\"},{\"@type\":\"BreadcrumbList\",\"@id\":\"https:\/\/www.pipacomunica.com.br\/livrariadapipa\/produto\/multiplos-olhares-multiletramentos\/#breadcrumb\",\"itemListElement\":[{\"@type\":\"ListItem\",\"position\":1,\"name\":\"In\u00edcio\",\"item\":\"https:\/\/www.pipacomunica.com.br\/livrariadapipa\/\"},{\"@type\":\"ListItem\",\"position\":2,\"name\":\"Cat\u00e1logo\",\"item\":\"https:\/\/www.pipacomunica.com.br\/livrariadapipa\/vitrine\/\"},{\"@type\":\"ListItem\",\"position\":3,\"name\":\"M\u00faltiplos olhares para a educa\u00e7\u00e3o b\u00e1sica: g\u00eaneros textuais e multiletramentos\"}]},{\"@type\":\"WebSite\",\"@id\":\"https:\/\/www.pipacomunica.com.br\/livrariadapipa\/#website\",\"url\":\"https:\/\/www.pipacomunica.com.br\/livrariadapipa\/\",\"name\":\"Livraria da Pipa Comunica\u00e7\u00e3o\",\"description\":\"Livros mais baratos que xerox\",\"publisher\":{\"@id\":\"https:\/\/www.pipacomunica.com.br\/livrariadapipa\/#organization\"},\"potentialAction\":[{\"@type\":\"SearchAction\",\"target\":{\"@type\":\"EntryPoint\",\"urlTemplate\":\"https:\/\/www.pipacomunica.com.br\/livrariadapipa\/?s={search_term_string}\"},\"query-input\":{\"@type\":\"PropertyValueSpecification\",\"valueRequired\":true,\"valueName\":\"search_term_string\"}}],\"inLanguage\":\"pt-BR\"},{\"@type\":\"Organization\",\"@id\":\"https:\/\/www.pipacomunica.com.br\/livrariadapipa\/#organization\",\"name\":\"Livraria da Pipa Comunica\u00e7\u00e3o\",\"url\":\"https:\/\/www.pipacomunica.com.br\/livrariadapipa\/\",\"logo\":{\"@type\":\"ImageObject\",\"inLanguage\":\"pt-BR\",\"@id\":\"https:\/\/www.pipacomunica.com.br\/livrariadapipa\/#\/schema\/logo\/image\/\",\"url\":\"https:\/\/i0.wp.com\/www.pipacomunica.com.br\/livrariadapipa\/wp-content\/uploads\/2018\/09\/marca-livraria-pipa-400px-negativo.png?fit=400%2C80&ssl=1\",\"contentUrl\":\"https:\/\/i0.wp.com\/www.pipacomunica.com.br\/livrariadapipa\/wp-content\/uploads\/2018\/09\/marca-livraria-pipa-400px-negativo.png?fit=400%2C80&ssl=1\",\"width\":400,\"height\":80,\"caption\":\"Livraria da Pipa Comunica\u00e7\u00e3o\"},\"image\":{\"@id\":\"https:\/\/www.pipacomunica.com.br\/livrariadapipa\/#\/schema\/logo\/image\/\"},\"sameAs\":[\"https:\/\/www.facebook.com\/pipacomunica\",\"https:\/\/x.com\/PipaComunica\",\"https:\/\/instagram.com\/pipacomunicacao\",\"http:\/\/www.linkedin.com\/companies\/pipa-comunica-o\",\"https:\/\/br.pinterest.com\/pipacomunicacao\/\",\"http:\/\/il.youtube.com\/user\/pipacomunicacao\"]}]}<\/script>\n<!-- \/ Yoast SEO plugin. -->","yoast_head_json":{"title":"M\u00faltiplos olhares para a educa\u00e7\u00e3o b\u00e1sica: g\u00eaneros textuais e multiletramentos","description":"Dez cap\u00edtulos abordam de forma objetiva aplica\u00e7\u00f5es bem sucedidas sobre g\u00eaneros textuais, (multi)letramentos e tecnologias digitais na sala de aula.","robots":{"index":"index","follow":"follow","max-snippet":"max-snippet:-1","max-image-preview":"max-image-preview:large","max-video-preview":"max-video-preview:-1"},"canonical":"https:\/\/www.pipacomunica.com.br\/livrariadapipa\/produto\/multiplos-olhares-multiletramentos\/","og_locale":"pt_BR","og_type":"article","og_title":"M\u00faltiplos olhares para a educa\u00e7\u00e3o b\u00e1sica: g\u00eaneros textuais e multiletramentos","og_description":"Dez cap\u00edtulos abordam de forma objetiva aplica\u00e7\u00f5es bem sucedidas sobre g\u00eaneros textuais, (multi)letramentos e tecnologias digitais na sala de aula.","og_url":"https:\/\/www.pipacomunica.com.br\/livrariadapipa\/produto\/multiplos-olhares-multiletramentos\/","og_site_name":"Livraria da Pipa Comunica\u00e7\u00e3o","article_publisher":"https:\/\/www.facebook.com\/pipacomunica","article_modified_time":"2024-08-18T21:32:20+00:00","og_image":[{"width":870,"height":453,"url":"https:\/\/www.pipacomunica.com.br\/livrariadapipa\/wp-content\/uploads\/2019\/12\/thumb.gif","type":"image\/gif"}],"twitter_card":"summary_large_image","twitter_title":"M\u00faltiplos olhares para a educa\u00e7\u00e3o b\u00e1sica: g\u00eaneros textuais e multiletramentos","twitter_description":"Dez cap\u00edtulos abordam de forma objetiva aplica\u00e7\u00f5es bem sucedidas sobre g\u00eaneros textuais, (multi)letramentos e tecnologias digitais na sala de aula.","twitter_image":"https:\/\/i0.wp.com\/www.pipacomunica.com.br\/livrariadapipa\/wp-content\/uploads\/2019\/12\/thumb.gif?fit=870%2C453&ssl=1","twitter_site":"@PipaComunica","twitter_misc":{"Est. tempo de leitura":"4 minutos"},"schema":{"@context":"https:\/\/schema.org","@graph":[{"@type":"WebPage","@id":"https:\/\/www.pipacomunica.com.br\/livrariadapipa\/produto\/multiplos-olhares-multiletramentos\/","url":"https:\/\/www.pipacomunica.com.br\/livrariadapipa\/produto\/multiplos-olhares-multiletramentos\/","name":"M\u00faltiplos olhares para a educa\u00e7\u00e3o b\u00e1sica: g\u00eaneros textuais e multiletramentos","isPartOf":{"@id":"https:\/\/www.pipacomunica.com.br\/livrariadapipa\/#website"},"primaryImageOfPage":{"@id":"https:\/\/www.pipacomunica.com.br\/livrariadapipa\/produto\/multiplos-olhares-multiletramentos\/#primaryimage"},"image":{"@id":"https:\/\/www.pipacomunica.com.br\/livrariadapipa\/produto\/multiplos-olhares-multiletramentos\/#primaryimage"},"thumbnailUrl":"https:\/\/i0.wp.com\/www.pipacomunica.com.br\/livrariadapipa\/wp-content\/uploads\/2019\/12\/ebook-multiplos-olhares.gif?fit=461%2C595&ssl=1","datePublished":"2019-12-28T21:02:58+00:00","dateModified":"2024-08-18T21:32:20+00:00","description":"Dez cap\u00edtulos abordam de forma objetiva aplica\u00e7\u00f5es bem sucedidas sobre g\u00eaneros textuais, (multi)letramentos e tecnologias digitais na sala de aula.","breadcrumb":{"@id":"https:\/\/www.pipacomunica.com.br\/livrariadapipa\/produto\/multiplos-olhares-multiletramentos\/#breadcrumb"},"inLanguage":"pt-BR","potentialAction":[{"@type":"ReadAction","target":["https:\/\/www.pipacomunica.com.br\/livrariadapipa\/produto\/multiplos-olhares-multiletramentos\/"]}]},{"@type":"ImageObject","inLanguage":"pt-BR","@id":"https:\/\/www.pipacomunica.com.br\/livrariadapipa\/produto\/multiplos-olhares-multiletramentos\/#primaryimage","url":"https:\/\/i0.wp.com\/www.pipacomunica.com.br\/livrariadapipa\/wp-content\/uploads\/2019\/12\/ebook-multiplos-olhares.gif?fit=461%2C595&ssl=1","contentUrl":"https:\/\/i0.wp.com\/www.pipacomunica.com.br\/livrariadapipa\/wp-content\/uploads\/2019\/12\/ebook-multiplos-olhares.gif?fit=461%2C595&ssl=1","width":461,"height":595,"caption":"M\u00faltiplos olhares para a educa\u00e7\u00e3o b\u00e1sica: g\u00eaneros textuais e multiletramentos"},{"@type":"BreadcrumbList","@id":"https:\/\/www.pipacomunica.com.br\/livrariadapipa\/produto\/multiplos-olhares-multiletramentos\/#breadcrumb","itemListElement":[{"@type":"ListItem","position":1,"name":"In\u00edcio","item":"https:\/\/www.pipacomunica.com.br\/livrariadapipa\/"},{"@type":"ListItem","position":2,"name":"Cat\u00e1logo","item":"https:\/\/www.pipacomunica.com.br\/livrariadapipa\/vitrine\/"},{"@type":"ListItem","position":3,"name":"M\u00faltiplos olhares para a educa\u00e7\u00e3o b\u00e1sica: g\u00eaneros textuais e multiletramentos"}]},{"@type":"WebSite","@id":"https:\/\/www.pipacomunica.com.br\/livrariadapipa\/#website","url":"https:\/\/www.pipacomunica.com.br\/livrariadapipa\/","name":"Livraria da Pipa Comunica\u00e7\u00e3o","description":"Livros mais baratos que xerox","publisher":{"@id":"https:\/\/www.pipacomunica.com.br\/livrariadapipa\/#organization"},"potentialAction":[{"@type":"SearchAction","target":{"@type":"EntryPoint","urlTemplate":"https:\/\/www.pipacomunica.com.br\/livrariadapipa\/?s={search_term_string}"},"query-input":{"@type":"PropertyValueSpecification","valueRequired":true,"valueName":"search_term_string"}}],"inLanguage":"pt-BR"},{"@type":"Organization","@id":"https:\/\/www.pipacomunica.com.br\/livrariadapipa\/#organization","name":"Livraria da Pipa Comunica\u00e7\u00e3o","url":"https:\/\/www.pipacomunica.com.br\/livrariadapipa\/","logo":{"@type":"ImageObject","inLanguage":"pt-BR","@id":"https:\/\/www.pipacomunica.com.br\/livrariadapipa\/#\/schema\/logo\/image\/","url":"https:\/\/i0.wp.com\/www.pipacomunica.com.br\/livrariadapipa\/wp-content\/uploads\/2018\/09\/marca-livraria-pipa-400px-negativo.png?fit=400%2C80&ssl=1","contentUrl":"https:\/\/i0.wp.com\/www.pipacomunica.com.br\/livrariadapipa\/wp-content\/uploads\/2018\/09\/marca-livraria-pipa-400px-negativo.png?fit=400%2C80&ssl=1","width":400,"height":80,"caption":"Livraria da Pipa Comunica\u00e7\u00e3o"},"image":{"@id":"https:\/\/www.pipacomunica.com.br\/livrariadapipa\/#\/schema\/logo\/image\/"},"sameAs":["https:\/\/www.facebook.com\/pipacomunica","https:\/\/x.com\/PipaComunica","https:\/\/instagram.com\/pipacomunicacao","http:\/\/www.linkedin.com\/companies\/pipa-comunica-o","https:\/\/br.pinterest.com\/pipacomunicacao\/","http:\/\/il.youtube.com\/user\/pipacomunicacao"]}]}},"jetpack_publicize_connections":[],"jetpack_sharing_enabled":true,"_links":{"self":[{"href":"https:\/\/www.pipacomunica.com.br\/livrariadapipa\/wp-json\/wp\/v2\/product\/6726","targetHints":{"allow":["GET"]}}],"collection":[{"href":"https:\/\/www.pipacomunica.com.br\/livrariadapipa\/wp-json\/wp\/v2\/product"}],"about":[{"href":"https:\/\/www.pipacomunica.com.br\/livrariadapipa\/wp-json\/wp\/v2\/types\/product"}],"replies":[{"embeddable":true,"href":"https:\/\/www.pipacomunica.com.br\/livrariadapipa\/wp-json\/wp\/v2\/comments?post=6726"}],"version-history":[{"count":3,"href":"https:\/\/www.pipacomunica.com.br\/livrariadapipa\/wp-json\/wp\/v2\/product\/6726\/revisions"}],"predecessor-version":[{"id":11480,"href":"https:\/\/www.pipacomunica.com.br\/livrariadapipa\/wp-json\/wp\/v2\/product\/6726\/revisions\/11480"}],"wp:featuredmedia":[{"embeddable":true,"href":"https:\/\/www.pipacomunica.com.br\/livrariadapipa\/wp-json\/wp\/v2\/media\/6734"}],"wp:attachment":[{"href":"https:\/\/www.pipacomunica.com.br\/livrariadapipa\/wp-json\/wp\/v2\/media?parent=6726"}],"wp:term":[{"taxonomy":"product_brand","embeddable":true,"href":"https:\/\/www.pipacomunica.com.br\/livrariadapipa\/wp-json\/wp\/v2\/product_brand?post=6726"},{"taxonomy":"product_cat","embeddable":true,"href":"https:\/\/www.pipacomunica.com.br\/livrariadapipa\/wp-json\/wp\/v2\/product_cat?post=6726"},{"taxonomy":"product_tag","embeddable":true,"href":"https:\/\/www.pipacomunica.com.br\/livrariadapipa\/wp-json\/wp\/v2\/product_tag?post=6726"}],"curies":[{"name":"wp","href":"https:\/\/api.w.org\/{rel}","templated":true}]}}