{"id":3456,"date":"2019-08-27T20:21:35","date_gmt":"2019-08-27T23:21:35","guid":{"rendered":"https:\/\/www.pipacomunica.com.br\/livrariadapipa\/?post_type=product&#038;p=3456"},"modified":"2023-02-03T16:19:49","modified_gmt":"2023-02-03T19:19:49","slug":"livro-design-de-ambiente-escolar","status":"publish","type":"product","link":"https:\/\/www.pipacomunica.com.br\/livrariadapipa\/produto\/livro-design-de-ambiente-escolar\/","title":{"rendered":"Design de ambiente escolar para aprendizagem criativa [impresso]"},"content":{"rendered":"<p><strong>Design de ambiente escolar para aprendizagem criativa<\/strong><br \/>\n<em>Brochura<\/em><br \/>\nThaisa Sampaio Sarmento e Alex Sandro Gomes<\/p>\n<p>O sexto volume da <a href=\"https:\/\/www.pipacomunica.com.br\/professorcriativo\/\">S\u00e9rie Professor Criativo<\/a> apresenta os resultados dos estudos desenvolvidos pelos pesquisadores Thaisa Sampaio Sarmento e Alex Sandro Gomes. A obra mergulha nas rela\u00e7\u00f5es entre arquitetura, espa\u00e7os escolares e aprendizagem criativa, partindo da hist\u00f3ria dos espa\u00e7os de aprendizagem e seguindo at\u00e9 experi\u00eancias de desenvolvimento de projetos com a participa\u00e7\u00e3o dos estudantes.<\/p>\n<blockquote><p>\u2018Estamos diante de um texto instigante, que convida o leitor a refletir sobre a Educa\u00e7\u00e3o no Brasil, mais especificamente sobre o processo de projeto de edifica\u00e7\u00f5es escolares. Espero que o excelente material que os pesquisadores compartilham com aqueles interessados nas \u00e1reas de Design, Arquitetura e Urbanismo, seja utilizado por estudantes de gradua\u00e7\u00e3o, professores e pesquisadores dessas \u00e1reas.\u2019<\/p>\n<p>\u2014 <strong>Leonardo Salazar Bittencourt<\/strong><br \/>\nProfessor da Faculdade de Arquitetura e Urbanismo da UFAL<\/p><\/blockquote>\n<h4>V\u00eddeo de Lan\u00e7amento<\/h4>\n<div class=\"su-youtube su-u-responsive-media-yes\"><iframe width=\"600\" height=\"400\" src=\"https:\/\/www.youtube.com\/embed\/J6pQaN1VX8E?\" frameborder=\"0\" allowfullscreen allow=\"autoplay; encrypted-media; picture-in-picture\" title=\"\"><\/iframe><\/div>\n<h4>Sobre os autores<\/h4>\n<p><strong>Thaisa Sampaio Sarmento<br \/>\n<\/strong>A arquiteta e professora da UFAL, Thaisa Sampaio Sarmento foi bolsista do ent\u00e3o Programa de Educa\u00e7\u00e3o Tutorial em Arquitetura e Urbanismo (PET\/ARQ) entre 1998 e 2000. Fez o Mestrado em Din\u00e2micas do Espa\u00e7o Habitado na UFAL e Doutorado em Design, na UFPE. Iniciou sua carreira docente em 2006, no per\u00edodo da interioriza\u00e7\u00e3o das IFES, tendo contribuindo com o ensino de gradua\u00e7\u00e3o em Arquitetura e Urbanismo, e ao mesmo tempo com o plano diretor e projetos de edifica\u00e7\u00f5es escolares para o Campus Arapiraca da UFAL. Nesse per\u00edodo, chamava a aten\u00e7\u00e3o o esp\u00edrito empreendedor que sempre apresentou. Desde 2014, \u00e9 professora da <a href=\"http:\/\/www.ufal.edu.br\/unidadeacademica\/fau\">Faculdade de Arquitetura e Urbanismo da UFAL<\/a>, e l\u00edder do grupo de Pesquisa Interse\u00e7\u00f5es entre Design e Ambiente Constru\u00eddo \u2013 IDEA.<\/p>\n<p><strong>Alex Sandro Gomes<br \/>\n<\/strong>O engenheiro e professor da UFPE, Alex Sandro Gomes atua no Centro de Inform\u00e1tica \u2013 Cin da UFPE desde 2001. Fez Mestrado em Psicologia Cognitiva e Doutorado em Educa\u00e7\u00e3o na Universit\u00e9 de Paris V &#8211; Rene Descartes. \u00c9 l\u00edder do <a href=\"https:\/\/www.cin.ufpe.br\/~ccte\/\">Grupo de Pesquisa Cognitive Science and Educational Technology \u2013 CCTE<\/a>. Alex Sandro acumula mais de 20 anos de experi\u00eancia liderando e colaborando com pesquisas e com o desenvolvimento de projetos que envolvem design de tecnologias para fomentar experi\u00eancias de aprendizagem.<\/p>\n<h4>Ficha T\u00e9cnica<\/h4>\n<p>1\u00aa Edi\u00e7\u00e3o. Pipa Comunica\u00e7\u00e3o. 2019.<br \/>\nISBN ISBN 978-85-66530-95-7<br \/>\n332p. : Il., Fig., Quadros. (S\u00e9rie professor criativo: construindo cen\u00e1rios de aprendizagem &#8211; vol. 6) (e-book)<\/p>\n<p><strong>Capa e Projeto Gr\u00e1fico:<\/strong> Karla Vidal<br \/>\n<strong>Diagrama\u00e7\u00e3o:<\/strong> Augusto Noronha e Karla Vidal<br \/>\n<strong>Revis\u00e3o:<\/strong> Os autores<br \/>\n<strong>Ilustra\u00e7\u00f5es internas:<\/strong> Thaisa Sampaio Sarmento e Morgana Camila<br \/>\n<strong>Editores<\/strong>: Augusto Noronha e Karla Vidal<br \/>\n<strong>Edi\u00e7\u00e3o Pipa Comunica\u00e7\u00e3o:<\/strong> <a href=\"https:\/\/www.pipacomunica.com.br\"><strong>https:\/\/www.pipacomunica.com.br<\/strong><\/a><\/p>\n","protected":false},"excerpt":{"rendered":"<p><strong>Design de ambiente escolar para aprendizagem criativa<\/strong><br \/>\n<em>Brochura<\/em><br \/>\nThaisa Sampaio Sarmento e Alex Sandro Gomes<\/p>\n<p>O sexto volume da S\u00e9rie Professor Criativo apresenta os resultados dos estudos desenvolvidos pelos pesquisadores Thaisa Sampaio Sarmento e Alex Sandro Gomes. A obra mergulha nas rela\u00e7\u00f5es entre arquitetura, espa\u00e7os escolares e aprendizagem criativa, partindo da hist\u00f3ria dos espa\u00e7os de aprendizagem e seguindo at\u00e9 experi\u00eancias de desenvolvimento de projetos com a participa\u00e7\u00e3o dos estudantes.<\/p>\n<blockquote><p>\u2018Estamos diante de um texto instigante, que convida o leitor a refletir sobre a Educa\u00e7\u00e3o no Brasil, mais especificamente sobre o processo de projeto de edifica\u00e7\u00f5es escolares. Espero que o excelente material que os pesquisadores compartilham com aqueles interessados nas \u00e1reas de Design, Arquitetura e Urbanismo, seja utilizado por estudantes de gradua\u00e7\u00e3o, professores e pesquisadores dessas \u00e1reas.\u2019<\/p>\n<p>\u2014 <strong>Leonardo Salazar Bittencourt<\/strong><br \/>\nProfessor da Faculdade de Arquitetura e Urbanismo da UFAL<\/p><\/blockquote>\n<p>&nbsp;<\/p>\n<p><a href=\"https:\/\/issuu.com\/serieprofessorcriativo\/docs\/amostra-design-de-ambiente-escolar\" target=\"_blank\" rel=\"noopener noreferrer\"><img decoding=\"async\" class=\"alignnone wp-image-1820 size-full\" src=\"https:\/\/www.pipacomunica.com.br\/livrariadapipa\/wp-content\/uploads\/2017\/12\/botao-folhear02.png\" alt=\"\" width=\"200\" height=\"65\" \/><\/a><\/p>\n<h4>Ficha T\u00e9cnica<\/h4>\n<p>1\u00aa Edi\u00e7\u00e3o. Pipa Comunica\u00e7\u00e3o. 2019.<br \/>\nISBN 978-85-66530-96-4<br \/>\n332p. : Il., Fig., Quadros. (S\u00e9rie professor criativo: construindo cen\u00e1rios de aprendizagem &#8211; vol. 6) (e-book)<\/p>\n","protected":false},"featured_media":3462,"comment_status":"open","ping_status":"closed","template":"","meta":{"jetpack_post_was_ever_published":false,"jetpack_publicize_message":"","jetpack_publicize_feature_enabled":true,"jetpack_social_post_already_shared":true,"jetpack_social_options":{"image_generator_settings":{"template":"highway","default_image_id":0,"font":"","enabled":false},"version":2}},"product_brand":[],"product_cat":[34,18,20],"product_tag":[],"class_list":{"0":"post-3456","1":"product","2":"type-product","3":"status-publish","4":"has-post-thumbnail","6":"product_cat-sem-categoria","7":"product_cat-livros-impressos","8":"product_cat-serie-professor-criativo","10":"first","11":"instock","12":"sold-individually","13":"shipping-taxable","14":"product-type-external"},"yoast_head":"<!-- This site is optimized with the Yoast SEO plugin v27.1.1 - https:\/\/yoast.com\/product\/yoast-seo-wordpress\/ -->\n<title>Design de ambiente escolar para aprendizagem criativa<\/title>\n<meta name=\"description\" content=\"As rela\u00e7\u00f5es entre arquitetura, espa\u00e7os escolares e aprendizagem criativa s\u00e3o apresentadas no sexto volume da S\u00e9rie Professor Criativo.\" \/>\n<meta name=\"robots\" content=\"index, follow, max-snippet:-1, max-image-preview:large, max-video-preview:-1\" \/>\n<link rel=\"canonical\" href=\"https:\/\/www.pipacomunica.com.br\/livrariadapipa\/produto\/livro-design-de-ambiente-escolar\/\" \/>\n<meta property=\"og:locale\" content=\"pt_BR\" \/>\n<meta property=\"og:type\" content=\"article\" \/>\n<meta property=\"og:title\" content=\"Design de ambiente escolar para aprendizagem criativa\" \/>\n<meta property=\"og:description\" content=\"As rela\u00e7\u00f5es entre arquitetura, espa\u00e7os escolares e aprendizagem criativa s\u00e3o apresentadas no sexto volume da S\u00e9rie Professor Criativo.\" \/>\n<meta property=\"og:url\" content=\"https:\/\/www.pipacomunica.com.br\/livrariadapipa\/produto\/livro-design-de-ambiente-escolar\/\" \/>\n<meta property=\"og:site_name\" content=\"Livraria da Pipa Comunica\u00e7\u00e3o\" \/>\n<meta property=\"article:publisher\" content=\"https:\/\/www.facebook.com\/pipacomunica\" \/>\n<meta property=\"article:modified_time\" content=\"2023-02-03T19:19:49+00:00\" \/>\n<meta property=\"og:image\" content=\"https:\/\/www.pipacomunica.com.br\/livrariadapipa\/wp-content\/uploads\/2019\/08\/thumb-volume6.png\" \/>\n\t<meta property=\"og:image:width\" content=\"800\" \/>\n\t<meta property=\"og:image:height\" content=\"416\" \/>\n\t<meta property=\"og:image:type\" content=\"image\/png\" \/>\n<meta name=\"twitter:card\" content=\"summary_large_image\" \/>\n<meta name=\"twitter:title\" content=\"Design de ambiente escolar para aprendizagem criativa\" \/>\n<meta name=\"twitter:description\" content=\"As rela\u00e7\u00f5es entre arquitetura, espa\u00e7os escolares e aprendizagem criativa s\u00e3o apresentadas no sexto volume da S\u00e9rie Professor Criativo.\" \/>\n<meta name=\"twitter:image\" content=\"https:\/\/i0.wp.com\/www.pipacomunica.com.br\/livrariadapipa\/wp-content\/uploads\/2019\/08\/thumb-volume6.png?fit=800%2C416&ssl=1\" \/>\n<meta name=\"twitter:site\" content=\"@PipaComunica\" \/>\n<meta name=\"twitter:label1\" content=\"Est. tempo de leitura\" \/>\n\t<meta name=\"twitter:data1\" content=\"3 minutos\" \/>\n<script type=\"application\/ld+json\" class=\"yoast-schema-graph\">{\"@context\":\"https:\/\/schema.org\",\"@graph\":[{\"@type\":\"WebPage\",\"@id\":\"https:\/\/www.pipacomunica.com.br\/livrariadapipa\/produto\/livro-design-de-ambiente-escolar\/\",\"url\":\"https:\/\/www.pipacomunica.com.br\/livrariadapipa\/produto\/livro-design-de-ambiente-escolar\/\",\"name\":\"Design de ambiente escolar para aprendizagem criativa\",\"isPartOf\":{\"@id\":\"https:\/\/www.pipacomunica.com.br\/livrariadapipa\/#website\"},\"primaryImageOfPage\":{\"@id\":\"https:\/\/www.pipacomunica.com.br\/livrariadapipa\/produto\/livro-design-de-ambiente-escolar\/#primaryimage\"},\"image\":{\"@id\":\"https:\/\/www.pipacomunica.com.br\/livrariadapipa\/produto\/livro-design-de-ambiente-escolar\/#primaryimage\"},\"thumbnailUrl\":\"https:\/\/i0.wp.com\/www.pipacomunica.com.br\/livrariadapipa\/wp-content\/uploads\/2019\/08\/capa-ebook-ambientes.png?fit=595%2C851&ssl=1\",\"datePublished\":\"2019-08-27T23:21:35+00:00\",\"dateModified\":\"2023-02-03T19:19:49+00:00\",\"description\":\"As rela\u00e7\u00f5es entre arquitetura, espa\u00e7os escolares e aprendizagem criativa s\u00e3o apresentadas no sexto volume da S\u00e9rie Professor Criativo.\",\"breadcrumb\":{\"@id\":\"https:\/\/www.pipacomunica.com.br\/livrariadapipa\/produto\/livro-design-de-ambiente-escolar\/#breadcrumb\"},\"inLanguage\":\"pt-BR\",\"potentialAction\":[{\"@type\":\"ReadAction\",\"target\":[\"https:\/\/www.pipacomunica.com.br\/livrariadapipa\/produto\/livro-design-de-ambiente-escolar\/\"]}]},{\"@type\":\"ImageObject\",\"inLanguage\":\"pt-BR\",\"@id\":\"https:\/\/www.pipacomunica.com.br\/livrariadapipa\/produto\/livro-design-de-ambiente-escolar\/#primaryimage\",\"url\":\"https:\/\/i0.wp.com\/www.pipacomunica.com.br\/livrariadapipa\/wp-content\/uploads\/2019\/08\/capa-ebook-ambientes.png?fit=595%2C851&ssl=1\",\"contentUrl\":\"https:\/\/i0.wp.com\/www.pipacomunica.com.br\/livrariadapipa\/wp-content\/uploads\/2019\/08\/capa-ebook-ambientes.png?fit=595%2C851&ssl=1\",\"width\":595,\"height\":851,\"caption\":\"Design de ambiente escolar para aprendizagem criativa\"},{\"@type\":\"BreadcrumbList\",\"@id\":\"https:\/\/www.pipacomunica.com.br\/livrariadapipa\/produto\/livro-design-de-ambiente-escolar\/#breadcrumb\",\"itemListElement\":[{\"@type\":\"ListItem\",\"position\":1,\"name\":\"In\u00edcio\",\"item\":\"https:\/\/www.pipacomunica.com.br\/livrariadapipa\/\"},{\"@type\":\"ListItem\",\"position\":2,\"name\":\"Cat\u00e1logo\",\"item\":\"https:\/\/www.pipacomunica.com.br\/livrariadapipa\/vitrine\/\"},{\"@type\":\"ListItem\",\"position\":3,\"name\":\"Design de ambiente escolar para aprendizagem criativa [impresso]\"}]},{\"@type\":\"WebSite\",\"@id\":\"https:\/\/www.pipacomunica.com.br\/livrariadapipa\/#website\",\"url\":\"https:\/\/www.pipacomunica.com.br\/livrariadapipa\/\",\"name\":\"Livraria da Pipa Comunica\u00e7\u00e3o\",\"description\":\"Livros mais baratos que xerox\",\"publisher\":{\"@id\":\"https:\/\/www.pipacomunica.com.br\/livrariadapipa\/#organization\"},\"potentialAction\":[{\"@type\":\"SearchAction\",\"target\":{\"@type\":\"EntryPoint\",\"urlTemplate\":\"https:\/\/www.pipacomunica.com.br\/livrariadapipa\/?s={search_term_string}\"},\"query-input\":{\"@type\":\"PropertyValueSpecification\",\"valueRequired\":true,\"valueName\":\"search_term_string\"}}],\"inLanguage\":\"pt-BR\"},{\"@type\":\"Organization\",\"@id\":\"https:\/\/www.pipacomunica.com.br\/livrariadapipa\/#organization\",\"name\":\"Livraria da Pipa Comunica\u00e7\u00e3o\",\"url\":\"https:\/\/www.pipacomunica.com.br\/livrariadapipa\/\",\"logo\":{\"@type\":\"ImageObject\",\"inLanguage\":\"pt-BR\",\"@id\":\"https:\/\/www.pipacomunica.com.br\/livrariadapipa\/#\/schema\/logo\/image\/\",\"url\":\"https:\/\/i0.wp.com\/www.pipacomunica.com.br\/livrariadapipa\/wp-content\/uploads\/2018\/09\/marca-livraria-pipa-400px-negativo.png?fit=400%2C80&ssl=1\",\"contentUrl\":\"https:\/\/i0.wp.com\/www.pipacomunica.com.br\/livrariadapipa\/wp-content\/uploads\/2018\/09\/marca-livraria-pipa-400px-negativo.png?fit=400%2C80&ssl=1\",\"width\":400,\"height\":80,\"caption\":\"Livraria da Pipa Comunica\u00e7\u00e3o\"},\"image\":{\"@id\":\"https:\/\/www.pipacomunica.com.br\/livrariadapipa\/#\/schema\/logo\/image\/\"},\"sameAs\":[\"https:\/\/www.facebook.com\/pipacomunica\",\"https:\/\/x.com\/PipaComunica\",\"https:\/\/instagram.com\/pipacomunicacao\",\"http:\/\/www.linkedin.com\/companies\/pipa-comunica-o\",\"https:\/\/br.pinterest.com\/pipacomunicacao\/\",\"http:\/\/il.youtube.com\/user\/pipacomunicacao\"]}]}<\/script>\n<!-- \/ Yoast SEO plugin. -->","yoast_head_json":{"title":"Design de ambiente escolar para aprendizagem criativa","description":"As rela\u00e7\u00f5es entre arquitetura, espa\u00e7os escolares e aprendizagem criativa s\u00e3o apresentadas no sexto volume da S\u00e9rie Professor Criativo.","robots":{"index":"index","follow":"follow","max-snippet":"max-snippet:-1","max-image-preview":"max-image-preview:large","max-video-preview":"max-video-preview:-1"},"canonical":"https:\/\/www.pipacomunica.com.br\/livrariadapipa\/produto\/livro-design-de-ambiente-escolar\/","og_locale":"pt_BR","og_type":"article","og_title":"Design de ambiente escolar para aprendizagem criativa","og_description":"As rela\u00e7\u00f5es entre arquitetura, espa\u00e7os escolares e aprendizagem criativa s\u00e3o apresentadas no sexto volume da S\u00e9rie Professor Criativo.","og_url":"https:\/\/www.pipacomunica.com.br\/livrariadapipa\/produto\/livro-design-de-ambiente-escolar\/","og_site_name":"Livraria da Pipa Comunica\u00e7\u00e3o","article_publisher":"https:\/\/www.facebook.com\/pipacomunica","article_modified_time":"2023-02-03T19:19:49+00:00","og_image":[{"width":800,"height":416,"url":"https:\/\/www.pipacomunica.com.br\/livrariadapipa\/wp-content\/uploads\/2019\/08\/thumb-volume6.png","type":"image\/png"}],"twitter_card":"summary_large_image","twitter_title":"Design de ambiente escolar para aprendizagem criativa","twitter_description":"As rela\u00e7\u00f5es entre arquitetura, espa\u00e7os escolares e aprendizagem criativa s\u00e3o apresentadas no sexto volume da S\u00e9rie Professor Criativo.","twitter_image":"https:\/\/i0.wp.com\/www.pipacomunica.com.br\/livrariadapipa\/wp-content\/uploads\/2019\/08\/thumb-volume6.png?fit=800%2C416&ssl=1","twitter_site":"@PipaComunica","twitter_misc":{"Est. tempo de leitura":"3 minutos"},"schema":{"@context":"https:\/\/schema.org","@graph":[{"@type":"WebPage","@id":"https:\/\/www.pipacomunica.com.br\/livrariadapipa\/produto\/livro-design-de-ambiente-escolar\/","url":"https:\/\/www.pipacomunica.com.br\/livrariadapipa\/produto\/livro-design-de-ambiente-escolar\/","name":"Design de ambiente escolar para aprendizagem criativa","isPartOf":{"@id":"https:\/\/www.pipacomunica.com.br\/livrariadapipa\/#website"},"primaryImageOfPage":{"@id":"https:\/\/www.pipacomunica.com.br\/livrariadapipa\/produto\/livro-design-de-ambiente-escolar\/#primaryimage"},"image":{"@id":"https:\/\/www.pipacomunica.com.br\/livrariadapipa\/produto\/livro-design-de-ambiente-escolar\/#primaryimage"},"thumbnailUrl":"https:\/\/i0.wp.com\/www.pipacomunica.com.br\/livrariadapipa\/wp-content\/uploads\/2019\/08\/capa-ebook-ambientes.png?fit=595%2C851&ssl=1","datePublished":"2019-08-27T23:21:35+00:00","dateModified":"2023-02-03T19:19:49+00:00","description":"As rela\u00e7\u00f5es entre arquitetura, espa\u00e7os escolares e aprendizagem criativa s\u00e3o apresentadas no sexto volume da S\u00e9rie Professor Criativo.","breadcrumb":{"@id":"https:\/\/www.pipacomunica.com.br\/livrariadapipa\/produto\/livro-design-de-ambiente-escolar\/#breadcrumb"},"inLanguage":"pt-BR","potentialAction":[{"@type":"ReadAction","target":["https:\/\/www.pipacomunica.com.br\/livrariadapipa\/produto\/livro-design-de-ambiente-escolar\/"]}]},{"@type":"ImageObject","inLanguage":"pt-BR","@id":"https:\/\/www.pipacomunica.com.br\/livrariadapipa\/produto\/livro-design-de-ambiente-escolar\/#primaryimage","url":"https:\/\/i0.wp.com\/www.pipacomunica.com.br\/livrariadapipa\/wp-content\/uploads\/2019\/08\/capa-ebook-ambientes.png?fit=595%2C851&ssl=1","contentUrl":"https:\/\/i0.wp.com\/www.pipacomunica.com.br\/livrariadapipa\/wp-content\/uploads\/2019\/08\/capa-ebook-ambientes.png?fit=595%2C851&ssl=1","width":595,"height":851,"caption":"Design de ambiente escolar para aprendizagem criativa"},{"@type":"BreadcrumbList","@id":"https:\/\/www.pipacomunica.com.br\/livrariadapipa\/produto\/livro-design-de-ambiente-escolar\/#breadcrumb","itemListElement":[{"@type":"ListItem","position":1,"name":"In\u00edcio","item":"https:\/\/www.pipacomunica.com.br\/livrariadapipa\/"},{"@type":"ListItem","position":2,"name":"Cat\u00e1logo","item":"https:\/\/www.pipacomunica.com.br\/livrariadapipa\/vitrine\/"},{"@type":"ListItem","position":3,"name":"Design de ambiente escolar para aprendizagem criativa [impresso]"}]},{"@type":"WebSite","@id":"https:\/\/www.pipacomunica.com.br\/livrariadapipa\/#website","url":"https:\/\/www.pipacomunica.com.br\/livrariadapipa\/","name":"Livraria da Pipa Comunica\u00e7\u00e3o","description":"Livros mais baratos que xerox","publisher":{"@id":"https:\/\/www.pipacomunica.com.br\/livrariadapipa\/#organization"},"potentialAction":[{"@type":"SearchAction","target":{"@type":"EntryPoint","urlTemplate":"https:\/\/www.pipacomunica.com.br\/livrariadapipa\/?s={search_term_string}"},"query-input":{"@type":"PropertyValueSpecification","valueRequired":true,"valueName":"search_term_string"}}],"inLanguage":"pt-BR"},{"@type":"Organization","@id":"https:\/\/www.pipacomunica.com.br\/livrariadapipa\/#organization","name":"Livraria da Pipa Comunica\u00e7\u00e3o","url":"https:\/\/www.pipacomunica.com.br\/livrariadapipa\/","logo":{"@type":"ImageObject","inLanguage":"pt-BR","@id":"https:\/\/www.pipacomunica.com.br\/livrariadapipa\/#\/schema\/logo\/image\/","url":"https:\/\/i0.wp.com\/www.pipacomunica.com.br\/livrariadapipa\/wp-content\/uploads\/2018\/09\/marca-livraria-pipa-400px-negativo.png?fit=400%2C80&ssl=1","contentUrl":"https:\/\/i0.wp.com\/www.pipacomunica.com.br\/livrariadapipa\/wp-content\/uploads\/2018\/09\/marca-livraria-pipa-400px-negativo.png?fit=400%2C80&ssl=1","width":400,"height":80,"caption":"Livraria da Pipa Comunica\u00e7\u00e3o"},"image":{"@id":"https:\/\/www.pipacomunica.com.br\/livrariadapipa\/#\/schema\/logo\/image\/"},"sameAs":["https:\/\/www.facebook.com\/pipacomunica","https:\/\/x.com\/PipaComunica","https:\/\/instagram.com\/pipacomunicacao","http:\/\/www.linkedin.com\/companies\/pipa-comunica-o","https:\/\/br.pinterest.com\/pipacomunicacao\/","http:\/\/il.youtube.com\/user\/pipacomunicacao"]}]}},"jetpack_publicize_connections":[],"jetpack_sharing_enabled":true,"_links":{"self":[{"href":"https:\/\/www.pipacomunica.com.br\/livrariadapipa\/wp-json\/wp\/v2\/product\/3456","targetHints":{"allow":["GET"]}}],"collection":[{"href":"https:\/\/www.pipacomunica.com.br\/livrariadapipa\/wp-json\/wp\/v2\/product"}],"about":[{"href":"https:\/\/www.pipacomunica.com.br\/livrariadapipa\/wp-json\/wp\/v2\/types\/product"}],"replies":[{"embeddable":true,"href":"https:\/\/www.pipacomunica.com.br\/livrariadapipa\/wp-json\/wp\/v2\/comments?post=3456"}],"version-history":[{"count":3,"href":"https:\/\/www.pipacomunica.com.br\/livrariadapipa\/wp-json\/wp\/v2\/product\/3456\/revisions"}],"predecessor-version":[{"id":3493,"href":"https:\/\/www.pipacomunica.com.br\/livrariadapipa\/wp-json\/wp\/v2\/product\/3456\/revisions\/3493"}],"wp:featuredmedia":[{"embeddable":true,"href":"https:\/\/www.pipacomunica.com.br\/livrariadapipa\/wp-json\/wp\/v2\/media\/3462"}],"wp:attachment":[{"href":"https:\/\/www.pipacomunica.com.br\/livrariadapipa\/wp-json\/wp\/v2\/media?parent=3456"}],"wp:term":[{"taxonomy":"product_brand","embeddable":true,"href":"https:\/\/www.pipacomunica.com.br\/livrariadapipa\/wp-json\/wp\/v2\/product_brand?post=3456"},{"taxonomy":"product_cat","embeddable":true,"href":"https:\/\/www.pipacomunica.com.br\/livrariadapipa\/wp-json\/wp\/v2\/product_cat?post=3456"},{"taxonomy":"product_tag","embeddable":true,"href":"https:\/\/www.pipacomunica.com.br\/livrariadapipa\/wp-json\/wp\/v2\/product_tag?post=3456"}],"curies":[{"name":"wp","href":"https:\/\/api.w.org\/{rel}","templated":true}]}}