{"id":3001,"date":"2019-03-16T22:43:55","date_gmt":"2019-03-17T01:43:55","guid":{"rendered":"https:\/\/www.pipacomunica.com.br\/livrariadapipa\/?post_type=product&#038;p=3001"},"modified":"2025-06-30T02:28:53","modified_gmt":"2025-06-30T05:28:53","slug":"letramentos-e-tecnologias-digitais","status":"publish","type":"product","link":"https:\/\/www.pipacomunica.com.br\/livrariadapipa\/produto\/letramentos-e-tecnologias-digitais\/","title":{"rendered":"Letramentos e tecnologias digitais: navegando pela sala de aula da educa\u00e7\u00e3o b\u00e1sica"},"content":{"rendered":"<p><strong>Letramentos e tecnologias digitais: navegando pela sala de aula da educa\u00e7\u00e3o b\u00e1sica<\/strong><br \/>\n<em>eBook na Amazon\u00a0<\/em><br \/>\nJos\u00e9 Ribamar Lopes Batista J\u00fanior, Vicente Lima-Neto, Carlos Alexandre Rodrigues de Oliveira, Sergio Vale da Paix\u00e3o. [Orgs.].<\/p>\n<p>O quinto volume da S\u00e9rie Professor criativo foi organizado pensando nos jovens leitores, em seus professores, na escola de educa\u00e7\u00e3o b\u00e1sica e nos demais interessados pelas discuss\u00f5es abordadas em rela\u00e7\u00e3o \u00e0 Linguagem, Educa\u00e7\u00e3o e Tecnologias. Em nove cap\u00edtulos os autores apresentam experi\u00eancias como as contribui\u00e7\u00f5es dos celulares e do <em>Google Classroom<\/em> para a aprendizagem, bem como uma sequ\u00eancia did\u00e1tica completa como foco no <em>WhatsApp<\/em> e uma an\u00e1lise minuciosa de sites de corre\u00e7\u00e3o online de reda\u00e7\u00f5es do Enem. Tanto os organizadores como os autores dos cap\u00edtulos s\u00e3o educadores atuantes em diferentes institui\u00e7\u00f5es de ensino do pa\u00eds e antes de tudo professores criativos dispostos a compartilhar suas experi\u00eancias e inspirar pr\u00e1ticas criativas nas salas de aula de todo o pa\u00eds. Com foco sala de aula da educa\u00e7\u00e3o b\u00e1sica &#8220;Letramentos e tecnologias digitais&#8221; discute formas sobre como os professores podem inserir em suas pr\u00e1ticas did\u00e1tico-pedag\u00f3gicas recursos que sejam motivadores, atrativos e interativos, de acordo com as pr\u00e1ticas de letramento dos seus alunos dentro e fora da escola.<\/p>\n<h4>V\u00eddeo de Lan\u00e7amento<\/h4>\n<div class=\"su-youtube su-u-responsive-media-yes\"><iframe width=\"600\" height=\"400\" src=\"https:\/\/www.youtube.com\/embed\/z-aiFtX_N18?\" frameborder=\"0\" allowfullscreen allow=\"autoplay; encrypted-media; picture-in-picture\" title=\"\"><\/iframe><\/div>\n<h4>Sobre os organizadores<\/h4>\n<p><strong> Carlos Alexandre Rodrigues de Oliveira<\/strong><br \/>\nMestre em Educa\u00e7\u00e3o e Doc\u00eancia (FaE\/UFMG). Especialista em L\u00edngua Portuguesa: Ensino de Leitura e Produ\u00e7\u00e3o de Textos (FALE\/UFMG) e em M\u00eddias na Educa\u00e7\u00e3o (CEAD\/UFOP). Membro do N\u00facleo de Estudos e Pesquisas sobre Cultura Escrita Digital (NEPCED\/FaE\/UFMG). Dedica-se a pesquisas nas \u00e1reas de Lingu\u00edstica Aplicada (Linguagem; Tecnologia), Educa\u00e7\u00e3o (Educa\u00e7\u00e3o; Tecnologia) e Forma\u00e7\u00e3o Inicial e Continuada de Professores de Educa\u00e7\u00e3o B\u00e1sica para Uso das Tecnologias Digitais de Informa\u00e7\u00e3o e Comunica\u00e7\u00e3o (TDIC) em sala de aula.<\/p>\n<p><strong>Jos\u00e9 Ribamar Lopes Batista J\u00fanior<\/strong><br \/>\nDoutor e Mestre em Lingu\u00edstica pela Universidade de Bras\u00edlia. \u00c9 membro do Grupo de Estudos Lingu\u00edsticos do Nordeste (GELNE)e do N\u00facleo de Estudos e Pesquisas em An\u00e1lise do Discurso (NEPAD\/UFPI). Atualmente, \u00e9 professor do ensino b\u00e1sico, t\u00e9cnico e tecnol\u00f3gico da Universidade Federal do Piau\u00ed (UFPI), fundador e coordenador do Laborat\u00f3rio Experimental de Ensino e Pesquisa em Leitura e Produ\u00e7\u00e3o Textual (LPT\/CNPq). Dedica-se a estudos nas \u00e1reas dos Novos Estudos do Letramento e da An\u00e1lise de Discurso Cr\u00edtica, atuando principalmente nos seguintes temas: Tecnologias digitais no Ensino de L\u00edngua Portuguesa, identidades, discursos e Educa\u00e7\u00e3o Inclusiva.<\/p>\n<p><strong>Sergio Vale da Paix\u00e3o<\/strong><br \/>\nP\u00f3s doutor em Letras (UEM). Doutor em Psicologia pela UNESP. Mestre em Estudos da Linguagem (UEL). Professor do IFPR &#8211; campus Jacarezinho. L\u00edder do grupo de pesquisa Ensino, Cultura, Linguagem e suas tecnologias (GECLIT &#8211; IFPR\/CNPq) e participante do grupo de pesquisa Intera\u00e7\u00e3o e Escrita (UEM). Coordenador da Especializa\u00e7\u00e3o Educa\u00e7\u00e3o e Sociedade no IFPR &#8211; Jacarezinho. Coordenador institucional do Programa de Resid\u00eancia Pedag\u00f3gica &#8211; IFPR\/Capes.<\/p>\n<p><strong>Vicente de Lima-Neto<\/strong><br \/>\nProfessor de Lingu\u00edstica da Universidade Federal Rural do Semi-\u00e1rido (UFERSA) e do Programa de P\u00f3s-gradua\u00e7\u00e3o em Ensino (POSENSINO) da associa\u00e7\u00e3o UERN\/UFERSA\/IFRN. Possui mestrado (2009) e doutorado (2014) em Lingu\u00edstica pela Universidade Federal do Cear\u00e1. L\u00edder do grupo de pesquisa Linguagens e Internet (GLINET\/ UFERSA). Atua principalmente nos seguintes temas: g\u00eaneros discursivos, emerg\u00eancia e reelabora\u00e7\u00e3o de g\u00eaneros, mesclas gen\u00e9ricas, remix, tecnologias digitais e pedagogia dos multiletramentos.<\/p>\n<h4>Ficha T\u00e9cnica<\/h4>\n<p>1\u00aa Edi\u00e7\u00e3o. Pipa Comunica\u00e7\u00e3o. 2018.<br \/>\nISBN: 978-85-66530-87-2<br \/>\n250p. : Il., Fig., Quadros. (S\u00e9rie professor criativo: construindo cen\u00e1rios de aprendizagem &#8211; vol. 5)<\/p>\n<p><strong>Capa e Projeto Gr\u00e1fico:<\/strong> Karla Vidal<br \/>\n<strong>Diagrama\u00e7\u00e3o:<\/strong> Augusto Noronha e Karla Vidal<br \/>\n<strong>Revis\u00e3o:<\/strong> os organizadores<br \/>\n<strong>Editores<\/strong>: Augusto Noronha e Karla Vidal<br \/>\n<strong>Edi\u00e7\u00e3o Pipa Comunica\u00e7\u00e3o:<\/strong> <a href=\"https:\/\/www.pipacomunica.com.br\"><strong>https:\/\/www.pipacomunica.com.br<\/strong><\/a><\/p>\n","protected":false},"excerpt":{"rendered":"<p><strong>Letramentos e tecnologias digitais: navegando pela sala de aula da educa\u00e7\u00e3o b\u00e1sica<\/strong><br \/>\n<em>eBook na Amazon<\/em><br \/>\nJos\u00e9 Ribamar Lopes Batista J\u00fanior, Vicente Lima-Neto, Carlos Alexandre Rodrigues de Oliveira, Sergio Vale da Paix\u00e3o. [Orgs.].<\/p>\n<p>O quinto volume da S\u00e9rie Professor criativo foi organizado pensando nos jovens leitores, em seus professores, na escola de educa\u00e7\u00e3o b\u00e1sica e nos demais interessados pelas discuss\u00f5es abordadas em rela\u00e7\u00e3o \u00e0 Linguagem, Educa\u00e7\u00e3o e Tecnologias. Em nove cap\u00edtulos os autores apresentam experi\u00eancias como as contribui\u00e7\u00f5es dos celulares e do <em>Google Classroom<\/em> para a aprendizagem, bem como uma sequ\u00eancia did\u00e1tica completa como foco no <em>WhatsApp<\/em> e uma an\u00e1lise minuciosa de sites de corre\u00e7\u00e3o online de reda\u00e7\u00f5es do Enem. Tanto os organizadores como os autores dos cap\u00edtulos s\u00e3o educadores atuantes em diferentes institui\u00e7\u00f5es de ensino do pa\u00eds e antes de tudo professores criativos dispostos a compartilhar suas experi\u00eancias e inspirar pr\u00e1ticas criativas nas salas de aula de todo o pa\u00eds. Com foco sala de aula da educa\u00e7\u00e3o b\u00e1sica &#8220;Letramentos e tecnologias digitais&#8221; discute formas sobre como os professores podem inserir em suas pr\u00e1ticas did\u00e1tico-pedag\u00f3gicas recursos que sejam motivadores, atrativos e interativos, de acordo com as pr\u00e1ticas de letramento dos seus alunos dentro e fora da escola.<\/p>\n<p><a href=\"https:\/\/issuu.com\/serieprofessorcriativo\/docs\/amostra-letramentos-e-tecnologias\" target=\"_blank\" rel=\"noopener noreferrer\"><img decoding=\"async\" class=\"alignnone wp-image-1820 size-full\" src=\"https:\/\/www.pipacomunica.com.br\/livrariadapipa\/wp-content\/uploads\/2017\/12\/botao-folhear02.png\" alt=\"\" width=\"200\" height=\"65\" \/><\/a><\/p>\n<p>1\u00aa Edi\u00e7\u00e3o. Pipa Comunica\u00e7\u00e3o. 2018.<br \/>\nISBN: 978-85-66530-87-2<\/p>\n<p>&nbsp;<\/p>\n","protected":false},"featured_media":3000,"comment_status":"open","ping_status":"closed","template":"","meta":{"jetpack_post_was_ever_published":false,"jetpack_publicize_message":"","jetpack_publicize_feature_enabled":true,"jetpack_social_post_already_shared":false,"jetpack_social_options":{"image_generator_settings":{"template":"highway","default_image_id":0,"font":"","enabled":false},"version":2}},"product_brand":[],"product_cat":[34,19,20],"product_tag":[],"class_list":{"0":"post-3001","1":"product","2":"type-product","3":"status-publish","4":"has-post-thumbnail","6":"product_cat-sem-categoria","7":"product_cat-livros-digitais","8":"product_cat-serie-professor-criativo","10":"first","11":"instock","12":"sold-individually","13":"shipping-taxable","14":"product-type-external"},"yoast_head":"<!-- This site is optimized with the Yoast SEO plugin v27.1.1 - https:\/\/yoast.com\/product\/yoast-seo-wordpress\/ -->\n<title>Letramentos e tecnologias digitais<\/title>\n<meta name=\"description\" content=\"Uma obra que pensa nos jovens leitores,em seus professores, na escola de educa\u00e7\u00e3o b\u00e1sica e nos demais interessados pelas discuss\u00f5es sobre Linguagem, Educa\u00e7\u00e3o e Tecnologias.\" \/>\n<meta name=\"robots\" content=\"index, follow, max-snippet:-1, max-image-preview:large, max-video-preview:-1\" \/>\n<link rel=\"canonical\" href=\"https:\/\/www.pipacomunica.com.br\/livrariadapipa\/produto\/letramentos-e-tecnologias-digitais\/\" \/>\n<meta property=\"og:locale\" content=\"pt_BR\" \/>\n<meta property=\"og:type\" content=\"article\" \/>\n<meta property=\"og:title\" content=\"Letramentos e tecnologias digitais: navegando pela sala de aula da educa\u00e7\u00e3o b\u00e1sica\" \/>\n<meta property=\"og:description\" content=\"Uma obra que pensa nos jovens leitores,em seus professores, na escola de educa\u00e7\u00e3o b\u00e1sica e nos demais interessados pelas discuss\u00f5es sobre Linguagem, Educa\u00e7\u00e3o e Tecnologias.\" \/>\n<meta property=\"og:url\" content=\"https:\/\/www.pipacomunica.com.br\/livrariadapipa\/produto\/letramentos-e-tecnologias-digitais\/\" \/>\n<meta property=\"og:site_name\" content=\"Livraria da Pipa Comunica\u00e7\u00e3o\" \/>\n<meta property=\"article:publisher\" content=\"https:\/\/www.facebook.com\/pipacomunica\" \/>\n<meta property=\"article:modified_time\" content=\"2025-06-30T05:28:53+00:00\" \/>\n<meta property=\"og:image\" content=\"https:\/\/www.pipacomunica.com.br\/livrariadapipa\/wp-content\/uploads\/2019\/03\/thumb-volume5-serie-professor-criativo.png\" \/>\n\t<meta property=\"og:image:width\" content=\"1000\" \/>\n\t<meta property=\"og:image:height\" content=\"520\" \/>\n\t<meta property=\"og:image:type\" content=\"image\/png\" \/>\n<meta name=\"twitter:card\" content=\"summary_large_image\" \/>\n<meta name=\"twitter:title\" content=\"Letramentos e tecnologias digitais: navegando pela sala de aula da educa\u00e7\u00e3o b\u00e1sica\" \/>\n<meta name=\"twitter:description\" content=\"Uma obra que pensa nos jovens leitores,em seus professores, na escola de educa\u00e7\u00e3o b\u00e1sica e nos demais interessados pelas discuss\u00f5es sobre Linguagem, Educa\u00e7\u00e3o e Tecnologias.\" \/>\n<meta name=\"twitter:image\" content=\"https:\/\/i0.wp.com\/www.pipacomunica.com.br\/livrariadapipa\/wp-content\/uploads\/2019\/03\/thumb-volume5-serie-professor-criativo.png?fit=1000%2C520&ssl=1\" \/>\n<meta name=\"twitter:site\" content=\"@PipaComunica\" \/>\n<meta name=\"twitter:label1\" content=\"Est. tempo de leitura\" \/>\n\t<meta name=\"twitter:data1\" content=\"3 minutos\" \/>\n<script type=\"application\/ld+json\" class=\"yoast-schema-graph\">{\"@context\":\"https:\/\/schema.org\",\"@graph\":[{\"@type\":\"WebPage\",\"@id\":\"https:\/\/www.pipacomunica.com.br\/livrariadapipa\/produto\/letramentos-e-tecnologias-digitais\/\",\"url\":\"https:\/\/www.pipacomunica.com.br\/livrariadapipa\/produto\/letramentos-e-tecnologias-digitais\/\",\"name\":\"Letramentos e tecnologias digitais\",\"isPartOf\":{\"@id\":\"https:\/\/www.pipacomunica.com.br\/livrariadapipa\/#website\"},\"primaryImageOfPage\":{\"@id\":\"https:\/\/www.pipacomunica.com.br\/livrariadapipa\/produto\/letramentos-e-tecnologias-digitais\/#primaryimage\"},\"image\":{\"@id\":\"https:\/\/www.pipacomunica.com.br\/livrariadapipa\/produto\/letramentos-e-tecnologias-digitais\/#primaryimage\"},\"thumbnailUrl\":\"https:\/\/i0.wp.com\/www.pipacomunica.com.br\/livrariadapipa\/wp-content\/uploads\/2019\/03\/ebook-letramentos-e-tecnologias.gif?fit=461%2C595&ssl=1\",\"datePublished\":\"2019-03-17T01:43:55+00:00\",\"dateModified\":\"2025-06-30T05:28:53+00:00\",\"description\":\"Uma obra que pensa nos jovens leitores,em seus professores, na escola de educa\u00e7\u00e3o b\u00e1sica e nos demais interessados pelas discuss\u00f5es sobre Linguagem, Educa\u00e7\u00e3o e Tecnologias.\",\"breadcrumb\":{\"@id\":\"https:\/\/www.pipacomunica.com.br\/livrariadapipa\/produto\/letramentos-e-tecnologias-digitais\/#breadcrumb\"},\"inLanguage\":\"pt-BR\",\"potentialAction\":[{\"@type\":\"ReadAction\",\"target\":[\"https:\/\/www.pipacomunica.com.br\/livrariadapipa\/produto\/letramentos-e-tecnologias-digitais\/\"]}]},{\"@type\":\"ImageObject\",\"inLanguage\":\"pt-BR\",\"@id\":\"https:\/\/www.pipacomunica.com.br\/livrariadapipa\/produto\/letramentos-e-tecnologias-digitais\/#primaryimage\",\"url\":\"https:\/\/i0.wp.com\/www.pipacomunica.com.br\/livrariadapipa\/wp-content\/uploads\/2019\/03\/ebook-letramentos-e-tecnologias.gif?fit=461%2C595&ssl=1\",\"contentUrl\":\"https:\/\/i0.wp.com\/www.pipacomunica.com.br\/livrariadapipa\/wp-content\/uploads\/2019\/03\/ebook-letramentos-e-tecnologias.gif?fit=461%2C595&ssl=1\",\"width\":461,\"height\":595,\"caption\":\"Letramentos e tecnologias digitais: navegando pela sala de aula da educa\u00e7\u00e3o b\u00e1sica\"},{\"@type\":\"BreadcrumbList\",\"@id\":\"https:\/\/www.pipacomunica.com.br\/livrariadapipa\/produto\/letramentos-e-tecnologias-digitais\/#breadcrumb\",\"itemListElement\":[{\"@type\":\"ListItem\",\"position\":1,\"name\":\"In\u00edcio\",\"item\":\"https:\/\/www.pipacomunica.com.br\/livrariadapipa\/\"},{\"@type\":\"ListItem\",\"position\":2,\"name\":\"Cat\u00e1logo\",\"item\":\"https:\/\/www.pipacomunica.com.br\/livrariadapipa\/vitrine\/\"},{\"@type\":\"ListItem\",\"position\":3,\"name\":\"Letramentos e tecnologias digitais: navegando pela sala de aula da educa\u00e7\u00e3o b\u00e1sica\"}]},{\"@type\":\"WebSite\",\"@id\":\"https:\/\/www.pipacomunica.com.br\/livrariadapipa\/#website\",\"url\":\"https:\/\/www.pipacomunica.com.br\/livrariadapipa\/\",\"name\":\"Livraria da Pipa Comunica\u00e7\u00e3o\",\"description\":\"Livros mais baratos que xerox\",\"publisher\":{\"@id\":\"https:\/\/www.pipacomunica.com.br\/livrariadapipa\/#organization\"},\"potentialAction\":[{\"@type\":\"SearchAction\",\"target\":{\"@type\":\"EntryPoint\",\"urlTemplate\":\"https:\/\/www.pipacomunica.com.br\/livrariadapipa\/?s={search_term_string}\"},\"query-input\":{\"@type\":\"PropertyValueSpecification\",\"valueRequired\":true,\"valueName\":\"search_term_string\"}}],\"inLanguage\":\"pt-BR\"},{\"@type\":\"Organization\",\"@id\":\"https:\/\/www.pipacomunica.com.br\/livrariadapipa\/#organization\",\"name\":\"Livraria da Pipa Comunica\u00e7\u00e3o\",\"url\":\"https:\/\/www.pipacomunica.com.br\/livrariadapipa\/\",\"logo\":{\"@type\":\"ImageObject\",\"inLanguage\":\"pt-BR\",\"@id\":\"https:\/\/www.pipacomunica.com.br\/livrariadapipa\/#\/schema\/logo\/image\/\",\"url\":\"https:\/\/i0.wp.com\/www.pipacomunica.com.br\/livrariadapipa\/wp-content\/uploads\/2018\/09\/marca-livraria-pipa-400px-negativo.png?fit=400%2C80&ssl=1\",\"contentUrl\":\"https:\/\/i0.wp.com\/www.pipacomunica.com.br\/livrariadapipa\/wp-content\/uploads\/2018\/09\/marca-livraria-pipa-400px-negativo.png?fit=400%2C80&ssl=1\",\"width\":400,\"height\":80,\"caption\":\"Livraria da Pipa Comunica\u00e7\u00e3o\"},\"image\":{\"@id\":\"https:\/\/www.pipacomunica.com.br\/livrariadapipa\/#\/schema\/logo\/image\/\"},\"sameAs\":[\"https:\/\/www.facebook.com\/pipacomunica\",\"https:\/\/x.com\/PipaComunica\",\"https:\/\/instagram.com\/pipacomunicacao\",\"http:\/\/www.linkedin.com\/companies\/pipa-comunica-o\",\"https:\/\/br.pinterest.com\/pipacomunicacao\/\",\"http:\/\/il.youtube.com\/user\/pipacomunicacao\"]}]}<\/script>\n<!-- \/ Yoast SEO plugin. -->","yoast_head_json":{"title":"Letramentos e tecnologias digitais","description":"Uma obra que pensa nos jovens leitores,em seus professores, na escola de educa\u00e7\u00e3o b\u00e1sica e nos demais interessados pelas discuss\u00f5es sobre Linguagem, Educa\u00e7\u00e3o e Tecnologias.","robots":{"index":"index","follow":"follow","max-snippet":"max-snippet:-1","max-image-preview":"max-image-preview:large","max-video-preview":"max-video-preview:-1"},"canonical":"https:\/\/www.pipacomunica.com.br\/livrariadapipa\/produto\/letramentos-e-tecnologias-digitais\/","og_locale":"pt_BR","og_type":"article","og_title":"Letramentos e tecnologias digitais: navegando pela sala de aula da educa\u00e7\u00e3o b\u00e1sica","og_description":"Uma obra que pensa nos jovens leitores,em seus professores, na escola de educa\u00e7\u00e3o b\u00e1sica e nos demais interessados pelas discuss\u00f5es sobre Linguagem, Educa\u00e7\u00e3o e Tecnologias.","og_url":"https:\/\/www.pipacomunica.com.br\/livrariadapipa\/produto\/letramentos-e-tecnologias-digitais\/","og_site_name":"Livraria da Pipa Comunica\u00e7\u00e3o","article_publisher":"https:\/\/www.facebook.com\/pipacomunica","article_modified_time":"2025-06-30T05:28:53+00:00","og_image":[{"width":1000,"height":520,"url":"https:\/\/www.pipacomunica.com.br\/livrariadapipa\/wp-content\/uploads\/2019\/03\/thumb-volume5-serie-professor-criativo.png","type":"image\/png"}],"twitter_card":"summary_large_image","twitter_title":"Letramentos e tecnologias digitais: navegando pela sala de aula da educa\u00e7\u00e3o b\u00e1sica","twitter_description":"Uma obra que pensa nos jovens leitores,em seus professores, na escola de educa\u00e7\u00e3o b\u00e1sica e nos demais interessados pelas discuss\u00f5es sobre Linguagem, Educa\u00e7\u00e3o e Tecnologias.","twitter_image":"https:\/\/i0.wp.com\/www.pipacomunica.com.br\/livrariadapipa\/wp-content\/uploads\/2019\/03\/thumb-volume5-serie-professor-criativo.png?fit=1000%2C520&ssl=1","twitter_site":"@PipaComunica","twitter_misc":{"Est. tempo de leitura":"3 minutos"},"schema":{"@context":"https:\/\/schema.org","@graph":[{"@type":"WebPage","@id":"https:\/\/www.pipacomunica.com.br\/livrariadapipa\/produto\/letramentos-e-tecnologias-digitais\/","url":"https:\/\/www.pipacomunica.com.br\/livrariadapipa\/produto\/letramentos-e-tecnologias-digitais\/","name":"Letramentos e tecnologias digitais","isPartOf":{"@id":"https:\/\/www.pipacomunica.com.br\/livrariadapipa\/#website"},"primaryImageOfPage":{"@id":"https:\/\/www.pipacomunica.com.br\/livrariadapipa\/produto\/letramentos-e-tecnologias-digitais\/#primaryimage"},"image":{"@id":"https:\/\/www.pipacomunica.com.br\/livrariadapipa\/produto\/letramentos-e-tecnologias-digitais\/#primaryimage"},"thumbnailUrl":"https:\/\/i0.wp.com\/www.pipacomunica.com.br\/livrariadapipa\/wp-content\/uploads\/2019\/03\/ebook-letramentos-e-tecnologias.gif?fit=461%2C595&ssl=1","datePublished":"2019-03-17T01:43:55+00:00","dateModified":"2025-06-30T05:28:53+00:00","description":"Uma obra que pensa nos jovens leitores,em seus professores, na escola de educa\u00e7\u00e3o b\u00e1sica e nos demais interessados pelas discuss\u00f5es sobre Linguagem, Educa\u00e7\u00e3o e Tecnologias.","breadcrumb":{"@id":"https:\/\/www.pipacomunica.com.br\/livrariadapipa\/produto\/letramentos-e-tecnologias-digitais\/#breadcrumb"},"inLanguage":"pt-BR","potentialAction":[{"@type":"ReadAction","target":["https:\/\/www.pipacomunica.com.br\/livrariadapipa\/produto\/letramentos-e-tecnologias-digitais\/"]}]},{"@type":"ImageObject","inLanguage":"pt-BR","@id":"https:\/\/www.pipacomunica.com.br\/livrariadapipa\/produto\/letramentos-e-tecnologias-digitais\/#primaryimage","url":"https:\/\/i0.wp.com\/www.pipacomunica.com.br\/livrariadapipa\/wp-content\/uploads\/2019\/03\/ebook-letramentos-e-tecnologias.gif?fit=461%2C595&ssl=1","contentUrl":"https:\/\/i0.wp.com\/www.pipacomunica.com.br\/livrariadapipa\/wp-content\/uploads\/2019\/03\/ebook-letramentos-e-tecnologias.gif?fit=461%2C595&ssl=1","width":461,"height":595,"caption":"Letramentos e tecnologias digitais: navegando pela sala de aula da educa\u00e7\u00e3o b\u00e1sica"},{"@type":"BreadcrumbList","@id":"https:\/\/www.pipacomunica.com.br\/livrariadapipa\/produto\/letramentos-e-tecnologias-digitais\/#breadcrumb","itemListElement":[{"@type":"ListItem","position":1,"name":"In\u00edcio","item":"https:\/\/www.pipacomunica.com.br\/livrariadapipa\/"},{"@type":"ListItem","position":2,"name":"Cat\u00e1logo","item":"https:\/\/www.pipacomunica.com.br\/livrariadapipa\/vitrine\/"},{"@type":"ListItem","position":3,"name":"Letramentos e tecnologias digitais: navegando pela sala de aula da educa\u00e7\u00e3o b\u00e1sica"}]},{"@type":"WebSite","@id":"https:\/\/www.pipacomunica.com.br\/livrariadapipa\/#website","url":"https:\/\/www.pipacomunica.com.br\/livrariadapipa\/","name":"Livraria da Pipa Comunica\u00e7\u00e3o","description":"Livros mais baratos que xerox","publisher":{"@id":"https:\/\/www.pipacomunica.com.br\/livrariadapipa\/#organization"},"potentialAction":[{"@type":"SearchAction","target":{"@type":"EntryPoint","urlTemplate":"https:\/\/www.pipacomunica.com.br\/livrariadapipa\/?s={search_term_string}"},"query-input":{"@type":"PropertyValueSpecification","valueRequired":true,"valueName":"search_term_string"}}],"inLanguage":"pt-BR"},{"@type":"Organization","@id":"https:\/\/www.pipacomunica.com.br\/livrariadapipa\/#organization","name":"Livraria da Pipa Comunica\u00e7\u00e3o","url":"https:\/\/www.pipacomunica.com.br\/livrariadapipa\/","logo":{"@type":"ImageObject","inLanguage":"pt-BR","@id":"https:\/\/www.pipacomunica.com.br\/livrariadapipa\/#\/schema\/logo\/image\/","url":"https:\/\/i0.wp.com\/www.pipacomunica.com.br\/livrariadapipa\/wp-content\/uploads\/2018\/09\/marca-livraria-pipa-400px-negativo.png?fit=400%2C80&ssl=1","contentUrl":"https:\/\/i0.wp.com\/www.pipacomunica.com.br\/livrariadapipa\/wp-content\/uploads\/2018\/09\/marca-livraria-pipa-400px-negativo.png?fit=400%2C80&ssl=1","width":400,"height":80,"caption":"Livraria da Pipa Comunica\u00e7\u00e3o"},"image":{"@id":"https:\/\/www.pipacomunica.com.br\/livrariadapipa\/#\/schema\/logo\/image\/"},"sameAs":["https:\/\/www.facebook.com\/pipacomunica","https:\/\/x.com\/PipaComunica","https:\/\/instagram.com\/pipacomunicacao","http:\/\/www.linkedin.com\/companies\/pipa-comunica-o","https:\/\/br.pinterest.com\/pipacomunicacao\/","http:\/\/il.youtube.com\/user\/pipacomunicacao"]}]}},"jetpack_publicize_connections":[],"jetpack_sharing_enabled":true,"_links":{"self":[{"href":"https:\/\/www.pipacomunica.com.br\/livrariadapipa\/wp-json\/wp\/v2\/product\/3001","targetHints":{"allow":["GET"]}}],"collection":[{"href":"https:\/\/www.pipacomunica.com.br\/livrariadapipa\/wp-json\/wp\/v2\/product"}],"about":[{"href":"https:\/\/www.pipacomunica.com.br\/livrariadapipa\/wp-json\/wp\/v2\/types\/product"}],"replies":[{"embeddable":true,"href":"https:\/\/www.pipacomunica.com.br\/livrariadapipa\/wp-json\/wp\/v2\/comments?post=3001"}],"version-history":[{"count":3,"href":"https:\/\/www.pipacomunica.com.br\/livrariadapipa\/wp-json\/wp\/v2\/product\/3001\/revisions"}],"predecessor-version":[{"id":11478,"href":"https:\/\/www.pipacomunica.com.br\/livrariadapipa\/wp-json\/wp\/v2\/product\/3001\/revisions\/11478"}],"wp:featuredmedia":[{"embeddable":true,"href":"https:\/\/www.pipacomunica.com.br\/livrariadapipa\/wp-json\/wp\/v2\/media\/3000"}],"wp:attachment":[{"href":"https:\/\/www.pipacomunica.com.br\/livrariadapipa\/wp-json\/wp\/v2\/media?parent=3001"}],"wp:term":[{"taxonomy":"product_brand","embeddable":true,"href":"https:\/\/www.pipacomunica.com.br\/livrariadapipa\/wp-json\/wp\/v2\/product_brand?post=3001"},{"taxonomy":"product_cat","embeddable":true,"href":"https:\/\/www.pipacomunica.com.br\/livrariadapipa\/wp-json\/wp\/v2\/product_cat?post=3001"},{"taxonomy":"product_tag","embeddable":true,"href":"https:\/\/www.pipacomunica.com.br\/livrariadapipa\/wp-json\/wp\/v2\/product_tag?post=3001"}],"curies":[{"name":"wp","href":"https:\/\/api.w.org\/{rel}","templated":true}]}}