{"id":284,"date":"2015-01-19T20:57:31","date_gmt":"2015-01-19T23:57:31","guid":{"rendered":"https:\/\/www.pipacomunica.com.br\/livrariadapipa\/?post_type=product&#038;p=284"},"modified":"2023-01-26T14:40:15","modified_gmt":"2023-01-26T17:40:15","slug":"verbetes-enciclopedicos-grafico-e-infografico","status":"publish","type":"product","link":"https:\/\/www.pipacomunica.com.br\/livrariadapipa\/produto\/verbetes-enciclopedicos-grafico-e-infografico\/","title":{"rendered":"Verbetes enciclop\u00e9dicos: gr\u00e1fico e infogr\u00e1fico"},"content":{"rendered":"<p><strong>Verbetes enciclop\u00e9dicos: gr\u00e1fico e infogr\u00e1fico<\/strong><br \/>\nS\u00e9rie verbetes enciclop\u00e9dicos: diversidade de linguagens no ensino m\u00e9dio<br \/>\nAngela Paiva Dionisio [org.]\n<p>Os bolsistas de letras do Programa Institucional de Bolsa de Inicia\u00e7\u00e3o \u00e0 Doc\u00eancia (Pibid) na Universidade Federal de Pernambuco organizaram as metodologias aplicadas na sala de aula das escolas atendidas pelo projeto \u2014 Escola Di\u00e1rio de Pernambuco e Escola Senador Novaes Filho \u2014 em forma de livros e guias que pudessem ser compartilhados e utilizados por outros professores interessados na melhoria de suas pr\u00e1ticas de ensino e aprendizagem.<\/p>\n<p>Volume 4. 1\u00aa Edi\u00e7\u00e3o.\u00a0Recife: Pipa Comunica\u00e7\u00e3o, 2013.<br \/>\nISBN 978-85-66530-06-3<br \/>\n59p. : Il..\u00a0Inclui bibliografia.<br \/>\n1. L\u00edngua Portuguesa. 2. G\u00eaneros Textuais. 3. Gr\u00e1fico. \u00a04. Infogr\u00e1fico.<\/p>\n","protected":false},"excerpt":{"rendered":"<p><strong>Verbetes enciclop\u00e9dicos: gr\u00e1fico e infogr\u00e1fico<\/strong><br \/>\nS\u00e9rie verbetes enciclop\u00e9dicos: diversidade de linguagens no ensino m\u00e9dio<br \/>\nAngela Paiva Dionisio [org.]<\/p>\n<p>Os bolsistas de letras do Programa Institucional de Bolsa de Inicia\u00e7\u00e3o \u00e0 Doc\u00eancia (Pibid) na Universidade Federal de Pernambuco organizaram as metodologias aplicadas na sala de aula das escolas atendidas pelo projeto \u2014 Escola Di\u00e1rio de Pernambuco e Escola Senador Novaes Filho \u2014 em forma de livros e guias que pudessem ser compartilhados e utilizados por outros professores interessados na melhoria de suas pr\u00e1ticas de ensino e aprendizagem.<\/p>\n<p>Volume 4. 1\u00aa Edi\u00e7\u00e3o. Recife: Pipa Comunica\u00e7\u00e3o, 2013.<br \/>\nISBN 978-85-66530-06-3<br \/>\n59p. : Il.. Inclui bibliografia.<br \/>\n1. L\u00edngua Portuguesa. 2. G\u00eaneros Textuais. 3. Gr\u00e1fico. 4. Infogr\u00e1fico.<\/p>\n[su_button url=\"https:\/\/drive.google.com\/file\/d\/1c8hAZiFejObGkhMf3JWkwb9zz5ClfdrS\/view?usp=sharing\" style=\"flat\" background=\"#6d9e1c\" color=\"#ffffff\" size=\"5\" radius=\"0\" icon=\"icon: long-arrow-right\"]Download em PDF[\/su_button]\n","protected":false},"featured_media":410,"comment_status":"open","ping_status":"closed","template":"","meta":{"jetpack_post_was_ever_published":false,"jetpack_publicize_message":"","jetpack_publicize_feature_enabled":true,"jetpack_social_post_already_shared":false,"jetpack_social_options":{"image_generator_settings":{"template":"highway","default_image_id":0,"font":"","enabled":false},"version":2}},"product_brand":[],"product_cat":[34,19,17,22],"product_tag":[],"class_list":{"0":"post-284","1":"product","2":"type-product","3":"status-publish","4":"has-post-thumbnail","6":"product_cat-sem-categoria","7":"product_cat-livros-digitais","8":"product_cat-gratuitos","9":"product_cat-serie-verbetes-enciclopedicos","11":"first","12":"instock","13":"shipping-taxable","14":"product-type-external"},"yoast_head":"<!-- This site is optimized with the Yoast SEO plugin v27.1.1 - https:\/\/yoast.com\/product\/yoast-seo-wordpress\/ -->\n<title>Verbetes enciclop\u00e9dicos: gr\u00e1fico e infogr\u00e1fico<\/title>\n<meta name=\"description\" content=\"Estudantes de Letras do PIBID\/UFPE organizaram as metodologias aplicadas na sala de aula e compartilharam com professores para a melhoria de suas pr\u00e1ticas.\" \/>\n<meta name=\"robots\" content=\"index, follow, max-snippet:-1, max-image-preview:large, max-video-preview:-1\" \/>\n<link rel=\"canonical\" href=\"https:\/\/www.pipacomunica.com.br\/livrariadapipa\/produto\/verbetes-enciclopedicos-grafico-e-infografico\/\" \/>\n<meta property=\"og:locale\" content=\"pt_BR\" \/>\n<meta property=\"og:type\" content=\"article\" \/>\n<meta property=\"og:title\" content=\"Verbetes enciclop\u00e9dicos: gr\u00e1fico e infogr\u00e1fico\" \/>\n<meta property=\"og:description\" content=\"Estudantes de Letras do PIBID\/UFPE organizaram as metodologias aplicadas na sala de aula e compartilharam com professores para a melhoria de suas pr\u00e1ticas.\" \/>\n<meta property=\"og:url\" content=\"https:\/\/www.pipacomunica.com.br\/livrariadapipa\/produto\/verbetes-enciclopedicos-grafico-e-infografico\/\" \/>\n<meta property=\"og:site_name\" content=\"Livraria da Pipa Comunica\u00e7\u00e3o\" \/>\n<meta property=\"article:publisher\" content=\"https:\/\/www.facebook.com\/pipacomunica\" \/>\n<meta property=\"article:modified_time\" content=\"2023-01-26T17:40:15+00:00\" \/>\n<meta property=\"og:image\" content=\"https:\/\/i0.wp.com\/www.pipacomunica.com.br\/livrariadapipa\/wp-content\/uploads\/2018\/09\/livraria-da-pipa-homepage.png?fit=870%2C452&ssl=1\" \/>\n\t<meta property=\"og:image:width\" content=\"870\" \/>\n\t<meta property=\"og:image:height\" content=\"452\" \/>\n\t<meta property=\"og:image:type\" content=\"image\/png\" \/>\n<meta name=\"twitter:card\" content=\"summary_large_image\" \/>\n<meta name=\"twitter:title\" content=\"Verbetes enciclop\u00e9dicos: gr\u00e1fico e infogr\u00e1fico\" \/>\n<meta name=\"twitter:description\" content=\"Estudantes de Letras do PIBID\/UFPE organizaram as metodologias aplicadas na sala de aula e compartilharam com professores para a melhoria de suas pr\u00e1ticas.\" \/>\n<meta name=\"twitter:site\" content=\"@PipaComunica\" \/>\n<meta name=\"twitter:label1\" content=\"Est. tempo de leitura\" \/>\n\t<meta name=\"twitter:data1\" content=\"1 minuto\" \/>\n<script type=\"application\/ld+json\" class=\"yoast-schema-graph\">{\"@context\":\"https:\/\/schema.org\",\"@graph\":[{\"@type\":\"WebPage\",\"@id\":\"https:\/\/www.pipacomunica.com.br\/livrariadapipa\/produto\/verbetes-enciclopedicos-grafico-e-infografico\/\",\"url\":\"https:\/\/www.pipacomunica.com.br\/livrariadapipa\/produto\/verbetes-enciclopedicos-grafico-e-infografico\/\",\"name\":\"Verbetes enciclop\u00e9dicos: gr\u00e1fico e infogr\u00e1fico\",\"isPartOf\":{\"@id\":\"https:\/\/www.pipacomunica.com.br\/livrariadapipa\/#website\"},\"primaryImageOfPage\":{\"@id\":\"https:\/\/www.pipacomunica.com.br\/livrariadapipa\/produto\/verbetes-enciclopedicos-grafico-e-infografico\/#primaryimage\"},\"image\":{\"@id\":\"https:\/\/www.pipacomunica.com.br\/livrariadapipa\/produto\/verbetes-enciclopedicos-grafico-e-infografico\/#primaryimage\"},\"thumbnailUrl\":\"https:\/\/i0.wp.com\/www.pipacomunica.com.br\/livrariadapipa\/wp-content\/uploads\/2015\/01\/Verbetes-enciclop%C3%A9dicos-gr%C3%A1fico-e-infogr%C3%A1fico.jpg?fit=461%2C595&ssl=1\",\"datePublished\":\"2015-01-19T23:57:31+00:00\",\"dateModified\":\"2023-01-26T17:40:15+00:00\",\"description\":\"Estudantes de Letras do PIBID\/UFPE organizaram as metodologias aplicadas na sala de aula e compartilharam com professores para a melhoria de suas pr\u00e1ticas.\",\"breadcrumb\":{\"@id\":\"https:\/\/www.pipacomunica.com.br\/livrariadapipa\/produto\/verbetes-enciclopedicos-grafico-e-infografico\/#breadcrumb\"},\"inLanguage\":\"pt-BR\",\"potentialAction\":[{\"@type\":\"ReadAction\",\"target\":[\"https:\/\/www.pipacomunica.com.br\/livrariadapipa\/produto\/verbetes-enciclopedicos-grafico-e-infografico\/\"]}]},{\"@type\":\"ImageObject\",\"inLanguage\":\"pt-BR\",\"@id\":\"https:\/\/www.pipacomunica.com.br\/livrariadapipa\/produto\/verbetes-enciclopedicos-grafico-e-infografico\/#primaryimage\",\"url\":\"https:\/\/i0.wp.com\/www.pipacomunica.com.br\/livrariadapipa\/wp-content\/uploads\/2015\/01\/Verbetes-enciclop%C3%A9dicos-gr%C3%A1fico-e-infogr%C3%A1fico.jpg?fit=461%2C595&ssl=1\",\"contentUrl\":\"https:\/\/i0.wp.com\/www.pipacomunica.com.br\/livrariadapipa\/wp-content\/uploads\/2015\/01\/Verbetes-enciclop%C3%A9dicos-gr%C3%A1fico-e-infogr%C3%A1fico.jpg?fit=461%2C595&ssl=1\",\"width\":461,\"height\":595},{\"@type\":\"BreadcrumbList\",\"@id\":\"https:\/\/www.pipacomunica.com.br\/livrariadapipa\/produto\/verbetes-enciclopedicos-grafico-e-infografico\/#breadcrumb\",\"itemListElement\":[{\"@type\":\"ListItem\",\"position\":1,\"name\":\"In\u00edcio\",\"item\":\"https:\/\/www.pipacomunica.com.br\/livrariadapipa\/\"},{\"@type\":\"ListItem\",\"position\":2,\"name\":\"Cat\u00e1logo\",\"item\":\"https:\/\/www.pipacomunica.com.br\/livrariadapipa\/vitrine\/\"},{\"@type\":\"ListItem\",\"position\":3,\"name\":\"Verbetes enciclop\u00e9dicos: gr\u00e1fico e infogr\u00e1fico\"}]},{\"@type\":\"WebSite\",\"@id\":\"https:\/\/www.pipacomunica.com.br\/livrariadapipa\/#website\",\"url\":\"https:\/\/www.pipacomunica.com.br\/livrariadapipa\/\",\"name\":\"Livraria da Pipa Comunica\u00e7\u00e3o\",\"description\":\"Livros mais baratos que xerox\",\"publisher\":{\"@id\":\"https:\/\/www.pipacomunica.com.br\/livrariadapipa\/#organization\"},\"potentialAction\":[{\"@type\":\"SearchAction\",\"target\":{\"@type\":\"EntryPoint\",\"urlTemplate\":\"https:\/\/www.pipacomunica.com.br\/livrariadapipa\/?s={search_term_string}\"},\"query-input\":{\"@type\":\"PropertyValueSpecification\",\"valueRequired\":true,\"valueName\":\"search_term_string\"}}],\"inLanguage\":\"pt-BR\"},{\"@type\":\"Organization\",\"@id\":\"https:\/\/www.pipacomunica.com.br\/livrariadapipa\/#organization\",\"name\":\"Livraria da Pipa Comunica\u00e7\u00e3o\",\"url\":\"https:\/\/www.pipacomunica.com.br\/livrariadapipa\/\",\"logo\":{\"@type\":\"ImageObject\",\"inLanguage\":\"pt-BR\",\"@id\":\"https:\/\/www.pipacomunica.com.br\/livrariadapipa\/#\/schema\/logo\/image\/\",\"url\":\"https:\/\/i0.wp.com\/www.pipacomunica.com.br\/livrariadapipa\/wp-content\/uploads\/2018\/09\/marca-livraria-pipa-400px-negativo.png?fit=400%2C80&ssl=1\",\"contentUrl\":\"https:\/\/i0.wp.com\/www.pipacomunica.com.br\/livrariadapipa\/wp-content\/uploads\/2018\/09\/marca-livraria-pipa-400px-negativo.png?fit=400%2C80&ssl=1\",\"width\":400,\"height\":80,\"caption\":\"Livraria da Pipa Comunica\u00e7\u00e3o\"},\"image\":{\"@id\":\"https:\/\/www.pipacomunica.com.br\/livrariadapipa\/#\/schema\/logo\/image\/\"},\"sameAs\":[\"https:\/\/www.facebook.com\/pipacomunica\",\"https:\/\/x.com\/PipaComunica\",\"https:\/\/instagram.com\/pipacomunicacao\",\"http:\/\/www.linkedin.com\/companies\/pipa-comunica-o\",\"https:\/\/br.pinterest.com\/pipacomunicacao\/\",\"http:\/\/il.youtube.com\/user\/pipacomunicacao\"]}]}<\/script>\n<!-- \/ Yoast SEO plugin. -->","yoast_head_json":{"title":"Verbetes enciclop\u00e9dicos: gr\u00e1fico e infogr\u00e1fico","description":"Estudantes de Letras do PIBID\/UFPE organizaram as metodologias aplicadas na sala de aula e compartilharam com professores para a melhoria de suas pr\u00e1ticas.","robots":{"index":"index","follow":"follow","max-snippet":"max-snippet:-1","max-image-preview":"max-image-preview:large","max-video-preview":"max-video-preview:-1"},"canonical":"https:\/\/www.pipacomunica.com.br\/livrariadapipa\/produto\/verbetes-enciclopedicos-grafico-e-infografico\/","og_locale":"pt_BR","og_type":"article","og_title":"Verbetes enciclop\u00e9dicos: gr\u00e1fico e infogr\u00e1fico","og_description":"Estudantes de Letras do PIBID\/UFPE organizaram as metodologias aplicadas na sala de aula e compartilharam com professores para a melhoria de suas pr\u00e1ticas.","og_url":"https:\/\/www.pipacomunica.com.br\/livrariadapipa\/produto\/verbetes-enciclopedicos-grafico-e-infografico\/","og_site_name":"Livraria da Pipa Comunica\u00e7\u00e3o","article_publisher":"https:\/\/www.facebook.com\/pipacomunica","article_modified_time":"2023-01-26T17:40:15+00:00","og_image":[{"width":870,"height":452,"url":"https:\/\/i0.wp.com\/www.pipacomunica.com.br\/livrariadapipa\/wp-content\/uploads\/2018\/09\/livraria-da-pipa-homepage.png?fit=870%2C452&ssl=1","type":"image\/png"}],"twitter_card":"summary_large_image","twitter_title":"Verbetes enciclop\u00e9dicos: gr\u00e1fico e infogr\u00e1fico","twitter_description":"Estudantes de Letras do PIBID\/UFPE organizaram as metodologias aplicadas na sala de aula e compartilharam com professores para a melhoria de suas pr\u00e1ticas.","twitter_site":"@PipaComunica","twitter_misc":{"Est. tempo de leitura":"1 minuto"},"schema":{"@context":"https:\/\/schema.org","@graph":[{"@type":"WebPage","@id":"https:\/\/www.pipacomunica.com.br\/livrariadapipa\/produto\/verbetes-enciclopedicos-grafico-e-infografico\/","url":"https:\/\/www.pipacomunica.com.br\/livrariadapipa\/produto\/verbetes-enciclopedicos-grafico-e-infografico\/","name":"Verbetes enciclop\u00e9dicos: gr\u00e1fico e infogr\u00e1fico","isPartOf":{"@id":"https:\/\/www.pipacomunica.com.br\/livrariadapipa\/#website"},"primaryImageOfPage":{"@id":"https:\/\/www.pipacomunica.com.br\/livrariadapipa\/produto\/verbetes-enciclopedicos-grafico-e-infografico\/#primaryimage"},"image":{"@id":"https:\/\/www.pipacomunica.com.br\/livrariadapipa\/produto\/verbetes-enciclopedicos-grafico-e-infografico\/#primaryimage"},"thumbnailUrl":"https:\/\/i0.wp.com\/www.pipacomunica.com.br\/livrariadapipa\/wp-content\/uploads\/2015\/01\/Verbetes-enciclop%C3%A9dicos-gr%C3%A1fico-e-infogr%C3%A1fico.jpg?fit=461%2C595&ssl=1","datePublished":"2015-01-19T23:57:31+00:00","dateModified":"2023-01-26T17:40:15+00:00","description":"Estudantes de Letras do PIBID\/UFPE organizaram as metodologias aplicadas na sala de aula e compartilharam com professores para a melhoria de suas pr\u00e1ticas.","breadcrumb":{"@id":"https:\/\/www.pipacomunica.com.br\/livrariadapipa\/produto\/verbetes-enciclopedicos-grafico-e-infografico\/#breadcrumb"},"inLanguage":"pt-BR","potentialAction":[{"@type":"ReadAction","target":["https:\/\/www.pipacomunica.com.br\/livrariadapipa\/produto\/verbetes-enciclopedicos-grafico-e-infografico\/"]}]},{"@type":"ImageObject","inLanguage":"pt-BR","@id":"https:\/\/www.pipacomunica.com.br\/livrariadapipa\/produto\/verbetes-enciclopedicos-grafico-e-infografico\/#primaryimage","url":"https:\/\/i0.wp.com\/www.pipacomunica.com.br\/livrariadapipa\/wp-content\/uploads\/2015\/01\/Verbetes-enciclop%C3%A9dicos-gr%C3%A1fico-e-infogr%C3%A1fico.jpg?fit=461%2C595&ssl=1","contentUrl":"https:\/\/i0.wp.com\/www.pipacomunica.com.br\/livrariadapipa\/wp-content\/uploads\/2015\/01\/Verbetes-enciclop%C3%A9dicos-gr%C3%A1fico-e-infogr%C3%A1fico.jpg?fit=461%2C595&ssl=1","width":461,"height":595},{"@type":"BreadcrumbList","@id":"https:\/\/www.pipacomunica.com.br\/livrariadapipa\/produto\/verbetes-enciclopedicos-grafico-e-infografico\/#breadcrumb","itemListElement":[{"@type":"ListItem","position":1,"name":"In\u00edcio","item":"https:\/\/www.pipacomunica.com.br\/livrariadapipa\/"},{"@type":"ListItem","position":2,"name":"Cat\u00e1logo","item":"https:\/\/www.pipacomunica.com.br\/livrariadapipa\/vitrine\/"},{"@type":"ListItem","position":3,"name":"Verbetes enciclop\u00e9dicos: gr\u00e1fico e infogr\u00e1fico"}]},{"@type":"WebSite","@id":"https:\/\/www.pipacomunica.com.br\/livrariadapipa\/#website","url":"https:\/\/www.pipacomunica.com.br\/livrariadapipa\/","name":"Livraria da Pipa Comunica\u00e7\u00e3o","description":"Livros mais baratos que xerox","publisher":{"@id":"https:\/\/www.pipacomunica.com.br\/livrariadapipa\/#organization"},"potentialAction":[{"@type":"SearchAction","target":{"@type":"EntryPoint","urlTemplate":"https:\/\/www.pipacomunica.com.br\/livrariadapipa\/?s={search_term_string}"},"query-input":{"@type":"PropertyValueSpecification","valueRequired":true,"valueName":"search_term_string"}}],"inLanguage":"pt-BR"},{"@type":"Organization","@id":"https:\/\/www.pipacomunica.com.br\/livrariadapipa\/#organization","name":"Livraria da Pipa Comunica\u00e7\u00e3o","url":"https:\/\/www.pipacomunica.com.br\/livrariadapipa\/","logo":{"@type":"ImageObject","inLanguage":"pt-BR","@id":"https:\/\/www.pipacomunica.com.br\/livrariadapipa\/#\/schema\/logo\/image\/","url":"https:\/\/i0.wp.com\/www.pipacomunica.com.br\/livrariadapipa\/wp-content\/uploads\/2018\/09\/marca-livraria-pipa-400px-negativo.png?fit=400%2C80&ssl=1","contentUrl":"https:\/\/i0.wp.com\/www.pipacomunica.com.br\/livrariadapipa\/wp-content\/uploads\/2018\/09\/marca-livraria-pipa-400px-negativo.png?fit=400%2C80&ssl=1","width":400,"height":80,"caption":"Livraria da Pipa Comunica\u00e7\u00e3o"},"image":{"@id":"https:\/\/www.pipacomunica.com.br\/livrariadapipa\/#\/schema\/logo\/image\/"},"sameAs":["https:\/\/www.facebook.com\/pipacomunica","https:\/\/x.com\/PipaComunica","https:\/\/instagram.com\/pipacomunicacao","http:\/\/www.linkedin.com\/companies\/pipa-comunica-o","https:\/\/br.pinterest.com\/pipacomunicacao\/","http:\/\/il.youtube.com\/user\/pipacomunicacao"]}]}},"jetpack_publicize_connections":[],"jetpack_sharing_enabled":true,"_links":{"self":[{"href":"https:\/\/www.pipacomunica.com.br\/livrariadapipa\/wp-json\/wp\/v2\/product\/284","targetHints":{"allow":["GET"]}}],"collection":[{"href":"https:\/\/www.pipacomunica.com.br\/livrariadapipa\/wp-json\/wp\/v2\/product"}],"about":[{"href":"https:\/\/www.pipacomunica.com.br\/livrariadapipa\/wp-json\/wp\/v2\/types\/product"}],"replies":[{"embeddable":true,"href":"https:\/\/www.pipacomunica.com.br\/livrariadapipa\/wp-json\/wp\/v2\/comments?post=284"}],"version-history":[{"count":2,"href":"https:\/\/www.pipacomunica.com.br\/livrariadapipa\/wp-json\/wp\/v2\/product\/284\/revisions"}],"predecessor-version":[{"id":6906,"href":"https:\/\/www.pipacomunica.com.br\/livrariadapipa\/wp-json\/wp\/v2\/product\/284\/revisions\/6906"}],"wp:featuredmedia":[{"embeddable":true,"href":"https:\/\/www.pipacomunica.com.br\/livrariadapipa\/wp-json\/wp\/v2\/media\/410"}],"wp:attachment":[{"href":"https:\/\/www.pipacomunica.com.br\/livrariadapipa\/wp-json\/wp\/v2\/media?parent=284"}],"wp:term":[{"taxonomy":"product_brand","embeddable":true,"href":"https:\/\/www.pipacomunica.com.br\/livrariadapipa\/wp-json\/wp\/v2\/product_brand?post=284"},{"taxonomy":"product_cat","embeddable":true,"href":"https:\/\/www.pipacomunica.com.br\/livrariadapipa\/wp-json\/wp\/v2\/product_cat?post=284"},{"taxonomy":"product_tag","embeddable":true,"href":"https:\/\/www.pipacomunica.com.br\/livrariadapipa\/wp-json\/wp\/v2\/product_tag?post=284"}],"curies":[{"name":"wp","href":"https:\/\/api.w.org\/{rel}","templated":true}]}}