{"id":263,"date":"2015-01-20T21:50:45","date_gmt":"2015-01-21T00:50:45","guid":{"rendered":"https:\/\/www.pipacomunica.com.br\/livrariadapipa\/?post_type=product&#038;p=263"},"modified":"2023-04-04T11:34:33","modified_gmt":"2023-04-04T14:34:33","slug":"um-estudo-sobre-anotacoes","status":"publish","type":"product","link":"https:\/\/www.pipacomunica.com.br\/livrariadapipa\/produto\/um-estudo-sobre-anotacoes\/","title":{"rendered":"Um Estudo sobre Anota\u00e7\u00f5es"},"content":{"rendered":"<p><strong>Um Estudo sobre Anota\u00e7\u00f5es: experi\u00eancias em registro no Pibid Letras UFPE<\/strong><br \/>\nAndr\u00e9a Silva Moraes<br \/>\nVolume 2\u00a0&#8211; S\u00e9rie Experimentando Teorias em Linguagens Diversas.<\/p>\n<p>Organiza\u00e7\u00e3o: Angela Paiva Dionisio.<br \/>\n1\u00aa Edi\u00e7\u00e3o.\u00a0Recife: Pipa Comunica\u00e7\u00e3o, 2014.<br \/>\nISBN 978-85-66530-29-2<br \/>\n104p. : Il..\u00a0Inclui bibliografia.<br \/>\n1. L\u00edngua Portuguesa. 2. Lingu\u00edstica. 3. Anota\u00e7\u00f5es. 4. PIBID. I. T\u00edtulo.<\/p>\n<p>Uma s\u00e9rie de eBooks que ganharam vida a partir das reflex\u00f5es te\u00f3ricas postas em pr\u00e1tica nas atividades do PIBID Letras\/Portugu\u00eas da Universidade Federal de Pernambuco.<\/p>\n","protected":false},"excerpt":{"rendered":"<p><strong>Um Estudo sobre Anota\u00e7\u00f5es: experi\u00eancias em registro no Pibid Letras UFPE<\/strong><br \/>\nAndr\u00e9a Silva Moraes<br \/>\nVolume 2 &#8211; S\u00e9rie Experimentando Teorias em Linguagens Diversas.<\/p>\n<p>Organiza\u00e7\u00e3o: Angela Paiva Dionisio.<br \/>\nEdi\u00e7\u00e3o: Pipa Comunica\u00e7\u00e3o.<\/p>\n<p>Download do arquivo (PDF): <a href=\"https:\/\/bit.ly\/umestudosobreanotacoes\" target=\"_blank\" rel=\"noopener\">https:\/\/bit.ly\/umestudosobreanotacoes<\/a><\/p>\n","protected":false},"featured_media":398,"comment_status":"open","ping_status":"closed","template":"","meta":{"jetpack_post_was_ever_published":false,"jetpack_publicize_message":"","jetpack_publicize_feature_enabled":true,"jetpack_social_post_already_shared":false,"jetpack_social_options":{"image_generator_settings":{"template":"highway","default_image_id":0,"font":"","enabled":false},"version":2}},"product_brand":[],"product_cat":[34,19,17,21],"product_tag":[],"class_list":{"0":"post-263","1":"product","2":"type-product","3":"status-publish","4":"has-post-thumbnail","6":"product_cat-sem-categoria","7":"product_cat-livros-digitais","8":"product_cat-gratuitos","9":"product_cat-serie-experimentando-teorias","11":"first","12":"instock","13":"shipping-taxable","14":"product-type-external"},"yoast_head":"<!-- This site is optimized with the Yoast SEO plugin v27.1.1 - https:\/\/yoast.com\/product\/yoast-seo-wordpress\/ -->\n<title>Um Estudo sobre Anota\u00e7\u00f5es - Livraria da Pipa Comunica\u00e7\u00e3o<\/title>\n<meta name=\"description\" content=\"Uma s\u00e9rie de eBooks que ganharam vida a partir das reflex\u00f5es te\u00f3ricas postas em pr\u00e1tica nas atividades do PIBID Letras\/Portugu\u00eas da Universidade Federal de Pernambuco.\" \/>\n<meta name=\"robots\" content=\"index, follow, max-snippet:-1, max-image-preview:large, max-video-preview:-1\" \/>\n<link rel=\"canonical\" href=\"https:\/\/www.pipacomunica.com.br\/livrariadapipa\/produto\/um-estudo-sobre-anotacoes\/\" \/>\n<meta property=\"og:locale\" content=\"pt_BR\" \/>\n<meta property=\"og:type\" content=\"article\" \/>\n<meta property=\"og:title\" content=\"Um Estudo sobre Anota\u00e7\u00f5es: experi\u00eancias em registro no Pibid Letras UFPE\" \/>\n<meta property=\"og:description\" content=\"Andr\u00e9a Silva Moraes aborda as experi\u00eancias de registro por meio de anota\u00e7\u00f5es realizadas durante o Pibid Letras UFPE.\" \/>\n<meta property=\"og:url\" content=\"https:\/\/www.pipacomunica.com.br\/livrariadapipa\/produto\/um-estudo-sobre-anotacoes\/\" \/>\n<meta property=\"og:site_name\" content=\"Livraria da Pipa Comunica\u00e7\u00e3o\" \/>\n<meta property=\"article:publisher\" content=\"https:\/\/www.facebook.com\/pipacomunica\" \/>\n<meta property=\"article:modified_time\" content=\"2023-04-04T14:34:33+00:00\" \/>\n<meta property=\"og:image\" content=\"https:\/\/www.pipacomunica.com.br\/livrariadapipa\/wp-content\/uploads\/2015\/01\/thumb-estudo-sobre-anotacoes.png\" \/>\n\t<meta property=\"og:image:width\" content=\"870\" \/>\n\t<meta property=\"og:image:height\" content=\"452\" \/>\n\t<meta property=\"og:image:type\" content=\"image\/png\" \/>\n<meta name=\"twitter:card\" content=\"summary_large_image\" \/>\n<meta name=\"twitter:title\" content=\"Um Estudo sobre Anota\u00e7\u00f5es: experi\u00eancias em registro no Pibid Letras UFPE\" \/>\n<meta name=\"twitter:description\" content=\"Andr\u00e9a Silva Moraes aborda as experi\u00eancias de registro por meio de anota\u00e7\u00f5es realizadas durante o Pibid Letras UFPE.\" \/>\n<meta name=\"twitter:image\" content=\"https:\/\/i0.wp.com\/www.pipacomunica.com.br\/livrariadapipa\/wp-content\/uploads\/2015\/01\/thumb-estudo-sobre-anotacoes.png?fit=870%2C452&ssl=1\" \/>\n<meta name=\"twitter:site\" content=\"@PipaComunica\" \/>\n<meta name=\"twitter:label1\" content=\"Est. tempo de leitura\" \/>\n\t<meta name=\"twitter:data1\" content=\"1 minuto\" \/>\n<script type=\"application\/ld+json\" class=\"yoast-schema-graph\">{\"@context\":\"https:\/\/schema.org\",\"@graph\":[{\"@type\":\"WebPage\",\"@id\":\"https:\/\/www.pipacomunica.com.br\/livrariadapipa\/produto\/um-estudo-sobre-anotacoes\/\",\"url\":\"https:\/\/www.pipacomunica.com.br\/livrariadapipa\/produto\/um-estudo-sobre-anotacoes\/\",\"name\":\"Um Estudo sobre Anota\u00e7\u00f5es - Livraria da Pipa Comunica\u00e7\u00e3o\",\"isPartOf\":{\"@id\":\"https:\/\/www.pipacomunica.com.br\/livrariadapipa\/#website\"},\"primaryImageOfPage\":{\"@id\":\"https:\/\/www.pipacomunica.com.br\/livrariadapipa\/produto\/um-estudo-sobre-anotacoes\/#primaryimage\"},\"image\":{\"@id\":\"https:\/\/www.pipacomunica.com.br\/livrariadapipa\/produto\/um-estudo-sobre-anotacoes\/#primaryimage\"},\"thumbnailUrl\":\"https:\/\/i0.wp.com\/www.pipacomunica.com.br\/livrariadapipa\/wp-content\/uploads\/2015\/06\/Um-estudo-sobre-anota%C3%A7%C3%B5es.jpg?fit=461%2C595&ssl=1\",\"datePublished\":\"2015-01-21T00:50:45+00:00\",\"dateModified\":\"2023-04-04T14:34:33+00:00\",\"description\":\"Uma s\u00e9rie de eBooks que ganharam vida a partir das reflex\u00f5es te\u00f3ricas postas em pr\u00e1tica nas atividades do PIBID Letras\/Portugu\u00eas da Universidade Federal de Pernambuco.\",\"breadcrumb\":{\"@id\":\"https:\/\/www.pipacomunica.com.br\/livrariadapipa\/produto\/um-estudo-sobre-anotacoes\/#breadcrumb\"},\"inLanguage\":\"pt-BR\",\"potentialAction\":[{\"@type\":\"ReadAction\",\"target\":[\"https:\/\/www.pipacomunica.com.br\/livrariadapipa\/produto\/um-estudo-sobre-anotacoes\/\"]}]},{\"@type\":\"ImageObject\",\"inLanguage\":\"pt-BR\",\"@id\":\"https:\/\/www.pipacomunica.com.br\/livrariadapipa\/produto\/um-estudo-sobre-anotacoes\/#primaryimage\",\"url\":\"https:\/\/i0.wp.com\/www.pipacomunica.com.br\/livrariadapipa\/wp-content\/uploads\/2015\/06\/Um-estudo-sobre-anota%C3%A7%C3%B5es.jpg?fit=461%2C595&ssl=1\",\"contentUrl\":\"https:\/\/i0.wp.com\/www.pipacomunica.com.br\/livrariadapipa\/wp-content\/uploads\/2015\/06\/Um-estudo-sobre-anota%C3%A7%C3%B5es.jpg?fit=461%2C595&ssl=1\",\"width\":461,\"height\":595},{\"@type\":\"BreadcrumbList\",\"@id\":\"https:\/\/www.pipacomunica.com.br\/livrariadapipa\/produto\/um-estudo-sobre-anotacoes\/#breadcrumb\",\"itemListElement\":[{\"@type\":\"ListItem\",\"position\":1,\"name\":\"In\u00edcio\",\"item\":\"https:\/\/www.pipacomunica.com.br\/livrariadapipa\/\"},{\"@type\":\"ListItem\",\"position\":2,\"name\":\"Cat\u00e1logo\",\"item\":\"https:\/\/www.pipacomunica.com.br\/livrariadapipa\/vitrine\/\"},{\"@type\":\"ListItem\",\"position\":3,\"name\":\"Um Estudo sobre Anota\u00e7\u00f5es\"}]},{\"@type\":\"WebSite\",\"@id\":\"https:\/\/www.pipacomunica.com.br\/livrariadapipa\/#website\",\"url\":\"https:\/\/www.pipacomunica.com.br\/livrariadapipa\/\",\"name\":\"Livraria da Pipa Comunica\u00e7\u00e3o\",\"description\":\"Livros mais baratos que xerox\",\"publisher\":{\"@id\":\"https:\/\/www.pipacomunica.com.br\/livrariadapipa\/#organization\"},\"potentialAction\":[{\"@type\":\"SearchAction\",\"target\":{\"@type\":\"EntryPoint\",\"urlTemplate\":\"https:\/\/www.pipacomunica.com.br\/livrariadapipa\/?s={search_term_string}\"},\"query-input\":{\"@type\":\"PropertyValueSpecification\",\"valueRequired\":true,\"valueName\":\"search_term_string\"}}],\"inLanguage\":\"pt-BR\"},{\"@type\":\"Organization\",\"@id\":\"https:\/\/www.pipacomunica.com.br\/livrariadapipa\/#organization\",\"name\":\"Livraria da Pipa Comunica\u00e7\u00e3o\",\"url\":\"https:\/\/www.pipacomunica.com.br\/livrariadapipa\/\",\"logo\":{\"@type\":\"ImageObject\",\"inLanguage\":\"pt-BR\",\"@id\":\"https:\/\/www.pipacomunica.com.br\/livrariadapipa\/#\/schema\/logo\/image\/\",\"url\":\"https:\/\/i0.wp.com\/www.pipacomunica.com.br\/livrariadapipa\/wp-content\/uploads\/2018\/09\/marca-livraria-pipa-400px-negativo.png?fit=400%2C80&ssl=1\",\"contentUrl\":\"https:\/\/i0.wp.com\/www.pipacomunica.com.br\/livrariadapipa\/wp-content\/uploads\/2018\/09\/marca-livraria-pipa-400px-negativo.png?fit=400%2C80&ssl=1\",\"width\":400,\"height\":80,\"caption\":\"Livraria da Pipa Comunica\u00e7\u00e3o\"},\"image\":{\"@id\":\"https:\/\/www.pipacomunica.com.br\/livrariadapipa\/#\/schema\/logo\/image\/\"},\"sameAs\":[\"https:\/\/www.facebook.com\/pipacomunica\",\"https:\/\/x.com\/PipaComunica\",\"https:\/\/instagram.com\/pipacomunicacao\",\"http:\/\/www.linkedin.com\/companies\/pipa-comunica-o\",\"https:\/\/br.pinterest.com\/pipacomunicacao\/\",\"http:\/\/il.youtube.com\/user\/pipacomunicacao\"]}]}<\/script>\n<!-- \/ Yoast SEO plugin. -->","yoast_head_json":{"title":"Um Estudo sobre Anota\u00e7\u00f5es - Livraria da Pipa Comunica\u00e7\u00e3o","description":"Uma s\u00e9rie de eBooks que ganharam vida a partir das reflex\u00f5es te\u00f3ricas postas em pr\u00e1tica nas atividades do PIBID Letras\/Portugu\u00eas da Universidade Federal de Pernambuco.","robots":{"index":"index","follow":"follow","max-snippet":"max-snippet:-1","max-image-preview":"max-image-preview:large","max-video-preview":"max-video-preview:-1"},"canonical":"https:\/\/www.pipacomunica.com.br\/livrariadapipa\/produto\/um-estudo-sobre-anotacoes\/","og_locale":"pt_BR","og_type":"article","og_title":"Um Estudo sobre Anota\u00e7\u00f5es: experi\u00eancias em registro no Pibid Letras UFPE","og_description":"Andr\u00e9a Silva Moraes aborda as experi\u00eancias de registro por meio de anota\u00e7\u00f5es realizadas durante o Pibid Letras UFPE.","og_url":"https:\/\/www.pipacomunica.com.br\/livrariadapipa\/produto\/um-estudo-sobre-anotacoes\/","og_site_name":"Livraria da Pipa Comunica\u00e7\u00e3o","article_publisher":"https:\/\/www.facebook.com\/pipacomunica","article_modified_time":"2023-04-04T14:34:33+00:00","og_image":[{"width":870,"height":452,"url":"https:\/\/www.pipacomunica.com.br\/livrariadapipa\/wp-content\/uploads\/2015\/01\/thumb-estudo-sobre-anotacoes.png","type":"image\/png"}],"twitter_card":"summary_large_image","twitter_title":"Um Estudo sobre Anota\u00e7\u00f5es: experi\u00eancias em registro no Pibid Letras UFPE","twitter_description":"Andr\u00e9a Silva Moraes aborda as experi\u00eancias de registro por meio de anota\u00e7\u00f5es realizadas durante o Pibid Letras UFPE.","twitter_image":"https:\/\/i0.wp.com\/www.pipacomunica.com.br\/livrariadapipa\/wp-content\/uploads\/2015\/01\/thumb-estudo-sobre-anotacoes.png?fit=870%2C452&ssl=1","twitter_site":"@PipaComunica","twitter_misc":{"Est. tempo de leitura":"1 minuto"},"schema":{"@context":"https:\/\/schema.org","@graph":[{"@type":"WebPage","@id":"https:\/\/www.pipacomunica.com.br\/livrariadapipa\/produto\/um-estudo-sobre-anotacoes\/","url":"https:\/\/www.pipacomunica.com.br\/livrariadapipa\/produto\/um-estudo-sobre-anotacoes\/","name":"Um Estudo sobre Anota\u00e7\u00f5es - Livraria da Pipa Comunica\u00e7\u00e3o","isPartOf":{"@id":"https:\/\/www.pipacomunica.com.br\/livrariadapipa\/#website"},"primaryImageOfPage":{"@id":"https:\/\/www.pipacomunica.com.br\/livrariadapipa\/produto\/um-estudo-sobre-anotacoes\/#primaryimage"},"image":{"@id":"https:\/\/www.pipacomunica.com.br\/livrariadapipa\/produto\/um-estudo-sobre-anotacoes\/#primaryimage"},"thumbnailUrl":"https:\/\/i0.wp.com\/www.pipacomunica.com.br\/livrariadapipa\/wp-content\/uploads\/2015\/06\/Um-estudo-sobre-anota%C3%A7%C3%B5es.jpg?fit=461%2C595&ssl=1","datePublished":"2015-01-21T00:50:45+00:00","dateModified":"2023-04-04T14:34:33+00:00","description":"Uma s\u00e9rie de eBooks que ganharam vida a partir das reflex\u00f5es te\u00f3ricas postas em pr\u00e1tica nas atividades do PIBID Letras\/Portugu\u00eas da Universidade Federal de Pernambuco.","breadcrumb":{"@id":"https:\/\/www.pipacomunica.com.br\/livrariadapipa\/produto\/um-estudo-sobre-anotacoes\/#breadcrumb"},"inLanguage":"pt-BR","potentialAction":[{"@type":"ReadAction","target":["https:\/\/www.pipacomunica.com.br\/livrariadapipa\/produto\/um-estudo-sobre-anotacoes\/"]}]},{"@type":"ImageObject","inLanguage":"pt-BR","@id":"https:\/\/www.pipacomunica.com.br\/livrariadapipa\/produto\/um-estudo-sobre-anotacoes\/#primaryimage","url":"https:\/\/i0.wp.com\/www.pipacomunica.com.br\/livrariadapipa\/wp-content\/uploads\/2015\/06\/Um-estudo-sobre-anota%C3%A7%C3%B5es.jpg?fit=461%2C595&ssl=1","contentUrl":"https:\/\/i0.wp.com\/www.pipacomunica.com.br\/livrariadapipa\/wp-content\/uploads\/2015\/06\/Um-estudo-sobre-anota%C3%A7%C3%B5es.jpg?fit=461%2C595&ssl=1","width":461,"height":595},{"@type":"BreadcrumbList","@id":"https:\/\/www.pipacomunica.com.br\/livrariadapipa\/produto\/um-estudo-sobre-anotacoes\/#breadcrumb","itemListElement":[{"@type":"ListItem","position":1,"name":"In\u00edcio","item":"https:\/\/www.pipacomunica.com.br\/livrariadapipa\/"},{"@type":"ListItem","position":2,"name":"Cat\u00e1logo","item":"https:\/\/www.pipacomunica.com.br\/livrariadapipa\/vitrine\/"},{"@type":"ListItem","position":3,"name":"Um Estudo sobre Anota\u00e7\u00f5es"}]},{"@type":"WebSite","@id":"https:\/\/www.pipacomunica.com.br\/livrariadapipa\/#website","url":"https:\/\/www.pipacomunica.com.br\/livrariadapipa\/","name":"Livraria da Pipa Comunica\u00e7\u00e3o","description":"Livros mais baratos que xerox","publisher":{"@id":"https:\/\/www.pipacomunica.com.br\/livrariadapipa\/#organization"},"potentialAction":[{"@type":"SearchAction","target":{"@type":"EntryPoint","urlTemplate":"https:\/\/www.pipacomunica.com.br\/livrariadapipa\/?s={search_term_string}"},"query-input":{"@type":"PropertyValueSpecification","valueRequired":true,"valueName":"search_term_string"}}],"inLanguage":"pt-BR"},{"@type":"Organization","@id":"https:\/\/www.pipacomunica.com.br\/livrariadapipa\/#organization","name":"Livraria da Pipa Comunica\u00e7\u00e3o","url":"https:\/\/www.pipacomunica.com.br\/livrariadapipa\/","logo":{"@type":"ImageObject","inLanguage":"pt-BR","@id":"https:\/\/www.pipacomunica.com.br\/livrariadapipa\/#\/schema\/logo\/image\/","url":"https:\/\/i0.wp.com\/www.pipacomunica.com.br\/livrariadapipa\/wp-content\/uploads\/2018\/09\/marca-livraria-pipa-400px-negativo.png?fit=400%2C80&ssl=1","contentUrl":"https:\/\/i0.wp.com\/www.pipacomunica.com.br\/livrariadapipa\/wp-content\/uploads\/2018\/09\/marca-livraria-pipa-400px-negativo.png?fit=400%2C80&ssl=1","width":400,"height":80,"caption":"Livraria da Pipa Comunica\u00e7\u00e3o"},"image":{"@id":"https:\/\/www.pipacomunica.com.br\/livrariadapipa\/#\/schema\/logo\/image\/"},"sameAs":["https:\/\/www.facebook.com\/pipacomunica","https:\/\/x.com\/PipaComunica","https:\/\/instagram.com\/pipacomunicacao","http:\/\/www.linkedin.com\/companies\/pipa-comunica-o","https:\/\/br.pinterest.com\/pipacomunicacao\/","http:\/\/il.youtube.com\/user\/pipacomunicacao"]}]}},"jetpack_publicize_connections":[],"jetpack_sharing_enabled":true,"_links":{"self":[{"href":"https:\/\/www.pipacomunica.com.br\/livrariadapipa\/wp-json\/wp\/v2\/product\/263","targetHints":{"allow":["GET"]}}],"collection":[{"href":"https:\/\/www.pipacomunica.com.br\/livrariadapipa\/wp-json\/wp\/v2\/product"}],"about":[{"href":"https:\/\/www.pipacomunica.com.br\/livrariadapipa\/wp-json\/wp\/v2\/types\/product"}],"replies":[{"embeddable":true,"href":"https:\/\/www.pipacomunica.com.br\/livrariadapipa\/wp-json\/wp\/v2\/comments?post=263"}],"version-history":[{"count":3,"href":"https:\/\/www.pipacomunica.com.br\/livrariadapipa\/wp-json\/wp\/v2\/product\/263\/revisions"}],"predecessor-version":[{"id":11992,"href":"https:\/\/www.pipacomunica.com.br\/livrariadapipa\/wp-json\/wp\/v2\/product\/263\/revisions\/11992"}],"wp:featuredmedia":[{"embeddable":true,"href":"https:\/\/www.pipacomunica.com.br\/livrariadapipa\/wp-json\/wp\/v2\/media\/398"}],"wp:attachment":[{"href":"https:\/\/www.pipacomunica.com.br\/livrariadapipa\/wp-json\/wp\/v2\/media?parent=263"}],"wp:term":[{"taxonomy":"product_brand","embeddable":true,"href":"https:\/\/www.pipacomunica.com.br\/livrariadapipa\/wp-json\/wp\/v2\/product_brand?post=263"},{"taxonomy":"product_cat","embeddable":true,"href":"https:\/\/www.pipacomunica.com.br\/livrariadapipa\/wp-json\/wp\/v2\/product_cat?post=263"},{"taxonomy":"product_tag","embeddable":true,"href":"https:\/\/www.pipacomunica.com.br\/livrariadapipa\/wp-json\/wp\/v2\/product_tag?post=263"}],"curies":[{"name":"wp","href":"https:\/\/api.w.org\/{rel}","templated":true}]}}