{"id":1981,"date":"2018-06-14T19:37:16","date_gmt":"2018-06-14T22:37:16","guid":{"rendered":"https:\/\/www.pipacomunica.com.br\/livrariadapipa\/?post_type=product&#038;p=1981"},"modified":"2023-02-03T16:35:00","modified_gmt":"2023-02-03T19:35:00","slug":"construcao-do-argumento","status":"publish","type":"product","link":"https:\/\/www.pipacomunica.com.br\/livrariadapipa\/produto\/construcao-do-argumento\/","title":{"rendered":"A Constru\u00e7\u00e3o do Argumento"},"content":{"rendered":"<p><strong>A Constru\u00e7\u00e3o do Argumento<\/strong><br \/>\neBook \u2014 PDF, EPUB e MOBI<br \/>\nJohn Ramage, Micheal Callaway, Jennifer Clary-Lemon, Zachary Waggoner<br \/>\nTradu\u00e7\u00e3o de Clemilton Lopes Pinheiro, Erik Fernando Martins, Felipo Bellini Souza, Karine Alves David, Marcus Mussi, Maria Hozanete Alves de Lima, S\u00edlvio Luis da Silva<br \/>\n<em>A Constru\u00e7\u00e3o do Argumento<\/em> \u00e9 uma obra que estimula a reflex\u00e3o sobre a argumenta\u00e7\u00e3o e a constru\u00e7\u00e3o do argumento no ensino da escrita na universidade, abrindo caminho para pr\u00e1ticas educativas relevantes no ensino superior brasileiro. Reflex\u00f5es que podem contribuir tamb\u00e9m para pr\u00e1ticas educativas de docentes em diferentes n\u00edveis.<br \/>\nA Pipa Comunica\u00e7\u00e3o editorial recebeu licen\u00e7a da <em><a href=\"http:\/\/www.parlorpress.com\">Parlor Press<\/a><\/em> para publicar a tradu\u00e7\u00e3o da obra <em><a href=\"http:\/\/www.parlorpress.com\/argument\" target=\"_blank\" rel=\"noopener\">Argument in Composition<\/a><\/em> dos autores John Ramage, Micheal Callaway, Jennifer Clary-Lemon e Zachary Waggoner. A tradu\u00e7\u00e3o foi realizada por um grupo de pesquisadores da Universidade Federal do Rio Grande do Norte (UFRN) coordenada pelo professor Clemilton Lopes Pinheiro.<br \/>\n1\u00aa Edi\u00e7\u00e3o. Pipa Comunica\u00e7\u00e3o. 2018.<br \/>\nISBN 978-85-66530-81-0<br \/>\n266p. : Bibliografia. (e-book)<br \/>\n1. Lingu\u00edstica. 2. Ret\u00f3rica. 3. Argumenta\u00e7\u00e3o. 4. Escrita.<\/p>\n<h5>V\u00eddeo de Lan\u00e7amento<\/h5>\n<p><span class=\"embed-youtube\" style=\"text-align:center; display: block;\"><iframe class=\"youtube-player\" width=\"980\" height=\"552\" src=\"https:\/\/www.youtube.com\/embed\/ofL0hTjIBi4?version=3&#038;rel=1&#038;showsearch=0&#038;showinfo=1&#038;iv_load_policy=1&#038;fs=1&#038;hl=pt-BR&#038;autohide=2&#038;wmode=transparent\" allowfullscreen=\"true\" style=\"border:0;\" sandbox=\"allow-scripts allow-same-origin allow-popups allow-presentation allow-popups-to-escape-sandbox\"><\/iframe><\/span><\/p>\n<p><strong>Coordena\u00e7\u00e3o de tradu\u00e7\u00e3o<\/strong>: Clemilton Lopes Pinheiro<br \/>\n<strong>Capa, projeto gr\u00e1fico e diagrama\u00e7\u00e3o<\/strong>: Karla Vidal e Augusto Noronha. Pipa Comunica\u00e7\u00e3o (<a href=\"https:\/\/www.pipacomunica.com.br\">www.pipacomunica.com.br<\/a>)<br \/>\n<strong>Revis\u00e3o lingu\u00edstica:<\/strong> Karla Geane de Oliveira<\/p>\n","protected":false},"excerpt":{"rendered":"<p><strong>A Constru\u00e7\u00e3o do Argumento<\/strong><br \/>\neBook \u2014 PDF, EPUB e MOBI<br \/>\nJohn Ramage, Micheal Callaway, Jennifer Clary-Lemon, Zachary Waggoner<\/p>\n<p>A Pipa Comunica\u00e7\u00e3o editorial recebeu licen\u00e7a da <em><a href=\"http:\/\/www.parlorpress.com\">Parlor Press<\/a><\/em> para publicar a tradu\u00e7\u00e3o da obra <em><a href=\"http:\/\/www.parlorpress.com\/argument\" target=\"_blank\" rel=\"noopener\">Argument in Composition<\/a><\/em> dos autores John Ramage, Micheal Callaway, Jennifer Clary-Lemon e Zachary Waggoner. A tradu\u00e7\u00e3o foi realizada por um grupo de pesquisadores da Universidade Federal do Rio Grande do Norte (UFRN) coordenada pelo professor Clemilton Lopes Pinheiro.\u00a0<em>A Constru\u00e7\u00e3o do Argumento<\/em> \u00e9 uma obra que estimula a reflex\u00e3o sobre a argumenta\u00e7\u00e3o e a constru\u00e7\u00e3o do argumento no ensino da escrita na universidade, abrindo caminho para pr\u00e1ticas educativas relevantes no ensino superior brasileiro. Reflex\u00f5es que podem contribuir tamb\u00e9m para pr\u00e1ticas educativas de docentes em diferentes n\u00edveis.<\/p>\n<p>1\u00aa Edi\u00e7\u00e3o. Pipa Comunica\u00e7\u00e3o. 2018.<br \/>\nISBN 978-85-66530-81-0<br \/>\n266p. : Bibliografia. (e-book)<br \/>\n1. Lingu\u00edstica. 2. Ret\u00f3rica. 3. Argumenta\u00e7\u00e3o. 4. Escrita.<\/p>\n<ul>\n<li>Download PDF: <a href=\"http:\/\/bit.ly\/argumentoPDF\" target=\"_blank\" rel=\"noopener\">bit.ly\/argumentoPDF<\/a> ou via <a href=\"https:\/\/www.dropbox.com\/s\/2jfihv4l71f4uof\/ebook-a-construcao-do-argumento.pdf?dl=0\" target=\"_blank\" rel=\"noopener\">Dropbox<\/a><\/li>\n<li>Download EPUB: <a href=\"http:\/\/bit.ly\/argumentoepub\" target=\"_blank\" rel=\"noopener\">bit.ly\/argumentoepub<\/a> ou via <a href=\"https:\/\/www.dropbox.com\/s\/aantxzffgsohz80\/a-construcao-do-argumento.epub?dl=0\" target=\"_blank\" rel=\"noopener\">Dropbox<\/a><\/li>\n<li>Download MOBI: <a href=\"http:\/\/bit.ly\/argumentomobi\" target=\"_blank\" rel=\"noopener\">bit.ly\/argumentomobi<\/a>ou via <a href=\"https:\/\/www.dropbox.com\/s\/bgdlf5op4mqaf65\/Construcao%20do%20Argumento.%20mobi?dl=0\" target=\"_blank\" rel=\"noopener\">Dropbox<\/a><\/li>\n<li>Leitura online no ISSUU: <a href=\"http:\/\/bit.ly\/argumentonoissuu\" target=\"_blank\" rel=\"noopener\">bit.ly\/argumentonoissuu<\/a><\/li>\n<\/ul>\n<p>Consulte informa\u00e7\u00f5es sobre cada formato no link: <a href=\"https:\/\/www.pipacomunica.com.br\/livrariadapipa\/formatos\/\" target=\"_blank\" rel=\"noopener\">https:\/\/www.pipacomunica.com.br\/livrariadapipa\/formatos\/<\/a><\/p>\n","protected":false},"featured_media":1986,"comment_status":"open","ping_status":"closed","template":"","meta":{"jetpack_post_was_ever_published":false,"jetpack_publicize_message":"","jetpack_publicize_feature_enabled":true,"jetpack_social_post_already_shared":false,"jetpack_social_options":{"image_generator_settings":{"template":"highway","default_image_id":0,"font":"","enabled":false},"version":2}},"product_brand":[],"product_cat":[34,19,17],"product_tag":[],"class_list":{"0":"post-1981","1":"product","2":"type-product","3":"status-publish","4":"has-post-thumbnail","6":"product_cat-sem-categoria","7":"product_cat-livros-digitais","8":"product_cat-gratuitos","10":"first","11":"instock","12":"shipping-taxable","13":"product-type-external"},"yoast_head":"<!-- This site is optimized with the Yoast SEO plugin v27.1.1 - https:\/\/yoast.com\/product\/yoast-seo-wordpress\/ -->\n<title>A Constru\u00e7\u00e3o do Argumento<\/title>\n<meta name=\"description\" content=\"A obra estimula a reflex\u00e3o sobre a argumenta\u00e7\u00e3o e a constru\u00e7\u00e3o do argumento no ensino da escrita na universidade, abrindo caminho para pr\u00e1ticas educativas relevantes no ensino superior brasileiro. Reflex\u00f5es que podem contribuir tamb\u00e9m para pr\u00e1ticas educativas de docentes em diferentes n\u00edveis.\" \/>\n<meta name=\"robots\" content=\"index, follow, max-snippet:-1, max-image-preview:large, max-video-preview:-1\" \/>\n<link rel=\"canonical\" href=\"https:\/\/www.pipacomunica.com.br\/livrariadapipa\/produto\/construcao-do-argumento\/\" \/>\n<meta property=\"og:locale\" content=\"pt_BR\" \/>\n<meta property=\"og:type\" content=\"article\" \/>\n<meta property=\"og:title\" content=\"A Constru\u00e7\u00e3o do Argumento\" \/>\n<meta property=\"og:description\" content=\"A obra estimula a reflex\u00e3o sobre a argumenta\u00e7\u00e3o e a constru\u00e7\u00e3o do argumento no ensino da escrita na universidade, abrindo caminho para pr\u00e1ticas educativas relevantes no ensino superior brasileiro. Reflex\u00f5es que podem contribuir tamb\u00e9m para pr\u00e1ticas educativas de docentes em diferentes n\u00edveis.\" \/>\n<meta property=\"og:url\" content=\"https:\/\/www.pipacomunica.com.br\/livrariadapipa\/produto\/construcao-do-argumento\/\" \/>\n<meta property=\"og:site_name\" content=\"Livraria da Pipa Comunica\u00e7\u00e3o\" \/>\n<meta property=\"article:publisher\" content=\"https:\/\/www.facebook.com\/pipacomunica\" \/>\n<meta property=\"article:modified_time\" content=\"2023-02-03T19:35:00+00:00\" \/>\n<meta property=\"og:image\" content=\"https:\/\/www.pipacomunica.com.br\/livrariadapipa\/wp-content\/uploads\/2018\/06\/thumb-a-construcao-do-argumento.png\" \/>\n\t<meta property=\"og:image:width\" content=\"870\" \/>\n\t<meta property=\"og:image:height\" content=\"452\" \/>\n\t<meta property=\"og:image:type\" content=\"image\/png\" \/>\n<meta name=\"twitter:card\" content=\"summary_large_image\" \/>\n<meta name=\"twitter:title\" content=\"A Constru\u00e7\u00e3o do Argumento\" \/>\n<meta name=\"twitter:description\" content=\"A obra estimula a reflex\u00e3o sobre a argumenta\u00e7\u00e3o e a constru\u00e7\u00e3o do argumento no ensino da escrita na universidade, abrindo caminho para pr\u00e1ticas educativas relevantes no ensino superior brasileiro. Reflex\u00f5es que podem contribuir tamb\u00e9m para pr\u00e1ticas educativas de docentes em diferentes n\u00edveis.\" \/>\n<meta name=\"twitter:image\" content=\"https:\/\/i0.wp.com\/www.pipacomunica.com.br\/livrariadapipa\/wp-content\/uploads\/2018\/06\/thumb-a-construcao-do-argumento.png?fit=870%2C452&ssl=1\" \/>\n<meta name=\"twitter:site\" content=\"@PipaComunica\" \/>\n<meta name=\"twitter:label1\" content=\"Est. tempo de leitura\" \/>\n\t<meta name=\"twitter:data1\" content=\"2 minutos\" \/>\n<script type=\"application\/ld+json\" class=\"yoast-schema-graph\">{\"@context\":\"https:\/\/schema.org\",\"@graph\":[{\"@type\":\"WebPage\",\"@id\":\"https:\/\/www.pipacomunica.com.br\/livrariadapipa\/produto\/construcao-do-argumento\/\",\"url\":\"https:\/\/www.pipacomunica.com.br\/livrariadapipa\/produto\/construcao-do-argumento\/\",\"name\":\"A Constru\u00e7\u00e3o do Argumento\",\"isPartOf\":{\"@id\":\"https:\/\/www.pipacomunica.com.br\/livrariadapipa\/#website\"},\"primaryImageOfPage\":{\"@id\":\"https:\/\/www.pipacomunica.com.br\/livrariadapipa\/produto\/construcao-do-argumento\/#primaryimage\"},\"image\":{\"@id\":\"https:\/\/www.pipacomunica.com.br\/livrariadapipa\/produto\/construcao-do-argumento\/#primaryimage\"},\"thumbnailUrl\":\"https:\/\/i0.wp.com\/www.pipacomunica.com.br\/livrariadapipa\/wp-content\/uploads\/2018\/06\/construcao-do-argumento.png?fit=461%2C595&ssl=1\",\"datePublished\":\"2018-06-14T22:37:16+00:00\",\"dateModified\":\"2023-02-03T19:35:00+00:00\",\"description\":\"A obra estimula a reflex\u00e3o sobre a argumenta\u00e7\u00e3o e a constru\u00e7\u00e3o do argumento no ensino da escrita na universidade, abrindo caminho para pr\u00e1ticas educativas relevantes no ensino superior brasileiro. Reflex\u00f5es que podem contribuir tamb\u00e9m para pr\u00e1ticas educativas de docentes em diferentes n\u00edveis.\",\"breadcrumb\":{\"@id\":\"https:\/\/www.pipacomunica.com.br\/livrariadapipa\/produto\/construcao-do-argumento\/#breadcrumb\"},\"inLanguage\":\"pt-BR\",\"potentialAction\":[{\"@type\":\"ReadAction\",\"target\":[\"https:\/\/www.pipacomunica.com.br\/livrariadapipa\/produto\/construcao-do-argumento\/\"]}]},{\"@type\":\"ImageObject\",\"inLanguage\":\"pt-BR\",\"@id\":\"https:\/\/www.pipacomunica.com.br\/livrariadapipa\/produto\/construcao-do-argumento\/#primaryimage\",\"url\":\"https:\/\/i0.wp.com\/www.pipacomunica.com.br\/livrariadapipa\/wp-content\/uploads\/2018\/06\/construcao-do-argumento.png?fit=461%2C595&ssl=1\",\"contentUrl\":\"https:\/\/i0.wp.com\/www.pipacomunica.com.br\/livrariadapipa\/wp-content\/uploads\/2018\/06\/construcao-do-argumento.png?fit=461%2C595&ssl=1\",\"width\":461,\"height\":595,\"caption\":\"A Constru\u00e7\u00e3o do Argumento\"},{\"@type\":\"BreadcrumbList\",\"@id\":\"https:\/\/www.pipacomunica.com.br\/livrariadapipa\/produto\/construcao-do-argumento\/#breadcrumb\",\"itemListElement\":[{\"@type\":\"ListItem\",\"position\":1,\"name\":\"In\u00edcio\",\"item\":\"https:\/\/www.pipacomunica.com.br\/livrariadapipa\/\"},{\"@type\":\"ListItem\",\"position\":2,\"name\":\"Cat\u00e1logo\",\"item\":\"https:\/\/www.pipacomunica.com.br\/livrariadapipa\/vitrine\/\"},{\"@type\":\"ListItem\",\"position\":3,\"name\":\"A Constru\u00e7\u00e3o do Argumento\"}]},{\"@type\":\"WebSite\",\"@id\":\"https:\/\/www.pipacomunica.com.br\/livrariadapipa\/#website\",\"url\":\"https:\/\/www.pipacomunica.com.br\/livrariadapipa\/\",\"name\":\"Livraria da Pipa Comunica\u00e7\u00e3o\",\"description\":\"Livros mais baratos que xerox\",\"publisher\":{\"@id\":\"https:\/\/www.pipacomunica.com.br\/livrariadapipa\/#organization\"},\"potentialAction\":[{\"@type\":\"SearchAction\",\"target\":{\"@type\":\"EntryPoint\",\"urlTemplate\":\"https:\/\/www.pipacomunica.com.br\/livrariadapipa\/?s={search_term_string}\"},\"query-input\":{\"@type\":\"PropertyValueSpecification\",\"valueRequired\":true,\"valueName\":\"search_term_string\"}}],\"inLanguage\":\"pt-BR\"},{\"@type\":\"Organization\",\"@id\":\"https:\/\/www.pipacomunica.com.br\/livrariadapipa\/#organization\",\"name\":\"Livraria da Pipa Comunica\u00e7\u00e3o\",\"url\":\"https:\/\/www.pipacomunica.com.br\/livrariadapipa\/\",\"logo\":{\"@type\":\"ImageObject\",\"inLanguage\":\"pt-BR\",\"@id\":\"https:\/\/www.pipacomunica.com.br\/livrariadapipa\/#\/schema\/logo\/image\/\",\"url\":\"https:\/\/i0.wp.com\/www.pipacomunica.com.br\/livrariadapipa\/wp-content\/uploads\/2018\/09\/marca-livraria-pipa-400px-negativo.png?fit=400%2C80&ssl=1\",\"contentUrl\":\"https:\/\/i0.wp.com\/www.pipacomunica.com.br\/livrariadapipa\/wp-content\/uploads\/2018\/09\/marca-livraria-pipa-400px-negativo.png?fit=400%2C80&ssl=1\",\"width\":400,\"height\":80,\"caption\":\"Livraria da Pipa Comunica\u00e7\u00e3o\"},\"image\":{\"@id\":\"https:\/\/www.pipacomunica.com.br\/livrariadapipa\/#\/schema\/logo\/image\/\"},\"sameAs\":[\"https:\/\/www.facebook.com\/pipacomunica\",\"https:\/\/x.com\/PipaComunica\",\"https:\/\/instagram.com\/pipacomunicacao\",\"http:\/\/www.linkedin.com\/companies\/pipa-comunica-o\",\"https:\/\/br.pinterest.com\/pipacomunicacao\/\",\"http:\/\/il.youtube.com\/user\/pipacomunicacao\"]}]}<\/script>\n<!-- \/ Yoast SEO plugin. -->","yoast_head_json":{"title":"A Constru\u00e7\u00e3o do Argumento","description":"A obra estimula a reflex\u00e3o sobre a argumenta\u00e7\u00e3o e a constru\u00e7\u00e3o do argumento no ensino da escrita na universidade, abrindo caminho para pr\u00e1ticas educativas relevantes no ensino superior brasileiro. Reflex\u00f5es que podem contribuir tamb\u00e9m para pr\u00e1ticas educativas de docentes em diferentes n\u00edveis.","robots":{"index":"index","follow":"follow","max-snippet":"max-snippet:-1","max-image-preview":"max-image-preview:large","max-video-preview":"max-video-preview:-1"},"canonical":"https:\/\/www.pipacomunica.com.br\/livrariadapipa\/produto\/construcao-do-argumento\/","og_locale":"pt_BR","og_type":"article","og_title":"A Constru\u00e7\u00e3o do Argumento","og_description":"A obra estimula a reflex\u00e3o sobre a argumenta\u00e7\u00e3o e a constru\u00e7\u00e3o do argumento no ensino da escrita na universidade, abrindo caminho para pr\u00e1ticas educativas relevantes no ensino superior brasileiro. Reflex\u00f5es que podem contribuir tamb\u00e9m para pr\u00e1ticas educativas de docentes em diferentes n\u00edveis.","og_url":"https:\/\/www.pipacomunica.com.br\/livrariadapipa\/produto\/construcao-do-argumento\/","og_site_name":"Livraria da Pipa Comunica\u00e7\u00e3o","article_publisher":"https:\/\/www.facebook.com\/pipacomunica","article_modified_time":"2023-02-03T19:35:00+00:00","og_image":[{"width":870,"height":452,"url":"https:\/\/www.pipacomunica.com.br\/livrariadapipa\/wp-content\/uploads\/2018\/06\/thumb-a-construcao-do-argumento.png","type":"image\/png"}],"twitter_card":"summary_large_image","twitter_title":"A Constru\u00e7\u00e3o do Argumento","twitter_description":"A obra estimula a reflex\u00e3o sobre a argumenta\u00e7\u00e3o e a constru\u00e7\u00e3o do argumento no ensino da escrita na universidade, abrindo caminho para pr\u00e1ticas educativas relevantes no ensino superior brasileiro. Reflex\u00f5es que podem contribuir tamb\u00e9m para pr\u00e1ticas educativas de docentes em diferentes n\u00edveis.","twitter_image":"https:\/\/i0.wp.com\/www.pipacomunica.com.br\/livrariadapipa\/wp-content\/uploads\/2018\/06\/thumb-a-construcao-do-argumento.png?fit=870%2C452&ssl=1","twitter_site":"@PipaComunica","twitter_misc":{"Est. tempo de leitura":"2 minutos"},"schema":{"@context":"https:\/\/schema.org","@graph":[{"@type":"WebPage","@id":"https:\/\/www.pipacomunica.com.br\/livrariadapipa\/produto\/construcao-do-argumento\/","url":"https:\/\/www.pipacomunica.com.br\/livrariadapipa\/produto\/construcao-do-argumento\/","name":"A Constru\u00e7\u00e3o do Argumento","isPartOf":{"@id":"https:\/\/www.pipacomunica.com.br\/livrariadapipa\/#website"},"primaryImageOfPage":{"@id":"https:\/\/www.pipacomunica.com.br\/livrariadapipa\/produto\/construcao-do-argumento\/#primaryimage"},"image":{"@id":"https:\/\/www.pipacomunica.com.br\/livrariadapipa\/produto\/construcao-do-argumento\/#primaryimage"},"thumbnailUrl":"https:\/\/i0.wp.com\/www.pipacomunica.com.br\/livrariadapipa\/wp-content\/uploads\/2018\/06\/construcao-do-argumento.png?fit=461%2C595&ssl=1","datePublished":"2018-06-14T22:37:16+00:00","dateModified":"2023-02-03T19:35:00+00:00","description":"A obra estimula a reflex\u00e3o sobre a argumenta\u00e7\u00e3o e a constru\u00e7\u00e3o do argumento no ensino da escrita na universidade, abrindo caminho para pr\u00e1ticas educativas relevantes no ensino superior brasileiro. Reflex\u00f5es que podem contribuir tamb\u00e9m para pr\u00e1ticas educativas de docentes em diferentes n\u00edveis.","breadcrumb":{"@id":"https:\/\/www.pipacomunica.com.br\/livrariadapipa\/produto\/construcao-do-argumento\/#breadcrumb"},"inLanguage":"pt-BR","potentialAction":[{"@type":"ReadAction","target":["https:\/\/www.pipacomunica.com.br\/livrariadapipa\/produto\/construcao-do-argumento\/"]}]},{"@type":"ImageObject","inLanguage":"pt-BR","@id":"https:\/\/www.pipacomunica.com.br\/livrariadapipa\/produto\/construcao-do-argumento\/#primaryimage","url":"https:\/\/i0.wp.com\/www.pipacomunica.com.br\/livrariadapipa\/wp-content\/uploads\/2018\/06\/construcao-do-argumento.png?fit=461%2C595&ssl=1","contentUrl":"https:\/\/i0.wp.com\/www.pipacomunica.com.br\/livrariadapipa\/wp-content\/uploads\/2018\/06\/construcao-do-argumento.png?fit=461%2C595&ssl=1","width":461,"height":595,"caption":"A Constru\u00e7\u00e3o do Argumento"},{"@type":"BreadcrumbList","@id":"https:\/\/www.pipacomunica.com.br\/livrariadapipa\/produto\/construcao-do-argumento\/#breadcrumb","itemListElement":[{"@type":"ListItem","position":1,"name":"In\u00edcio","item":"https:\/\/www.pipacomunica.com.br\/livrariadapipa\/"},{"@type":"ListItem","position":2,"name":"Cat\u00e1logo","item":"https:\/\/www.pipacomunica.com.br\/livrariadapipa\/vitrine\/"},{"@type":"ListItem","position":3,"name":"A Constru\u00e7\u00e3o do Argumento"}]},{"@type":"WebSite","@id":"https:\/\/www.pipacomunica.com.br\/livrariadapipa\/#website","url":"https:\/\/www.pipacomunica.com.br\/livrariadapipa\/","name":"Livraria da Pipa Comunica\u00e7\u00e3o","description":"Livros mais baratos que xerox","publisher":{"@id":"https:\/\/www.pipacomunica.com.br\/livrariadapipa\/#organization"},"potentialAction":[{"@type":"SearchAction","target":{"@type":"EntryPoint","urlTemplate":"https:\/\/www.pipacomunica.com.br\/livrariadapipa\/?s={search_term_string}"},"query-input":{"@type":"PropertyValueSpecification","valueRequired":true,"valueName":"search_term_string"}}],"inLanguage":"pt-BR"},{"@type":"Organization","@id":"https:\/\/www.pipacomunica.com.br\/livrariadapipa\/#organization","name":"Livraria da Pipa Comunica\u00e7\u00e3o","url":"https:\/\/www.pipacomunica.com.br\/livrariadapipa\/","logo":{"@type":"ImageObject","inLanguage":"pt-BR","@id":"https:\/\/www.pipacomunica.com.br\/livrariadapipa\/#\/schema\/logo\/image\/","url":"https:\/\/i0.wp.com\/www.pipacomunica.com.br\/livrariadapipa\/wp-content\/uploads\/2018\/09\/marca-livraria-pipa-400px-negativo.png?fit=400%2C80&ssl=1","contentUrl":"https:\/\/i0.wp.com\/www.pipacomunica.com.br\/livrariadapipa\/wp-content\/uploads\/2018\/09\/marca-livraria-pipa-400px-negativo.png?fit=400%2C80&ssl=1","width":400,"height":80,"caption":"Livraria da Pipa Comunica\u00e7\u00e3o"},"image":{"@id":"https:\/\/www.pipacomunica.com.br\/livrariadapipa\/#\/schema\/logo\/image\/"},"sameAs":["https:\/\/www.facebook.com\/pipacomunica","https:\/\/x.com\/PipaComunica","https:\/\/instagram.com\/pipacomunicacao","http:\/\/www.linkedin.com\/companies\/pipa-comunica-o","https:\/\/br.pinterest.com\/pipacomunicacao\/","http:\/\/il.youtube.com\/user\/pipacomunicacao"]}]}},"jetpack_publicize_connections":[],"jetpack_sharing_enabled":true,"_links":{"self":[{"href":"https:\/\/www.pipacomunica.com.br\/livrariadapipa\/wp-json\/wp\/v2\/product\/1981","targetHints":{"allow":["GET"]}}],"collection":[{"href":"https:\/\/www.pipacomunica.com.br\/livrariadapipa\/wp-json\/wp\/v2\/product"}],"about":[{"href":"https:\/\/www.pipacomunica.com.br\/livrariadapipa\/wp-json\/wp\/v2\/types\/product"}],"replies":[{"embeddable":true,"href":"https:\/\/www.pipacomunica.com.br\/livrariadapipa\/wp-json\/wp\/v2\/comments?post=1981"}],"version-history":[{"count":1,"href":"https:\/\/www.pipacomunica.com.br\/livrariadapipa\/wp-json\/wp\/v2\/product\/1981\/revisions"}],"predecessor-version":[{"id":11865,"href":"https:\/\/www.pipacomunica.com.br\/livrariadapipa\/wp-json\/wp\/v2\/product\/1981\/revisions\/11865"}],"wp:featuredmedia":[{"embeddable":true,"href":"https:\/\/www.pipacomunica.com.br\/livrariadapipa\/wp-json\/wp\/v2\/media\/1986"}],"wp:attachment":[{"href":"https:\/\/www.pipacomunica.com.br\/livrariadapipa\/wp-json\/wp\/v2\/media?parent=1981"}],"wp:term":[{"taxonomy":"product_brand","embeddable":true,"href":"https:\/\/www.pipacomunica.com.br\/livrariadapipa\/wp-json\/wp\/v2\/product_brand?post=1981"},{"taxonomy":"product_cat","embeddable":true,"href":"https:\/\/www.pipacomunica.com.br\/livrariadapipa\/wp-json\/wp\/v2\/product_cat?post=1981"},{"taxonomy":"product_tag","embeddable":true,"href":"https:\/\/www.pipacomunica.com.br\/livrariadapipa\/wp-json\/wp\/v2\/product_tag?post=1981"}],"curies":[{"name":"wp","href":"https:\/\/api.w.org\/{rel}","templated":true}]}}