{"id":1829,"date":"2017-12-17T13:33:50","date_gmt":"2017-12-17T16:33:50","guid":{"rendered":"https:\/\/www.pipacomunica.com.br\/livrariadapipa\/?post_type=product&#038;p=1829"},"modified":"2023-01-17T14:27:41","modified_gmt":"2023-01-17T17:27:41","slug":"textos-instrucionais","status":"publish","type":"product","link":"https:\/\/www.pipacomunica.com.br\/livrariadapipa\/produto\/textos-instrucionais\/","title":{"rendered":"Leitura e escrita de textos instrucionais"},"content":{"rendered":"<p><strong>Leitura e escrita de textos instrucionais<\/strong><br \/>\neBook \u2014 PDF, EPUB e MOBI<br \/>\nAndreia Rezende Garcia-Reis;Laura Silveira Botelho; T\u00e2nia Guedes Magalh\u00e3es [orgs.]\n<p><em>Leitura e escrita de textos instrucionais<\/em> \u00e9 um material para o professor, escrito e pensado tamb\u00e9m por professores, cada qual com diferentes experi\u00eancias com a carreira docente. O objetivo principal foi organizar e publicar uma obra que pudesse contribuir com o planejamento e a atua\u00e7\u00e3o docente em atividades de linguagem, desde a Educa\u00e7\u00e3o Infantil ao Ensino M\u00e9dio, com \u00eanfase nas pr\u00e1ticas de an\u00e1lise lingu\u00edsticas dos g\u00eaneros pertencentes ao agrupamento do instruir. Em cada um dos cap\u00edtulos, o leitor-professor encontrar\u00e1 textos e atividades voltadas \u00e0 leitura, produ\u00e7\u00e3o textual, oralidade e an\u00e1lise lingu\u00edstica, que contribuir\u00e3o em suas pr\u00e1ticas de ensino de l\u00edngua.<\/p>\n<p>1\u00aa Edi\u00e7\u00e3o. Pipa Comunica\u00e7\u00e3o. 2017.<br \/>\nISBN 978-85-66530-77-3<br \/>\n218 p. : Il., Fig., Quadros. (e-book). 1. Lingu\u00edstica. 2. G\u00eaneros Textuais. 3. Leitura e Escrita. 4. Textos Instrucionais.<\/p>\n<h5>V\u00eddeo de Lan\u00e7amento<\/h5>\n<p><span class=\"embed-youtube\" style=\"text-align:center; display: block;\"><iframe class=\"youtube-player\" width=\"980\" height=\"552\" src=\"https:\/\/www.youtube.com\/embed\/HXMFwRqN1rA?version=3&#038;rel=1&#038;showsearch=0&#038;showinfo=1&#038;iv_load_policy=1&#038;fs=1&#038;hl=pt-BR&#038;autohide=2&#038;wmode=transparent\" allowfullscreen=\"true\" style=\"border:0;\" sandbox=\"allow-scripts allow-same-origin allow-popups allow-presentation allow-popups-to-escape-sandbox\"><\/iframe><\/span><\/p>\n<p><strong>Capa e Projeto Gr\u00e1fico:<\/strong> Karla Vidal<br \/>\n<strong>Diagrama\u00e7\u00e3o:<\/strong> Augusto Noronha e Karla Vidal<br \/>\n<strong>Revis\u00e3o:<\/strong> As autoras<br \/>\n<strong>Edi\u00e7\u00e3o Pipa Comunica\u00e7\u00e3o:<\/strong> <a href=\"https:\/\/www.pipacomunica.com.br\"><strong>https:\/\/www.pipacomunica.com.br<\/strong><\/a><\/p>\n<p>&nbsp;<\/p>\n","protected":false},"excerpt":{"rendered":"<p><strong>Leitura e escrita de textos instrucionais<\/strong><br \/>\neBook \u2014 PDF, EPUB e MOBI<br \/>\nAndreia Rezende Garcia-Reis;Laura Silveira Botelho; T\u00e2nia Guedes Magalh\u00e3es [orgs.]<\/p>\n<p><em>Leitura e escrita de textos instrucionais<\/em> \u00e9 um material para o professor, escrito e pensado tamb\u00e9m por professores, cada qual com diferentes experi\u00eancias com a carreira docente. O objetivo principal foi organizar e publicar uma obra que pudesse contribuir com o planejamento e a atua\u00e7\u00e3o docente em atividades de linguagem, desde a Educa\u00e7\u00e3o Infantil ao Ensino M\u00e9dio, com \u00eanfase nas pr\u00e1ticas de an\u00e1lise lingu\u00edsticas dos g\u00eaneros pertencentes ao agrupamento do instruir. Em cada um dos cap\u00edtulos, o leitor-professor encontrar\u00e1 textos e atividades voltadas \u00e0 leitura, produ\u00e7\u00e3o textual, oralidade e an\u00e1lise lingu\u00edstica, que contribuir\u00e3o em suas pr\u00e1ticas de ensino de l\u00edngua.<\/p>\n<p>1\u00aa Edi\u00e7\u00e3o. Pipa Comunica\u00e7\u00e3o. 2016.<br \/>\nISBN 978-85-66530-77-3<br \/>\n218 p. : Il., Fig., Quadros. (e-book). 1. Lingu\u00edstica. 2. G\u00eaneros Textuais. 3. Leitura e Escrita. 4. Textos Instrucionais.<\/p>\n<ul>\n<li>Download PDF: <a href=\"https:\/\/goo.gl\/gAzDUR\" target=\"_blank\" rel=\"noopener\">https:\/\/goo.gl\/gAzDUR<\/a> ou via <a href=\"https:\/\/www.dropbox.com\/s\/hx486la8dvar23x\/livro-textos-instrucionais.pdf?dl=0\" target=\"_blank\" rel=\"noopener\">Dropbox<\/a><\/li>\n<li>Download EPUB: <a href=\"https:\/\/goo.gl\/5b5oSz\" target=\"_blank\" rel=\"noopener\">https:\/\/goo.gl\/5b5oSz<\/a> ou via <a href=\"https:\/\/www.dropbox.com\/s\/9be76jbsqshydeo\/Leitura-e-escrita-textos-instrucionais.epub?dl=0\" target=\"_blank\" rel=\"noopener\">Dropbox<\/a><\/li>\n<li>Download MOBI: <a href=\"https:\/\/goo.gl\/GsDgRK\" target=\"_blank\" rel=\"noopener\">https:\/\/goo.gl\/GsDgRK <\/a>ou via <a href=\"https:\/\/www.dropbox.com\/s\/bj1e7jndsktqfhk\/Leitura-e-escrita-textos-instrucionais.mobi?dl=0\" target=\"_blank\" rel=\"noopener\">Dropbox<\/a><\/li>\n<li>Leitura online no ISSUU: <a href=\"https:\/\/goo.gl\/MqYgak\" target=\"_blank\" rel=\"noopener\">https:\/\/goo.gl\/MqYgak<\/a><\/li>\n<\/ul>\n<p>Consulte informa\u00e7\u00f5es sobre cada formato no link: <a href=\"https:\/\/www.pipacomunica.com.br\/livrariadapipa\/formatos\/\" target=\"_blank\" rel=\"noopener\">https:\/\/www.pipacomunica.com.br\/livrariadapipa\/formatos\/<\/a><\/p>\n","protected":false},"featured_media":1833,"comment_status":"open","ping_status":"closed","template":"","meta":{"jetpack_post_was_ever_published":false,"jetpack_publicize_message":"","jetpack_publicize_feature_enabled":true,"jetpack_social_post_already_shared":false,"jetpack_social_options":{"image_generator_settings":{"template":"highway","default_image_id":0,"font":"","enabled":false},"version":2}},"product_brand":[],"product_cat":[34,19,17],"product_tag":[],"class_list":{"0":"post-1829","1":"product","2":"type-product","3":"status-publish","4":"has-post-thumbnail","6":"product_cat-sem-categoria","7":"product_cat-livros-digitais","8":"product_cat-gratuitos","10":"first","11":"instock","12":"sold-individually","13":"shipping-taxable","14":"product-type-external"},"yoast_head":"<!-- This site is optimized with the Yoast SEO plugin v27.1.1 - https:\/\/yoast.com\/product\/yoast-seo-wordpress\/ -->\n<title>Leitura e escrita de textos instrucionais<\/title>\n<meta name=\"description\" content=\"Um ebook gratuito para o professor, escrito e pensado por professores, com \u00eanfase nas an\u00e1lise lingu\u00edsticas do g\u00eanero textos instrucionais.\" \/>\n<meta name=\"robots\" content=\"index, follow, max-snippet:-1, max-image-preview:large, max-video-preview:-1\" \/>\n<link rel=\"canonical\" href=\"https:\/\/www.pipacomunica.com.br\/livrariadapipa\/produto\/textos-instrucionais\/\" \/>\n<meta property=\"og:locale\" content=\"pt_BR\" \/>\n<meta property=\"og:type\" content=\"article\" \/>\n<meta property=\"og:title\" content=\"Leitura e escrita de textos instrucionais\" \/>\n<meta property=\"og:description\" content=\"Um ebook gratuito para o professor, escrito e pensado por professores, com \u00eanfase nas an\u00e1lise lingu\u00edsticas dos g\u00eaneros pertencentes ao grupo do instruir.\" \/>\n<meta property=\"og:url\" content=\"https:\/\/www.pipacomunica.com.br\/livrariadapipa\/produto\/textos-instrucionais\/\" \/>\n<meta property=\"og:site_name\" content=\"Livraria da Pipa Comunica\u00e7\u00e3o\" \/>\n<meta property=\"article:publisher\" content=\"https:\/\/www.facebook.com\/pipacomunica\" \/>\n<meta property=\"article:modified_time\" content=\"2023-01-17T17:27:41+00:00\" \/>\n<meta property=\"og:image\" content=\"https:\/\/www.pipacomunica.com.br\/livrariadapipa\/wp-content\/uploads\/2017\/12\/thumb-textos-instrucionais.png\" \/>\n\t<meta property=\"og:image:width\" content=\"870\" \/>\n\t<meta property=\"og:image:height\" content=\"452\" \/>\n\t<meta property=\"og:image:type\" content=\"image\/png\" \/>\n<meta name=\"twitter:card\" content=\"summary_large_image\" \/>\n<meta name=\"twitter:title\" content=\"Leitura e escrita de textos instrucionais\" \/>\n<meta name=\"twitter:description\" content=\"Um ebook gratuito para o professor, escrito e pensado por professores, com \u00eanfase nas an\u00e1lise lingu\u00edsticas dos g\u00eaneros pertencentes ao grupo do instruir.\" \/>\n<meta name=\"twitter:image\" content=\"https:\/\/i0.wp.com\/www.pipacomunica.com.br\/livrariadapipa\/wp-content\/uploads\/2017\/12\/thumb-textos-instrucionais.png?fit=870%2C452&ssl=1\" \/>\n<meta name=\"twitter:site\" content=\"@PipaComunica\" \/>\n<meta name=\"twitter:label1\" content=\"Est. tempo de leitura\" \/>\n\t<meta name=\"twitter:data1\" content=\"1 minuto\" \/>\n<script type=\"application\/ld+json\" class=\"yoast-schema-graph\">{\"@context\":\"https:\/\/schema.org\",\"@graph\":[{\"@type\":\"WebPage\",\"@id\":\"https:\/\/www.pipacomunica.com.br\/livrariadapipa\/produto\/textos-instrucionais\/\",\"url\":\"https:\/\/www.pipacomunica.com.br\/livrariadapipa\/produto\/textos-instrucionais\/\",\"name\":\"Leitura e escrita de textos instrucionais\",\"isPartOf\":{\"@id\":\"https:\/\/www.pipacomunica.com.br\/livrariadapipa\/#website\"},\"primaryImageOfPage\":{\"@id\":\"https:\/\/www.pipacomunica.com.br\/livrariadapipa\/produto\/textos-instrucionais\/#primaryimage\"},\"image\":{\"@id\":\"https:\/\/www.pipacomunica.com.br\/livrariadapipa\/produto\/textos-instrucionais\/#primaryimage\"},\"thumbnailUrl\":\"https:\/\/i0.wp.com\/www.pipacomunica.com.br\/livrariadapipa\/wp-content\/uploads\/2017\/12\/ebook-textos-instrucionais.png?fit=461%2C595&ssl=1\",\"datePublished\":\"2017-12-17T16:33:50+00:00\",\"dateModified\":\"2023-01-17T17:27:41+00:00\",\"description\":\"Um ebook gratuito para o professor, escrito e pensado por professores, com \u00eanfase nas an\u00e1lise lingu\u00edsticas do g\u00eanero textos instrucionais.\",\"breadcrumb\":{\"@id\":\"https:\/\/www.pipacomunica.com.br\/livrariadapipa\/produto\/textos-instrucionais\/#breadcrumb\"},\"inLanguage\":\"pt-BR\",\"potentialAction\":[{\"@type\":\"ReadAction\",\"target\":[\"https:\/\/www.pipacomunica.com.br\/livrariadapipa\/produto\/textos-instrucionais\/\"]}]},{\"@type\":\"ImageObject\",\"inLanguage\":\"pt-BR\",\"@id\":\"https:\/\/www.pipacomunica.com.br\/livrariadapipa\/produto\/textos-instrucionais\/#primaryimage\",\"url\":\"https:\/\/i0.wp.com\/www.pipacomunica.com.br\/livrariadapipa\/wp-content\/uploads\/2017\/12\/ebook-textos-instrucionais.png?fit=461%2C595&ssl=1\",\"contentUrl\":\"https:\/\/i0.wp.com\/www.pipacomunica.com.br\/livrariadapipa\/wp-content\/uploads\/2017\/12\/ebook-textos-instrucionais.png?fit=461%2C595&ssl=1\",\"width\":461,\"height\":595,\"caption\":\"Leitura e escrita de textos instrucionais\"},{\"@type\":\"BreadcrumbList\",\"@id\":\"https:\/\/www.pipacomunica.com.br\/livrariadapipa\/produto\/textos-instrucionais\/#breadcrumb\",\"itemListElement\":[{\"@type\":\"ListItem\",\"position\":1,\"name\":\"In\u00edcio\",\"item\":\"https:\/\/www.pipacomunica.com.br\/livrariadapipa\/\"},{\"@type\":\"ListItem\",\"position\":2,\"name\":\"Cat\u00e1logo\",\"item\":\"https:\/\/www.pipacomunica.com.br\/livrariadapipa\/vitrine\/\"},{\"@type\":\"ListItem\",\"position\":3,\"name\":\"Leitura e escrita de textos instrucionais\"}]},{\"@type\":\"WebSite\",\"@id\":\"https:\/\/www.pipacomunica.com.br\/livrariadapipa\/#website\",\"url\":\"https:\/\/www.pipacomunica.com.br\/livrariadapipa\/\",\"name\":\"Livraria da Pipa Comunica\u00e7\u00e3o\",\"description\":\"Livros mais baratos que xerox\",\"publisher\":{\"@id\":\"https:\/\/www.pipacomunica.com.br\/livrariadapipa\/#organization\"},\"potentialAction\":[{\"@type\":\"SearchAction\",\"target\":{\"@type\":\"EntryPoint\",\"urlTemplate\":\"https:\/\/www.pipacomunica.com.br\/livrariadapipa\/?s={search_term_string}\"},\"query-input\":{\"@type\":\"PropertyValueSpecification\",\"valueRequired\":true,\"valueName\":\"search_term_string\"}}],\"inLanguage\":\"pt-BR\"},{\"@type\":\"Organization\",\"@id\":\"https:\/\/www.pipacomunica.com.br\/livrariadapipa\/#organization\",\"name\":\"Livraria da Pipa Comunica\u00e7\u00e3o\",\"url\":\"https:\/\/www.pipacomunica.com.br\/livrariadapipa\/\",\"logo\":{\"@type\":\"ImageObject\",\"inLanguage\":\"pt-BR\",\"@id\":\"https:\/\/www.pipacomunica.com.br\/livrariadapipa\/#\/schema\/logo\/image\/\",\"url\":\"https:\/\/i0.wp.com\/www.pipacomunica.com.br\/livrariadapipa\/wp-content\/uploads\/2018\/09\/marca-livraria-pipa-400px-negativo.png?fit=400%2C80&ssl=1\",\"contentUrl\":\"https:\/\/i0.wp.com\/www.pipacomunica.com.br\/livrariadapipa\/wp-content\/uploads\/2018\/09\/marca-livraria-pipa-400px-negativo.png?fit=400%2C80&ssl=1\",\"width\":400,\"height\":80,\"caption\":\"Livraria da Pipa Comunica\u00e7\u00e3o\"},\"image\":{\"@id\":\"https:\/\/www.pipacomunica.com.br\/livrariadapipa\/#\/schema\/logo\/image\/\"},\"sameAs\":[\"https:\/\/www.facebook.com\/pipacomunica\",\"https:\/\/x.com\/PipaComunica\",\"https:\/\/instagram.com\/pipacomunicacao\",\"http:\/\/www.linkedin.com\/companies\/pipa-comunica-o\",\"https:\/\/br.pinterest.com\/pipacomunicacao\/\",\"http:\/\/il.youtube.com\/user\/pipacomunicacao\"]}]}<\/script>\n<!-- \/ Yoast SEO plugin. -->","yoast_head_json":{"title":"Leitura e escrita de textos instrucionais","description":"Um ebook gratuito para o professor, escrito e pensado por professores, com \u00eanfase nas an\u00e1lise lingu\u00edsticas do g\u00eanero textos instrucionais.","robots":{"index":"index","follow":"follow","max-snippet":"max-snippet:-1","max-image-preview":"max-image-preview:large","max-video-preview":"max-video-preview:-1"},"canonical":"https:\/\/www.pipacomunica.com.br\/livrariadapipa\/produto\/textos-instrucionais\/","og_locale":"pt_BR","og_type":"article","og_title":"Leitura e escrita de textos instrucionais","og_description":"Um ebook gratuito para o professor, escrito e pensado por professores, com \u00eanfase nas an\u00e1lise lingu\u00edsticas dos g\u00eaneros pertencentes ao grupo do instruir.","og_url":"https:\/\/www.pipacomunica.com.br\/livrariadapipa\/produto\/textos-instrucionais\/","og_site_name":"Livraria da Pipa Comunica\u00e7\u00e3o","article_publisher":"https:\/\/www.facebook.com\/pipacomunica","article_modified_time":"2023-01-17T17:27:41+00:00","og_image":[{"width":870,"height":452,"url":"https:\/\/www.pipacomunica.com.br\/livrariadapipa\/wp-content\/uploads\/2017\/12\/thumb-textos-instrucionais.png","type":"image\/png"}],"twitter_card":"summary_large_image","twitter_title":"Leitura e escrita de textos instrucionais","twitter_description":"Um ebook gratuito para o professor, escrito e pensado por professores, com \u00eanfase nas an\u00e1lise lingu\u00edsticas dos g\u00eaneros pertencentes ao grupo do instruir.","twitter_image":"https:\/\/i0.wp.com\/www.pipacomunica.com.br\/livrariadapipa\/wp-content\/uploads\/2017\/12\/thumb-textos-instrucionais.png?fit=870%2C452&ssl=1","twitter_site":"@PipaComunica","twitter_misc":{"Est. tempo de leitura":"1 minuto"},"schema":{"@context":"https:\/\/schema.org","@graph":[{"@type":"WebPage","@id":"https:\/\/www.pipacomunica.com.br\/livrariadapipa\/produto\/textos-instrucionais\/","url":"https:\/\/www.pipacomunica.com.br\/livrariadapipa\/produto\/textos-instrucionais\/","name":"Leitura e escrita de textos instrucionais","isPartOf":{"@id":"https:\/\/www.pipacomunica.com.br\/livrariadapipa\/#website"},"primaryImageOfPage":{"@id":"https:\/\/www.pipacomunica.com.br\/livrariadapipa\/produto\/textos-instrucionais\/#primaryimage"},"image":{"@id":"https:\/\/www.pipacomunica.com.br\/livrariadapipa\/produto\/textos-instrucionais\/#primaryimage"},"thumbnailUrl":"https:\/\/i0.wp.com\/www.pipacomunica.com.br\/livrariadapipa\/wp-content\/uploads\/2017\/12\/ebook-textos-instrucionais.png?fit=461%2C595&ssl=1","datePublished":"2017-12-17T16:33:50+00:00","dateModified":"2023-01-17T17:27:41+00:00","description":"Um ebook gratuito para o professor, escrito e pensado por professores, com \u00eanfase nas an\u00e1lise lingu\u00edsticas do g\u00eanero textos instrucionais.","breadcrumb":{"@id":"https:\/\/www.pipacomunica.com.br\/livrariadapipa\/produto\/textos-instrucionais\/#breadcrumb"},"inLanguage":"pt-BR","potentialAction":[{"@type":"ReadAction","target":["https:\/\/www.pipacomunica.com.br\/livrariadapipa\/produto\/textos-instrucionais\/"]}]},{"@type":"ImageObject","inLanguage":"pt-BR","@id":"https:\/\/www.pipacomunica.com.br\/livrariadapipa\/produto\/textos-instrucionais\/#primaryimage","url":"https:\/\/i0.wp.com\/www.pipacomunica.com.br\/livrariadapipa\/wp-content\/uploads\/2017\/12\/ebook-textos-instrucionais.png?fit=461%2C595&ssl=1","contentUrl":"https:\/\/i0.wp.com\/www.pipacomunica.com.br\/livrariadapipa\/wp-content\/uploads\/2017\/12\/ebook-textos-instrucionais.png?fit=461%2C595&ssl=1","width":461,"height":595,"caption":"Leitura e escrita de textos instrucionais"},{"@type":"BreadcrumbList","@id":"https:\/\/www.pipacomunica.com.br\/livrariadapipa\/produto\/textos-instrucionais\/#breadcrumb","itemListElement":[{"@type":"ListItem","position":1,"name":"In\u00edcio","item":"https:\/\/www.pipacomunica.com.br\/livrariadapipa\/"},{"@type":"ListItem","position":2,"name":"Cat\u00e1logo","item":"https:\/\/www.pipacomunica.com.br\/livrariadapipa\/vitrine\/"},{"@type":"ListItem","position":3,"name":"Leitura e escrita de textos instrucionais"}]},{"@type":"WebSite","@id":"https:\/\/www.pipacomunica.com.br\/livrariadapipa\/#website","url":"https:\/\/www.pipacomunica.com.br\/livrariadapipa\/","name":"Livraria da Pipa Comunica\u00e7\u00e3o","description":"Livros mais baratos que xerox","publisher":{"@id":"https:\/\/www.pipacomunica.com.br\/livrariadapipa\/#organization"},"potentialAction":[{"@type":"SearchAction","target":{"@type":"EntryPoint","urlTemplate":"https:\/\/www.pipacomunica.com.br\/livrariadapipa\/?s={search_term_string}"},"query-input":{"@type":"PropertyValueSpecification","valueRequired":true,"valueName":"search_term_string"}}],"inLanguage":"pt-BR"},{"@type":"Organization","@id":"https:\/\/www.pipacomunica.com.br\/livrariadapipa\/#organization","name":"Livraria da Pipa Comunica\u00e7\u00e3o","url":"https:\/\/www.pipacomunica.com.br\/livrariadapipa\/","logo":{"@type":"ImageObject","inLanguage":"pt-BR","@id":"https:\/\/www.pipacomunica.com.br\/livrariadapipa\/#\/schema\/logo\/image\/","url":"https:\/\/i0.wp.com\/www.pipacomunica.com.br\/livrariadapipa\/wp-content\/uploads\/2018\/09\/marca-livraria-pipa-400px-negativo.png?fit=400%2C80&ssl=1","contentUrl":"https:\/\/i0.wp.com\/www.pipacomunica.com.br\/livrariadapipa\/wp-content\/uploads\/2018\/09\/marca-livraria-pipa-400px-negativo.png?fit=400%2C80&ssl=1","width":400,"height":80,"caption":"Livraria da Pipa Comunica\u00e7\u00e3o"},"image":{"@id":"https:\/\/www.pipacomunica.com.br\/livrariadapipa\/#\/schema\/logo\/image\/"},"sameAs":["https:\/\/www.facebook.com\/pipacomunica","https:\/\/x.com\/PipaComunica","https:\/\/instagram.com\/pipacomunicacao","http:\/\/www.linkedin.com\/companies\/pipa-comunica-o","https:\/\/br.pinterest.com\/pipacomunicacao\/","http:\/\/il.youtube.com\/user\/pipacomunicacao"]}]}},"jetpack_publicize_connections":[],"jetpack_sharing_enabled":true,"_links":{"self":[{"href":"https:\/\/www.pipacomunica.com.br\/livrariadapipa\/wp-json\/wp\/v2\/product\/1829","targetHints":{"allow":["GET"]}}],"collection":[{"href":"https:\/\/www.pipacomunica.com.br\/livrariadapipa\/wp-json\/wp\/v2\/product"}],"about":[{"href":"https:\/\/www.pipacomunica.com.br\/livrariadapipa\/wp-json\/wp\/v2\/types\/product"}],"replies":[{"embeddable":true,"href":"https:\/\/www.pipacomunica.com.br\/livrariadapipa\/wp-json\/wp\/v2\/comments?post=1829"}],"version-history":[{"count":1,"href":"https:\/\/www.pipacomunica.com.br\/livrariadapipa\/wp-json\/wp\/v2\/product\/1829\/revisions"}],"predecessor-version":[{"id":11658,"href":"https:\/\/www.pipacomunica.com.br\/livrariadapipa\/wp-json\/wp\/v2\/product\/1829\/revisions\/11658"}],"wp:featuredmedia":[{"embeddable":true,"href":"https:\/\/www.pipacomunica.com.br\/livrariadapipa\/wp-json\/wp\/v2\/media\/1833"}],"wp:attachment":[{"href":"https:\/\/www.pipacomunica.com.br\/livrariadapipa\/wp-json\/wp\/v2\/media?parent=1829"}],"wp:term":[{"taxonomy":"product_brand","embeddable":true,"href":"https:\/\/www.pipacomunica.com.br\/livrariadapipa\/wp-json\/wp\/v2\/product_brand?post=1829"},{"taxonomy":"product_cat","embeddable":true,"href":"https:\/\/www.pipacomunica.com.br\/livrariadapipa\/wp-json\/wp\/v2\/product_cat?post=1829"},{"taxonomy":"product_tag","embeddable":true,"href":"https:\/\/www.pipacomunica.com.br\/livrariadapipa\/wp-json\/wp\/v2\/product_tag?post=1829"}],"curies":[{"name":"wp","href":"https:\/\/api.w.org\/{rel}","templated":true}]}}