{"id":12557,"date":"2025-10-09T11:13:17","date_gmt":"2025-10-09T14:13:17","guid":{"rendered":"https:\/\/www.pipacomunica.com.br\/livrariadapipa\/?post_type=product&#038;p=12557"},"modified":"2026-04-09T21:47:02","modified_gmt":"2026-04-10T00:47:02","slug":"ensino-pesquisa-extensao-tempos-futuros","status":"publish","type":"product","link":"https:\/\/www.pipacomunica.com.br\/livrariadapipa\/produto\/ensino-pesquisa-extensao-tempos-futuros\/","title":{"rendered":"Ensino, pesquisa e extens\u00e3o para tempos futuros"},"content":{"rendered":"<p><strong>Ensino, pesquisa e extens\u00e3o para tempos futuros<\/strong><br \/>\n<em>PDF <\/em><br \/>\nOrganiza\u00e7\u00e3o de Jos\u00e9 Ribamar Lopes Batista J\u00fanior, Nayana Bruna Nery Mon\u00e7\u00e3o, Maria Lizandra Mendes de Sousa.<\/p>\n<p>O e-book <strong>Ensino, pesquisa e extens\u00e3o para tempos futuros<\/strong> oferece uma colet\u00e2nea de pr\u00e1ticas e reflex\u00f5es que articulam a Educa\u00e7\u00e3o B\u00e1sica e a universidade como espa\u00e7os de transforma\u00e7\u00e3o social. Fruto das atividades do <a href=\"https:\/\/lptacademico.me\/\" target=\"_blank\" rel=\"noopener\">LPT\/CNPq<\/a>, a obra re\u00fane experi\u00eancias sobre tecnologias digitais, letramento acad\u00eamico, educa\u00e7\u00e3o a dist\u00e2ncia (EaD) e diversidade, buscando superar desafios educacionais contempor\u00e2neos. Com temas que abrangem desde o ensino de hist\u00f3ria local at\u00e9 a an\u00e1lise do imagin\u00e1rio amaz\u00f4nico, este livro funciona como um ponto de partida para novos di\u00e1logos e pr\u00e1ticas pedag\u00f3gicas inovadoras. \u00c9 uma leitura essencial para pesquisadores, professores e estudantes que desejam construir tempos futuros fundamentados na mem\u00f3ria e na inven\u00e7\u00e3o.<\/p>\n<h4>Sobre os organizadores e as organizadoras<\/h4>\n<p>&nbsp;<\/p>\n<p><strong>Jos\u00e9 Ribamar Lopes Batista J\u00fanior<\/strong><\/p>\n<p>Professor do ensino b\u00e1sico, t\u00e9cnico e tecnol\u00f3gico da Universidade Federal do Piau\u00ed (UFPI), fundador e coordenador do Laborat\u00f3rio Experimental de Ensino e Pesquisa em Leitura e Produ\u00e7\u00e3o Textual (LPT\/ CNPq) do Col\u00e9gio T\u00e9cnico de Floriano (CTF\/UFPI). Doutor em Lingu\u00edstica pela Universidade de Bras\u00edlia. Apaixonado por v\u00f4lei, ama viajar, tem duas tatuagens e n\u00e3o dispensa uma ta\u00e7a de vinho.<\/p>\n<p><strong>Nayana Bruna Nery Mon\u00e7\u00e3o<\/strong><\/p>\n<p>Professora do ensino b\u00e1sico, t\u00e9cnico e tecnol\u00f3gico no Col\u00e9gio T\u00e9cnico de Floriano (UFPI). Mestre em Qu\u00edmica pela Universidade Federal do Piau\u00ed (UFPI) e atualmente, estudante de doutorado na linha de pesquisa Ensino de Qu\u00edmica na mesma institui\u00e7\u00e3o. Na experi\u00eancia vivenciada, e com respaldo tamb\u00e9m para as publica\u00e7\u00f5es presentes nesse referido livro, destaca o qu\u00e3o \u00e9 prazeroso a possibilidade de criar, em especial, quando se trata da produ\u00e7\u00e3o de artes, uma habilidade, inclusive, iniciada no contexto da pandemia.<\/p>\n<p><strong>Maria Lizandra Mendes de Sousa<\/strong><\/p>\n<p>Antes de qualquer coisa, poeta sou. Mestranda no Programa Profissional em Educa\u00e7\u00e3o e Diversidade (PPGED\/UNEB), do Campus XIV, Concei\u00e7\u00e3o do Coit\u00e9\/BA, como bolsista da Funda\u00e7\u00e3o de Amparo \u00e0 Pesquisa do Estado da Bahia (FAPESB). Graduada do Curso de Licenciatura em Pedagogia (UFPI\/CAFS). Integrante do Grupo de Pesquisa Forma\u00e7\u00e3o, Experi\u00eancia e Linguagens (FEL) e do Grupo de Leitura e Estudos Interdisciplinares de G\u00eanero e Sexualidade (GLEIGS). Colaboradora do Laborat\u00f3rio de Leitura e Produ\u00e7\u00e3o Textual (LPT).<\/p>\n<h4>Ficha T\u00e9cnica<\/h4>\n<p><strong>Capa e Projeto Gr\u00e1fico<\/strong>: Karla Vidal<br \/>\n<strong>Diagrama\u00e7\u00e3o<\/strong>: Augusto Noronha e Karla Vidal<br \/>\n<strong>Revis\u00e3o<\/strong>: os organizadores<br \/>\n<strong>Editores<\/strong>: Augusto Noronha e Karla Vidal (Pipa Comunica\u00e7\u00e3o &#8211; http:\/\/www.pipacomunica.com.br)<br \/>\n<strong>Realiza\u00e7\u00e3o: <\/strong>Laborat\u00f3rio de Leitura e Produ\u00e7\u00e3o Textual<\/p>\n","protected":false},"excerpt":{"rendered":"<p><em>PDF <\/em><br \/>\nJos\u00e9 Ribamar Lopes Batista J\u00fanior (Organizador), Nayana Bruna Nery Mon\u00e7\u00e3o (Organizadora)<\/p>\n<p>O e-book <strong>Ensino, pesquisa e extens\u00e3o para tempos futuros<\/strong> oferece uma colet\u00e2nea de pr\u00e1ticas e reflex\u00f5es que articulam a Educa\u00e7\u00e3o B\u00e1sica e a universidade como espa\u00e7os de transforma\u00e7\u00e3o social. Fruto das atividades do <a href=\"https:\/\/lptacademico.me\/\" target=\"_blank\" rel=\"noopener\">LPT\/CNPq<\/a>, a obra re\u00fane experi\u00eancias sobre tecnologias digitais, letramento acad\u00eamico, educa\u00e7\u00e3o a dist\u00e2ncia (EaD) e diversidade, buscando superar desafios educacionais contempor\u00e2neos. Com temas que abrangem desde o ensino de hist\u00f3ria local at\u00e9 a an\u00e1lise do imagin\u00e1rio amaz\u00f4nico, este livro funciona como um ponto de partida para novos di\u00e1logos e pr\u00e1ticas pedag\u00f3gicas inovadoras. \u00c9 uma leitura essencial para pesquisadores, professores e estudantes que desejam construir tempos futuros fundamentados na mem\u00f3ria e na inven\u00e7\u00e3o.<\/p>\n<h4>Ficha T\u00e9cnica<\/h4>\n<p>1\u00aa ed.<br \/>\nPDF<br \/>\n350 p.<br \/>\nISBN 978-65-87033-84-6<br \/>\n1. Educa\u00e7\u00e3o.<\/p>\n","protected":false},"featured_media":12559,"comment_status":"open","ping_status":"closed","template":"","meta":{"jetpack_post_was_ever_published":false,"jetpack_publicize_message":"","jetpack_publicize_feature_enabled":true,"jetpack_social_post_already_shared":true,"jetpack_social_options":{"image_generator_settings":{"template":"highway","default_image_id":0,"font":"","enabled":false},"version":2}},"product_brand":[],"product_cat":[34,19,17],"product_tag":[],"class_list":{"0":"post-12557","1":"product","2":"type-product","3":"status-publish","4":"has-post-thumbnail","6":"product_cat-sem-categoria","7":"product_cat-livros-digitais","8":"product_cat-gratuitos","10":"first","11":"instock","12":"sold-individually","13":"shipping-taxable","14":"product-type-external"},"yoast_head":"<!-- This site is optimized with the Yoast SEO plugin v27.1.1 - https:\/\/yoast.com\/product\/yoast-seo-wordpress\/ -->\n<title>Ensino, pesquisa e extens\u00e3o para tempos futuros<\/title>\n<meta name=\"description\" content=\"Como o ensino e a pesquisa funcionam como os trilhos de uma ferrovia, este e-book \u00e9 o motor que impulsiona o trem da educa\u00e7\u00e3o em dire\u00e7\u00e3o a novos horizontes.\" \/>\n<meta name=\"robots\" content=\"index, follow, max-snippet:-1, max-image-preview:large, max-video-preview:-1\" \/>\n<link rel=\"canonical\" href=\"https:\/\/www.pipacomunica.com.br\/livrariadapipa\/produto\/ensino-pesquisa-extensao-tempos-futuros\/\" \/>\n<meta property=\"og:locale\" content=\"pt_BR\" \/>\n<meta property=\"og:type\" content=\"article\" \/>\n<meta property=\"og:title\" content=\"Ensino, pesquisa e extens\u00e3o para tempos futuros\" \/>\n<meta property=\"og:description\" content=\"Como o ensino e a pesquisa funcionam como os trilhos de uma ferrovia, este e-book \u00e9 o motor que impulsiona o trem da educa\u00e7\u00e3o em dire\u00e7\u00e3o a novos horizontes.\" \/>\n<meta property=\"og:url\" content=\"https:\/\/www.pipacomunica.com.br\/livrariadapipa\/produto\/ensino-pesquisa-extensao-tempos-futuros\/\" \/>\n<meta property=\"og:site_name\" content=\"Livraria da Pipa Comunica\u00e7\u00e3o\" \/>\n<meta property=\"article:publisher\" content=\"https:\/\/www.facebook.com\/pipacomunica\" \/>\n<meta property=\"article:modified_time\" content=\"2026-04-10T00:47:02+00:00\" \/>\n<meta property=\"og:image\" content=\"https:\/\/www.pipacomunica.com.br\/livrariadapipa\/wp-content\/uploads\/2025\/12\/thumb-ebook-Ensino-pesquisa-e-extensao-para-tempos-futuros.png\" \/>\n\t<meta property=\"og:image:width\" content=\"870\" \/>\n\t<meta property=\"og:image:height\" content=\"452\" \/>\n\t<meta property=\"og:image:type\" content=\"image\/png\" \/>\n<meta name=\"twitter:card\" content=\"summary_large_image\" \/>\n<meta name=\"twitter:title\" content=\"Ensino, pesquisa e extens\u00e3o para tempos futuros\" \/>\n<meta name=\"twitter:description\" content=\"Como o ensino e a pesquisa funcionam como os trilhos de uma ferrovia, este e-book \u00e9 o motor que impulsiona o trem da educa\u00e7\u00e3o em dire\u00e7\u00e3o a novos horizontes.\" \/>\n<meta name=\"twitter:image\" content=\"https:\/\/i0.wp.com\/www.pipacomunica.com.br\/livrariadapipa\/wp-content\/uploads\/2025\/12\/thumb-ebook-Ensino-pesquisa-e-extensao-para-tempos-futuros.png?fit=870%2C452&ssl=1\" \/>\n<meta name=\"twitter:site\" content=\"@PipaComunica\" \/>\n<meta name=\"twitter:label1\" content=\"Est. tempo de leitura\" \/>\n\t<meta name=\"twitter:data1\" content=\"3 minutos\" \/>\n<script type=\"application\/ld+json\" class=\"yoast-schema-graph\">{\"@context\":\"https:\/\/schema.org\",\"@graph\":[{\"@type\":\"WebPage\",\"@id\":\"https:\/\/www.pipacomunica.com.br\/livrariadapipa\/produto\/ensino-pesquisa-extensao-tempos-futuros\/\",\"url\":\"https:\/\/www.pipacomunica.com.br\/livrariadapipa\/produto\/ensino-pesquisa-extensao-tempos-futuros\/\",\"name\":\"Ensino, pesquisa e extens\u00e3o para tempos futuros\",\"isPartOf\":{\"@id\":\"https:\/\/www.pipacomunica.com.br\/livrariadapipa\/#website\"},\"primaryImageOfPage\":{\"@id\":\"https:\/\/www.pipacomunica.com.br\/livrariadapipa\/produto\/ensino-pesquisa-extensao-tempos-futuros\/#primaryimage\"},\"image\":{\"@id\":\"https:\/\/www.pipacomunica.com.br\/livrariadapipa\/produto\/ensino-pesquisa-extensao-tempos-futuros\/#primaryimage\"},\"thumbnailUrl\":\"https:\/\/i0.wp.com\/www.pipacomunica.com.br\/livrariadapipa\/wp-content\/uploads\/2025\/12\/ebook-Ensino-pesquisa-e-extensao-para-tempos-futuros.png?fit=461%2C595&ssl=1\",\"datePublished\":\"2025-10-09T14:13:17+00:00\",\"dateModified\":\"2026-04-10T00:47:02+00:00\",\"description\":\"Como o ensino e a pesquisa funcionam como os trilhos de uma ferrovia, este e-book \u00e9 o motor que impulsiona o trem da educa\u00e7\u00e3o em dire\u00e7\u00e3o a novos horizontes.\",\"breadcrumb\":{\"@id\":\"https:\/\/www.pipacomunica.com.br\/livrariadapipa\/produto\/ensino-pesquisa-extensao-tempos-futuros\/#breadcrumb\"},\"inLanguage\":\"pt-BR\",\"potentialAction\":[{\"@type\":\"ReadAction\",\"target\":[\"https:\/\/www.pipacomunica.com.br\/livrariadapipa\/produto\/ensino-pesquisa-extensao-tempos-futuros\/\"]}]},{\"@type\":\"ImageObject\",\"inLanguage\":\"pt-BR\",\"@id\":\"https:\/\/www.pipacomunica.com.br\/livrariadapipa\/produto\/ensino-pesquisa-extensao-tempos-futuros\/#primaryimage\",\"url\":\"https:\/\/i0.wp.com\/www.pipacomunica.com.br\/livrariadapipa\/wp-content\/uploads\/2025\/12\/ebook-Ensino-pesquisa-e-extensao-para-tempos-futuros.png?fit=461%2C595&ssl=1\",\"contentUrl\":\"https:\/\/i0.wp.com\/www.pipacomunica.com.br\/livrariadapipa\/wp-content\/uploads\/2025\/12\/ebook-Ensino-pesquisa-e-extensao-para-tempos-futuros.png?fit=461%2C595&ssl=1\",\"width\":461,\"height\":595,\"caption\":\"Capa do e-book Ensino, pesquisa e extens\u00e3o para tempos futuros - Pipa Comunica\u00e7\u00e3o.\"},{\"@type\":\"BreadcrumbList\",\"@id\":\"https:\/\/www.pipacomunica.com.br\/livrariadapipa\/produto\/ensino-pesquisa-extensao-tempos-futuros\/#breadcrumb\",\"itemListElement\":[{\"@type\":\"ListItem\",\"position\":1,\"name\":\"In\u00edcio\",\"item\":\"https:\/\/www.pipacomunica.com.br\/livrariadapipa\/\"},{\"@type\":\"ListItem\",\"position\":2,\"name\":\"Cat\u00e1logo\",\"item\":\"https:\/\/www.pipacomunica.com.br\/livrariadapipa\/vitrine\/\"},{\"@type\":\"ListItem\",\"position\":3,\"name\":\"Ensino, pesquisa e extens\u00e3o para tempos futuros\"}]},{\"@type\":\"WebSite\",\"@id\":\"https:\/\/www.pipacomunica.com.br\/livrariadapipa\/#website\",\"url\":\"https:\/\/www.pipacomunica.com.br\/livrariadapipa\/\",\"name\":\"Livraria da Pipa Comunica\u00e7\u00e3o\",\"description\":\"Livros mais baratos que xerox\",\"publisher\":{\"@id\":\"https:\/\/www.pipacomunica.com.br\/livrariadapipa\/#organization\"},\"potentialAction\":[{\"@type\":\"SearchAction\",\"target\":{\"@type\":\"EntryPoint\",\"urlTemplate\":\"https:\/\/www.pipacomunica.com.br\/livrariadapipa\/?s={search_term_string}\"},\"query-input\":{\"@type\":\"PropertyValueSpecification\",\"valueRequired\":true,\"valueName\":\"search_term_string\"}}],\"inLanguage\":\"pt-BR\"},{\"@type\":\"Organization\",\"@id\":\"https:\/\/www.pipacomunica.com.br\/livrariadapipa\/#organization\",\"name\":\"Livraria da Pipa Comunica\u00e7\u00e3o\",\"url\":\"https:\/\/www.pipacomunica.com.br\/livrariadapipa\/\",\"logo\":{\"@type\":\"ImageObject\",\"inLanguage\":\"pt-BR\",\"@id\":\"https:\/\/www.pipacomunica.com.br\/livrariadapipa\/#\/schema\/logo\/image\/\",\"url\":\"https:\/\/i0.wp.com\/www.pipacomunica.com.br\/livrariadapipa\/wp-content\/uploads\/2018\/09\/marca-livraria-pipa-400px-negativo.png?fit=400%2C80&ssl=1\",\"contentUrl\":\"https:\/\/i0.wp.com\/www.pipacomunica.com.br\/livrariadapipa\/wp-content\/uploads\/2018\/09\/marca-livraria-pipa-400px-negativo.png?fit=400%2C80&ssl=1\",\"width\":400,\"height\":80,\"caption\":\"Livraria da Pipa Comunica\u00e7\u00e3o\"},\"image\":{\"@id\":\"https:\/\/www.pipacomunica.com.br\/livrariadapipa\/#\/schema\/logo\/image\/\"},\"sameAs\":[\"https:\/\/www.facebook.com\/pipacomunica\",\"https:\/\/x.com\/PipaComunica\",\"https:\/\/instagram.com\/pipacomunicacao\",\"http:\/\/www.linkedin.com\/companies\/pipa-comunica-o\",\"https:\/\/br.pinterest.com\/pipacomunicacao\/\",\"http:\/\/il.youtube.com\/user\/pipacomunicacao\"]}]}<\/script>\n<!-- \/ Yoast SEO plugin. -->","yoast_head_json":{"title":"Ensino, pesquisa e extens\u00e3o para tempos futuros","description":"Como o ensino e a pesquisa funcionam como os trilhos de uma ferrovia, este e-book \u00e9 o motor que impulsiona o trem da educa\u00e7\u00e3o em dire\u00e7\u00e3o a novos horizontes.","robots":{"index":"index","follow":"follow","max-snippet":"max-snippet:-1","max-image-preview":"max-image-preview:large","max-video-preview":"max-video-preview:-1"},"canonical":"https:\/\/www.pipacomunica.com.br\/livrariadapipa\/produto\/ensino-pesquisa-extensao-tempos-futuros\/","og_locale":"pt_BR","og_type":"article","og_title":"Ensino, pesquisa e extens\u00e3o para tempos futuros","og_description":"Como o ensino e a pesquisa funcionam como os trilhos de uma ferrovia, este e-book \u00e9 o motor que impulsiona o trem da educa\u00e7\u00e3o em dire\u00e7\u00e3o a novos horizontes.","og_url":"https:\/\/www.pipacomunica.com.br\/livrariadapipa\/produto\/ensino-pesquisa-extensao-tempos-futuros\/","og_site_name":"Livraria da Pipa Comunica\u00e7\u00e3o","article_publisher":"https:\/\/www.facebook.com\/pipacomunica","article_modified_time":"2026-04-10T00:47:02+00:00","og_image":[{"width":870,"height":452,"url":"https:\/\/www.pipacomunica.com.br\/livrariadapipa\/wp-content\/uploads\/2025\/12\/thumb-ebook-Ensino-pesquisa-e-extensao-para-tempos-futuros.png","type":"image\/png"}],"twitter_card":"summary_large_image","twitter_title":"Ensino, pesquisa e extens\u00e3o para tempos futuros","twitter_description":"Como o ensino e a pesquisa funcionam como os trilhos de uma ferrovia, este e-book \u00e9 o motor que impulsiona o trem da educa\u00e7\u00e3o em dire\u00e7\u00e3o a novos horizontes.","twitter_image":"https:\/\/i0.wp.com\/www.pipacomunica.com.br\/livrariadapipa\/wp-content\/uploads\/2025\/12\/thumb-ebook-Ensino-pesquisa-e-extensao-para-tempos-futuros.png?fit=870%2C452&ssl=1","twitter_site":"@PipaComunica","twitter_misc":{"Est. tempo de leitura":"3 minutos"},"schema":{"@context":"https:\/\/schema.org","@graph":[{"@type":"WebPage","@id":"https:\/\/www.pipacomunica.com.br\/livrariadapipa\/produto\/ensino-pesquisa-extensao-tempos-futuros\/","url":"https:\/\/www.pipacomunica.com.br\/livrariadapipa\/produto\/ensino-pesquisa-extensao-tempos-futuros\/","name":"Ensino, pesquisa e extens\u00e3o para tempos futuros","isPartOf":{"@id":"https:\/\/www.pipacomunica.com.br\/livrariadapipa\/#website"},"primaryImageOfPage":{"@id":"https:\/\/www.pipacomunica.com.br\/livrariadapipa\/produto\/ensino-pesquisa-extensao-tempos-futuros\/#primaryimage"},"image":{"@id":"https:\/\/www.pipacomunica.com.br\/livrariadapipa\/produto\/ensino-pesquisa-extensao-tempos-futuros\/#primaryimage"},"thumbnailUrl":"https:\/\/i0.wp.com\/www.pipacomunica.com.br\/livrariadapipa\/wp-content\/uploads\/2025\/12\/ebook-Ensino-pesquisa-e-extensao-para-tempos-futuros.png?fit=461%2C595&ssl=1","datePublished":"2025-10-09T14:13:17+00:00","dateModified":"2026-04-10T00:47:02+00:00","description":"Como o ensino e a pesquisa funcionam como os trilhos de uma ferrovia, este e-book \u00e9 o motor que impulsiona o trem da educa\u00e7\u00e3o em dire\u00e7\u00e3o a novos horizontes.","breadcrumb":{"@id":"https:\/\/www.pipacomunica.com.br\/livrariadapipa\/produto\/ensino-pesquisa-extensao-tempos-futuros\/#breadcrumb"},"inLanguage":"pt-BR","potentialAction":[{"@type":"ReadAction","target":["https:\/\/www.pipacomunica.com.br\/livrariadapipa\/produto\/ensino-pesquisa-extensao-tempos-futuros\/"]}]},{"@type":"ImageObject","inLanguage":"pt-BR","@id":"https:\/\/www.pipacomunica.com.br\/livrariadapipa\/produto\/ensino-pesquisa-extensao-tempos-futuros\/#primaryimage","url":"https:\/\/i0.wp.com\/www.pipacomunica.com.br\/livrariadapipa\/wp-content\/uploads\/2025\/12\/ebook-Ensino-pesquisa-e-extensao-para-tempos-futuros.png?fit=461%2C595&ssl=1","contentUrl":"https:\/\/i0.wp.com\/www.pipacomunica.com.br\/livrariadapipa\/wp-content\/uploads\/2025\/12\/ebook-Ensino-pesquisa-e-extensao-para-tempos-futuros.png?fit=461%2C595&ssl=1","width":461,"height":595,"caption":"Capa do e-book Ensino, pesquisa e extens\u00e3o para tempos futuros - Pipa Comunica\u00e7\u00e3o."},{"@type":"BreadcrumbList","@id":"https:\/\/www.pipacomunica.com.br\/livrariadapipa\/produto\/ensino-pesquisa-extensao-tempos-futuros\/#breadcrumb","itemListElement":[{"@type":"ListItem","position":1,"name":"In\u00edcio","item":"https:\/\/www.pipacomunica.com.br\/livrariadapipa\/"},{"@type":"ListItem","position":2,"name":"Cat\u00e1logo","item":"https:\/\/www.pipacomunica.com.br\/livrariadapipa\/vitrine\/"},{"@type":"ListItem","position":3,"name":"Ensino, pesquisa e extens\u00e3o para tempos futuros"}]},{"@type":"WebSite","@id":"https:\/\/www.pipacomunica.com.br\/livrariadapipa\/#website","url":"https:\/\/www.pipacomunica.com.br\/livrariadapipa\/","name":"Livraria da Pipa Comunica\u00e7\u00e3o","description":"Livros mais baratos que xerox","publisher":{"@id":"https:\/\/www.pipacomunica.com.br\/livrariadapipa\/#organization"},"potentialAction":[{"@type":"SearchAction","target":{"@type":"EntryPoint","urlTemplate":"https:\/\/www.pipacomunica.com.br\/livrariadapipa\/?s={search_term_string}"},"query-input":{"@type":"PropertyValueSpecification","valueRequired":true,"valueName":"search_term_string"}}],"inLanguage":"pt-BR"},{"@type":"Organization","@id":"https:\/\/www.pipacomunica.com.br\/livrariadapipa\/#organization","name":"Livraria da Pipa Comunica\u00e7\u00e3o","url":"https:\/\/www.pipacomunica.com.br\/livrariadapipa\/","logo":{"@type":"ImageObject","inLanguage":"pt-BR","@id":"https:\/\/www.pipacomunica.com.br\/livrariadapipa\/#\/schema\/logo\/image\/","url":"https:\/\/i0.wp.com\/www.pipacomunica.com.br\/livrariadapipa\/wp-content\/uploads\/2018\/09\/marca-livraria-pipa-400px-negativo.png?fit=400%2C80&ssl=1","contentUrl":"https:\/\/i0.wp.com\/www.pipacomunica.com.br\/livrariadapipa\/wp-content\/uploads\/2018\/09\/marca-livraria-pipa-400px-negativo.png?fit=400%2C80&ssl=1","width":400,"height":80,"caption":"Livraria da Pipa Comunica\u00e7\u00e3o"},"image":{"@id":"https:\/\/www.pipacomunica.com.br\/livrariadapipa\/#\/schema\/logo\/image\/"},"sameAs":["https:\/\/www.facebook.com\/pipacomunica","https:\/\/x.com\/PipaComunica","https:\/\/instagram.com\/pipacomunicacao","http:\/\/www.linkedin.com\/companies\/pipa-comunica-o","https:\/\/br.pinterest.com\/pipacomunicacao\/","http:\/\/il.youtube.com\/user\/pipacomunicacao"]}]}},"jetpack_publicize_connections":[],"jetpack_sharing_enabled":true,"_links":{"self":[{"href":"https:\/\/www.pipacomunica.com.br\/livrariadapipa\/wp-json\/wp\/v2\/product\/12557","targetHints":{"allow":["GET"]}}],"collection":[{"href":"https:\/\/www.pipacomunica.com.br\/livrariadapipa\/wp-json\/wp\/v2\/product"}],"about":[{"href":"https:\/\/www.pipacomunica.com.br\/livrariadapipa\/wp-json\/wp\/v2\/types\/product"}],"replies":[{"embeddable":true,"href":"https:\/\/www.pipacomunica.com.br\/livrariadapipa\/wp-json\/wp\/v2\/comments?post=12557"}],"version-history":[{"count":2,"href":"https:\/\/www.pipacomunica.com.br\/livrariadapipa\/wp-json\/wp\/v2\/product\/12557\/revisions"}],"predecessor-version":[{"id":12561,"href":"https:\/\/www.pipacomunica.com.br\/livrariadapipa\/wp-json\/wp\/v2\/product\/12557\/revisions\/12561"}],"wp:featuredmedia":[{"embeddable":true,"href":"https:\/\/www.pipacomunica.com.br\/livrariadapipa\/wp-json\/wp\/v2\/media\/12559"}],"wp:attachment":[{"href":"https:\/\/www.pipacomunica.com.br\/livrariadapipa\/wp-json\/wp\/v2\/media?parent=12557"}],"wp:term":[{"taxonomy":"product_brand","embeddable":true,"href":"https:\/\/www.pipacomunica.com.br\/livrariadapipa\/wp-json\/wp\/v2\/product_brand?post=12557"},{"taxonomy":"product_cat","embeddable":true,"href":"https:\/\/www.pipacomunica.com.br\/livrariadapipa\/wp-json\/wp\/v2\/product_cat?post=12557"},{"taxonomy":"product_tag","embeddable":true,"href":"https:\/\/www.pipacomunica.com.br\/livrariadapipa\/wp-json\/wp\/v2\/product_tag?post=12557"}],"curies":[{"name":"wp","href":"https:\/\/api.w.org\/{rel}","templated":true}]}}