{"id":12554,"date":"2025-10-20T10:59:23","date_gmt":"2025-10-20T13:59:23","guid":{"rendered":"https:\/\/www.pipacomunica.com.br\/livrariadapipa\/?post_type=product&#038;p=12554"},"modified":"2026-01-19T06:02:16","modified_gmt":"2026-01-19T09:02:16","slug":"ebook-lideranca-afetiva-praticando-a-arte-do-feedback-com-afetividade","status":"publish","type":"product","link":"https:\/\/www.pipacomunica.com.br\/livrariadapipa\/produto\/ebook-lideranca-afetiva-praticando-a-arte-do-feedback-com-afetividade\/","title":{"rendered":"eBook Lideran\u00e7a Afetiva: praticando a arte do feedback com afetividade"},"content":{"rendered":"<p><strong>Lideran\u00e7a Afetiva: praticando a arte do feedback com afetividade<\/strong><br \/>\n<em>eBook Kindle<\/em><br \/>\nBruno Montarroyos<\/p>\n<p>Este livro vai al\u00e9m de uma obra comum sobre lideran\u00e7a; ele oferece uma imers\u00e3o profunda na ess\u00eancia da alma humana. Escrito por Bruno Montarroyos, &#8220;Lideran\u00e7a Afetiva&#8221; desafia os paradigmas tradicionais de sucesso e promove uma mentalidade de &#8220;ganha-ganha&#8221;, onde todos saem beneficiados. Ao longo das p\u00e1ginas, voc\u00ea descobrir\u00e1 que a verdadeira lideran\u00e7a est\u00e1 na capacidade de inspirar, conectar e servir, construindo relacionamentos duradouros e significativos.<\/p>\n<p>Este livro n\u00e3o \u00e9 apenas uma leitura; \u00e9 uma jornada de autodescoberta e crescimento, tanto no \u00e2mbito pessoal quanto profissional. Bruno oferece uma vis\u00e3o transformadora de lideran\u00e7a, que vai muito al\u00e9m de t\u00e9cnicas e estrat\u00e9gias, mostrando como o poder de liderar reside em criar conex\u00f5es humanas reais e impactantes.<\/p>\n<p>Prepare-se para se aventurar em um caminho de reflex\u00e3o e evolu\u00e7\u00e3o, onde o foco est\u00e1 em se tornar o l\u00edder que o mundo realmente precisa. &#8220;Lideran\u00e7a Afetiva&#8221; \u00e9 mais que um livro, \u00e9 um convite para redefinir o conceito de lideran\u00e7a e trilhar um caminho de sucesso genu\u00edno.<\/p>\n<h4>Sobre o autor<\/h4>\n<p><a href=\"https:\/\/i0.wp.com\/www.pipacomunica.com.br\/livrariadapipa\/wp-content\/uploads\/2024\/10\/Bruno-Montarroyos-autor-de-Lideranca-Afetiva.png?ssl=1\"><img data-recalc-dims=\"1\" fetchpriority=\"high\" decoding=\"async\" class=\"wp-image-12292 size-medium aligncenter\" src=\"https:\/\/i0.wp.com\/www.pipacomunica.com.br\/livrariadapipa\/wp-content\/uploads\/2024\/10\/Bruno-Montarroyos-autor-de-Lideranca-Afetiva.png?resize=267%2C300&#038;ssl=1\" alt=\"Bruno Montarroyos,\" width=\"267\" height=\"300\" srcset=\"https:\/\/i0.wp.com\/www.pipacomunica.com.br\/livrariadapipa\/wp-content\/uploads\/2024\/10\/Bruno-Montarroyos-autor-de-Lideranca-Afetiva.png?resize=267%2C300&amp;ssl=1 267w, https:\/\/i0.wp.com\/www.pipacomunica.com.br\/livrariadapipa\/wp-content\/uploads\/2024\/10\/Bruno-Montarroyos-autor-de-Lideranca-Afetiva.png?resize=416%2C467&amp;ssl=1 416w, https:\/\/i0.wp.com\/www.pipacomunica.com.br\/livrariadapipa\/wp-content\/uploads\/2024\/10\/Bruno-Montarroyos-autor-de-Lideranca-Afetiva.png?w=500&amp;ssl=1 500w\" sizes=\"(max-width: 267px) 100vw, 267px\" \/><\/a><\/p>\n<p><strong>Bruno Montarroyos<\/strong><\/p>\n<p>Recifense e pai de quatro filhas, \u00e9 l\u00edder no Servi\u00e7o Federal de Processamento de Dados (SERPRO) e Google Innovator Certificado para a Educa\u00e7\u00e3o. Mestre em Ci\u00eancia Pol\u00edtica, com foco em Rela\u00e7\u00f5es Internacionais, tamb\u00e9m \u00e9 Especialista em Pol\u00edticas Educacionais e Inova\u00e7\u00e3o e em Big Data, Analytics e BI aplicados aos neg\u00f3cios. Com forma\u00e7\u00e3o em Teologia, ele integra uma vis\u00e3o \u00e9tica e human\u00edstica em seus projetos. Atualmente, Bruno se dedica a estudos e iniciativas voltados para Forma\u00e7\u00e3o de Lideran\u00e7as, Inova\u00e7\u00e3o, Educa\u00e7\u00e3o e Empreendedorismo, utilizando seu vasto conhecimento como especialista em diversas \u00e1reas para impactar positivamente o setor p\u00fablico, empresarial e educacional.<\/p>\n<h4>Veja a obra por dentro<\/h4>\n<div class=\"su-youtube su-u-responsive-media-yes\"><iframe width=\"600\" height=\"400\" src=\"https:\/\/www.youtube.com\/embed\/6RW8ZGa6Gdk?\" frameborder=\"0\" allowfullscreen allow=\"autoplay; encrypted-media; picture-in-picture\" title=\"\"><\/iframe><\/div>\n<h4>Ficha T\u00e9cnica<\/h4>\n<p><strong>Autoria<\/strong>: Bruno Montarroyos<br \/>\n<strong>Edi\u00e7\u00e3o<\/strong>: Augusto Noronha e Karla Vidal<br \/>\n<strong>Capa, Projeto Gr\u00e1fico e ilustra\u00e7\u00f5es<\/strong>: Karla Vidal<br \/>\n<strong>Diagrama\u00e7\u00e3o<\/strong>: Augusto Noronha e Karla Vidal<br \/>\n<strong>Revis\u00e3o<\/strong>: Augusto Noronha<\/p>\n","protected":false},"excerpt":{"rendered":"<p><strong>Lideran\u00e7a Afetiva: praticando a arte do feedback com afetividade<\/strong><br \/>\n<em>eBook Kindle<\/em><br \/>\nBruno Montarroyos<\/p>\n<p>Este livro vai al\u00e9m de uma obra comum sobre lideran\u00e7a; ele oferece uma imers\u00e3o profunda na ess\u00eancia da alma humana. Escrito por Bruno Montarroyos, &#8220;Lideran\u00e7a Afetiva&#8221; desafia os paradigmas tradicionais de sucesso e promove uma mentalidade de &#8220;ganha-ganha&#8221;, onde todos saem beneficiados. Ao longo das p\u00e1ginas, voc\u00ea descobrir\u00e1 que a verdadeira lideran\u00e7a est\u00e1 na capacidade de inspirar, conectar e servir, construindo relacionamentos duradouros e significativos.<\/p>\n<p>Este livro n\u00e3o \u00e9 apenas uma leitura; \u00e9 uma jornada de autodescoberta e crescimento, tanto no \u00e2mbito pessoal quanto profissional. Bruno oferece uma vis\u00e3o transformadora de lideran\u00e7a, que vai muito al\u00e9m de t\u00e9cnicas e estrat\u00e9gias, mostrando como o poder de liderar reside em criar conex\u00f5es humanas reais e impactantes.<\/p>\n<p>Prepare-se para se aventurar em um caminho de reflex\u00e3o e evolu\u00e7\u00e3o, onde o foco est\u00e1 em se tornar o l\u00edder que o mundo realmente precisa. &#8220;Lideran\u00e7a Afetiva&#8221; \u00e9 mais que um livro, \u00e9 um convite para redefinir o conceito de lideran\u00e7a e trilhar um caminho de sucesso genu\u00edno.<\/p>\n<h4>Ficha T\u00e9cnica<\/h4>\n<p>1\u00aa ed.<br \/>\neBook Kindle<br \/>\nISBN 978-6587033808<br \/>\n1. Lideran\u00e7a. 2. Administra\u00e7\u00e3o. I. Montarroyos, Bruno. II. Vidal, Karla (Ilustradora). III. Hannouche, Renan (Pref\u00e1cio). IV. T\u00edtulo.<\/p>\n","protected":false},"featured_media":12555,"comment_status":"open","ping_status":"closed","template":"","meta":{"jetpack_post_was_ever_published":false,"jetpack_publicize_message":"","jetpack_publicize_feature_enabled":true,"jetpack_social_post_already_shared":true,"jetpack_social_options":{"image_generator_settings":{"template":"highway","default_image_id":0,"font":"","enabled":false},"version":2}},"product_brand":[],"product_cat":[34,19],"product_tag":[],"class_list":{"0":"post-12554","1":"product","2":"type-product","3":"status-publish","4":"has-post-thumbnail","6":"product_cat-sem-categoria","7":"product_cat-livros-digitais","9":"first","10":"instock","11":"sold-individually","12":"shipping-taxable","13":"product-type-external"},"yoast_head":"<!-- This site is optimized with the Yoast SEO plugin v27.1.1 - https:\/\/yoast.com\/product\/yoast-seo-wordpress\/ -->\n<title>Lideran\u00e7a Afetiva: praticando a arte do feedback com afetividade<\/title>\n<meta name=\"description\" content=\"&quot;Lideran\u00e7a Afetiva&quot; de Bruno Montarroyos apresenta uma nova abordagem de lideran\u00e7a focada em inspirar, conectar e servir, promovendo rela\u00e7\u00f5es duradouras e humanas.\" \/>\n<meta name=\"robots\" content=\"index, follow, max-snippet:-1, max-image-preview:large, max-video-preview:-1\" \/>\n<link rel=\"canonical\" href=\"https:\/\/www.pipacomunica.com.br\/livrariadapipa\/produto\/ebook-lideranca-afetiva-praticando-a-arte-do-feedback-com-afetividade\/\" \/>\n<meta property=\"og:locale\" content=\"pt_BR\" \/>\n<meta property=\"og:type\" content=\"article\" \/>\n<meta property=\"og:title\" content=\"Lideran\u00e7a Afetiva: praticando a arte do feedback com afetividade\" \/>\n<meta property=\"og:description\" content=\"&quot;Lideran\u00e7a Afetiva&quot; de Bruno Montarroyos apresenta uma nova abordagem de lideran\u00e7a focada em inspirar, conectar e servir, promovendo rela\u00e7\u00f5es duradouras e humanas.\" \/>\n<meta property=\"og:url\" content=\"https:\/\/www.pipacomunica.com.br\/livrariadapipa\/produto\/ebook-lideranca-afetiva-praticando-a-arte-do-feedback-com-afetividade\/\" \/>\n<meta property=\"og:site_name\" content=\"Livraria da Pipa Comunica\u00e7\u00e3o\" \/>\n<meta property=\"article:publisher\" content=\"https:\/\/www.facebook.com\/pipacomunica\" \/>\n<meta property=\"article:modified_time\" content=\"2026-01-19T09:02:16+00:00\" \/>\n<meta property=\"og:image\" content=\"https:\/\/www.pipacomunica.com.br\/livrariadapipa\/wp-content\/uploads\/2024\/10\/thumb-lideranca-afetiva-de-bruno-montarroyos.png\" \/>\n\t<meta property=\"og:image:width\" content=\"870\" \/>\n\t<meta property=\"og:image:height\" content=\"452\" \/>\n\t<meta property=\"og:image:type\" content=\"image\/png\" \/>\n<meta name=\"twitter:card\" content=\"summary_large_image\" \/>\n<meta name=\"twitter:title\" content=\"Lideran\u00e7a Afetiva: praticando a arte do feedback com afetividade\" \/>\n<meta name=\"twitter:description\" content=\"&quot;Lideran\u00e7a Afetiva&quot; de Bruno Montarroyos apresenta uma nova abordagem de lideran\u00e7a focada em inspirar, conectar e servir, promovendo rela\u00e7\u00f5es duradouras e humanas.\" \/>\n<meta name=\"twitter:image\" content=\"https:\/\/i0.wp.com\/www.pipacomunica.com.br\/livrariadapipa\/wp-content\/uploads\/2024\/10\/thumb-lideranca-afetiva-de-bruno-montarroyos.png?fit=870%2C452&ssl=1\" \/>\n<meta name=\"twitter:site\" content=\"@PipaComunica\" \/>\n<meta name=\"twitter:label1\" content=\"Est. tempo de leitura\" \/>\n\t<meta name=\"twitter:data1\" content=\"3 minutos\" \/>\n<script type=\"application\/ld+json\" class=\"yoast-schema-graph\">{\"@context\":\"https:\/\/schema.org\",\"@graph\":[{\"@type\":\"WebPage\",\"@id\":\"https:\/\/www.pipacomunica.com.br\/livrariadapipa\/produto\/ebook-lideranca-afetiva-praticando-a-arte-do-feedback-com-afetividade\/\",\"url\":\"https:\/\/www.pipacomunica.com.br\/livrariadapipa\/produto\/ebook-lideranca-afetiva-praticando-a-arte-do-feedback-com-afetividade\/\",\"name\":\"Lideran\u00e7a Afetiva: praticando a arte do feedback com afetividade\",\"isPartOf\":{\"@id\":\"https:\/\/www.pipacomunica.com.br\/livrariadapipa\/#website\"},\"primaryImageOfPage\":{\"@id\":\"https:\/\/www.pipacomunica.com.br\/livrariadapipa\/produto\/ebook-lideranca-afetiva-praticando-a-arte-do-feedback-com-afetividade\/#primaryimage\"},\"image\":{\"@id\":\"https:\/\/www.pipacomunica.com.br\/livrariadapipa\/produto\/ebook-lideranca-afetiva-praticando-a-arte-do-feedback-com-afetividade\/#primaryimage\"},\"thumbnailUrl\":\"https:\/\/i0.wp.com\/www.pipacomunica.com.br\/livrariadapipa\/wp-content\/uploads\/2025\/12\/capa-ebook-lideranca-afetiva.png?fit=461%2C595&ssl=1\",\"datePublished\":\"2025-10-20T13:59:23+00:00\",\"dateModified\":\"2026-01-19T09:02:16+00:00\",\"description\":\"\\\"Lideran\u00e7a Afetiva\\\" de Bruno Montarroyos apresenta uma nova abordagem de lideran\u00e7a focada em inspirar, conectar e servir, promovendo rela\u00e7\u00f5es duradouras e humanas.\",\"breadcrumb\":{\"@id\":\"https:\/\/www.pipacomunica.com.br\/livrariadapipa\/produto\/ebook-lideranca-afetiva-praticando-a-arte-do-feedback-com-afetividade\/#breadcrumb\"},\"inLanguage\":\"pt-BR\",\"potentialAction\":[{\"@type\":\"ReadAction\",\"target\":[\"https:\/\/www.pipacomunica.com.br\/livrariadapipa\/produto\/ebook-lideranca-afetiva-praticando-a-arte-do-feedback-com-afetividade\/\"]}]},{\"@type\":\"ImageObject\",\"inLanguage\":\"pt-BR\",\"@id\":\"https:\/\/www.pipacomunica.com.br\/livrariadapipa\/produto\/ebook-lideranca-afetiva-praticando-a-arte-do-feedback-com-afetividade\/#primaryimage\",\"url\":\"https:\/\/i0.wp.com\/www.pipacomunica.com.br\/livrariadapipa\/wp-content\/uploads\/2025\/12\/capa-ebook-lideranca-afetiva.png?fit=461%2C595&ssl=1\",\"contentUrl\":\"https:\/\/i0.wp.com\/www.pipacomunica.com.br\/livrariadapipa\/wp-content\/uploads\/2025\/12\/capa-ebook-lideranca-afetiva.png?fit=461%2C595&ssl=1\",\"width\":461,\"height\":595,\"caption\":\"Lideran\u00e7a afetiva: praticando a arte do feedback com afetividade de Bruno Montarroyos\"},{\"@type\":\"BreadcrumbList\",\"@id\":\"https:\/\/www.pipacomunica.com.br\/livrariadapipa\/produto\/ebook-lideranca-afetiva-praticando-a-arte-do-feedback-com-afetividade\/#breadcrumb\",\"itemListElement\":[{\"@type\":\"ListItem\",\"position\":1,\"name\":\"In\u00edcio\",\"item\":\"https:\/\/www.pipacomunica.com.br\/livrariadapipa\/\"},{\"@type\":\"ListItem\",\"position\":2,\"name\":\"Cat\u00e1logo\",\"item\":\"https:\/\/www.pipacomunica.com.br\/livrariadapipa\/vitrine\/\"},{\"@type\":\"ListItem\",\"position\":3,\"name\":\"eBook Lideran\u00e7a Afetiva: praticando a arte do feedback com afetividade\"}]},{\"@type\":\"WebSite\",\"@id\":\"https:\/\/www.pipacomunica.com.br\/livrariadapipa\/#website\",\"url\":\"https:\/\/www.pipacomunica.com.br\/livrariadapipa\/\",\"name\":\"Livraria da Pipa Comunica\u00e7\u00e3o\",\"description\":\"Livros mais baratos que xerox\",\"publisher\":{\"@id\":\"https:\/\/www.pipacomunica.com.br\/livrariadapipa\/#organization\"},\"potentialAction\":[{\"@type\":\"SearchAction\",\"target\":{\"@type\":\"EntryPoint\",\"urlTemplate\":\"https:\/\/www.pipacomunica.com.br\/livrariadapipa\/?s={search_term_string}\"},\"query-input\":{\"@type\":\"PropertyValueSpecification\",\"valueRequired\":true,\"valueName\":\"search_term_string\"}}],\"inLanguage\":\"pt-BR\"},{\"@type\":\"Organization\",\"@id\":\"https:\/\/www.pipacomunica.com.br\/livrariadapipa\/#organization\",\"name\":\"Livraria da Pipa Comunica\u00e7\u00e3o\",\"url\":\"https:\/\/www.pipacomunica.com.br\/livrariadapipa\/\",\"logo\":{\"@type\":\"ImageObject\",\"inLanguage\":\"pt-BR\",\"@id\":\"https:\/\/www.pipacomunica.com.br\/livrariadapipa\/#\/schema\/logo\/image\/\",\"url\":\"https:\/\/i0.wp.com\/www.pipacomunica.com.br\/livrariadapipa\/wp-content\/uploads\/2018\/09\/marca-livraria-pipa-400px-negativo.png?fit=400%2C80&ssl=1\",\"contentUrl\":\"https:\/\/i0.wp.com\/www.pipacomunica.com.br\/livrariadapipa\/wp-content\/uploads\/2018\/09\/marca-livraria-pipa-400px-negativo.png?fit=400%2C80&ssl=1\",\"width\":400,\"height\":80,\"caption\":\"Livraria da Pipa Comunica\u00e7\u00e3o\"},\"image\":{\"@id\":\"https:\/\/www.pipacomunica.com.br\/livrariadapipa\/#\/schema\/logo\/image\/\"},\"sameAs\":[\"https:\/\/www.facebook.com\/pipacomunica\",\"https:\/\/x.com\/PipaComunica\",\"https:\/\/instagram.com\/pipacomunicacao\",\"http:\/\/www.linkedin.com\/companies\/pipa-comunica-o\",\"https:\/\/br.pinterest.com\/pipacomunicacao\/\",\"http:\/\/il.youtube.com\/user\/pipacomunicacao\"]}]}<\/script>\n<!-- \/ Yoast SEO plugin. -->","yoast_head_json":{"title":"Lideran\u00e7a Afetiva: praticando a arte do feedback com afetividade","description":"\"Lideran\u00e7a Afetiva\" de Bruno Montarroyos apresenta uma nova abordagem de lideran\u00e7a focada em inspirar, conectar e servir, promovendo rela\u00e7\u00f5es duradouras e humanas.","robots":{"index":"index","follow":"follow","max-snippet":"max-snippet:-1","max-image-preview":"max-image-preview:large","max-video-preview":"max-video-preview:-1"},"canonical":"https:\/\/www.pipacomunica.com.br\/livrariadapipa\/produto\/ebook-lideranca-afetiva-praticando-a-arte-do-feedback-com-afetividade\/","og_locale":"pt_BR","og_type":"article","og_title":"Lideran\u00e7a Afetiva: praticando a arte do feedback com afetividade","og_description":"\"Lideran\u00e7a Afetiva\" de Bruno Montarroyos apresenta uma nova abordagem de lideran\u00e7a focada em inspirar, conectar e servir, promovendo rela\u00e7\u00f5es duradouras e humanas.","og_url":"https:\/\/www.pipacomunica.com.br\/livrariadapipa\/produto\/ebook-lideranca-afetiva-praticando-a-arte-do-feedback-com-afetividade\/","og_site_name":"Livraria da Pipa Comunica\u00e7\u00e3o","article_publisher":"https:\/\/www.facebook.com\/pipacomunica","article_modified_time":"2026-01-19T09:02:16+00:00","og_image":[{"width":870,"height":452,"url":"https:\/\/www.pipacomunica.com.br\/livrariadapipa\/wp-content\/uploads\/2024\/10\/thumb-lideranca-afetiva-de-bruno-montarroyos.png","type":"image\/png"}],"twitter_card":"summary_large_image","twitter_title":"Lideran\u00e7a Afetiva: praticando a arte do feedback com afetividade","twitter_description":"\"Lideran\u00e7a Afetiva\" de Bruno Montarroyos apresenta uma nova abordagem de lideran\u00e7a focada em inspirar, conectar e servir, promovendo rela\u00e7\u00f5es duradouras e humanas.","twitter_image":"https:\/\/i0.wp.com\/www.pipacomunica.com.br\/livrariadapipa\/wp-content\/uploads\/2024\/10\/thumb-lideranca-afetiva-de-bruno-montarroyos.png?fit=870%2C452&ssl=1","twitter_site":"@PipaComunica","twitter_misc":{"Est. tempo de leitura":"3 minutos"},"schema":{"@context":"https:\/\/schema.org","@graph":[{"@type":"WebPage","@id":"https:\/\/www.pipacomunica.com.br\/livrariadapipa\/produto\/ebook-lideranca-afetiva-praticando-a-arte-do-feedback-com-afetividade\/","url":"https:\/\/www.pipacomunica.com.br\/livrariadapipa\/produto\/ebook-lideranca-afetiva-praticando-a-arte-do-feedback-com-afetividade\/","name":"Lideran\u00e7a Afetiva: praticando a arte do feedback com afetividade","isPartOf":{"@id":"https:\/\/www.pipacomunica.com.br\/livrariadapipa\/#website"},"primaryImageOfPage":{"@id":"https:\/\/www.pipacomunica.com.br\/livrariadapipa\/produto\/ebook-lideranca-afetiva-praticando-a-arte-do-feedback-com-afetividade\/#primaryimage"},"image":{"@id":"https:\/\/www.pipacomunica.com.br\/livrariadapipa\/produto\/ebook-lideranca-afetiva-praticando-a-arte-do-feedback-com-afetividade\/#primaryimage"},"thumbnailUrl":"https:\/\/i0.wp.com\/www.pipacomunica.com.br\/livrariadapipa\/wp-content\/uploads\/2025\/12\/capa-ebook-lideranca-afetiva.png?fit=461%2C595&ssl=1","datePublished":"2025-10-20T13:59:23+00:00","dateModified":"2026-01-19T09:02:16+00:00","description":"\"Lideran\u00e7a Afetiva\" de Bruno Montarroyos apresenta uma nova abordagem de lideran\u00e7a focada em inspirar, conectar e servir, promovendo rela\u00e7\u00f5es duradouras e humanas.","breadcrumb":{"@id":"https:\/\/www.pipacomunica.com.br\/livrariadapipa\/produto\/ebook-lideranca-afetiva-praticando-a-arte-do-feedback-com-afetividade\/#breadcrumb"},"inLanguage":"pt-BR","potentialAction":[{"@type":"ReadAction","target":["https:\/\/www.pipacomunica.com.br\/livrariadapipa\/produto\/ebook-lideranca-afetiva-praticando-a-arte-do-feedback-com-afetividade\/"]}]},{"@type":"ImageObject","inLanguage":"pt-BR","@id":"https:\/\/www.pipacomunica.com.br\/livrariadapipa\/produto\/ebook-lideranca-afetiva-praticando-a-arte-do-feedback-com-afetividade\/#primaryimage","url":"https:\/\/i0.wp.com\/www.pipacomunica.com.br\/livrariadapipa\/wp-content\/uploads\/2025\/12\/capa-ebook-lideranca-afetiva.png?fit=461%2C595&ssl=1","contentUrl":"https:\/\/i0.wp.com\/www.pipacomunica.com.br\/livrariadapipa\/wp-content\/uploads\/2025\/12\/capa-ebook-lideranca-afetiva.png?fit=461%2C595&ssl=1","width":461,"height":595,"caption":"Lideran\u00e7a afetiva: praticando a arte do feedback com afetividade de Bruno Montarroyos"},{"@type":"BreadcrumbList","@id":"https:\/\/www.pipacomunica.com.br\/livrariadapipa\/produto\/ebook-lideranca-afetiva-praticando-a-arte-do-feedback-com-afetividade\/#breadcrumb","itemListElement":[{"@type":"ListItem","position":1,"name":"In\u00edcio","item":"https:\/\/www.pipacomunica.com.br\/livrariadapipa\/"},{"@type":"ListItem","position":2,"name":"Cat\u00e1logo","item":"https:\/\/www.pipacomunica.com.br\/livrariadapipa\/vitrine\/"},{"@type":"ListItem","position":3,"name":"eBook Lideran\u00e7a Afetiva: praticando a arte do feedback com afetividade"}]},{"@type":"WebSite","@id":"https:\/\/www.pipacomunica.com.br\/livrariadapipa\/#website","url":"https:\/\/www.pipacomunica.com.br\/livrariadapipa\/","name":"Livraria da Pipa Comunica\u00e7\u00e3o","description":"Livros mais baratos que xerox","publisher":{"@id":"https:\/\/www.pipacomunica.com.br\/livrariadapipa\/#organization"},"potentialAction":[{"@type":"SearchAction","target":{"@type":"EntryPoint","urlTemplate":"https:\/\/www.pipacomunica.com.br\/livrariadapipa\/?s={search_term_string}"},"query-input":{"@type":"PropertyValueSpecification","valueRequired":true,"valueName":"search_term_string"}}],"inLanguage":"pt-BR"},{"@type":"Organization","@id":"https:\/\/www.pipacomunica.com.br\/livrariadapipa\/#organization","name":"Livraria da Pipa Comunica\u00e7\u00e3o","url":"https:\/\/www.pipacomunica.com.br\/livrariadapipa\/","logo":{"@type":"ImageObject","inLanguage":"pt-BR","@id":"https:\/\/www.pipacomunica.com.br\/livrariadapipa\/#\/schema\/logo\/image\/","url":"https:\/\/i0.wp.com\/www.pipacomunica.com.br\/livrariadapipa\/wp-content\/uploads\/2018\/09\/marca-livraria-pipa-400px-negativo.png?fit=400%2C80&ssl=1","contentUrl":"https:\/\/i0.wp.com\/www.pipacomunica.com.br\/livrariadapipa\/wp-content\/uploads\/2018\/09\/marca-livraria-pipa-400px-negativo.png?fit=400%2C80&ssl=1","width":400,"height":80,"caption":"Livraria da Pipa Comunica\u00e7\u00e3o"},"image":{"@id":"https:\/\/www.pipacomunica.com.br\/livrariadapipa\/#\/schema\/logo\/image\/"},"sameAs":["https:\/\/www.facebook.com\/pipacomunica","https:\/\/x.com\/PipaComunica","https:\/\/instagram.com\/pipacomunicacao","http:\/\/www.linkedin.com\/companies\/pipa-comunica-o","https:\/\/br.pinterest.com\/pipacomunicacao\/","http:\/\/il.youtube.com\/user\/pipacomunicacao"]}]}},"jetpack_publicize_connections":[],"jetpack_sharing_enabled":true,"_links":{"self":[{"href":"https:\/\/www.pipacomunica.com.br\/livrariadapipa\/wp-json\/wp\/v2\/product\/12554","targetHints":{"allow":["GET"]}}],"collection":[{"href":"https:\/\/www.pipacomunica.com.br\/livrariadapipa\/wp-json\/wp\/v2\/product"}],"about":[{"href":"https:\/\/www.pipacomunica.com.br\/livrariadapipa\/wp-json\/wp\/v2\/types\/product"}],"replies":[{"embeddable":true,"href":"https:\/\/www.pipacomunica.com.br\/livrariadapipa\/wp-json\/wp\/v2\/comments?post=12554"}],"version-history":[{"count":1,"href":"https:\/\/www.pipacomunica.com.br\/livrariadapipa\/wp-json\/wp\/v2\/product\/12554\/revisions"}],"predecessor-version":[{"id":12556,"href":"https:\/\/www.pipacomunica.com.br\/livrariadapipa\/wp-json\/wp\/v2\/product\/12554\/revisions\/12556"}],"wp:featuredmedia":[{"embeddable":true,"href":"https:\/\/www.pipacomunica.com.br\/livrariadapipa\/wp-json\/wp\/v2\/media\/12555"}],"wp:attachment":[{"href":"https:\/\/www.pipacomunica.com.br\/livrariadapipa\/wp-json\/wp\/v2\/media?parent=12554"}],"wp:term":[{"taxonomy":"product_brand","embeddable":true,"href":"https:\/\/www.pipacomunica.com.br\/livrariadapipa\/wp-json\/wp\/v2\/product_brand?post=12554"},{"taxonomy":"product_cat","embeddable":true,"href":"https:\/\/www.pipacomunica.com.br\/livrariadapipa\/wp-json\/wp\/v2\/product_cat?post=12554"},{"taxonomy":"product_tag","embeddable":true,"href":"https:\/\/www.pipacomunica.com.br\/livrariadapipa\/wp-json\/wp\/v2\/product_tag?post=12554"}],"curies":[{"name":"wp","href":"https:\/\/api.w.org\/{rel}","templated":true}]}}