{"id":12309,"date":"2024-12-12T17:55:03","date_gmt":"2024-12-12T20:55:03","guid":{"rendered":"https:\/\/www.pipacomunica.com.br\/livrariadapipa\/?post_type=product&#038;p=12309"},"modified":"2024-12-13T16:35:39","modified_gmt":"2024-12-13T19:35:39","slug":"calendario-da-pipa-2025-natureza-inventada","status":"publish","type":"product","link":"https:\/\/www.pipacomunica.com.br\/livrariadapipa\/produto\/calendario-da-pipa-2025-natureza-inventada\/","title":{"rendered":"Calend\u00e1rio da Pipa 2025: natureza inventada"},"content":{"rendered":"<p>Prepare-se para se encantar com a nova s\u00e9rie de colagens da <a href=\"https:\/\/www.linkedin.com\/in\/karlavidal\/\" target=\"_blank\" rel=\"noopener\">Karla Vidal<\/a> que usou IA para gerar imagens \u00fanicas e cheias de vida para o calend\u00e1rio da Pipa 2025.<\/p>\n<p data-sourcepos=\"9:1-9:239\">Criamos um calend\u00e1rio para 2025 que explora os limites da criatividade, utilizando a intelig\u00eancia artificial como ferramenta.<\/p>\n<p data-sourcepos=\"11:1-11:275\"><strong>Natureza Inventada<\/strong> \u00e9 o nome dessa cole\u00e7\u00e3o de imagens que te convida a apreciar a beleza da natureza sob uma nova perspectiva. Atrav\u00e9s de descri\u00e7\u00f5es po\u00e9ticas e da for\u00e7a da IA, Karla Vidal deu vida a paisagens exuberantes, flora ex\u00f3tica e formas org\u00e2nicas que transcendem a realidade.<\/p>\n<p data-sourcepos=\"13:1-13:42\"><strong>Por que voc\u00ea vai amar esse calend\u00e1rio?<\/strong><\/p>\n<ul data-sourcepos=\"15:1-19:0\">\n<li data-sourcepos=\"15:1-15:105\">Cada imagem \u00e9 uma arte exclusiva descrita e gerada especialmente para voc\u00ea.<\/li>\n<li data-sourcepos=\"16:1-16:145\">Perceba como a intelig\u00eancia artificial pode ser utilizada para gerar imagens art\u00edsticas cheias de personalidade.<\/li>\n<li data-sourcepos=\"17:1-17:104\">\u00c9 um calend\u00e1rio livre para baixar, imprimir e compartilhar com seus amigos e familiares.<\/li>\n<\/ul>\n<p data-sourcepos=\"20:1-20:37\">Baixe agora e entenda como \u00e9 poss\u00edvel ter intencionalidade e ser criativo usando sistemas de intelig\u00eancia artificial.<\/p>\n<p data-sourcepos=\"20:1-20:37\">Disponibilizamos as imagens separadamente em um \u00e1lbum no Google Fotos para que voc\u00ea possa ir baixando ao longo do ano e usar no computador ou no celular sempre que desejar: <a href=\"https:\/\/bit.ly\/calendario2025nofotos\" target=\"_blank\" rel=\"noopener\">https:\/\/bit.ly\/calendario2025nofotos\u00a0<\/a><\/p>\n<h3 data-sourcepos=\"20:1-20:37\">Assista \u00e0 criadora contando a hist\u00f3ria do projeto.<\/h3>\n<div class=\"su-youtube su-u-responsive-media-yes\"><iframe width=\"600\" height=\"400\" src=\"https:\/\/www.youtube.com\/embed\/7ad__QEQwW0?\" frameborder=\"0\" allowfullscreen allow=\"autoplay; encrypted-media; picture-in-picture\" title=\"\"><\/iframe><\/div>\n","protected":false},"excerpt":{"rendered":"<p>Prepare-se para se encantar com a nova s\u00e9rie de colagens da <a href=\"https:\/\/www.linkedin.com\/in\/karlavidal\/\" target=\"_blank\" rel=\"noopener\">Karla Vidal<\/a> que usou IA para gerar imagens \u00fanicas e cheias de vida para o calend\u00e1rio da Pipa 2025.<\/p>\n<p>A intelig\u00eancia artificial (IA) j\u00e1 faz parte do nosso cotidiano e compreend\u00ea-la \u00e9 fundamental para aproveitar seus benef\u00edcios e atenuar seus riscos. Neste ano, exploramos o potencial da IA na gera\u00e7\u00e3o de imagens art\u00edsticas, dando vida ao que denominamos &#8216;Natureza Inventada&#8217;. Atrav\u00e9s da t\u00e9cnica de colagem e inspira\u00e7\u00f5es da pop art, Karla Vidal criou uma s\u00e9rie de imagens que demonstram como a IA pode ser utilizada de forma criativa e intencional para expandir os limites da express\u00e3o art\u00edstica.<\/p>\n<p>Disponibilizamos as imagens separadamente em um \u00e1lbum no Google Fotos para que voc\u00ea possa ir baixando ao longo do ano e usar no computador ou no celular sempre que desejar: <a href=\"https:\/\/bit.ly\/calendario2025nofotos\" target=\"_blank\" rel=\"noopener\">https:\/\/bit.ly\/calendario2025nofotos\u00a0<\/a><\/p>\n<p>Caso deseje imprimir, escolha uma das op\u00e7\u00f5es a seguir:<\/p>\n<ul>\n<li>Formato A6: <a href=\"https:\/\/bit.ly\/calendariodapipa2025A6\" target=\"_blank\" rel=\"noopener\">https:\/\/bit.ly\/calendariodapipa2025A6<\/a><\/li>\n<li>Formato A4: <a href=\"https:\/\/bit.ly\/calendariodapipa2025A4\" target=\"_blank\" rel=\"noopener\">https:\/\/bit.ly\/calendariodapipa2025A4<\/a><\/li>\n<\/ul>\n","protected":false},"featured_media":12321,"comment_status":"open","ping_status":"closed","template":"","meta":{"jetpack_post_was_ever_published":false,"jetpack_publicize_message":"","jetpack_publicize_feature_enabled":true,"jetpack_social_post_already_shared":true,"jetpack_social_options":{"image_generator_settings":{"template":"highway","default_image_id":0,"font":"","enabled":false},"version":2}},"product_brand":[],"product_cat":[42],"product_tag":[],"class_list":{"0":"post-12309","1":"product","2":"type-product","3":"status-publish","4":"has-post-thumbnail","6":"product_cat-infoprodutos","8":"first","9":"instock","10":"shipping-taxable","11":"product-type-external"},"yoast_head":"<!-- This site is optimized with the Yoast SEO plugin v27.1.1 - https:\/\/yoast.com\/product\/yoast-seo-wordpress\/ -->\n<title>Calend\u00e1rio da Pipa 2025: natureza inventada - Livraria da Pipa Comunica\u00e7\u00e3o<\/title>\n<meta name=\"description\" content=\"Prepare-se para se encantar com a nova s\u00e9rie de colagens da Karla Vidal que usou IA para gerar imagens \u00fanicas para o calend\u00e1rio da Pipa 2025.\" \/>\n<meta name=\"robots\" content=\"index, follow, max-snippet:-1, max-image-preview:large, max-video-preview:-1\" \/>\n<link rel=\"canonical\" href=\"https:\/\/www.pipacomunica.com.br\/livrariadapipa\/produto\/calendario-da-pipa-2025-natureza-inventada\/\" \/>\n<meta property=\"og:locale\" content=\"pt_BR\" \/>\n<meta property=\"og:type\" content=\"article\" \/>\n<meta property=\"og:title\" content=\"Calend\u00e1rio da Pipa 2025: natureza inventada\" \/>\n<meta property=\"og:description\" content=\"Prepare-se para se encantar com a nova s\u00e9rie de colagens da Karla Vidal que usou IA para gerar imagens \u00fanicas e cheias de vida para o calend\u00e1rio da Pipa 2025.\" \/>\n<meta property=\"og:url\" content=\"https:\/\/www.pipacomunica.com.br\/livrariadapipa\/produto\/calendario-da-pipa-2025-natureza-inventada\/\" \/>\n<meta property=\"og:site_name\" content=\"Livraria da Pipa Comunica\u00e7\u00e3o\" \/>\n<meta property=\"article:publisher\" content=\"https:\/\/www.facebook.com\/pipacomunica\" \/>\n<meta property=\"article:modified_time\" content=\"2024-12-13T19:35:39+00:00\" \/>\n<meta property=\"og:image\" content=\"https:\/\/www.pipacomunica.com.br\/livrariadapipa\/wp-content\/uploads\/2024\/12\/thumb-calendario-da-pipa-2025.png\" \/>\n\t<meta property=\"og:image:width\" content=\"620\" \/>\n\t<meta property=\"og:image:height\" content=\"340\" \/>\n\t<meta property=\"og:image:type\" content=\"image\/png\" \/>\n<meta name=\"twitter:card\" content=\"summary_large_image\" \/>\n<meta name=\"twitter:title\" content=\"Calend\u00e1rio da Pipa 2025: natureza inventada\" \/>\n<meta name=\"twitter:description\" content=\"Prepare-se para se encantar com a nova s\u00e9rie de colagens da Karla Vidal que usou IA para gerar imagens \u00fanicas e cheias de vida para o calend\u00e1rio da Pipa 2025.\" \/>\n<meta name=\"twitter:image\" content=\"https:\/\/i0.wp.com\/www.pipacomunica.com.br\/livrariadapipa\/wp-content\/uploads\/2024\/12\/thumb-calendario-da-pipa-2025.png?fit=620%2C340&ssl=1\" \/>\n<meta name=\"twitter:site\" content=\"@PipaComunica\" \/>\n<meta name=\"twitter:label1\" content=\"Est. tempo de leitura\" \/>\n\t<meta name=\"twitter:data1\" content=\"2 minutos\" \/>\n<script type=\"application\/ld+json\" class=\"yoast-schema-graph\">{\"@context\":\"https:\/\/schema.org\",\"@graph\":[{\"@type\":\"WebPage\",\"@id\":\"https:\/\/www.pipacomunica.com.br\/livrariadapipa\/produto\/calendario-da-pipa-2025-natureza-inventada\/\",\"url\":\"https:\/\/www.pipacomunica.com.br\/livrariadapipa\/produto\/calendario-da-pipa-2025-natureza-inventada\/\",\"name\":\"Calend\u00e1rio da Pipa 2025: natureza inventada - Livraria da Pipa Comunica\u00e7\u00e3o\",\"isPartOf\":{\"@id\":\"https:\/\/www.pipacomunica.com.br\/livrariadapipa\/#website\"},\"primaryImageOfPage\":{\"@id\":\"https:\/\/www.pipacomunica.com.br\/livrariadapipa\/produto\/calendario-da-pipa-2025-natureza-inventada\/#primaryimage\"},\"image\":{\"@id\":\"https:\/\/www.pipacomunica.com.br\/livrariadapipa\/produto\/calendario-da-pipa-2025-natureza-inventada\/#primaryimage\"},\"thumbnailUrl\":\"https:\/\/i0.wp.com\/www.pipacomunica.com.br\/livrariadapipa\/wp-content\/uploads\/2024\/12\/chamada-calendario-da-pipa-2025.jpg?fit=800%2C800&ssl=1\",\"datePublished\":\"2024-12-12T20:55:03+00:00\",\"dateModified\":\"2024-12-13T19:35:39+00:00\",\"description\":\"Prepare-se para se encantar com a nova s\u00e9rie de colagens da Karla Vidal que usou IA para gerar imagens \u00fanicas para o calend\u00e1rio da Pipa 2025.\",\"breadcrumb\":{\"@id\":\"https:\/\/www.pipacomunica.com.br\/livrariadapipa\/produto\/calendario-da-pipa-2025-natureza-inventada\/#breadcrumb\"},\"inLanguage\":\"pt-BR\",\"potentialAction\":[{\"@type\":\"ReadAction\",\"target\":[\"https:\/\/www.pipacomunica.com.br\/livrariadapipa\/produto\/calendario-da-pipa-2025-natureza-inventada\/\"]}]},{\"@type\":\"ImageObject\",\"inLanguage\":\"pt-BR\",\"@id\":\"https:\/\/www.pipacomunica.com.br\/livrariadapipa\/produto\/calendario-da-pipa-2025-natureza-inventada\/#primaryimage\",\"url\":\"https:\/\/i0.wp.com\/www.pipacomunica.com.br\/livrariadapipa\/wp-content\/uploads\/2024\/12\/chamada-calendario-da-pipa-2025.jpg?fit=800%2C800&ssl=1\",\"contentUrl\":\"https:\/\/i0.wp.com\/www.pipacomunica.com.br\/livrariadapipa\/wp-content\/uploads\/2024\/12\/chamada-calendario-da-pipa-2025.jpg?fit=800%2C800&ssl=1\",\"width\":800,\"height\":800,\"caption\":\"Calend\u00e1rio da Pipa 2025: natureza inventada\"},{\"@type\":\"BreadcrumbList\",\"@id\":\"https:\/\/www.pipacomunica.com.br\/livrariadapipa\/produto\/calendario-da-pipa-2025-natureza-inventada\/#breadcrumb\",\"itemListElement\":[{\"@type\":\"ListItem\",\"position\":1,\"name\":\"In\u00edcio\",\"item\":\"https:\/\/www.pipacomunica.com.br\/livrariadapipa\/\"},{\"@type\":\"ListItem\",\"position\":2,\"name\":\"Cat\u00e1logo\",\"item\":\"https:\/\/www.pipacomunica.com.br\/livrariadapipa\/vitrine\/\"},{\"@type\":\"ListItem\",\"position\":3,\"name\":\"Calend\u00e1rio da Pipa 2025: natureza inventada\"}]},{\"@type\":\"WebSite\",\"@id\":\"https:\/\/www.pipacomunica.com.br\/livrariadapipa\/#website\",\"url\":\"https:\/\/www.pipacomunica.com.br\/livrariadapipa\/\",\"name\":\"Livraria da Pipa Comunica\u00e7\u00e3o\",\"description\":\"Livros mais baratos que xerox\",\"publisher\":{\"@id\":\"https:\/\/www.pipacomunica.com.br\/livrariadapipa\/#organization\"},\"potentialAction\":[{\"@type\":\"SearchAction\",\"target\":{\"@type\":\"EntryPoint\",\"urlTemplate\":\"https:\/\/www.pipacomunica.com.br\/livrariadapipa\/?s={search_term_string}\"},\"query-input\":{\"@type\":\"PropertyValueSpecification\",\"valueRequired\":true,\"valueName\":\"search_term_string\"}}],\"inLanguage\":\"pt-BR\"},{\"@type\":\"Organization\",\"@id\":\"https:\/\/www.pipacomunica.com.br\/livrariadapipa\/#organization\",\"name\":\"Livraria da Pipa Comunica\u00e7\u00e3o\",\"url\":\"https:\/\/www.pipacomunica.com.br\/livrariadapipa\/\",\"logo\":{\"@type\":\"ImageObject\",\"inLanguage\":\"pt-BR\",\"@id\":\"https:\/\/www.pipacomunica.com.br\/livrariadapipa\/#\/schema\/logo\/image\/\",\"url\":\"https:\/\/i0.wp.com\/www.pipacomunica.com.br\/livrariadapipa\/wp-content\/uploads\/2018\/09\/marca-livraria-pipa-400px-negativo.png?fit=400%2C80&ssl=1\",\"contentUrl\":\"https:\/\/i0.wp.com\/www.pipacomunica.com.br\/livrariadapipa\/wp-content\/uploads\/2018\/09\/marca-livraria-pipa-400px-negativo.png?fit=400%2C80&ssl=1\",\"width\":400,\"height\":80,\"caption\":\"Livraria da Pipa Comunica\u00e7\u00e3o\"},\"image\":{\"@id\":\"https:\/\/www.pipacomunica.com.br\/livrariadapipa\/#\/schema\/logo\/image\/\"},\"sameAs\":[\"https:\/\/www.facebook.com\/pipacomunica\",\"https:\/\/x.com\/PipaComunica\",\"https:\/\/instagram.com\/pipacomunicacao\",\"http:\/\/www.linkedin.com\/companies\/pipa-comunica-o\",\"https:\/\/br.pinterest.com\/pipacomunicacao\/\",\"http:\/\/il.youtube.com\/user\/pipacomunicacao\"]}]}<\/script>\n<!-- \/ Yoast SEO plugin. -->","yoast_head_json":{"title":"Calend\u00e1rio da Pipa 2025: natureza inventada - Livraria da Pipa Comunica\u00e7\u00e3o","description":"Prepare-se para se encantar com a nova s\u00e9rie de colagens da Karla Vidal que usou IA para gerar imagens \u00fanicas para o calend\u00e1rio da Pipa 2025.","robots":{"index":"index","follow":"follow","max-snippet":"max-snippet:-1","max-image-preview":"max-image-preview:large","max-video-preview":"max-video-preview:-1"},"canonical":"https:\/\/www.pipacomunica.com.br\/livrariadapipa\/produto\/calendario-da-pipa-2025-natureza-inventada\/","og_locale":"pt_BR","og_type":"article","og_title":"Calend\u00e1rio da Pipa 2025: natureza inventada","og_description":"Prepare-se para se encantar com a nova s\u00e9rie de colagens da Karla Vidal que usou IA para gerar imagens \u00fanicas e cheias de vida para o calend\u00e1rio da Pipa 2025.","og_url":"https:\/\/www.pipacomunica.com.br\/livrariadapipa\/produto\/calendario-da-pipa-2025-natureza-inventada\/","og_site_name":"Livraria da Pipa Comunica\u00e7\u00e3o","article_publisher":"https:\/\/www.facebook.com\/pipacomunica","article_modified_time":"2024-12-13T19:35:39+00:00","og_image":[{"width":620,"height":340,"url":"https:\/\/www.pipacomunica.com.br\/livrariadapipa\/wp-content\/uploads\/2024\/12\/thumb-calendario-da-pipa-2025.png","type":"image\/png"}],"twitter_card":"summary_large_image","twitter_title":"Calend\u00e1rio da Pipa 2025: natureza inventada","twitter_description":"Prepare-se para se encantar com a nova s\u00e9rie de colagens da Karla Vidal que usou IA para gerar imagens \u00fanicas e cheias de vida para o calend\u00e1rio da Pipa 2025.","twitter_image":"https:\/\/i0.wp.com\/www.pipacomunica.com.br\/livrariadapipa\/wp-content\/uploads\/2024\/12\/thumb-calendario-da-pipa-2025.png?fit=620%2C340&ssl=1","twitter_site":"@PipaComunica","twitter_misc":{"Est. tempo de leitura":"2 minutos"},"schema":{"@context":"https:\/\/schema.org","@graph":[{"@type":"WebPage","@id":"https:\/\/www.pipacomunica.com.br\/livrariadapipa\/produto\/calendario-da-pipa-2025-natureza-inventada\/","url":"https:\/\/www.pipacomunica.com.br\/livrariadapipa\/produto\/calendario-da-pipa-2025-natureza-inventada\/","name":"Calend\u00e1rio da Pipa 2025: natureza inventada - Livraria da Pipa Comunica\u00e7\u00e3o","isPartOf":{"@id":"https:\/\/www.pipacomunica.com.br\/livrariadapipa\/#website"},"primaryImageOfPage":{"@id":"https:\/\/www.pipacomunica.com.br\/livrariadapipa\/produto\/calendario-da-pipa-2025-natureza-inventada\/#primaryimage"},"image":{"@id":"https:\/\/www.pipacomunica.com.br\/livrariadapipa\/produto\/calendario-da-pipa-2025-natureza-inventada\/#primaryimage"},"thumbnailUrl":"https:\/\/i0.wp.com\/www.pipacomunica.com.br\/livrariadapipa\/wp-content\/uploads\/2024\/12\/chamada-calendario-da-pipa-2025.jpg?fit=800%2C800&ssl=1","datePublished":"2024-12-12T20:55:03+00:00","dateModified":"2024-12-13T19:35:39+00:00","description":"Prepare-se para se encantar com a nova s\u00e9rie de colagens da Karla Vidal que usou IA para gerar imagens \u00fanicas para o calend\u00e1rio da Pipa 2025.","breadcrumb":{"@id":"https:\/\/www.pipacomunica.com.br\/livrariadapipa\/produto\/calendario-da-pipa-2025-natureza-inventada\/#breadcrumb"},"inLanguage":"pt-BR","potentialAction":[{"@type":"ReadAction","target":["https:\/\/www.pipacomunica.com.br\/livrariadapipa\/produto\/calendario-da-pipa-2025-natureza-inventada\/"]}]},{"@type":"ImageObject","inLanguage":"pt-BR","@id":"https:\/\/www.pipacomunica.com.br\/livrariadapipa\/produto\/calendario-da-pipa-2025-natureza-inventada\/#primaryimage","url":"https:\/\/i0.wp.com\/www.pipacomunica.com.br\/livrariadapipa\/wp-content\/uploads\/2024\/12\/chamada-calendario-da-pipa-2025.jpg?fit=800%2C800&ssl=1","contentUrl":"https:\/\/i0.wp.com\/www.pipacomunica.com.br\/livrariadapipa\/wp-content\/uploads\/2024\/12\/chamada-calendario-da-pipa-2025.jpg?fit=800%2C800&ssl=1","width":800,"height":800,"caption":"Calend\u00e1rio da Pipa 2025: natureza inventada"},{"@type":"BreadcrumbList","@id":"https:\/\/www.pipacomunica.com.br\/livrariadapipa\/produto\/calendario-da-pipa-2025-natureza-inventada\/#breadcrumb","itemListElement":[{"@type":"ListItem","position":1,"name":"In\u00edcio","item":"https:\/\/www.pipacomunica.com.br\/livrariadapipa\/"},{"@type":"ListItem","position":2,"name":"Cat\u00e1logo","item":"https:\/\/www.pipacomunica.com.br\/livrariadapipa\/vitrine\/"},{"@type":"ListItem","position":3,"name":"Calend\u00e1rio da Pipa 2025: natureza inventada"}]},{"@type":"WebSite","@id":"https:\/\/www.pipacomunica.com.br\/livrariadapipa\/#website","url":"https:\/\/www.pipacomunica.com.br\/livrariadapipa\/","name":"Livraria da Pipa Comunica\u00e7\u00e3o","description":"Livros mais baratos que xerox","publisher":{"@id":"https:\/\/www.pipacomunica.com.br\/livrariadapipa\/#organization"},"potentialAction":[{"@type":"SearchAction","target":{"@type":"EntryPoint","urlTemplate":"https:\/\/www.pipacomunica.com.br\/livrariadapipa\/?s={search_term_string}"},"query-input":{"@type":"PropertyValueSpecification","valueRequired":true,"valueName":"search_term_string"}}],"inLanguage":"pt-BR"},{"@type":"Organization","@id":"https:\/\/www.pipacomunica.com.br\/livrariadapipa\/#organization","name":"Livraria da Pipa Comunica\u00e7\u00e3o","url":"https:\/\/www.pipacomunica.com.br\/livrariadapipa\/","logo":{"@type":"ImageObject","inLanguage":"pt-BR","@id":"https:\/\/www.pipacomunica.com.br\/livrariadapipa\/#\/schema\/logo\/image\/","url":"https:\/\/i0.wp.com\/www.pipacomunica.com.br\/livrariadapipa\/wp-content\/uploads\/2018\/09\/marca-livraria-pipa-400px-negativo.png?fit=400%2C80&ssl=1","contentUrl":"https:\/\/i0.wp.com\/www.pipacomunica.com.br\/livrariadapipa\/wp-content\/uploads\/2018\/09\/marca-livraria-pipa-400px-negativo.png?fit=400%2C80&ssl=1","width":400,"height":80,"caption":"Livraria da Pipa Comunica\u00e7\u00e3o"},"image":{"@id":"https:\/\/www.pipacomunica.com.br\/livrariadapipa\/#\/schema\/logo\/image\/"},"sameAs":["https:\/\/www.facebook.com\/pipacomunica","https:\/\/x.com\/PipaComunica","https:\/\/instagram.com\/pipacomunicacao","http:\/\/www.linkedin.com\/companies\/pipa-comunica-o","https:\/\/br.pinterest.com\/pipacomunicacao\/","http:\/\/il.youtube.com\/user\/pipacomunicacao"]}]}},"jetpack_publicize_connections":[],"jetpack_sharing_enabled":true,"_links":{"self":[{"href":"https:\/\/www.pipacomunica.com.br\/livrariadapipa\/wp-json\/wp\/v2\/product\/12309","targetHints":{"allow":["GET"]}}],"collection":[{"href":"https:\/\/www.pipacomunica.com.br\/livrariadapipa\/wp-json\/wp\/v2\/product"}],"about":[{"href":"https:\/\/www.pipacomunica.com.br\/livrariadapipa\/wp-json\/wp\/v2\/types\/product"}],"replies":[{"embeddable":true,"href":"https:\/\/www.pipacomunica.com.br\/livrariadapipa\/wp-json\/wp\/v2\/comments?post=12309"}],"version-history":[{"count":4,"href":"https:\/\/www.pipacomunica.com.br\/livrariadapipa\/wp-json\/wp\/v2\/product\/12309\/revisions"}],"predecessor-version":[{"id":12338,"href":"https:\/\/www.pipacomunica.com.br\/livrariadapipa\/wp-json\/wp\/v2\/product\/12309\/revisions\/12338"}],"wp:featuredmedia":[{"embeddable":true,"href":"https:\/\/www.pipacomunica.com.br\/livrariadapipa\/wp-json\/wp\/v2\/media\/12321"}],"wp:attachment":[{"href":"https:\/\/www.pipacomunica.com.br\/livrariadapipa\/wp-json\/wp\/v2\/media?parent=12309"}],"wp:term":[{"taxonomy":"product_brand","embeddable":true,"href":"https:\/\/www.pipacomunica.com.br\/livrariadapipa\/wp-json\/wp\/v2\/product_brand?post=12309"},{"taxonomy":"product_cat","embeddable":true,"href":"https:\/\/www.pipacomunica.com.br\/livrariadapipa\/wp-json\/wp\/v2\/product_cat?post=12309"},{"taxonomy":"product_tag","embeddable":true,"href":"https:\/\/www.pipacomunica.com.br\/livrariadapipa\/wp-json\/wp\/v2\/product_tag?post=12309"}],"curies":[{"name":"wp","href":"https:\/\/api.w.org\/{rel}","templated":true}]}}