{"id":12223,"date":"2024-05-20T09:35:41","date_gmt":"2024-05-20T12:35:41","guid":{"rendered":"https:\/\/www.pipacomunica.com.br\/livrariadapipa\/?post_type=product&#038;p=12223"},"modified":"2025-12-20T11:18:26","modified_gmt":"2025-12-20T14:18:26","slug":"contribuicoes-da-juventude-para-a-pratica-academica-relatos-de-pesquisa-e-acoes-extensionistas","status":"publish","type":"product","link":"https:\/\/www.pipacomunica.com.br\/livrariadapipa\/produto\/contribuicoes-da-juventude-para-a-pratica-academica-relatos-de-pesquisa-e-acoes-extensionistas\/","title":{"rendered":"Contribui\u00e7\u00f5es da juventude para a pr\u00e1tica acad\u00eamica: relatos de pesquisa e a\u00e7\u00f5es extensionistas"},"content":{"rendered":"<p><strong>Contribui\u00e7\u00f5es da juventude para a pr\u00e1tica acad\u00eamica: relatos de pesquisa e a\u00e7\u00f5es extensionistas<\/strong><br \/>\n<em>PDF <\/em><br \/>\nJos\u00e9 Ribamar Lopes Batista J\u00fanior (Organizador), Nayana Bruna Nery Mon\u00e7\u00e3o (Organizadora)<\/p>\n<p>Descubra o impacto transformador da juventude na pesquisa cient\u00edfica e nas atividades de extens\u00e3o a partir da leitura de &#8220;Contribui\u00e7\u00f5es da juventude para a pr\u00e1tica acad\u00eamica: relatos de pesquisa e a\u00e7\u00f5es extensionistas&#8221;. Este eBook, coordenado por Jos\u00e9 Ribamar Lopes Batista J\u00fanior e Nayana Bruna Nery Mon\u00e7\u00e3o, destaca projetos inovadores do Laborat\u00f3rio Experimental de Ensino e Pesquisa em Leitura e Produ\u00e7\u00e3o de Textos do CTF\/UFPI. Desde 2010, o LPT promove a valoriza\u00e7\u00e3o da educa\u00e7\u00e3o b\u00e1sica e t\u00e9cnica atrav\u00e9s de iniciativas como a Jornada Acad\u00eamica. Conhe\u00e7a as experi\u00eancias enriquecedoras que abordam temas como sa\u00fade, meio ambiente, tecnologia e educa\u00e7\u00e3o, refletindo o potencial criativo dos jovens pesquisadores.<\/p>\n<h4>Sobre os organizadores e a organizadora<\/h4>\n<p>&nbsp;<\/p>\n<p><strong>Jos\u00e9 Ribamar Lopes Batista J\u00fanior<\/strong><\/p>\n<p>Professor do ensino b\u00e1sico, t\u00e9cnico e tecnol\u00f3gico da Universidade Federal do Piau\u00ed (UFPI), fundador e coordenador do Laborat\u00f3rio Experimental de Ensino e Pesquisa em Leitura e Produ\u00e7\u00e3o Textual (LPT\/ CNPq) do Col\u00e9gio T\u00e9cnico de Floriano (CTF\/UFPI). Doutor em Lingu\u00edstica pela Universidade de Bras\u00edlia. Apaixonado por v\u00f4lei, ama viajar, tem duas tatuagens e n\u00e3o dispensa uma ta\u00e7a de vinho.<\/p>\n<p><strong>Nayana Bruna Nery Mon\u00e7\u00e3o<\/strong><\/p>\n<p>Professora do ensino b\u00e1sico, t\u00e9cnico e tecnol\u00f3gico no Col\u00e9gio T\u00e9cnico de Floriano (UFPI). Mestre em Qu\u00edmica pela Universidade Federal do Piau\u00ed (UFPI) e atualmente, estudante de doutorado na linha de pesquisa Ensino de Qu\u00edmica na mesma institui\u00e7\u00e3o. Na experi\u00eancia vivenciada, e com respaldo tamb\u00e9m para as publica\u00e7\u00f5es presentes nesse referido livro, destaca o qu\u00e3o \u00e9 prazeroso a possibilidade de criar, em especial, quando se trata da produ\u00e7\u00e3o de artes, uma habilidade, inclusive, iniciada no contexto da pandemia.<\/p>\n<h4>Ficha T\u00e9cnica<\/h4>\n<p><strong>Capa e Projeto Gr\u00e1fico<\/strong>: Karla Vidal<br \/>\n<strong>Diagrama\u00e7\u00e3o<\/strong>: Augusto Noronha e Karla Vidal<br \/>\n<strong>Revis\u00e3o<\/strong>: os organizadores<br \/>\n<strong>Editores<\/strong>: Augusto Noronha e Karla Vidal (Pipa Comunica\u00e7\u00e3o &#8211; http:\/\/www.pipacomunica.com.br)<br \/>\n<strong>Realiza\u00e7\u00e3o: <\/strong>Laborat\u00f3rio de Leitura e Produ\u00e7\u00e3o Textual<\/p>\n","protected":false},"excerpt":{"rendered":"<p><em>PDF <\/em><br \/>\nJos\u00e9 Ribamar Lopes Batista J\u00fanior (Organizador), Nayana Bruna Nery Mon\u00e7\u00e3o (Organizadora)<\/p>\n<p>Descubra o impacto transformador da juventude na pesquisa cient\u00edfica e nas atividades de extens\u00e3o a partir da leitura de &#8220;Contribui\u00e7\u00f5es da juventude para a pr\u00e1tica acad\u00eamica: relatos de pesquisa e a\u00e7\u00f5es extensionistas&#8221;. Este eBook, coordenado por Jos\u00e9 Ribamar Lopes Batista J\u00fanior e Nayana Bruna Nery Mon\u00e7\u00e3o, destaca projetos inovadores do Laborat\u00f3rio Experimental de Ensino e Pesquisa em Leitura e Produ\u00e7\u00e3o de Textos do CTF\/UFPI. Desde 2010, o LPT promove a valoriza\u00e7\u00e3o da educa\u00e7\u00e3o b\u00e1sica e t\u00e9cnica atrav\u00e9s de iniciativas como a Jornada Acad\u00eamica. Conhe\u00e7a as experi\u00eancias enriquecedoras que abordam temas como sa\u00fade, meio ambiente, tecnologia e educa\u00e7\u00e3o, refletindo o potencial criativo dos jovens pesquisadores.<\/p>\n<h4>Ficha T\u00e9cnica<\/h4>\n<p>1\u00aa ed.<br \/>\nPDF<br \/>\n392 p.<br \/>\nISBN 978-65-87033-67-9<br \/>\n1. Educa\u00e7\u00e3o.<\/p>\n","protected":false},"featured_media":12230,"comment_status":"open","ping_status":"closed","template":"","meta":{"jetpack_post_was_ever_published":false,"jetpack_publicize_message":"","jetpack_publicize_feature_enabled":true,"jetpack_social_post_already_shared":true,"jetpack_social_options":{"image_generator_settings":{"template":"highway","default_image_id":0,"font":"","enabled":false},"version":2}},"product_brand":[],"product_cat":[34,19,17],"product_tag":[],"class_list":{"0":"post-12223","1":"product","2":"type-product","3":"status-publish","4":"has-post-thumbnail","6":"product_cat-sem-categoria","7":"product_cat-livros-digitais","8":"product_cat-gratuitos","10":"first","11":"instock","12":"sold-individually","13":"shipping-taxable","14":"product-type-external"},"yoast_head":"<!-- This site is optimized with the Yoast SEO plugin v27.1.1 - https:\/\/yoast.com\/product\/yoast-seo-wordpress\/ -->\n<title>Contribui\u00e7\u00f5es da juventude para a pr\u00e1tica acad\u00eamica<\/title>\n<meta name=\"description\" content=\"Explore o eBook &quot;Contribui\u00e7\u00f5es da juventude para a pr\u00e1tica acad\u00eamica&quot; e veja como a juventude transforma a pesquisa e extens\u00e3o no CTF\/UFPI. Projetos inovadores em educa\u00e7\u00e3o, sa\u00fade, meio ambiente e tecnologia.\" \/>\n<meta name=\"robots\" content=\"index, follow, max-snippet:-1, max-image-preview:large, max-video-preview:-1\" \/>\n<link rel=\"canonical\" href=\"https:\/\/www.pipacomunica.com.br\/livrariadapipa\/produto\/contribuicoes-da-juventude-para-a-pratica-academica-relatos-de-pesquisa-e-acoes-extensionistas\/\" \/>\n<meta property=\"og:locale\" content=\"pt_BR\" \/>\n<meta property=\"og:type\" content=\"article\" \/>\n<meta property=\"og:title\" content=\"Contribui\u00e7\u00f5es da juventude para a pr\u00e1tica acad\u00eamica: relatos de pesquisa e a\u00e7\u00f5es extensionistas\" \/>\n<meta property=\"og:description\" content=\"Explore o eBook &quot;Contribui\u00e7\u00f5es da juventude para a pr\u00e1tica acad\u00eamica&quot; e veja como a juventude transforma a pesquisa e extens\u00e3o no CTF\/UFPI. Projetos inovadores em educa\u00e7\u00e3o, sa\u00fade, meio ambiente e tecnologia.\" \/>\n<meta property=\"og:url\" content=\"https:\/\/www.pipacomunica.com.br\/livrariadapipa\/produto\/contribuicoes-da-juventude-para-a-pratica-academica-relatos-de-pesquisa-e-acoes-extensionistas\/\" \/>\n<meta property=\"og:site_name\" content=\"Livraria da Pipa Comunica\u00e7\u00e3o\" \/>\n<meta property=\"article:publisher\" content=\"https:\/\/www.facebook.com\/pipacomunica\" \/>\n<meta property=\"article:modified_time\" content=\"2025-12-20T14:18:26+00:00\" \/>\n<meta property=\"og:image\" content=\"https:\/\/www.pipacomunica.com.br\/livrariadapipa\/wp-content\/uploads\/2024\/05\/thumb-contibuicoes-da-juventude.png\" \/>\n\t<meta property=\"og:image:width\" content=\"870\" \/>\n\t<meta property=\"og:image:height\" content=\"452\" \/>\n\t<meta property=\"og:image:type\" content=\"image\/png\" \/>\n<meta name=\"twitter:card\" content=\"summary_large_image\" \/>\n<meta name=\"twitter:title\" content=\"Contribui\u00e7\u00f5es da juventude para a pr\u00e1tica acad\u00eamica: relatos de pesquisa e a\u00e7\u00f5es extensionistas\" \/>\n<meta name=\"twitter:description\" content=\"Explore o eBook &quot;Contribui\u00e7\u00f5es da juventude para a pr\u00e1tica acad\u00eamica&quot; e veja como a juventude transforma a pesquisa e extens\u00e3o no CTF\/UFPI. Projetos inovadores em educa\u00e7\u00e3o, sa\u00fade, meio ambiente e tecnologia.\" \/>\n<meta name=\"twitter:image\" content=\"https:\/\/i0.wp.com\/www.pipacomunica.com.br\/livrariadapipa\/wp-content\/uploads\/2024\/05\/thumb-contibuicoes-da-juventude.png?fit=870%2C452&ssl=1\" \/>\n<meta name=\"twitter:site\" content=\"@PipaComunica\" \/>\n<meta name=\"twitter:label1\" content=\"Est. tempo de leitura\" \/>\n\t<meta name=\"twitter:data1\" content=\"2 minutos\" \/>\n<script type=\"application\/ld+json\" class=\"yoast-schema-graph\">{\"@context\":\"https:\/\/schema.org\",\"@graph\":[{\"@type\":\"WebPage\",\"@id\":\"https:\/\/www.pipacomunica.com.br\/livrariadapipa\/produto\/contribuicoes-da-juventude-para-a-pratica-academica-relatos-de-pesquisa-e-acoes-extensionistas\/\",\"url\":\"https:\/\/www.pipacomunica.com.br\/livrariadapipa\/produto\/contribuicoes-da-juventude-para-a-pratica-academica-relatos-de-pesquisa-e-acoes-extensionistas\/\",\"name\":\"Contribui\u00e7\u00f5es da juventude para a pr\u00e1tica acad\u00eamica\",\"isPartOf\":{\"@id\":\"https:\/\/www.pipacomunica.com.br\/livrariadapipa\/#website\"},\"primaryImageOfPage\":{\"@id\":\"https:\/\/www.pipacomunica.com.br\/livrariadapipa\/produto\/contribuicoes-da-juventude-para-a-pratica-academica-relatos-de-pesquisa-e-acoes-extensionistas\/#primaryimage\"},\"image\":{\"@id\":\"https:\/\/www.pipacomunica.com.br\/livrariadapipa\/produto\/contribuicoes-da-juventude-para-a-pratica-academica-relatos-de-pesquisa-e-acoes-extensionistas\/#primaryimage\"},\"thumbnailUrl\":\"https:\/\/i0.wp.com\/www.pipacomunica.com.br\/livrariadapipa\/wp-content\/uploads\/2024\/05\/capa-contibuicoes-da-juventude.png?fit=461%2C595&ssl=1\",\"datePublished\":\"2024-05-20T12:35:41+00:00\",\"dateModified\":\"2025-12-20T14:18:26+00:00\",\"description\":\"Explore o eBook \\\"Contribui\u00e7\u00f5es da juventude para a pr\u00e1tica acad\u00eamica\\\" e veja como a juventude transforma a pesquisa e extens\u00e3o no CTF\/UFPI. Projetos inovadores em educa\u00e7\u00e3o, sa\u00fade, meio ambiente e tecnologia.\",\"breadcrumb\":{\"@id\":\"https:\/\/www.pipacomunica.com.br\/livrariadapipa\/produto\/contribuicoes-da-juventude-para-a-pratica-academica-relatos-de-pesquisa-e-acoes-extensionistas\/#breadcrumb\"},\"inLanguage\":\"pt-BR\",\"potentialAction\":[{\"@type\":\"ReadAction\",\"target\":[\"https:\/\/www.pipacomunica.com.br\/livrariadapipa\/produto\/contribuicoes-da-juventude-para-a-pratica-academica-relatos-de-pesquisa-e-acoes-extensionistas\/\"]}]},{\"@type\":\"ImageObject\",\"inLanguage\":\"pt-BR\",\"@id\":\"https:\/\/www.pipacomunica.com.br\/livrariadapipa\/produto\/contribuicoes-da-juventude-para-a-pratica-academica-relatos-de-pesquisa-e-acoes-extensionistas\/#primaryimage\",\"url\":\"https:\/\/i0.wp.com\/www.pipacomunica.com.br\/livrariadapipa\/wp-content\/uploads\/2024\/05\/capa-contibuicoes-da-juventude.png?fit=461%2C595&ssl=1\",\"contentUrl\":\"https:\/\/i0.wp.com\/www.pipacomunica.com.br\/livrariadapipa\/wp-content\/uploads\/2024\/05\/capa-contibuicoes-da-juventude.png?fit=461%2C595&ssl=1\",\"width\":461,\"height\":595,\"caption\":\"Contribui\u00e7\u00f5es da juventude para a pr\u00e1tica acad\u00eamica: relatos de pesquisa e a\u00e7\u00f5es extensionistas\"},{\"@type\":\"BreadcrumbList\",\"@id\":\"https:\/\/www.pipacomunica.com.br\/livrariadapipa\/produto\/contribuicoes-da-juventude-para-a-pratica-academica-relatos-de-pesquisa-e-acoes-extensionistas\/#breadcrumb\",\"itemListElement\":[{\"@type\":\"ListItem\",\"position\":1,\"name\":\"In\u00edcio\",\"item\":\"https:\/\/www.pipacomunica.com.br\/livrariadapipa\/\"},{\"@type\":\"ListItem\",\"position\":2,\"name\":\"Cat\u00e1logo\",\"item\":\"https:\/\/www.pipacomunica.com.br\/livrariadapipa\/vitrine\/\"},{\"@type\":\"ListItem\",\"position\":3,\"name\":\"Contribui\u00e7\u00f5es da juventude para a pr\u00e1tica acad\u00eamica: relatos de pesquisa e a\u00e7\u00f5es extensionistas\"}]},{\"@type\":\"WebSite\",\"@id\":\"https:\/\/www.pipacomunica.com.br\/livrariadapipa\/#website\",\"url\":\"https:\/\/www.pipacomunica.com.br\/livrariadapipa\/\",\"name\":\"Livraria da Pipa Comunica\u00e7\u00e3o\",\"description\":\"Livros mais baratos que xerox\",\"publisher\":{\"@id\":\"https:\/\/www.pipacomunica.com.br\/livrariadapipa\/#organization\"},\"potentialAction\":[{\"@type\":\"SearchAction\",\"target\":{\"@type\":\"EntryPoint\",\"urlTemplate\":\"https:\/\/www.pipacomunica.com.br\/livrariadapipa\/?s={search_term_string}\"},\"query-input\":{\"@type\":\"PropertyValueSpecification\",\"valueRequired\":true,\"valueName\":\"search_term_string\"}}],\"inLanguage\":\"pt-BR\"},{\"@type\":\"Organization\",\"@id\":\"https:\/\/www.pipacomunica.com.br\/livrariadapipa\/#organization\",\"name\":\"Livraria da Pipa Comunica\u00e7\u00e3o\",\"url\":\"https:\/\/www.pipacomunica.com.br\/livrariadapipa\/\",\"logo\":{\"@type\":\"ImageObject\",\"inLanguage\":\"pt-BR\",\"@id\":\"https:\/\/www.pipacomunica.com.br\/livrariadapipa\/#\/schema\/logo\/image\/\",\"url\":\"https:\/\/i0.wp.com\/www.pipacomunica.com.br\/livrariadapipa\/wp-content\/uploads\/2018\/09\/marca-livraria-pipa-400px-negativo.png?fit=400%2C80&ssl=1\",\"contentUrl\":\"https:\/\/i0.wp.com\/www.pipacomunica.com.br\/livrariadapipa\/wp-content\/uploads\/2018\/09\/marca-livraria-pipa-400px-negativo.png?fit=400%2C80&ssl=1\",\"width\":400,\"height\":80,\"caption\":\"Livraria da Pipa Comunica\u00e7\u00e3o\"},\"image\":{\"@id\":\"https:\/\/www.pipacomunica.com.br\/livrariadapipa\/#\/schema\/logo\/image\/\"},\"sameAs\":[\"https:\/\/www.facebook.com\/pipacomunica\",\"https:\/\/x.com\/PipaComunica\",\"https:\/\/instagram.com\/pipacomunicacao\",\"http:\/\/www.linkedin.com\/companies\/pipa-comunica-o\",\"https:\/\/br.pinterest.com\/pipacomunicacao\/\",\"http:\/\/il.youtube.com\/user\/pipacomunicacao\"]}]}<\/script>\n<!-- \/ Yoast SEO plugin. -->","yoast_head_json":{"title":"Contribui\u00e7\u00f5es da juventude para a pr\u00e1tica acad\u00eamica","description":"Explore o eBook \"Contribui\u00e7\u00f5es da juventude para a pr\u00e1tica acad\u00eamica\" e veja como a juventude transforma a pesquisa e extens\u00e3o no CTF\/UFPI. Projetos inovadores em educa\u00e7\u00e3o, sa\u00fade, meio ambiente e tecnologia.","robots":{"index":"index","follow":"follow","max-snippet":"max-snippet:-1","max-image-preview":"max-image-preview:large","max-video-preview":"max-video-preview:-1"},"canonical":"https:\/\/www.pipacomunica.com.br\/livrariadapipa\/produto\/contribuicoes-da-juventude-para-a-pratica-academica-relatos-de-pesquisa-e-acoes-extensionistas\/","og_locale":"pt_BR","og_type":"article","og_title":"Contribui\u00e7\u00f5es da juventude para a pr\u00e1tica acad\u00eamica: relatos de pesquisa e a\u00e7\u00f5es extensionistas","og_description":"Explore o eBook \"Contribui\u00e7\u00f5es da juventude para a pr\u00e1tica acad\u00eamica\" e veja como a juventude transforma a pesquisa e extens\u00e3o no CTF\/UFPI. Projetos inovadores em educa\u00e7\u00e3o, sa\u00fade, meio ambiente e tecnologia.","og_url":"https:\/\/www.pipacomunica.com.br\/livrariadapipa\/produto\/contribuicoes-da-juventude-para-a-pratica-academica-relatos-de-pesquisa-e-acoes-extensionistas\/","og_site_name":"Livraria da Pipa Comunica\u00e7\u00e3o","article_publisher":"https:\/\/www.facebook.com\/pipacomunica","article_modified_time":"2025-12-20T14:18:26+00:00","og_image":[{"width":870,"height":452,"url":"https:\/\/www.pipacomunica.com.br\/livrariadapipa\/wp-content\/uploads\/2024\/05\/thumb-contibuicoes-da-juventude.png","type":"image\/png"}],"twitter_card":"summary_large_image","twitter_title":"Contribui\u00e7\u00f5es da juventude para a pr\u00e1tica acad\u00eamica: relatos de pesquisa e a\u00e7\u00f5es extensionistas","twitter_description":"Explore o eBook \"Contribui\u00e7\u00f5es da juventude para a pr\u00e1tica acad\u00eamica\" e veja como a juventude transforma a pesquisa e extens\u00e3o no CTF\/UFPI. Projetos inovadores em educa\u00e7\u00e3o, sa\u00fade, meio ambiente e tecnologia.","twitter_image":"https:\/\/i0.wp.com\/www.pipacomunica.com.br\/livrariadapipa\/wp-content\/uploads\/2024\/05\/thumb-contibuicoes-da-juventude.png?fit=870%2C452&ssl=1","twitter_site":"@PipaComunica","twitter_misc":{"Est. tempo de leitura":"2 minutos"},"schema":{"@context":"https:\/\/schema.org","@graph":[{"@type":"WebPage","@id":"https:\/\/www.pipacomunica.com.br\/livrariadapipa\/produto\/contribuicoes-da-juventude-para-a-pratica-academica-relatos-de-pesquisa-e-acoes-extensionistas\/","url":"https:\/\/www.pipacomunica.com.br\/livrariadapipa\/produto\/contribuicoes-da-juventude-para-a-pratica-academica-relatos-de-pesquisa-e-acoes-extensionistas\/","name":"Contribui\u00e7\u00f5es da juventude para a pr\u00e1tica acad\u00eamica","isPartOf":{"@id":"https:\/\/www.pipacomunica.com.br\/livrariadapipa\/#website"},"primaryImageOfPage":{"@id":"https:\/\/www.pipacomunica.com.br\/livrariadapipa\/produto\/contribuicoes-da-juventude-para-a-pratica-academica-relatos-de-pesquisa-e-acoes-extensionistas\/#primaryimage"},"image":{"@id":"https:\/\/www.pipacomunica.com.br\/livrariadapipa\/produto\/contribuicoes-da-juventude-para-a-pratica-academica-relatos-de-pesquisa-e-acoes-extensionistas\/#primaryimage"},"thumbnailUrl":"https:\/\/i0.wp.com\/www.pipacomunica.com.br\/livrariadapipa\/wp-content\/uploads\/2024\/05\/capa-contibuicoes-da-juventude.png?fit=461%2C595&ssl=1","datePublished":"2024-05-20T12:35:41+00:00","dateModified":"2025-12-20T14:18:26+00:00","description":"Explore o eBook \"Contribui\u00e7\u00f5es da juventude para a pr\u00e1tica acad\u00eamica\" e veja como a juventude transforma a pesquisa e extens\u00e3o no CTF\/UFPI. Projetos inovadores em educa\u00e7\u00e3o, sa\u00fade, meio ambiente e tecnologia.","breadcrumb":{"@id":"https:\/\/www.pipacomunica.com.br\/livrariadapipa\/produto\/contribuicoes-da-juventude-para-a-pratica-academica-relatos-de-pesquisa-e-acoes-extensionistas\/#breadcrumb"},"inLanguage":"pt-BR","potentialAction":[{"@type":"ReadAction","target":["https:\/\/www.pipacomunica.com.br\/livrariadapipa\/produto\/contribuicoes-da-juventude-para-a-pratica-academica-relatos-de-pesquisa-e-acoes-extensionistas\/"]}]},{"@type":"ImageObject","inLanguage":"pt-BR","@id":"https:\/\/www.pipacomunica.com.br\/livrariadapipa\/produto\/contribuicoes-da-juventude-para-a-pratica-academica-relatos-de-pesquisa-e-acoes-extensionistas\/#primaryimage","url":"https:\/\/i0.wp.com\/www.pipacomunica.com.br\/livrariadapipa\/wp-content\/uploads\/2024\/05\/capa-contibuicoes-da-juventude.png?fit=461%2C595&ssl=1","contentUrl":"https:\/\/i0.wp.com\/www.pipacomunica.com.br\/livrariadapipa\/wp-content\/uploads\/2024\/05\/capa-contibuicoes-da-juventude.png?fit=461%2C595&ssl=1","width":461,"height":595,"caption":"Contribui\u00e7\u00f5es da juventude para a pr\u00e1tica acad\u00eamica: relatos de pesquisa e a\u00e7\u00f5es extensionistas"},{"@type":"BreadcrumbList","@id":"https:\/\/www.pipacomunica.com.br\/livrariadapipa\/produto\/contribuicoes-da-juventude-para-a-pratica-academica-relatos-de-pesquisa-e-acoes-extensionistas\/#breadcrumb","itemListElement":[{"@type":"ListItem","position":1,"name":"In\u00edcio","item":"https:\/\/www.pipacomunica.com.br\/livrariadapipa\/"},{"@type":"ListItem","position":2,"name":"Cat\u00e1logo","item":"https:\/\/www.pipacomunica.com.br\/livrariadapipa\/vitrine\/"},{"@type":"ListItem","position":3,"name":"Contribui\u00e7\u00f5es da juventude para a pr\u00e1tica acad\u00eamica: relatos de pesquisa e a\u00e7\u00f5es extensionistas"}]},{"@type":"WebSite","@id":"https:\/\/www.pipacomunica.com.br\/livrariadapipa\/#website","url":"https:\/\/www.pipacomunica.com.br\/livrariadapipa\/","name":"Livraria da Pipa Comunica\u00e7\u00e3o","description":"Livros mais baratos que xerox","publisher":{"@id":"https:\/\/www.pipacomunica.com.br\/livrariadapipa\/#organization"},"potentialAction":[{"@type":"SearchAction","target":{"@type":"EntryPoint","urlTemplate":"https:\/\/www.pipacomunica.com.br\/livrariadapipa\/?s={search_term_string}"},"query-input":{"@type":"PropertyValueSpecification","valueRequired":true,"valueName":"search_term_string"}}],"inLanguage":"pt-BR"},{"@type":"Organization","@id":"https:\/\/www.pipacomunica.com.br\/livrariadapipa\/#organization","name":"Livraria da Pipa Comunica\u00e7\u00e3o","url":"https:\/\/www.pipacomunica.com.br\/livrariadapipa\/","logo":{"@type":"ImageObject","inLanguage":"pt-BR","@id":"https:\/\/www.pipacomunica.com.br\/livrariadapipa\/#\/schema\/logo\/image\/","url":"https:\/\/i0.wp.com\/www.pipacomunica.com.br\/livrariadapipa\/wp-content\/uploads\/2018\/09\/marca-livraria-pipa-400px-negativo.png?fit=400%2C80&ssl=1","contentUrl":"https:\/\/i0.wp.com\/www.pipacomunica.com.br\/livrariadapipa\/wp-content\/uploads\/2018\/09\/marca-livraria-pipa-400px-negativo.png?fit=400%2C80&ssl=1","width":400,"height":80,"caption":"Livraria da Pipa Comunica\u00e7\u00e3o"},"image":{"@id":"https:\/\/www.pipacomunica.com.br\/livrariadapipa\/#\/schema\/logo\/image\/"},"sameAs":["https:\/\/www.facebook.com\/pipacomunica","https:\/\/x.com\/PipaComunica","https:\/\/instagram.com\/pipacomunicacao","http:\/\/www.linkedin.com\/companies\/pipa-comunica-o","https:\/\/br.pinterest.com\/pipacomunicacao\/","http:\/\/il.youtube.com\/user\/pipacomunicacao"]}]}},"jetpack_publicize_connections":[],"jetpack_sharing_enabled":true,"_links":{"self":[{"href":"https:\/\/www.pipacomunica.com.br\/livrariadapipa\/wp-json\/wp\/v2\/product\/12223","targetHints":{"allow":["GET"]}}],"collection":[{"href":"https:\/\/www.pipacomunica.com.br\/livrariadapipa\/wp-json\/wp\/v2\/product"}],"about":[{"href":"https:\/\/www.pipacomunica.com.br\/livrariadapipa\/wp-json\/wp\/v2\/types\/product"}],"replies":[{"embeddable":true,"href":"https:\/\/www.pipacomunica.com.br\/livrariadapipa\/wp-json\/wp\/v2\/comments?post=12223"}],"version-history":[{"count":2,"href":"https:\/\/www.pipacomunica.com.br\/livrariadapipa\/wp-json\/wp\/v2\/product\/12223\/revisions"}],"predecessor-version":[{"id":12233,"href":"https:\/\/www.pipacomunica.com.br\/livrariadapipa\/wp-json\/wp\/v2\/product\/12223\/revisions\/12233"}],"wp:featuredmedia":[{"embeddable":true,"href":"https:\/\/www.pipacomunica.com.br\/livrariadapipa\/wp-json\/wp\/v2\/media\/12230"}],"wp:attachment":[{"href":"https:\/\/www.pipacomunica.com.br\/livrariadapipa\/wp-json\/wp\/v2\/media?parent=12223"}],"wp:term":[{"taxonomy":"product_brand","embeddable":true,"href":"https:\/\/www.pipacomunica.com.br\/livrariadapipa\/wp-json\/wp\/v2\/product_brand?post=12223"},{"taxonomy":"product_cat","embeddable":true,"href":"https:\/\/www.pipacomunica.com.br\/livrariadapipa\/wp-json\/wp\/v2\/product_cat?post=12223"},{"taxonomy":"product_tag","embeddable":true,"href":"https:\/\/www.pipacomunica.com.br\/livrariadapipa\/wp-json\/wp\/v2\/product_tag?post=12223"}],"curies":[{"name":"wp","href":"https:\/\/api.w.org\/{rel}","templated":true}]}}