{"id":12203,"date":"2024-04-23T10:02:57","date_gmt":"2024-04-23T13:02:57","guid":{"rendered":"https:\/\/www.pipacomunica.com.br\/livrariadapipa\/?post_type=product&#038;p=12203"},"modified":"2024-08-16T17:33:48","modified_gmt":"2024-08-16T20:33:48","slug":"didatica-profissional-um-guia-para-formadores","status":"publish","type":"product","link":"https:\/\/www.pipacomunica.com.br\/livrariadapipa\/produto\/didatica-profissional-um-guia-para-formadores\/","title":{"rendered":"Did\u00e1tica profissional: um guia para formadores"},"content":{"rendered":"<p>Did\u00e1tica profissional: um guia para formadores<br \/>\nOlivier Allain, Candy E. Marques Laurendon, Gr\u00e9gory Munoz e Alex Sandro Gomes<br \/>\n<em>eBook<\/em><\/p>\n<p>Descubra a\u00a0<strong>Did\u00e1tica Profissional<\/strong>, uma corrente educacional revolucion\u00e1ria origin\u00e1ria da Fran\u00e7a, agora acess\u00edvel em portugu\u00eas atrav\u00e9s desta obra meticulosamente traduzida e adaptada. \u201cInicia\u00e7\u00e3o \u00e0 Did\u00e1tica Profissional para Formadores\u201d (Munoz et al., 2022) chega com o endosso da Associa\u00e7\u00e3o de Pesquisas e Pr\u00e1ticas em Did\u00e1tica Profissional (RPDP), oferecendo uma perspectiva inovadora para todos que se dedicam \u00e0 forma\u00e7\u00e3o profissional.<\/p>\n<p>Seja voc\u00ea um profissional buscando qualifica\u00e7\u00e3o ou um acad\u00eamico no ensino superior, este livro \u00e9 um recurso pioneiro que fornece uma abordagem te\u00f3rica e metodol\u00f3gica detalhada. A Did\u00e1tica Profissional, j\u00e1 estabelecida em diversos pa\u00edses, \u00e9 apresentada aqui para enriquecer a forma\u00e7\u00e3o de trabalhadores com novas estrat\u00e9gias e conhecimentos. Fa\u00e7a parte deste movimento educacional e transforme a maneira como a forma\u00e7\u00e3o profissional \u00e9 concebida.<\/p>\n<p class=\"a-spacing-base\">A Did\u00e1tica Profissional prop\u00f5e uma abordagem educacional \u00fanica e uma das poucas destinadas \u00e0 forma\u00e7\u00e3o de trabalhadores. Ela integra ensinamentos da teoria da conceitualiza\u00e7\u00e3o na a\u00e7\u00e3o de G\u00e9rard Vergnaud, o rigor anal\u00edtico da ergonomia cognitiva, que transcende os conhecimentos prescritos do trabalho, bem como abordagens did\u00e1ticas inspiradas da pedagogia das situa\u00e7\u00f5es de Pierre Pastr\u00e9. J\u00e1 reconhecida na Fran\u00e7a no campo da forma\u00e7\u00e3o profissional, a Did\u00e1tica Profissional ainda carecia de uma obra que a apresentasse com um foco metodol\u00f3gico, al\u00e9m de conceitual.<\/p>\n<p>Este livro tem como objetivo capacitar formadores com conceitos e m\u00e9todos que os auxiliem a criar recursos educacionais alinhados com as demandas reais da atividade profissional. Originalmente publicado em franc\u00eas, esta vers\u00e3o em portugu\u00eas foi cuidadosamente adaptada para refletir a realidade brasileira. Ela oferece as ferramentas necess\u00e1rias da Did\u00e1tica Profissional, desde a coleta de dados na an\u00e1lise do trabalho at\u00e9 a avalia\u00e7\u00e3o do aprendizado em contextos did\u00e1ticos.<\/p>\n<p>Educadores e profissionais da forma\u00e7\u00e3o encontrar\u00e3o neste livro insights valiosos, m\u00e9todos pr\u00e1ticos, exemplos de pesquisa e atividades propostas, todos sob uma perspectiva \u00fanica: a valoriza\u00e7\u00e3o da intelig\u00eancia dos trabalhadores na resolu\u00e7\u00e3o de desafios pr\u00e1ticos, refor\u00e7ando a ideia de que aprender \u00e9, essencialmente, uma a\u00e7\u00e3o.<\/p>\n<h4>Sobre os autores<\/h4>\n<h4><a href=\"https:\/\/i0.wp.com\/www.pipacomunica.com.br\/livrariadapipa\/wp-content\/uploads\/2022\/06\/Olivier-Allain.png?ssl=1\"><img data-recalc-dims=\"1\" decoding=\"async\" class=\"aligncenter wp-image-11776 size-thumbnail\" src=\"https:\/\/i0.wp.com\/www.pipacomunica.com.br\/livrariadapipa\/wp-content\/uploads\/2022\/06\/Olivier-Allain.png?resize=150%2C150&#038;ssl=1\" alt=\"Olivier Allain\" width=\"150\" height=\"150\" srcset=\"https:\/\/i0.wp.com\/www.pipacomunica.com.br\/livrariadapipa\/wp-content\/uploads\/2022\/06\/Olivier-Allain.png?resize=150%2C150&amp;ssl=1 150w, https:\/\/i0.wp.com\/www.pipacomunica.com.br\/livrariadapipa\/wp-content\/uploads\/2022\/06\/Olivier-Allain.png?resize=100%2C100&amp;ssl=1 100w, https:\/\/i0.wp.com\/www.pipacomunica.com.br\/livrariadapipa\/wp-content\/uploads\/2022\/06\/Olivier-Allain.png?w=300&amp;ssl=1 300w, https:\/\/i0.wp.com\/www.pipacomunica.com.br\/livrariadapipa\/wp-content\/uploads\/2022\/06\/Olivier-Allain.png?w=256&amp;ssl=1 256w\" sizes=\"(max-width: 150px) 100vw, 150px\" \/><\/a><\/h4>\n<p><strong>Olivier Allain\u00a0<\/strong> \u00e9 Professor do Instituto Federal de Santa Catarina, no Centro de Refer\u00eancia em Forma\u00e7\u00e3o e EaD (Cerfead), possui doutorado em Literatura pela Universidade Federal de Santa Catarina (2007). Atua como docente e pesquisador da Educa\u00e7\u00e3o Profissional e Tecnol\u00f3gica (EPT), com \u00eanfase em: epistemologia da EPT, did\u00e1tica da EPT, hist\u00f3ria, concep\u00e7\u00f5es e pol\u00edticas da EPT. J\u00e1 coordenou programas nacionais de forma\u00e7\u00e3o de professores para a Educa\u00e7\u00e3o Profissional e se dedica ao estudo e desenvolvimento da Did\u00e1tica Profissional no Brasil.<\/p>\n<p>&nbsp;<\/p>\n<p><a href=\"https:\/\/i0.wp.com\/www.pipacomunica.com.br\/livrariadapipa\/wp-content\/uploads\/2022\/06\/Candy-Estelle-Marques-Laurendon.png?ssl=1\"><img data-recalc-dims=\"1\" decoding=\"async\" class=\"aligncenter wp-image-11774 size-thumbnail\" src=\"https:\/\/i0.wp.com\/www.pipacomunica.com.br\/livrariadapipa\/wp-content\/uploads\/2022\/06\/Candy-Estelle-Marques-Laurendon.png?resize=150%2C150&#038;ssl=1\" alt=\"Candy Estelle Marques Laurendon\" width=\"150\" height=\"150\" srcset=\"https:\/\/i0.wp.com\/www.pipacomunica.com.br\/livrariadapipa\/wp-content\/uploads\/2022\/06\/Candy-Estelle-Marques-Laurendon.png?resize=150%2C150&amp;ssl=1 150w, https:\/\/i0.wp.com\/www.pipacomunica.com.br\/livrariadapipa\/wp-content\/uploads\/2022\/06\/Candy-Estelle-Marques-Laurendon.png?resize=100%2C100&amp;ssl=1 100w, https:\/\/i0.wp.com\/www.pipacomunica.com.br\/livrariadapipa\/wp-content\/uploads\/2022\/06\/Candy-Estelle-Marques-Laurendon.png?w=256&amp;ssl=1 256w\" sizes=\"(max-width: 150px) 100vw, 150px\" \/><\/a><\/p>\n<p><strong>Candy Estelle Marques Laurendon<\/strong> \u00e9 Professora Adjunta do Departamento de Psicologia, Educa\u00e7\u00e3o e Inclus\u00e3o (DPSIE) do Centro de Educa\u00e7\u00e3o da Universidade Federal de Pernambuco (UFPE), em Recife e Professora no Programa de P\u00f3s-Gradua\u00e7\u00e3o em Psicologia Cognitiva da mesma universidade. \u00c9 titular de um Mestrado Profissional em Psicologia Intercultural (Universit\u00e9 de Toulouse-le-Mirail, Fran\u00e7a, 2004) e de um Mestrado Acad\u00eamico em \u201cPsicologia do desenvolvimento e processos de socializa\u00e7\u00e3o\u201d (Universit\u00e9 de Toulouse-Le-Mirail, 2007), com uma gradua\u00e7\u00e3o em Psicologia Social.<\/p>\n<p>&nbsp;<\/p>\n<p><a href=\"https:\/\/i0.wp.com\/www.pipacomunica.com.br\/livrariadapipa\/wp-content\/uploads\/2022\/06\/Gregory-Munoz.png?ssl=1\"><img data-recalc-dims=\"1\" decoding=\"async\" class=\"aligncenter wp-image-11775 size-thumbnail\" src=\"https:\/\/i0.wp.com\/www.pipacomunica.com.br\/livrariadapipa\/wp-content\/uploads\/2022\/06\/Gregory-Munoz.png?resize=150%2C150&#038;ssl=1\" alt=\"Gr\u00e9gory Munoz\" width=\"150\" height=\"150\" srcset=\"https:\/\/i0.wp.com\/www.pipacomunica.com.br\/livrariadapipa\/wp-content\/uploads\/2022\/06\/Gregory-Munoz.png?resize=150%2C150&amp;ssl=1 150w, https:\/\/i0.wp.com\/www.pipacomunica.com.br\/livrariadapipa\/wp-content\/uploads\/2022\/06\/Gregory-Munoz.png?resize=100%2C100&amp;ssl=1 100w, https:\/\/i0.wp.com\/www.pipacomunica.com.br\/livrariadapipa\/wp-content\/uploads\/2022\/06\/Gregory-Munoz.png?w=256&amp;ssl=1 256w\" sizes=\"(max-width: 150px) 100vw, 150px\" \/><\/a><\/p>\n<p><strong>Gr\u00e9gory Munoz<\/strong>\u00a0 \u00e9 professor-pesquisador em ci\u00eancias da educa\u00e7\u00e3o, especializado em Did\u00e1tica Profissional e psicologia do desenvolvimento. Ele se interessa pela an\u00e1lise da atividade do ponto de vista do desenvolvimento profissional, pela forma\u00e7\u00e3o de formadores e tutores em v\u00e1rios setores (educa\u00e7\u00e3o, sa\u00fade, trabalho social, atividades art\u00edsticas), bem como pela concep\u00e7\u00e3o de dispositivos de forma\u00e7\u00e3o profissional. Desde 2006 \u00e9 membro do Centro de Pesquisas em Educa\u00e7\u00e3o de Nantes. Ele tamb\u00e9m \u00e9 membro do conselho cient\u00edfico da estrutura que re\u00fane diferentes laborat\u00f3rios ViSA, uma base de dados de grava\u00e7\u00f5es em v\u00eddeo de situa\u00e7\u00f5es de ensino-aprendizagem; vice-presidente e membro da associa\u00e7\u00e3o RPDP (Pesquisas e Pr\u00e1ticas em Did\u00e1tica Profissional).<\/p>\n<p>&nbsp;<\/p>\n<p><a href=\"https:\/\/i0.wp.com\/www.pipacomunica.com.br\/livrariadapipa\/wp-content\/uploads\/2022\/06\/Alex-Sandro-Gomes.png?ssl=1\"><img data-recalc-dims=\"1\" loading=\"lazy\" decoding=\"async\" class=\"aligncenter wp-image-11773 size-thumbnail\" src=\"https:\/\/i0.wp.com\/www.pipacomunica.com.br\/livrariadapipa\/wp-content\/uploads\/2022\/06\/Alex-Sandro-Gomes.png?resize=150%2C150&#038;ssl=1\" alt=\"Alex Sandro Gomes\" width=\"150\" height=\"150\" srcset=\"https:\/\/i0.wp.com\/www.pipacomunica.com.br\/livrariadapipa\/wp-content\/uploads\/2022\/06\/Alex-Sandro-Gomes.png?resize=150%2C150&amp;ssl=1 150w, https:\/\/i0.wp.com\/www.pipacomunica.com.br\/livrariadapipa\/wp-content\/uploads\/2022\/06\/Alex-Sandro-Gomes.png?resize=100%2C100&amp;ssl=1 100w, https:\/\/i0.wp.com\/www.pipacomunica.com.br\/livrariadapipa\/wp-content\/uploads\/2022\/06\/Alex-Sandro-Gomes.png?w=256&amp;ssl=1 256w\" sizes=\"(max-width: 150px) 100vw, 150px\" \/><\/a><\/p>\n<p><strong>Alex Sandro Gomes<\/strong> \u00e9 Engenheiro Eletr\u00f4nico (UFPE, 1992), Mestre em Psicologia Cognitiva (UFPE, 1995) e concluiu o doutorado em Ci\u00eancias da Educa\u00e7\u00e3o pela Universit\u00e9 de Paris V (Ren\u00e9 Descartes) em 1999. Atua nas \u00e1reas de Inform\u00e1tica na Educa\u00e7\u00e3o e Intera\u00e7\u00e3o Humano-Computador com \u00eanfase na concep\u00e7\u00e3o de ambientes de aprendizagem. Atualmente \u00e9 Professor no Centro de Inform\u00e1tica da Universidade Federal de Pernambuco (PPGCC CAPES 7) no qual \u00e9 l\u00edder do grupo de pesquisa Ci\u00eancias Cognitivas e Tecnologia Educacional.<\/p>\n","protected":false},"excerpt":{"rendered":"<p><strong>Did\u00e1tica profissional: um guia para formadores<\/strong><br \/>\nOlivier Allain, Candy E. Marques Laurendon, Gr\u00e9gory Munoz e Alex Sandro Gomes<br \/>\n<em>eBook<\/em><\/p>\n<p>Descubra a\u00a0<strong>Did\u00e1tica Profissional<\/strong>, uma corrente educacional revolucion\u00e1ria origin\u00e1ria da Fran\u00e7a, agora acess\u00edvel em portugu\u00eas atrav\u00e9s desta obra meticulosamente traduzida e adaptada. \u201cInicia\u00e7\u00e3o \u00e0 Did\u00e1tica Profissional para Formadores\u201d (Munoz et al., 2022) chega com o endosso da Associa\u00e7\u00e3o de Pesquisas e Pr\u00e1ticas em Did\u00e1tica Profissional (RPDP), oferecendo uma perspectiva inovadora para todos que se dedicam \u00e0 forma\u00e7\u00e3o profissional.<\/p>\n<p>Seja voc\u00ea um profissional buscando qualifica\u00e7\u00e3o ou um acad\u00eamico no ensino superior, este livro \u00e9 um recurso pioneiro que fornece uma abordagem te\u00f3rica e metodol\u00f3gica detalhada. A Did\u00e1tica Profissional, j\u00e1 estabelecida em diversos pa\u00edses, \u00e9 apresentada aqui para enriquecer a forma\u00e7\u00e3o de trabalhadores com novas estrat\u00e9gias e conhecimentos. Fa\u00e7a parte deste movimento educacional e transforme a maneira como a forma\u00e7\u00e3o profissional \u00e9 concebida.<\/p>\n","protected":false},"featured_media":12206,"comment_status":"open","ping_status":"closed","template":"","meta":{"jetpack_post_was_ever_published":false,"jetpack_publicize_message":"","jetpack_publicize_feature_enabled":true,"jetpack_social_post_already_shared":true,"jetpack_social_options":{"image_generator_settings":{"template":"highway","default_image_id":0,"font":"","enabled":false},"version":2}},"product_brand":[],"product_cat":[34,19],"product_tag":[],"class_list":{"0":"post-12203","1":"product","2":"type-product","3":"status-publish","4":"has-post-thumbnail","6":"product_cat-sem-categoria","7":"product_cat-livros-digitais","9":"first","10":"instock","11":"shipping-taxable","12":"product-type-external"},"yoast_head":"<!-- This site is optimized with the Yoast SEO plugin v27.1.1 - https:\/\/yoast.com\/product\/yoast-seo-wordpress\/ -->\n<title>Did\u00e1tica profissional: um guia para formadores<\/title>\n<meta name=\"description\" content=\"Uma abordagem inovadora na forma\u00e7\u00e3o de trabalhadores, desde a qualifica\u00e7\u00e3o profissional at\u00e9 o ensino superior, baseada na Did\u00e1tica Profissional.\" \/>\n<meta name=\"robots\" content=\"index, follow, max-snippet:-1, max-image-preview:large, max-video-preview:-1\" \/>\n<link rel=\"canonical\" href=\"https:\/\/www.pipacomunica.com.br\/livrariadapipa\/produto\/didatica-profissional-um-guia-para-formadores\/\" \/>\n<meta property=\"og:locale\" content=\"pt_BR\" \/>\n<meta property=\"og:type\" content=\"article\" \/>\n<meta property=\"og:title\" content=\"Did\u00e1tica profissional: um guia para formadores\" \/>\n<meta property=\"og:description\" content=\"Uma abordagem inovadora na forma\u00e7\u00e3o de trabalhadores, desde a qualifica\u00e7\u00e3o profissional at\u00e9 o ensino superior, baseada na Did\u00e1tica Profissional.\" \/>\n<meta property=\"og:url\" content=\"https:\/\/www.pipacomunica.com.br\/livrariadapipa\/produto\/didatica-profissional-um-guia-para-formadores\/\" \/>\n<meta property=\"og:site_name\" content=\"Livraria da Pipa Comunica\u00e7\u00e3o\" \/>\n<meta property=\"article:publisher\" content=\"https:\/\/www.facebook.com\/pipacomunica\" \/>\n<meta property=\"article:modified_time\" content=\"2024-08-16T20:33:48+00:00\" \/>\n<meta property=\"og:image\" content=\"https:\/\/www.pipacomunica.com.br\/livrariadapipa\/wp-content\/uploads\/2024\/04\/thumb-didatica-profissional.png\" \/>\n\t<meta property=\"og:image:width\" content=\"870\" \/>\n\t<meta property=\"og:image:height\" content=\"452\" \/>\n\t<meta property=\"og:image:type\" content=\"image\/png\" \/>\n<meta name=\"twitter:card\" content=\"summary_large_image\" \/>\n<meta name=\"twitter:title\" content=\"Did\u00e1tica profissional: um guia para formadores\" \/>\n<meta name=\"twitter:description\" content=\"Analyser les situations de travail afin de mieux les comprendre, pour concevoir des dispositifs de formation permettant le d\u00e9veloppement des acteurs auxquels s\u2019adressent ces dispositifs, tel est le projet de la Didactique Professionnelle.\" \/>\n<meta name=\"twitter:image\" content=\"https:\/\/i0.wp.com\/www.pipacomunica.com.br\/livrariadapipa\/wp-content\/uploads\/2022\/06\/thumb-Didactique-Professionnelle.jpg?fit=870%2C452&ssl=1\" \/>\n<meta name=\"twitter:site\" content=\"@PipaComunica\" \/>\n<meta name=\"twitter:label1\" content=\"Est. tempo de leitura\" \/>\n\t<meta name=\"twitter:data1\" content=\"5 minutos\" \/>\n<script type=\"application\/ld+json\" class=\"yoast-schema-graph\">{\"@context\":\"https:\/\/schema.org\",\"@graph\":[{\"@type\":\"WebPage\",\"@id\":\"https:\/\/www.pipacomunica.com.br\/livrariadapipa\/produto\/didatica-profissional-um-guia-para-formadores\/\",\"url\":\"https:\/\/www.pipacomunica.com.br\/livrariadapipa\/produto\/didatica-profissional-um-guia-para-formadores\/\",\"name\":\"Did\u00e1tica profissional: um guia para formadores\",\"isPartOf\":{\"@id\":\"https:\/\/www.pipacomunica.com.br\/livrariadapipa\/#website\"},\"primaryImageOfPage\":{\"@id\":\"https:\/\/www.pipacomunica.com.br\/livrariadapipa\/produto\/didatica-profissional-um-guia-para-formadores\/#primaryimage\"},\"image\":{\"@id\":\"https:\/\/www.pipacomunica.com.br\/livrariadapipa\/produto\/didatica-profissional-um-guia-para-formadores\/#primaryimage\"},\"thumbnailUrl\":\"https:\/\/i0.wp.com\/www.pipacomunica.com.br\/livrariadapipa\/wp-content\/uploads\/2024\/04\/ebook-didatica-profissional.png?fit=461%2C595&ssl=1\",\"datePublished\":\"2024-04-23T13:02:57+00:00\",\"dateModified\":\"2024-08-16T20:33:48+00:00\",\"description\":\"Uma abordagem inovadora na forma\u00e7\u00e3o de trabalhadores, desde a qualifica\u00e7\u00e3o profissional at\u00e9 o ensino superior, baseada na Did\u00e1tica Profissional.\",\"breadcrumb\":{\"@id\":\"https:\/\/www.pipacomunica.com.br\/livrariadapipa\/produto\/didatica-profissional-um-guia-para-formadores\/#breadcrumb\"},\"inLanguage\":\"pt-BR\",\"potentialAction\":[{\"@type\":\"ReadAction\",\"target\":[\"https:\/\/www.pipacomunica.com.br\/livrariadapipa\/produto\/didatica-profissional-um-guia-para-formadores\/\"]}]},{\"@type\":\"ImageObject\",\"inLanguage\":\"pt-BR\",\"@id\":\"https:\/\/www.pipacomunica.com.br\/livrariadapipa\/produto\/didatica-profissional-um-guia-para-formadores\/#primaryimage\",\"url\":\"https:\/\/i0.wp.com\/www.pipacomunica.com.br\/livrariadapipa\/wp-content\/uploads\/2024\/04\/ebook-didatica-profissional.png?fit=461%2C595&ssl=1\",\"contentUrl\":\"https:\/\/i0.wp.com\/www.pipacomunica.com.br\/livrariadapipa\/wp-content\/uploads\/2024\/04\/ebook-didatica-profissional.png?fit=461%2C595&ssl=1\",\"width\":461,\"height\":595,\"caption\":\"Did\u00e1tica profissional: um guia para formadores\"},{\"@type\":\"BreadcrumbList\",\"@id\":\"https:\/\/www.pipacomunica.com.br\/livrariadapipa\/produto\/didatica-profissional-um-guia-para-formadores\/#breadcrumb\",\"itemListElement\":[{\"@type\":\"ListItem\",\"position\":1,\"name\":\"In\u00edcio\",\"item\":\"https:\/\/www.pipacomunica.com.br\/livrariadapipa\/\"},{\"@type\":\"ListItem\",\"position\":2,\"name\":\"Cat\u00e1logo\",\"item\":\"https:\/\/www.pipacomunica.com.br\/livrariadapipa\/vitrine\/\"},{\"@type\":\"ListItem\",\"position\":3,\"name\":\"Did\u00e1tica profissional: um guia para formadores\"}]},{\"@type\":\"WebSite\",\"@id\":\"https:\/\/www.pipacomunica.com.br\/livrariadapipa\/#website\",\"url\":\"https:\/\/www.pipacomunica.com.br\/livrariadapipa\/\",\"name\":\"Livraria da Pipa Comunica\u00e7\u00e3o\",\"description\":\"Livros mais baratos que xerox\",\"publisher\":{\"@id\":\"https:\/\/www.pipacomunica.com.br\/livrariadapipa\/#organization\"},\"potentialAction\":[{\"@type\":\"SearchAction\",\"target\":{\"@type\":\"EntryPoint\",\"urlTemplate\":\"https:\/\/www.pipacomunica.com.br\/livrariadapipa\/?s={search_term_string}\"},\"query-input\":{\"@type\":\"PropertyValueSpecification\",\"valueRequired\":true,\"valueName\":\"search_term_string\"}}],\"inLanguage\":\"pt-BR\"},{\"@type\":\"Organization\",\"@id\":\"https:\/\/www.pipacomunica.com.br\/livrariadapipa\/#organization\",\"name\":\"Livraria da Pipa Comunica\u00e7\u00e3o\",\"url\":\"https:\/\/www.pipacomunica.com.br\/livrariadapipa\/\",\"logo\":{\"@type\":\"ImageObject\",\"inLanguage\":\"pt-BR\",\"@id\":\"https:\/\/www.pipacomunica.com.br\/livrariadapipa\/#\/schema\/logo\/image\/\",\"url\":\"https:\/\/i0.wp.com\/www.pipacomunica.com.br\/livrariadapipa\/wp-content\/uploads\/2018\/09\/marca-livraria-pipa-400px-negativo.png?fit=400%2C80&ssl=1\",\"contentUrl\":\"https:\/\/i0.wp.com\/www.pipacomunica.com.br\/livrariadapipa\/wp-content\/uploads\/2018\/09\/marca-livraria-pipa-400px-negativo.png?fit=400%2C80&ssl=1\",\"width\":400,\"height\":80,\"caption\":\"Livraria da Pipa Comunica\u00e7\u00e3o\"},\"image\":{\"@id\":\"https:\/\/www.pipacomunica.com.br\/livrariadapipa\/#\/schema\/logo\/image\/\"},\"sameAs\":[\"https:\/\/www.facebook.com\/pipacomunica\",\"https:\/\/x.com\/PipaComunica\",\"https:\/\/instagram.com\/pipacomunicacao\",\"http:\/\/www.linkedin.com\/companies\/pipa-comunica-o\",\"https:\/\/br.pinterest.com\/pipacomunicacao\/\",\"http:\/\/il.youtube.com\/user\/pipacomunicacao\"]}]}<\/script>\n<!-- \/ Yoast SEO plugin. -->","yoast_head_json":{"title":"Did\u00e1tica profissional: um guia para formadores","description":"Uma abordagem inovadora na forma\u00e7\u00e3o de trabalhadores, desde a qualifica\u00e7\u00e3o profissional at\u00e9 o ensino superior, baseada na Did\u00e1tica Profissional.","robots":{"index":"index","follow":"follow","max-snippet":"max-snippet:-1","max-image-preview":"max-image-preview:large","max-video-preview":"max-video-preview:-1"},"canonical":"https:\/\/www.pipacomunica.com.br\/livrariadapipa\/produto\/didatica-profissional-um-guia-para-formadores\/","og_locale":"pt_BR","og_type":"article","og_title":"Did\u00e1tica profissional: um guia para formadores","og_description":"Uma abordagem inovadora na forma\u00e7\u00e3o de trabalhadores, desde a qualifica\u00e7\u00e3o profissional at\u00e9 o ensino superior, baseada na Did\u00e1tica Profissional.","og_url":"https:\/\/www.pipacomunica.com.br\/livrariadapipa\/produto\/didatica-profissional-um-guia-para-formadores\/","og_site_name":"Livraria da Pipa Comunica\u00e7\u00e3o","article_publisher":"https:\/\/www.facebook.com\/pipacomunica","article_modified_time":"2024-08-16T20:33:48+00:00","og_image":[{"width":870,"height":452,"url":"https:\/\/www.pipacomunica.com.br\/livrariadapipa\/wp-content\/uploads\/2024\/04\/thumb-didatica-profissional.png","type":"image\/png"}],"twitter_card":"summary_large_image","twitter_title":"Did\u00e1tica profissional: um guia para formadores","twitter_description":"Analyser les situations de travail afin de mieux les comprendre, pour concevoir des dispositifs de formation permettant le d\u00e9veloppement des acteurs auxquels s\u2019adressent ces dispositifs, tel est le projet de la Didactique Professionnelle.","twitter_image":"https:\/\/i0.wp.com\/www.pipacomunica.com.br\/livrariadapipa\/wp-content\/uploads\/2022\/06\/thumb-Didactique-Professionnelle.jpg?fit=870%2C452&ssl=1","twitter_site":"@PipaComunica","twitter_misc":{"Est. tempo de leitura":"5 minutos"},"schema":{"@context":"https:\/\/schema.org","@graph":[{"@type":"WebPage","@id":"https:\/\/www.pipacomunica.com.br\/livrariadapipa\/produto\/didatica-profissional-um-guia-para-formadores\/","url":"https:\/\/www.pipacomunica.com.br\/livrariadapipa\/produto\/didatica-profissional-um-guia-para-formadores\/","name":"Did\u00e1tica profissional: um guia para formadores","isPartOf":{"@id":"https:\/\/www.pipacomunica.com.br\/livrariadapipa\/#website"},"primaryImageOfPage":{"@id":"https:\/\/www.pipacomunica.com.br\/livrariadapipa\/produto\/didatica-profissional-um-guia-para-formadores\/#primaryimage"},"image":{"@id":"https:\/\/www.pipacomunica.com.br\/livrariadapipa\/produto\/didatica-profissional-um-guia-para-formadores\/#primaryimage"},"thumbnailUrl":"https:\/\/i0.wp.com\/www.pipacomunica.com.br\/livrariadapipa\/wp-content\/uploads\/2024\/04\/ebook-didatica-profissional.png?fit=461%2C595&ssl=1","datePublished":"2024-04-23T13:02:57+00:00","dateModified":"2024-08-16T20:33:48+00:00","description":"Uma abordagem inovadora na forma\u00e7\u00e3o de trabalhadores, desde a qualifica\u00e7\u00e3o profissional at\u00e9 o ensino superior, baseada na Did\u00e1tica Profissional.","breadcrumb":{"@id":"https:\/\/www.pipacomunica.com.br\/livrariadapipa\/produto\/didatica-profissional-um-guia-para-formadores\/#breadcrumb"},"inLanguage":"pt-BR","potentialAction":[{"@type":"ReadAction","target":["https:\/\/www.pipacomunica.com.br\/livrariadapipa\/produto\/didatica-profissional-um-guia-para-formadores\/"]}]},{"@type":"ImageObject","inLanguage":"pt-BR","@id":"https:\/\/www.pipacomunica.com.br\/livrariadapipa\/produto\/didatica-profissional-um-guia-para-formadores\/#primaryimage","url":"https:\/\/i0.wp.com\/www.pipacomunica.com.br\/livrariadapipa\/wp-content\/uploads\/2024\/04\/ebook-didatica-profissional.png?fit=461%2C595&ssl=1","contentUrl":"https:\/\/i0.wp.com\/www.pipacomunica.com.br\/livrariadapipa\/wp-content\/uploads\/2024\/04\/ebook-didatica-profissional.png?fit=461%2C595&ssl=1","width":461,"height":595,"caption":"Did\u00e1tica profissional: um guia para formadores"},{"@type":"BreadcrumbList","@id":"https:\/\/www.pipacomunica.com.br\/livrariadapipa\/produto\/didatica-profissional-um-guia-para-formadores\/#breadcrumb","itemListElement":[{"@type":"ListItem","position":1,"name":"In\u00edcio","item":"https:\/\/www.pipacomunica.com.br\/livrariadapipa\/"},{"@type":"ListItem","position":2,"name":"Cat\u00e1logo","item":"https:\/\/www.pipacomunica.com.br\/livrariadapipa\/vitrine\/"},{"@type":"ListItem","position":3,"name":"Did\u00e1tica profissional: um guia para formadores"}]},{"@type":"WebSite","@id":"https:\/\/www.pipacomunica.com.br\/livrariadapipa\/#website","url":"https:\/\/www.pipacomunica.com.br\/livrariadapipa\/","name":"Livraria da Pipa Comunica\u00e7\u00e3o","description":"Livros mais baratos que xerox","publisher":{"@id":"https:\/\/www.pipacomunica.com.br\/livrariadapipa\/#organization"},"potentialAction":[{"@type":"SearchAction","target":{"@type":"EntryPoint","urlTemplate":"https:\/\/www.pipacomunica.com.br\/livrariadapipa\/?s={search_term_string}"},"query-input":{"@type":"PropertyValueSpecification","valueRequired":true,"valueName":"search_term_string"}}],"inLanguage":"pt-BR"},{"@type":"Organization","@id":"https:\/\/www.pipacomunica.com.br\/livrariadapipa\/#organization","name":"Livraria da Pipa Comunica\u00e7\u00e3o","url":"https:\/\/www.pipacomunica.com.br\/livrariadapipa\/","logo":{"@type":"ImageObject","inLanguage":"pt-BR","@id":"https:\/\/www.pipacomunica.com.br\/livrariadapipa\/#\/schema\/logo\/image\/","url":"https:\/\/i0.wp.com\/www.pipacomunica.com.br\/livrariadapipa\/wp-content\/uploads\/2018\/09\/marca-livraria-pipa-400px-negativo.png?fit=400%2C80&ssl=1","contentUrl":"https:\/\/i0.wp.com\/www.pipacomunica.com.br\/livrariadapipa\/wp-content\/uploads\/2018\/09\/marca-livraria-pipa-400px-negativo.png?fit=400%2C80&ssl=1","width":400,"height":80,"caption":"Livraria da Pipa Comunica\u00e7\u00e3o"},"image":{"@id":"https:\/\/www.pipacomunica.com.br\/livrariadapipa\/#\/schema\/logo\/image\/"},"sameAs":["https:\/\/www.facebook.com\/pipacomunica","https:\/\/x.com\/PipaComunica","https:\/\/instagram.com\/pipacomunicacao","http:\/\/www.linkedin.com\/companies\/pipa-comunica-o","https:\/\/br.pinterest.com\/pipacomunicacao\/","http:\/\/il.youtube.com\/user\/pipacomunicacao"]}]}},"jetpack_publicize_connections":[],"jetpack_sharing_enabled":true,"_links":{"self":[{"href":"https:\/\/www.pipacomunica.com.br\/livrariadapipa\/wp-json\/wp\/v2\/product\/12203","targetHints":{"allow":["GET"]}}],"collection":[{"href":"https:\/\/www.pipacomunica.com.br\/livrariadapipa\/wp-json\/wp\/v2\/product"}],"about":[{"href":"https:\/\/www.pipacomunica.com.br\/livrariadapipa\/wp-json\/wp\/v2\/types\/product"}],"replies":[{"embeddable":true,"href":"https:\/\/www.pipacomunica.com.br\/livrariadapipa\/wp-json\/wp\/v2\/comments?post=12203"}],"version-history":[{"count":3,"href":"https:\/\/www.pipacomunica.com.br\/livrariadapipa\/wp-json\/wp\/v2\/product\/12203\/revisions"}],"predecessor-version":[{"id":12217,"href":"https:\/\/www.pipacomunica.com.br\/livrariadapipa\/wp-json\/wp\/v2\/product\/12203\/revisions\/12217"}],"wp:featuredmedia":[{"embeddable":true,"href":"https:\/\/www.pipacomunica.com.br\/livrariadapipa\/wp-json\/wp\/v2\/media\/12206"}],"wp:attachment":[{"href":"https:\/\/www.pipacomunica.com.br\/livrariadapipa\/wp-json\/wp\/v2\/media?parent=12203"}],"wp:term":[{"taxonomy":"product_brand","embeddable":true,"href":"https:\/\/www.pipacomunica.com.br\/livrariadapipa\/wp-json\/wp\/v2\/product_brand?post=12203"},{"taxonomy":"product_cat","embeddable":true,"href":"https:\/\/www.pipacomunica.com.br\/livrariadapipa\/wp-json\/wp\/v2\/product_cat?post=12203"},{"taxonomy":"product_tag","embeddable":true,"href":"https:\/\/www.pipacomunica.com.br\/livrariadapipa\/wp-json\/wp\/v2\/product_tag?post=12203"}],"curies":[{"name":"wp","href":"https:\/\/api.w.org\/{rel}","templated":true}]}}