{"id":12075,"date":"2023-10-19T08:34:35","date_gmt":"2023-10-19T11:34:35","guid":{"rendered":"https:\/\/www.pipacomunica.com.br\/livrariadapipa\/?post_type=product&#038;p=12075"},"modified":"2024-08-16T17:32:35","modified_gmt":"2024-08-16T20:32:35","slug":"didatica-e-para-todos-volume1","status":"publish","type":"product","link":"https:\/\/www.pipacomunica.com.br\/livrariadapipa\/produto\/didatica-e-para-todos-volume1\/","title":{"rendered":"Did\u00e1tica \u00e9 para todos: como criar experi\u00eancias de aprendizagem"},"content":{"rendered":"<p><strong>Did\u00e1tica \u00e9 para todos: como criar experi\u00eancias de aprendizagem<\/strong><br \/>\n<em>Brochura<\/em><br \/>\nDaiane Grassi<\/p>\n<p><em><strong>Como criar experi\u00eancias de aprendizagem<\/strong><\/em> da s\u00e9rie <strong>Did\u00e1tica \u00e9 para todos<\/strong> apresenta o caminho das pedras para come\u00e7ar a criar experi\u00eancias de aprendizagem em que as pessoas aprendam de verdade. N\u00e3o h\u00e1 m\u00e1gica, h\u00e1 trabalho, pesquisa, criatividade e, sobretudo, empatia. Ao longo de sua trajet\u00f3ria, a autora Daiane Grassi aprendeu que a empatia \u00e9 uma das chaves para o sucesso em qualquer espa\u00e7o de aprendizagem. Quando entendemos as necessidades de nossos aprendentes e nos colocamos em seus lugares, criamos um ambiente de aprendizado que transforma vidas.<\/p>\n<h4>Sobre a autora<\/h4>\n<p><a href=\"https:\/\/i0.wp.com\/www.pipacomunica.com.br\/livrariadapipa\/wp-content\/uploads\/2023\/10\/Daiane-Grassi.gif?ssl=1\"><img data-recalc-dims=\"1\" fetchpriority=\"high\" decoding=\"async\" class=\"wp-image-12079 size-medium aligncenter\" src=\"https:\/\/i0.wp.com\/www.pipacomunica.com.br\/livrariadapipa\/wp-content\/uploads\/2023\/10\/Daiane-Grassi.gif?resize=300%2C300&#038;ssl=1\" alt=\"Daiane Grassi\" width=\"300\" height=\"300\" srcset=\"https:\/\/i0.wp.com\/www.pipacomunica.com.br\/livrariadapipa\/wp-content\/uploads\/2023\/10\/Daiane-Grassi.gif?resize=300%2C300&amp;ssl=1 300w, https:\/\/i0.wp.com\/www.pipacomunica.com.br\/livrariadapipa\/wp-content\/uploads\/2023\/10\/Daiane-Grassi.gif?resize=150%2C150&amp;ssl=1 150w, https:\/\/i0.wp.com\/www.pipacomunica.com.br\/livrariadapipa\/wp-content\/uploads\/2023\/10\/Daiane-Grassi.gif?resize=416%2C416&amp;ssl=1 416w, https:\/\/i0.wp.com\/www.pipacomunica.com.br\/livrariadapipa\/wp-content\/uploads\/2023\/10\/Daiane-Grassi.gif?resize=100%2C100&amp;ssl=1 100w\" sizes=\"(max-width: 300px) 100vw, 300px\" \/><\/a><\/p>\n<p><strong>Daiane Grassi<\/strong><\/p>\n<p>Sou a Daiane Grassi (mas normalmente me chamam de Dai), pedagoga formada pela PUCRS, especialista em Inform\u00e1tica na Educa\u00e7\u00e3o e mestra em Educa\u00e7\u00e3o pela UFRGS, al\u00e9m de doutora em Design pela mesma universidade. \u00c9 com muito entusiasmo que compartilho com voc\u00ea um compilado contendo a minha s\u00edntese sobre como um professor pode obter sucesso em suas aulas ao ter aprendizes engajados e satisfeitos com seus processos de aprendizagem.<\/p>\n<h4>Veja a obra por dentro<\/h4>\n<div class=\"su-youtube su-u-responsive-media-yes\"><iframe width=\"600\" height=\"400\" src=\"https:\/\/www.youtube.com\/embed\/Y_muwJfBrO4?\" frameborder=\"0\" allowfullscreen allow=\"autoplay; encrypted-media; picture-in-picture\" title=\"\"><\/iframe><\/div>\n<h4>Ficha T\u00e9cnica<\/h4>\n<p><strong>Autora<\/strong>: Daiane Grassi<br \/>\n<strong>Edi\u00e7\u00e3o<\/strong>: Karla Vidal e Augusto Noronha<br \/>\n<strong>Capa e ilustra\u00e7\u00f5es<\/strong>: Karla Vidal<br \/>\n<strong>Projeto Gr\u00e1fico e Diagrama\u00e7\u00e3o<\/strong>: Karla Vidal<br \/>\n<strong>Revis\u00e3o<\/strong>: Maria Reginatto e Augusto Noronha<\/p>\n","protected":false},"excerpt":{"rendered":"<p><strong>Did\u00e1tica \u00e9 para todos: como criar experi\u00eancias de aprendizagem<\/strong><br \/>\n<em>Brochura<\/em><br \/>\nDaiane Grassi<\/p>\n<p><em><strong>Como criar experi\u00eancias de aprendizagem<\/strong><\/em> da s\u00e9rie <strong>Did\u00e1tica \u00e9 para todos<\/strong> apresenta o caminho das pedras para come\u00e7ar a criar experi\u00eancias de aprendizagem em que as pessoas aprendam de verdade. N\u00e3o h\u00e1 m\u00e1gica, h\u00e1 trabalho, pesquisa, criatividade e, sobretudo, empatia. Ao longo de minha trajet\u00f3ria, aprendi que a empatia \u00e9 uma das chaves para o sucesso em qualquer espa\u00e7o de aprendizagem. Quando entendemos as necessidades de nossos aprendentes e nos colocamos em seus lugares, criamos um ambiente de aprendizado que transforma vidas.<\/p>\n<h4>Ficha T\u00e9cnica<\/h4>\n<p>1\u00aa ed.<br \/>\nBrochura<br \/>\n144 p., il.; 15,8 X 21,4 cm<br \/>\nISBN 978-65-87033-59-4<br \/>\n1. Forma\u00e7\u00e3o de professores. I. Grassi, Daiane. II. Vidal, Karla (Ilustradora). III. Franciscone, Fabiane (Pref\u00e1cio). IV. Teixeira, F\u00e1bio Gon\u00e7alves (Pref\u00e1cio). V. Pimentel, Rodrigo (Pref\u00e1cio). VI. T\u00edtulo.<\/p>\n<h4>Sobre a aquisi\u00e7\u00e3o dos exemplares<\/h4>\n<p>Obra exclusiva. Pequena tiragem de exemplares da autora dispon\u00edvel para aquisi\u00e7\u00e3o. Utilize o bot\u00e3o a seguir para solicitar.<\/p>\n","protected":false},"featured_media":12077,"comment_status":"open","ping_status":"closed","template":"","meta":{"jetpack_post_was_ever_published":false,"jetpack_publicize_message":"","jetpack_publicize_feature_enabled":true,"jetpack_social_post_already_shared":true,"jetpack_social_options":{"image_generator_settings":{"template":"highway","default_image_id":0,"font":"","enabled":false},"version":2}},"product_brand":[],"product_cat":[34,18],"product_tag":[],"class_list":{"0":"post-12075","1":"product","2":"type-product","3":"status-publish","4":"has-post-thumbnail","6":"product_cat-sem-categoria","7":"product_cat-livros-impressos","9":"first","10":"instock","11":"sold-individually","12":"shipping-taxable","13":"product-type-external"},"yoast_head":"<!-- This site is optimized with the Yoast SEO plugin v27.1.1 - https:\/\/yoast.com\/product\/yoast-seo-wordpress\/ -->\n<title>Did\u00e1tica \u00e9 para todos: como criar experi\u00eancias de aprendizagem<\/title>\n<meta name=\"description\" content=\"O caminho das pedras para criar aulas em que se aprenda de verdade. N\u00e3o h\u00e1 m\u00e1gica, h\u00e1 trabalho, pesquisa, criatividade e, sobretudo, empatia.\" \/>\n<meta name=\"robots\" content=\"index, follow, max-snippet:-1, max-image-preview:large, max-video-preview:-1\" \/>\n<link rel=\"canonical\" href=\"https:\/\/www.pipacomunica.com.br\/livrariadapipa\/produto\/didatica-e-para-todos-volume1\/\" \/>\n<meta property=\"og:locale\" content=\"pt_BR\" \/>\n<meta property=\"og:type\" content=\"article\" \/>\n<meta property=\"og:title\" content=\"Did\u00e1tica \u00e9 para todos: como criar experi\u00eancias de aprendizagem\" \/>\n<meta property=\"og:description\" content=\"O caminho das pedras para criar aulas em que se aprenda de verdade. N\u00e3o h\u00e1 m\u00e1gica, h\u00e1 trabalho, pesquisa, criatividade e, sobretudo, empatia.\" \/>\n<meta property=\"og:url\" content=\"https:\/\/www.pipacomunica.com.br\/livrariadapipa\/produto\/didatica-e-para-todos-volume1\/\" \/>\n<meta property=\"og:site_name\" content=\"Livraria da Pipa Comunica\u00e7\u00e3o\" \/>\n<meta property=\"article:publisher\" content=\"https:\/\/www.facebook.com\/pipacomunica\" \/>\n<meta property=\"article:modified_time\" content=\"2024-08-16T20:32:35+00:00\" \/>\n<meta property=\"og:image\" content=\"https:\/\/www.pipacomunica.com.br\/livrariadapipa\/wp-content\/uploads\/2023\/10\/thumbs.png\" \/>\n\t<meta property=\"og:image:width\" content=\"870\" \/>\n\t<meta property=\"og:image:height\" content=\"452\" \/>\n\t<meta property=\"og:image:type\" content=\"image\/png\" \/>\n<meta name=\"twitter:card\" content=\"summary_large_image\" \/>\n<meta name=\"twitter:title\" content=\"Did\u00e1tica \u00e9 para todos: como criar experi\u00eancias de aprendizagem\" \/>\n<meta name=\"twitter:description\" content=\"O caminho das pedras para criar aulas em que se aprenda de verdade. N\u00e3o h\u00e1 m\u00e1gica, h\u00e1 trabalho, pesquisa, criatividade e, sobretudo, empatia.\" \/>\n<meta name=\"twitter:image\" content=\"https:\/\/i0.wp.com\/www.pipacomunica.com.br\/livrariadapipa\/wp-content\/uploads\/2023\/10\/thumbs.png?fit=870%2C452&ssl=1\" \/>\n<meta name=\"twitter:site\" content=\"@PipaComunica\" \/>\n<meta name=\"twitter:label1\" content=\"Est. tempo de leitura\" \/>\n\t<meta name=\"twitter:data1\" content=\"2 minutos\" \/>\n<script type=\"application\/ld+json\" class=\"yoast-schema-graph\">{\"@context\":\"https:\/\/schema.org\",\"@graph\":[{\"@type\":\"WebPage\",\"@id\":\"https:\/\/www.pipacomunica.com.br\/livrariadapipa\/produto\/didatica-e-para-todos-volume1\/\",\"url\":\"https:\/\/www.pipacomunica.com.br\/livrariadapipa\/produto\/didatica-e-para-todos-volume1\/\",\"name\":\"Did\u00e1tica \u00e9 para todos: como criar experi\u00eancias de aprendizagem\",\"isPartOf\":{\"@id\":\"https:\/\/www.pipacomunica.com.br\/livrariadapipa\/#website\"},\"primaryImageOfPage\":{\"@id\":\"https:\/\/www.pipacomunica.com.br\/livrariadapipa\/produto\/didatica-e-para-todos-volume1\/#primaryimage\"},\"image\":{\"@id\":\"https:\/\/www.pipacomunica.com.br\/livrariadapipa\/produto\/didatica-e-para-todos-volume1\/#primaryimage\"},\"thumbnailUrl\":\"https:\/\/i0.wp.com\/www.pipacomunica.com.br\/livrariadapipa\/wp-content\/uploads\/2023\/10\/didatica-e-para-todos-vol1-impresso.gif?fit=1417%2C1417&ssl=1\",\"datePublished\":\"2023-10-19T11:34:35+00:00\",\"dateModified\":\"2024-08-16T20:32:35+00:00\",\"description\":\"O caminho das pedras para criar aulas em que se aprenda de verdade. N\u00e3o h\u00e1 m\u00e1gica, h\u00e1 trabalho, pesquisa, criatividade e, sobretudo, empatia.\",\"breadcrumb\":{\"@id\":\"https:\/\/www.pipacomunica.com.br\/livrariadapipa\/produto\/didatica-e-para-todos-volume1\/#breadcrumb\"},\"inLanguage\":\"pt-BR\",\"potentialAction\":[{\"@type\":\"ReadAction\",\"target\":[\"https:\/\/www.pipacomunica.com.br\/livrariadapipa\/produto\/didatica-e-para-todos-volume1\/\"]}]},{\"@type\":\"ImageObject\",\"inLanguage\":\"pt-BR\",\"@id\":\"https:\/\/www.pipacomunica.com.br\/livrariadapipa\/produto\/didatica-e-para-todos-volume1\/#primaryimage\",\"url\":\"https:\/\/i0.wp.com\/www.pipacomunica.com.br\/livrariadapipa\/wp-content\/uploads\/2023\/10\/didatica-e-para-todos-vol1-impresso.gif?fit=1417%2C1417&ssl=1\",\"contentUrl\":\"https:\/\/i0.wp.com\/www.pipacomunica.com.br\/livrariadapipa\/wp-content\/uploads\/2023\/10\/didatica-e-para-todos-vol1-impresso.gif?fit=1417%2C1417&ssl=1\",\"width\":1417,\"height\":1417,\"caption\":\"Did\u00e1tica \u00e9 para todos: como criar experi\u00eancias de aprendizagem\"},{\"@type\":\"BreadcrumbList\",\"@id\":\"https:\/\/www.pipacomunica.com.br\/livrariadapipa\/produto\/didatica-e-para-todos-volume1\/#breadcrumb\",\"itemListElement\":[{\"@type\":\"ListItem\",\"position\":1,\"name\":\"In\u00edcio\",\"item\":\"https:\/\/www.pipacomunica.com.br\/livrariadapipa\/\"},{\"@type\":\"ListItem\",\"position\":2,\"name\":\"Cat\u00e1logo\",\"item\":\"https:\/\/www.pipacomunica.com.br\/livrariadapipa\/vitrine\/\"},{\"@type\":\"ListItem\",\"position\":3,\"name\":\"Did\u00e1tica \u00e9 para todos: como criar experi\u00eancias de aprendizagem\"}]},{\"@type\":\"WebSite\",\"@id\":\"https:\/\/www.pipacomunica.com.br\/livrariadapipa\/#website\",\"url\":\"https:\/\/www.pipacomunica.com.br\/livrariadapipa\/\",\"name\":\"Livraria da Pipa Comunica\u00e7\u00e3o\",\"description\":\"Livros mais baratos que xerox\",\"publisher\":{\"@id\":\"https:\/\/www.pipacomunica.com.br\/livrariadapipa\/#organization\"},\"potentialAction\":[{\"@type\":\"SearchAction\",\"target\":{\"@type\":\"EntryPoint\",\"urlTemplate\":\"https:\/\/www.pipacomunica.com.br\/livrariadapipa\/?s={search_term_string}\"},\"query-input\":{\"@type\":\"PropertyValueSpecification\",\"valueRequired\":true,\"valueName\":\"search_term_string\"}}],\"inLanguage\":\"pt-BR\"},{\"@type\":\"Organization\",\"@id\":\"https:\/\/www.pipacomunica.com.br\/livrariadapipa\/#organization\",\"name\":\"Livraria da Pipa Comunica\u00e7\u00e3o\",\"url\":\"https:\/\/www.pipacomunica.com.br\/livrariadapipa\/\",\"logo\":{\"@type\":\"ImageObject\",\"inLanguage\":\"pt-BR\",\"@id\":\"https:\/\/www.pipacomunica.com.br\/livrariadapipa\/#\/schema\/logo\/image\/\",\"url\":\"https:\/\/i0.wp.com\/www.pipacomunica.com.br\/livrariadapipa\/wp-content\/uploads\/2018\/09\/marca-livraria-pipa-400px-negativo.png?fit=400%2C80&ssl=1\",\"contentUrl\":\"https:\/\/i0.wp.com\/www.pipacomunica.com.br\/livrariadapipa\/wp-content\/uploads\/2018\/09\/marca-livraria-pipa-400px-negativo.png?fit=400%2C80&ssl=1\",\"width\":400,\"height\":80,\"caption\":\"Livraria da Pipa Comunica\u00e7\u00e3o\"},\"image\":{\"@id\":\"https:\/\/www.pipacomunica.com.br\/livrariadapipa\/#\/schema\/logo\/image\/\"},\"sameAs\":[\"https:\/\/www.facebook.com\/pipacomunica\",\"https:\/\/x.com\/PipaComunica\",\"https:\/\/instagram.com\/pipacomunicacao\",\"http:\/\/www.linkedin.com\/companies\/pipa-comunica-o\",\"https:\/\/br.pinterest.com\/pipacomunicacao\/\",\"http:\/\/il.youtube.com\/user\/pipacomunicacao\"]}]}<\/script>\n<!-- \/ Yoast SEO plugin. -->","yoast_head_json":{"title":"Did\u00e1tica \u00e9 para todos: como criar experi\u00eancias de aprendizagem","description":"O caminho das pedras para criar aulas em que se aprenda de verdade. N\u00e3o h\u00e1 m\u00e1gica, h\u00e1 trabalho, pesquisa, criatividade e, sobretudo, empatia.","robots":{"index":"index","follow":"follow","max-snippet":"max-snippet:-1","max-image-preview":"max-image-preview:large","max-video-preview":"max-video-preview:-1"},"canonical":"https:\/\/www.pipacomunica.com.br\/livrariadapipa\/produto\/didatica-e-para-todos-volume1\/","og_locale":"pt_BR","og_type":"article","og_title":"Did\u00e1tica \u00e9 para todos: como criar experi\u00eancias de aprendizagem","og_description":"O caminho das pedras para criar aulas em que se aprenda de verdade. N\u00e3o h\u00e1 m\u00e1gica, h\u00e1 trabalho, pesquisa, criatividade e, sobretudo, empatia.","og_url":"https:\/\/www.pipacomunica.com.br\/livrariadapipa\/produto\/didatica-e-para-todos-volume1\/","og_site_name":"Livraria da Pipa Comunica\u00e7\u00e3o","article_publisher":"https:\/\/www.facebook.com\/pipacomunica","article_modified_time":"2024-08-16T20:32:35+00:00","og_image":[{"width":870,"height":452,"url":"https:\/\/www.pipacomunica.com.br\/livrariadapipa\/wp-content\/uploads\/2023\/10\/thumbs.png","type":"image\/png"}],"twitter_card":"summary_large_image","twitter_title":"Did\u00e1tica \u00e9 para todos: como criar experi\u00eancias de aprendizagem","twitter_description":"O caminho das pedras para criar aulas em que se aprenda de verdade. N\u00e3o h\u00e1 m\u00e1gica, h\u00e1 trabalho, pesquisa, criatividade e, sobretudo, empatia.","twitter_image":"https:\/\/i0.wp.com\/www.pipacomunica.com.br\/livrariadapipa\/wp-content\/uploads\/2023\/10\/thumbs.png?fit=870%2C452&ssl=1","twitter_site":"@PipaComunica","twitter_misc":{"Est. tempo de leitura":"2 minutos"},"schema":{"@context":"https:\/\/schema.org","@graph":[{"@type":"WebPage","@id":"https:\/\/www.pipacomunica.com.br\/livrariadapipa\/produto\/didatica-e-para-todos-volume1\/","url":"https:\/\/www.pipacomunica.com.br\/livrariadapipa\/produto\/didatica-e-para-todos-volume1\/","name":"Did\u00e1tica \u00e9 para todos: como criar experi\u00eancias de aprendizagem","isPartOf":{"@id":"https:\/\/www.pipacomunica.com.br\/livrariadapipa\/#website"},"primaryImageOfPage":{"@id":"https:\/\/www.pipacomunica.com.br\/livrariadapipa\/produto\/didatica-e-para-todos-volume1\/#primaryimage"},"image":{"@id":"https:\/\/www.pipacomunica.com.br\/livrariadapipa\/produto\/didatica-e-para-todos-volume1\/#primaryimage"},"thumbnailUrl":"https:\/\/i0.wp.com\/www.pipacomunica.com.br\/livrariadapipa\/wp-content\/uploads\/2023\/10\/didatica-e-para-todos-vol1-impresso.gif?fit=1417%2C1417&ssl=1","datePublished":"2023-10-19T11:34:35+00:00","dateModified":"2024-08-16T20:32:35+00:00","description":"O caminho das pedras para criar aulas em que se aprenda de verdade. N\u00e3o h\u00e1 m\u00e1gica, h\u00e1 trabalho, pesquisa, criatividade e, sobretudo, empatia.","breadcrumb":{"@id":"https:\/\/www.pipacomunica.com.br\/livrariadapipa\/produto\/didatica-e-para-todos-volume1\/#breadcrumb"},"inLanguage":"pt-BR","potentialAction":[{"@type":"ReadAction","target":["https:\/\/www.pipacomunica.com.br\/livrariadapipa\/produto\/didatica-e-para-todos-volume1\/"]}]},{"@type":"ImageObject","inLanguage":"pt-BR","@id":"https:\/\/www.pipacomunica.com.br\/livrariadapipa\/produto\/didatica-e-para-todos-volume1\/#primaryimage","url":"https:\/\/i0.wp.com\/www.pipacomunica.com.br\/livrariadapipa\/wp-content\/uploads\/2023\/10\/didatica-e-para-todos-vol1-impresso.gif?fit=1417%2C1417&ssl=1","contentUrl":"https:\/\/i0.wp.com\/www.pipacomunica.com.br\/livrariadapipa\/wp-content\/uploads\/2023\/10\/didatica-e-para-todos-vol1-impresso.gif?fit=1417%2C1417&ssl=1","width":1417,"height":1417,"caption":"Did\u00e1tica \u00e9 para todos: como criar experi\u00eancias de aprendizagem"},{"@type":"BreadcrumbList","@id":"https:\/\/www.pipacomunica.com.br\/livrariadapipa\/produto\/didatica-e-para-todos-volume1\/#breadcrumb","itemListElement":[{"@type":"ListItem","position":1,"name":"In\u00edcio","item":"https:\/\/www.pipacomunica.com.br\/livrariadapipa\/"},{"@type":"ListItem","position":2,"name":"Cat\u00e1logo","item":"https:\/\/www.pipacomunica.com.br\/livrariadapipa\/vitrine\/"},{"@type":"ListItem","position":3,"name":"Did\u00e1tica \u00e9 para todos: como criar experi\u00eancias de aprendizagem"}]},{"@type":"WebSite","@id":"https:\/\/www.pipacomunica.com.br\/livrariadapipa\/#website","url":"https:\/\/www.pipacomunica.com.br\/livrariadapipa\/","name":"Livraria da Pipa Comunica\u00e7\u00e3o","description":"Livros mais baratos que xerox","publisher":{"@id":"https:\/\/www.pipacomunica.com.br\/livrariadapipa\/#organization"},"potentialAction":[{"@type":"SearchAction","target":{"@type":"EntryPoint","urlTemplate":"https:\/\/www.pipacomunica.com.br\/livrariadapipa\/?s={search_term_string}"},"query-input":{"@type":"PropertyValueSpecification","valueRequired":true,"valueName":"search_term_string"}}],"inLanguage":"pt-BR"},{"@type":"Organization","@id":"https:\/\/www.pipacomunica.com.br\/livrariadapipa\/#organization","name":"Livraria da Pipa Comunica\u00e7\u00e3o","url":"https:\/\/www.pipacomunica.com.br\/livrariadapipa\/","logo":{"@type":"ImageObject","inLanguage":"pt-BR","@id":"https:\/\/www.pipacomunica.com.br\/livrariadapipa\/#\/schema\/logo\/image\/","url":"https:\/\/i0.wp.com\/www.pipacomunica.com.br\/livrariadapipa\/wp-content\/uploads\/2018\/09\/marca-livraria-pipa-400px-negativo.png?fit=400%2C80&ssl=1","contentUrl":"https:\/\/i0.wp.com\/www.pipacomunica.com.br\/livrariadapipa\/wp-content\/uploads\/2018\/09\/marca-livraria-pipa-400px-negativo.png?fit=400%2C80&ssl=1","width":400,"height":80,"caption":"Livraria da Pipa Comunica\u00e7\u00e3o"},"image":{"@id":"https:\/\/www.pipacomunica.com.br\/livrariadapipa\/#\/schema\/logo\/image\/"},"sameAs":["https:\/\/www.facebook.com\/pipacomunica","https:\/\/x.com\/PipaComunica","https:\/\/instagram.com\/pipacomunicacao","http:\/\/www.linkedin.com\/companies\/pipa-comunica-o","https:\/\/br.pinterest.com\/pipacomunicacao\/","http:\/\/il.youtube.com\/user\/pipacomunicacao"]}]}},"jetpack_publicize_connections":[],"jetpack_sharing_enabled":true,"_links":{"self":[{"href":"https:\/\/www.pipacomunica.com.br\/livrariadapipa\/wp-json\/wp\/v2\/product\/12075","targetHints":{"allow":["GET"]}}],"collection":[{"href":"https:\/\/www.pipacomunica.com.br\/livrariadapipa\/wp-json\/wp\/v2\/product"}],"about":[{"href":"https:\/\/www.pipacomunica.com.br\/livrariadapipa\/wp-json\/wp\/v2\/types\/product"}],"replies":[{"embeddable":true,"href":"https:\/\/www.pipacomunica.com.br\/livrariadapipa\/wp-json\/wp\/v2\/comments?post=12075"}],"version-history":[{"count":3,"href":"https:\/\/www.pipacomunica.com.br\/livrariadapipa\/wp-json\/wp\/v2\/product\/12075\/revisions"}],"predecessor-version":[{"id":12100,"href":"https:\/\/www.pipacomunica.com.br\/livrariadapipa\/wp-json\/wp\/v2\/product\/12075\/revisions\/12100"}],"wp:featuredmedia":[{"embeddable":true,"href":"https:\/\/www.pipacomunica.com.br\/livrariadapipa\/wp-json\/wp\/v2\/media\/12077"}],"wp:attachment":[{"href":"https:\/\/www.pipacomunica.com.br\/livrariadapipa\/wp-json\/wp\/v2\/media?parent=12075"}],"wp:term":[{"taxonomy":"product_brand","embeddable":true,"href":"https:\/\/www.pipacomunica.com.br\/livrariadapipa\/wp-json\/wp\/v2\/product_brand?post=12075"},{"taxonomy":"product_cat","embeddable":true,"href":"https:\/\/www.pipacomunica.com.br\/livrariadapipa\/wp-json\/wp\/v2\/product_cat?post=12075"},{"taxonomy":"product_tag","embeddable":true,"href":"https:\/\/www.pipacomunica.com.br\/livrariadapipa\/wp-json\/wp\/v2\/product_tag?post=12075"}],"curies":[{"name":"wp","href":"https:\/\/api.w.org\/{rel}","templated":true}]}}