{"id":12052,"date":"2023-07-27T17:04:16","date_gmt":"2023-07-27T20:04:16","guid":{"rendered":"https:\/\/www.pipacomunica.com.br\/livrariadapipa\/?post_type=product&#038;p=12052"},"modified":"2023-12-28T22:30:22","modified_gmt":"2023-12-29T01:30:22","slug":"la-lengua-de-todos","status":"publish","type":"product","link":"https:\/\/www.pipacomunica.com.br\/livrariadapipa\/produto\/la-lengua-de-todos\/","title":{"rendered":"La lengua de todos y la lengua de cada uno"},"content":{"rendered":"<p><strong>La lengua de todos y la lengua de cada uno<\/strong><br \/>\n<em>eBook na Amazon<\/em><br \/>\nJorgelina Tallei, Renata Alves de Oliveira; Laura Zanon Irineu<\/p>\n<p>\u00bfAlguna vez has le\u00eddo un libro en portunhol? \u00bfAlguna vez has imaginado el lenguaje como un elemento de inclusi\u00f3n o exclusi\u00f3n? Las autoras de \u201cLa lengua de todos y la lengua de cada uno\u201d reflexionaron e ilustraron todo este escenario en un libro que trata sobre el lenguaje, las personas, las diferencias y la diversidad. La obra presenta una historia sensible que revela, a partir de la lengua, la perspectiva de alguien que viene de otro lugar y que, de manera sutil, es silenciada. \u201cLa lengua de todos y la lengua de cada uno\u201d compone arm\u00f3nicamente un conjunto de im\u00e1genes y palabras que nos desaf\u00edan a pensar la lengua desde la perspectiva de la identidad de cada sujeto y nos invita a dialogar con nuestros hijos sobre el tema. Como ya nos revela la propia historia &#8220;La lengua de todos puede ser la lengua de nadie cuando nadie se entiende&#8221;. Un libro que nos permite reflexionar sobre diversos temas.<\/p>\n<h4>Sobre as autoras<\/h4>\n<p>&nbsp;<\/p>\n<p><strong data-wp-editing=\"1\"><a href=\"https:\/\/i0.wp.com\/www.pipacomunica.com.br\/livrariadapipa\/wp-content\/uploads\/2023\/01\/renata.png?ssl=1\"><img data-recalc-dims=\"1\" fetchpriority=\"high\" decoding=\"async\" class=\"wp-image-11888 size-full aligncenter\" title=\"Charles Bazerman\" src=\"https:\/\/i0.wp.com\/www.pipacomunica.com.br\/livrariadapipa\/wp-content\/uploads\/2023\/01\/renata.png?resize=279%2C279&#038;ssl=1\" alt=\"Renata Alves de Oliveira\" width=\"279\" height=\"279\" srcset=\"https:\/\/i0.wp.com\/www.pipacomunica.com.br\/livrariadapipa\/wp-content\/uploads\/2023\/01\/renata.png?w=279&amp;ssl=1 279w, https:\/\/i0.wp.com\/www.pipacomunica.com.br\/livrariadapipa\/wp-content\/uploads\/2023\/01\/renata.png?resize=150%2C150&amp;ssl=1 150w, https:\/\/i0.wp.com\/www.pipacomunica.com.br\/livrariadapipa\/wp-content\/uploads\/2023\/01\/renata.png?resize=100%2C100&amp;ssl=1 100w\" sizes=\"(max-width: 279px) 100vw, 279px\" \/><\/a>Renata Alves de Oliveira<br \/>\n<\/strong><\/p>\n<p>Soy Renata. Estudio en el Programa de Posgrado de la UNIOESTE: Sociedad, Cultura y Fronteras. Mi tema de investigaci\u00f3n se relaciona con las lenguas y las familias multilingues que viven en la frontera. Mi sue\u00f1o es que todas las infancias puedan expresarse y aprender en diferentes lenguas. \u00a1Eso ser\u00eda genial! Este libro escrito en portu\u00f1ol fue un gran desaf\u00edo ya que intentamos reflejar los sentimientos de alguien que llega a otro pa\u00eds con diferentes lenguas y c\u00f3mo impacta en la escuela. \u00bfQu\u00e9 lenguas hablas en tu casa, y con tus amigos y vecinos, en tu comunidad? \u00a1Todas las lenguas son importantes! Pensamos este libro y esta historia para valorar todas las diversidades.<\/p>\n<p><strong><a href=\"https:\/\/i0.wp.com\/www.pipacomunica.com.br\/livrariadapipa\/wp-content\/uploads\/2023\/01\/jorgelina.png?ssl=1\"><img data-recalc-dims=\"1\" decoding=\"async\" class=\"wp-image-11886 size-full aligncenter\" title=\"Charles Bazerman\" src=\"https:\/\/i0.wp.com\/www.pipacomunica.com.br\/livrariadapipa\/wp-content\/uploads\/2023\/01\/jorgelina.png?resize=278%2C278&#038;ssl=1\" alt=\"Jorgelina Tallei\" width=\"278\" height=\"278\" srcset=\"https:\/\/i0.wp.com\/www.pipacomunica.com.br\/livrariadapipa\/wp-content\/uploads\/2023\/01\/jorgelina.png?w=278&amp;ssl=1 278w, https:\/\/i0.wp.com\/www.pipacomunica.com.br\/livrariadapipa\/wp-content\/uploads\/2023\/01\/jorgelina.png?resize=150%2C150&amp;ssl=1 150w, https:\/\/i0.wp.com\/www.pipacomunica.com.br\/livrariadapipa\/wp-content\/uploads\/2023\/01\/jorgelina.png?resize=100%2C100&amp;ssl=1 100w\" sizes=\"(max-width: 278px) 100vw, 278px\" \/><\/a>Jorgelina Tallei<br \/>\n<\/strong><\/p>\n<p>Soy Jorgelina. Mi nombre naci\u00f3 as\u00ed porque mi pap\u00e1 se llamaba Jorge. Soy profesora de espa\u00f1ol, nac\u00ed en Argentina y Brasil me adopt\u00f3, aqu\u00ed hice mi maestr\u00eda en la Universidad de San Pablo y termin\u00e9 mi doctorado en Educaci\u00f3n en la Universidad Federal de Minas Gerais. Mi lengua es de frontera, vivo en la frontera. Doy clases de espa\u00f1ol en la Universidad Federal de Integraci\u00f3n Latinoamericana (UNILA) e investigo sobre lenguas en contacto y formaci\u00f3n en la frontera. Conoc\u00ed a Renata aqu\u00ed y juntas pensamos que podemos cruzar la frontera con la imaginaci\u00f3n. \u00bfVamos?<\/p>\n<p><strong><a href=\"https:\/\/i0.wp.com\/www.pipacomunica.com.br\/livrariadapipa\/wp-content\/uploads\/2023\/01\/laura.png?ssl=1\"><img data-recalc-dims=\"1\" decoding=\"async\" class=\"wp-image-11887 size-full aligncenter\" title=\"Charles Bazerman\" src=\"https:\/\/i0.wp.com\/www.pipacomunica.com.br\/livrariadapipa\/wp-content\/uploads\/2023\/01\/laura.png?resize=278%2C278&#038;ssl=1\" alt=\"Laura Zanon\" width=\"278\" height=\"278\" srcset=\"https:\/\/i0.wp.com\/www.pipacomunica.com.br\/livrariadapipa\/wp-content\/uploads\/2023\/01\/laura.png?w=278&amp;ssl=1 278w, https:\/\/i0.wp.com\/www.pipacomunica.com.br\/livrariadapipa\/wp-content\/uploads\/2023\/01\/laura.png?resize=150%2C150&amp;ssl=1 150w, https:\/\/i0.wp.com\/www.pipacomunica.com.br\/livrariadapipa\/wp-content\/uploads\/2023\/01\/laura.png?resize=100%2C100&amp;ssl=1 100w\" sizes=\"(max-width: 278px) 100vw, 278px\" \/><\/a>Laura Zanon Irineu<br \/>\n<\/strong><\/p>\n<p>Me llamo Laura Zanon. Soy ilustradora. Hice mi graduaci\u00f3n en la Unioeste. La realizaci\u00f3n de este proyecto fue muy enriquecedor, porque pude representar la narrativa de manera visual. La elecci\u00f3n de los personajes, sus caracter\u00edsticas f\u00edsicas y emocionales, as\u00ed como la preocupaci\u00f3n por crear una obra representativa para diferentes ni\u00f1os. Las ilustraciones buscan apoyar y acoger todas las infancias que se sienten silenciadas. Quer\u00eda mostrar que la escuela tambi\u00e9n puede ser un lugar acogedor, donde todos los idiomas, colores, credos, religiones y g\u00e9neros son bienvenidos.<\/p>\n<h4>Ficha T\u00e9cnica<\/h4>\n<p><strong>Edici\u00f3n y Diagramaci\u00f3n<\/strong>: Karla Vidal y Augusto Noronha<br \/>\n<strong>Tapa e ilustraciones<\/strong>: Laura Zanon Irineu<br \/>\n<strong>Revisi\u00f3n<\/strong>: las autoras<\/p>\n","protected":false},"excerpt":{"rendered":"[su_button url=\"https:\/\/www.amazon.com.br\/dp\/B0CCSXGTMR\" target=\"blank\" style=\"flat\" background=\"#AF2B72\" color=\"#ffffff\" size=\"5\" radius=\"0\" icon=\"icon: amazon\"]Comprar en Amazon[\/su_button]\n<p>&nbsp;<\/p>\n<p><strong>La lengua de todos y la lengua de cada uno<\/strong><br \/>\n<em>eBook na Amazon<\/em><br \/>\nJorgelina Tallei, Renata Alves de Oliveira; Laura Zanon Irineu<\/p>\n<p>\u00bfAlguna vez has le\u00eddo un libro en portunhol? \u00bfAlguna vez has imaginado el lenguaje como un elemento de inclusi\u00f3n o exclusi\u00f3n? Las autoras de \u201cLa lengua de todos y la lengua de cada uno\u201d reflexionaron e ilustraron todo este escenario en un libro que trata sobre el lenguaje, las personas, las diferencias y la diversidad. La obra presenta una historia sensible que revela, a partir de la lengua, la perspectiva de alguien que viene de otro lugar y que, de manera sutil, es silenciada. \u201cLa lengua de todos y la lengua de cada uno\u201d compone arm\u00f3nicamente un conjunto de im\u00e1genes y palabras que nos desaf\u00edan a pensar la lengua desde la perspectiva de la identidad de cada sujeto y nos invita a dialogar con nuestros hijos sobre el tema. Como ya nos revela la propia historia &#8220;La lengua de todos puede ser la lengua de nadie cuando nadie se entiende&#8221;. Un libro que nos permite reflexionar sobre diversos temas.<\/p>\n<h4>Ficha T\u00e9cnica<\/h4>\n<p>T\u00edtulo original: La lengua de todos y la lengua de cada uno<br \/>\nEdi\u00e7\u00e3o bil\u00edngue: espanhol\/portugu\u00eas<\/p>\n<p>Epub<\/p>\n<p>ISBN 978-65-87033-56-3<\/p>\n<p>1. Literatura infantil. I. Tallei, Jorgelina. II. Oliveira, Renata Alves de. III. Irineu, Laura Zanon (Ilustra\u00e7\u00e3o). IV. Tallei, Jorgelina (Tradu\u00e7\u00e3o). V. Oliveira, Renata Alves de (Tradu\u00e7\u00e3o). VI. T\u00edtulo.<\/p>\n<p>CDD 028.5<\/p>\n","protected":false},"featured_media":12054,"comment_status":"open","ping_status":"closed","template":"","meta":{"jetpack_post_was_ever_published":false,"jetpack_publicize_message":"","jetpack_publicize_feature_enabled":true,"jetpack_social_post_already_shared":true,"jetpack_social_options":{"image_generator_settings":{"template":"highway","default_image_id":0,"font":"","enabled":false},"version":2}},"product_brand":[],"product_cat":[34,19],"product_tag":[],"class_list":{"0":"post-12052","1":"product","2":"type-product","3":"status-publish","4":"has-post-thumbnail","6":"product_cat-sem-categoria","7":"product_cat-livros-digitais","9":"first","10":"instock","11":"sold-individually","12":"shipping-taxable","13":"product-type-external"},"yoast_head":"<!-- This site is optimized with the Yoast SEO plugin v27.1.1 - https:\/\/yoast.com\/product\/yoast-seo-wordpress\/ -->\n<title>La lengua de todos y la lengua de cada uno<\/title>\n<meta name=\"description\" content=\"Um livro sobre linguagem, pessoas, diferen\u00e7as e diversidade, com uma hist\u00f3ria que apresenta a perspectiva de quem vem de um outro lugar.&quot;La lengua de todos puede ser la lengua de nadie cuando nadie se entiende&quot;. Un libro que nos permite reflexionar sobre diversos temas.\" \/>\n<meta name=\"robots\" content=\"index, follow, max-snippet:-1, max-image-preview:large, max-video-preview:-1\" \/>\n<link rel=\"canonical\" href=\"https:\/\/www.pipacomunica.com.br\/livrariadapipa\/produto\/la-lengua-de-todos\/\" \/>\n<meta property=\"og:locale\" content=\"pt_BR\" \/>\n<meta property=\"og:type\" content=\"article\" \/>\n<meta property=\"og:title\" content=\"A l\u00edngua de todos e a l\u00edngua de cada umLa lengua de todos y la lengua de cada uno\" \/>\n<meta property=\"og:description\" content=\"&quot;La lengua de todos puede ser la lengua de nadie cuando nadie se entiende&quot;. Un libro que nos permite reflexionar sobre diversos temas.\" \/>\n<meta property=\"og:url\" content=\"https:\/\/www.pipacomunica.com.br\/livrariadapipa\/produto\/la-lengua-de-todos\/\" \/>\n<meta property=\"og:site_name\" content=\"Livraria da Pipa Comunica\u00e7\u00e3o\" \/>\n<meta property=\"article:publisher\" content=\"https:\/\/www.facebook.com\/pipacomunica\" \/>\n<meta property=\"article:modified_time\" content=\"2023-12-29T01:30:22+00:00\" \/>\n<meta property=\"og:image\" content=\"https:\/\/www.pipacomunica.com.br\/livrariadapipa\/wp-content\/uploads\/2023\/07\/thumb-a-lingua-de-todos-espanhol.png\" \/>\n\t<meta property=\"og:image:width\" content=\"870\" \/>\n\t<meta property=\"og:image:height\" content=\"452\" \/>\n\t<meta property=\"og:image:type\" content=\"image\/png\" \/>\n<meta name=\"twitter:card\" content=\"summary_large_image\" \/>\n<meta name=\"twitter:title\" content=\"A l\u00edngua de todos e a l\u00edngua de cada umLa lengua de todos y la lengua de cada uno\" \/>\n<meta name=\"twitter:description\" content=\"&quot;La lengua de todos puede ser la lengua de nadie cuando nadie se entiende&quot;. Un libro que nos permite reflexionar sobre diversos temas.\" \/>\n<meta name=\"twitter:image\" content=\"https:\/\/i0.wp.com\/www.pipacomunica.com.br\/livrariadapipa\/wp-content\/uploads\/2023\/07\/thumb-a-lingua-de-todos-espanhol.png?fit=870%2C452&ssl=1\" \/>\n<meta name=\"twitter:site\" content=\"@PipaComunica\" \/>\n<meta name=\"twitter:label1\" content=\"Est. tempo de leitura\" \/>\n\t<meta name=\"twitter:data1\" content=\"4 minutos\" \/>\n<script type=\"application\/ld+json\" class=\"yoast-schema-graph\">{\"@context\":\"https:\/\/schema.org\",\"@graph\":[{\"@type\":\"WebPage\",\"@id\":\"https:\/\/www.pipacomunica.com.br\/livrariadapipa\/produto\/la-lengua-de-todos\/\",\"url\":\"https:\/\/www.pipacomunica.com.br\/livrariadapipa\/produto\/la-lengua-de-todos\/\",\"name\":\"La lengua de todos y la lengua de cada uno\",\"isPartOf\":{\"@id\":\"https:\/\/www.pipacomunica.com.br\/livrariadapipa\/#website\"},\"primaryImageOfPage\":{\"@id\":\"https:\/\/www.pipacomunica.com.br\/livrariadapipa\/produto\/la-lengua-de-todos\/#primaryimage\"},\"image\":{\"@id\":\"https:\/\/www.pipacomunica.com.br\/livrariadapipa\/produto\/la-lengua-de-todos\/#primaryimage\"},\"thumbnailUrl\":\"https:\/\/i0.wp.com\/www.pipacomunica.com.br\/livrariadapipa\/wp-content\/uploads\/2023\/07\/la-lengua-de-todos.png?fit=461%2C595&ssl=1\",\"datePublished\":\"2023-07-27T20:04:16+00:00\",\"dateModified\":\"2023-12-29T01:30:22+00:00\",\"description\":\"Um livro sobre linguagem, pessoas, diferen\u00e7as e diversidade, com uma hist\u00f3ria que apresenta a perspectiva de quem vem de um outro lugar.\\\"La lengua de todos puede ser la lengua de nadie cuando nadie se entiende\\\". Un libro que nos permite reflexionar sobre diversos temas.\",\"breadcrumb\":{\"@id\":\"https:\/\/www.pipacomunica.com.br\/livrariadapipa\/produto\/la-lengua-de-todos\/#breadcrumb\"},\"inLanguage\":\"pt-BR\",\"potentialAction\":[{\"@type\":\"ReadAction\",\"target\":[\"https:\/\/www.pipacomunica.com.br\/livrariadapipa\/produto\/la-lengua-de-todos\/\"]}]},{\"@type\":\"ImageObject\",\"inLanguage\":\"pt-BR\",\"@id\":\"https:\/\/www.pipacomunica.com.br\/livrariadapipa\/produto\/la-lengua-de-todos\/#primaryimage\",\"url\":\"https:\/\/i0.wp.com\/www.pipacomunica.com.br\/livrariadapipa\/wp-content\/uploads\/2023\/07\/la-lengua-de-todos.png?fit=461%2C595&ssl=1\",\"contentUrl\":\"https:\/\/i0.wp.com\/www.pipacomunica.com.br\/livrariadapipa\/wp-content\/uploads\/2023\/07\/la-lengua-de-todos.png?fit=461%2C595&ssl=1\",\"width\":461,\"height\":595,\"caption\":\"La lengua de todos y la lengua de cada uno\"},{\"@type\":\"BreadcrumbList\",\"@id\":\"https:\/\/www.pipacomunica.com.br\/livrariadapipa\/produto\/la-lengua-de-todos\/#breadcrumb\",\"itemListElement\":[{\"@type\":\"ListItem\",\"position\":1,\"name\":\"In\u00edcio\",\"item\":\"https:\/\/www.pipacomunica.com.br\/livrariadapipa\/\"},{\"@type\":\"ListItem\",\"position\":2,\"name\":\"Cat\u00e1logo\",\"item\":\"https:\/\/www.pipacomunica.com.br\/livrariadapipa\/vitrine\/\"},{\"@type\":\"ListItem\",\"position\":3,\"name\":\"La lengua de todos y la lengua de cada uno\"}]},{\"@type\":\"WebSite\",\"@id\":\"https:\/\/www.pipacomunica.com.br\/livrariadapipa\/#website\",\"url\":\"https:\/\/www.pipacomunica.com.br\/livrariadapipa\/\",\"name\":\"Livraria da Pipa Comunica\u00e7\u00e3o\",\"description\":\"Livros mais baratos que xerox\",\"publisher\":{\"@id\":\"https:\/\/www.pipacomunica.com.br\/livrariadapipa\/#organization\"},\"potentialAction\":[{\"@type\":\"SearchAction\",\"target\":{\"@type\":\"EntryPoint\",\"urlTemplate\":\"https:\/\/www.pipacomunica.com.br\/livrariadapipa\/?s={search_term_string}\"},\"query-input\":{\"@type\":\"PropertyValueSpecification\",\"valueRequired\":true,\"valueName\":\"search_term_string\"}}],\"inLanguage\":\"pt-BR\"},{\"@type\":\"Organization\",\"@id\":\"https:\/\/www.pipacomunica.com.br\/livrariadapipa\/#organization\",\"name\":\"Livraria da Pipa Comunica\u00e7\u00e3o\",\"url\":\"https:\/\/www.pipacomunica.com.br\/livrariadapipa\/\",\"logo\":{\"@type\":\"ImageObject\",\"inLanguage\":\"pt-BR\",\"@id\":\"https:\/\/www.pipacomunica.com.br\/livrariadapipa\/#\/schema\/logo\/image\/\",\"url\":\"https:\/\/i0.wp.com\/www.pipacomunica.com.br\/livrariadapipa\/wp-content\/uploads\/2018\/09\/marca-livraria-pipa-400px-negativo.png?fit=400%2C80&ssl=1\",\"contentUrl\":\"https:\/\/i0.wp.com\/www.pipacomunica.com.br\/livrariadapipa\/wp-content\/uploads\/2018\/09\/marca-livraria-pipa-400px-negativo.png?fit=400%2C80&ssl=1\",\"width\":400,\"height\":80,\"caption\":\"Livraria da Pipa Comunica\u00e7\u00e3o\"},\"image\":{\"@id\":\"https:\/\/www.pipacomunica.com.br\/livrariadapipa\/#\/schema\/logo\/image\/\"},\"sameAs\":[\"https:\/\/www.facebook.com\/pipacomunica\",\"https:\/\/x.com\/PipaComunica\",\"https:\/\/instagram.com\/pipacomunicacao\",\"http:\/\/www.linkedin.com\/companies\/pipa-comunica-o\",\"https:\/\/br.pinterest.com\/pipacomunicacao\/\",\"http:\/\/il.youtube.com\/user\/pipacomunicacao\"]}]}<\/script>\n<!-- \/ Yoast SEO plugin. -->","yoast_head_json":{"title":"La lengua de todos y la lengua de cada uno","description":"Um livro sobre linguagem, pessoas, diferen\u00e7as e diversidade, com uma hist\u00f3ria que apresenta a perspectiva de quem vem de um outro lugar.\"La lengua de todos puede ser la lengua de nadie cuando nadie se entiende\". Un libro que nos permite reflexionar sobre diversos temas.","robots":{"index":"index","follow":"follow","max-snippet":"max-snippet:-1","max-image-preview":"max-image-preview:large","max-video-preview":"max-video-preview:-1"},"canonical":"https:\/\/www.pipacomunica.com.br\/livrariadapipa\/produto\/la-lengua-de-todos\/","og_locale":"pt_BR","og_type":"article","og_title":"A l\u00edngua de todos e a l\u00edngua de cada umLa lengua de todos y la lengua de cada uno","og_description":"\"La lengua de todos puede ser la lengua de nadie cuando nadie se entiende\". Un libro que nos permite reflexionar sobre diversos temas.","og_url":"https:\/\/www.pipacomunica.com.br\/livrariadapipa\/produto\/la-lengua-de-todos\/","og_site_name":"Livraria da Pipa Comunica\u00e7\u00e3o","article_publisher":"https:\/\/www.facebook.com\/pipacomunica","article_modified_time":"2023-12-29T01:30:22+00:00","og_image":[{"width":870,"height":452,"url":"https:\/\/www.pipacomunica.com.br\/livrariadapipa\/wp-content\/uploads\/2023\/07\/thumb-a-lingua-de-todos-espanhol.png","type":"image\/png"}],"twitter_card":"summary_large_image","twitter_title":"A l\u00edngua de todos e a l\u00edngua de cada umLa lengua de todos y la lengua de cada uno","twitter_description":"\"La lengua de todos puede ser la lengua de nadie cuando nadie se entiende\". Un libro que nos permite reflexionar sobre diversos temas.","twitter_image":"https:\/\/i0.wp.com\/www.pipacomunica.com.br\/livrariadapipa\/wp-content\/uploads\/2023\/07\/thumb-a-lingua-de-todos-espanhol.png?fit=870%2C452&ssl=1","twitter_site":"@PipaComunica","twitter_misc":{"Est. tempo de leitura":"4 minutos"},"schema":{"@context":"https:\/\/schema.org","@graph":[{"@type":"WebPage","@id":"https:\/\/www.pipacomunica.com.br\/livrariadapipa\/produto\/la-lengua-de-todos\/","url":"https:\/\/www.pipacomunica.com.br\/livrariadapipa\/produto\/la-lengua-de-todos\/","name":"La lengua de todos y la lengua de cada uno","isPartOf":{"@id":"https:\/\/www.pipacomunica.com.br\/livrariadapipa\/#website"},"primaryImageOfPage":{"@id":"https:\/\/www.pipacomunica.com.br\/livrariadapipa\/produto\/la-lengua-de-todos\/#primaryimage"},"image":{"@id":"https:\/\/www.pipacomunica.com.br\/livrariadapipa\/produto\/la-lengua-de-todos\/#primaryimage"},"thumbnailUrl":"https:\/\/i0.wp.com\/www.pipacomunica.com.br\/livrariadapipa\/wp-content\/uploads\/2023\/07\/la-lengua-de-todos.png?fit=461%2C595&ssl=1","datePublished":"2023-07-27T20:04:16+00:00","dateModified":"2023-12-29T01:30:22+00:00","description":"Um livro sobre linguagem, pessoas, diferen\u00e7as e diversidade, com uma hist\u00f3ria que apresenta a perspectiva de quem vem de um outro lugar.\"La lengua de todos puede ser la lengua de nadie cuando nadie se entiende\". Un libro que nos permite reflexionar sobre diversos temas.","breadcrumb":{"@id":"https:\/\/www.pipacomunica.com.br\/livrariadapipa\/produto\/la-lengua-de-todos\/#breadcrumb"},"inLanguage":"pt-BR","potentialAction":[{"@type":"ReadAction","target":["https:\/\/www.pipacomunica.com.br\/livrariadapipa\/produto\/la-lengua-de-todos\/"]}]},{"@type":"ImageObject","inLanguage":"pt-BR","@id":"https:\/\/www.pipacomunica.com.br\/livrariadapipa\/produto\/la-lengua-de-todos\/#primaryimage","url":"https:\/\/i0.wp.com\/www.pipacomunica.com.br\/livrariadapipa\/wp-content\/uploads\/2023\/07\/la-lengua-de-todos.png?fit=461%2C595&ssl=1","contentUrl":"https:\/\/i0.wp.com\/www.pipacomunica.com.br\/livrariadapipa\/wp-content\/uploads\/2023\/07\/la-lengua-de-todos.png?fit=461%2C595&ssl=1","width":461,"height":595,"caption":"La lengua de todos y la lengua de cada uno"},{"@type":"BreadcrumbList","@id":"https:\/\/www.pipacomunica.com.br\/livrariadapipa\/produto\/la-lengua-de-todos\/#breadcrumb","itemListElement":[{"@type":"ListItem","position":1,"name":"In\u00edcio","item":"https:\/\/www.pipacomunica.com.br\/livrariadapipa\/"},{"@type":"ListItem","position":2,"name":"Cat\u00e1logo","item":"https:\/\/www.pipacomunica.com.br\/livrariadapipa\/vitrine\/"},{"@type":"ListItem","position":3,"name":"La lengua de todos y la lengua de cada uno"}]},{"@type":"WebSite","@id":"https:\/\/www.pipacomunica.com.br\/livrariadapipa\/#website","url":"https:\/\/www.pipacomunica.com.br\/livrariadapipa\/","name":"Livraria da Pipa Comunica\u00e7\u00e3o","description":"Livros mais baratos que xerox","publisher":{"@id":"https:\/\/www.pipacomunica.com.br\/livrariadapipa\/#organization"},"potentialAction":[{"@type":"SearchAction","target":{"@type":"EntryPoint","urlTemplate":"https:\/\/www.pipacomunica.com.br\/livrariadapipa\/?s={search_term_string}"},"query-input":{"@type":"PropertyValueSpecification","valueRequired":true,"valueName":"search_term_string"}}],"inLanguage":"pt-BR"},{"@type":"Organization","@id":"https:\/\/www.pipacomunica.com.br\/livrariadapipa\/#organization","name":"Livraria da Pipa Comunica\u00e7\u00e3o","url":"https:\/\/www.pipacomunica.com.br\/livrariadapipa\/","logo":{"@type":"ImageObject","inLanguage":"pt-BR","@id":"https:\/\/www.pipacomunica.com.br\/livrariadapipa\/#\/schema\/logo\/image\/","url":"https:\/\/i0.wp.com\/www.pipacomunica.com.br\/livrariadapipa\/wp-content\/uploads\/2018\/09\/marca-livraria-pipa-400px-negativo.png?fit=400%2C80&ssl=1","contentUrl":"https:\/\/i0.wp.com\/www.pipacomunica.com.br\/livrariadapipa\/wp-content\/uploads\/2018\/09\/marca-livraria-pipa-400px-negativo.png?fit=400%2C80&ssl=1","width":400,"height":80,"caption":"Livraria da Pipa Comunica\u00e7\u00e3o"},"image":{"@id":"https:\/\/www.pipacomunica.com.br\/livrariadapipa\/#\/schema\/logo\/image\/"},"sameAs":["https:\/\/www.facebook.com\/pipacomunica","https:\/\/x.com\/PipaComunica","https:\/\/instagram.com\/pipacomunicacao","http:\/\/www.linkedin.com\/companies\/pipa-comunica-o","https:\/\/br.pinterest.com\/pipacomunicacao\/","http:\/\/il.youtube.com\/user\/pipacomunicacao"]}]}},"jetpack_publicize_connections":[],"jetpack_sharing_enabled":true,"_links":{"self":[{"href":"https:\/\/www.pipacomunica.com.br\/livrariadapipa\/wp-json\/wp\/v2\/product\/12052","targetHints":{"allow":["GET"]}}],"collection":[{"href":"https:\/\/www.pipacomunica.com.br\/livrariadapipa\/wp-json\/wp\/v2\/product"}],"about":[{"href":"https:\/\/www.pipacomunica.com.br\/livrariadapipa\/wp-json\/wp\/v2\/types\/product"}],"replies":[{"embeddable":true,"href":"https:\/\/www.pipacomunica.com.br\/livrariadapipa\/wp-json\/wp\/v2\/comments?post=12052"}],"version-history":[{"count":4,"href":"https:\/\/www.pipacomunica.com.br\/livrariadapipa\/wp-json\/wp\/v2\/product\/12052\/revisions"}],"predecessor-version":[{"id":12064,"href":"https:\/\/www.pipacomunica.com.br\/livrariadapipa\/wp-json\/wp\/v2\/product\/12052\/revisions\/12064"}],"wp:featuredmedia":[{"embeddable":true,"href":"https:\/\/www.pipacomunica.com.br\/livrariadapipa\/wp-json\/wp\/v2\/media\/12054"}],"wp:attachment":[{"href":"https:\/\/www.pipacomunica.com.br\/livrariadapipa\/wp-json\/wp\/v2\/media?parent=12052"}],"wp:term":[{"taxonomy":"product_brand","embeddable":true,"href":"https:\/\/www.pipacomunica.com.br\/livrariadapipa\/wp-json\/wp\/v2\/product_brand?post=12052"},{"taxonomy":"product_cat","embeddable":true,"href":"https:\/\/www.pipacomunica.com.br\/livrariadapipa\/wp-json\/wp\/v2\/product_cat?post=12052"},{"taxonomy":"product_tag","embeddable":true,"href":"https:\/\/www.pipacomunica.com.br\/livrariadapipa\/wp-json\/wp\/v2\/product_tag?post=12052"}],"curies":[{"name":"wp","href":"https:\/\/api.w.org\/{rel}","templated":true}]}}