{"id":11952,"date":"2023-02-28T10:48:40","date_gmt":"2023-02-28T13:48:40","guid":{"rendered":"https:\/\/www.pipacomunica.com.br\/livrariadapipa\/?post_type=product&#038;p=11952"},"modified":"2026-03-07T12:56:44","modified_gmt":"2026-03-07T15:56:44","slug":"escrita-genero-e-interacao-social-serie-charles-bazerman","status":"publish","type":"product","link":"https:\/\/www.pipacomunica.com.br\/livrariadapipa\/produto\/escrita-genero-e-interacao-social-serie-charles-bazerman\/","title":{"rendered":"Escrita, G\u00eanero e Intera\u00e7\u00e3o Social &#8211; S\u00e9rie Charles Bazerman"},"content":{"rendered":"<p><strong>Escrita, G\u00eanero e Intera\u00e7\u00e3o Social<\/strong><br \/>\n<a href=\"https:\/\/drive.google.com\/file\/d\/1ZvGnIfS086TYc_SEdnxmwKkGMRfn07jq\/view?usp=share_link\" target=\"_blank\" rel=\"noopener\"><em>PDF <\/em><\/a><br \/>\nCharles Bazerman<\/p>\n<p>\u201cUma vez que as informa\u00e7\u00f5es s\u00e3o produzidas e armazenadas em sistemas letrados de atividade social, e s\u00e3o depois acessadas atrav\u00e9s de sua armazenagem escrita para usos espec\u00edficos, elas levam consigo os motivos de sua coleta, preserva\u00e7\u00e3o e dissemina\u00e7\u00e3o, em que s\u00e3o sobrescritos as metas e os motivos das novas atividades pelas quais s\u00e3o acessadas como novos conjuntos de c\u00e1lculos. Compreender o que \u00e9 a informa\u00e7\u00e3o, como a usamos, como a comparamos e a calculamos e como chegamos a conclus\u00f5es sobre ela \u00e9 entender muito sobre como pensamos hoje.&#8221;<\/p>\n<p>\u2014 Charles Bazerman<\/p>\n<h4>Assista ao autor Charles Bazerman comentando sobre a s\u00e9rie<\/h4>\n<div class=\"su-youtube su-u-responsive-media-yes\"><iframe width=\"600\" height=\"400\" src=\"https:\/\/www.youtube.com\/embed\/ZDRf91xYILA?\" frameborder=\"0\" allowfullscreen allow=\"autoplay; encrypted-media; picture-in-picture\" title=\"\"><\/iframe><\/div>\nTraduzimos pra voc\u00ea. Habilite as legendas em portugu\u00eas<\/p>\n<h4>Sobre a s\u00e9rie Charles Bazerman<\/h4>\n<p>A <strong>S\u00e9rie Charles Bazerman<\/strong> \u00e9 uma iniciativa da editora Pipa Comunica\u00e7\u00e3o da Editora da Universidade Federal de Campina Grande.\u00a0 O objetivo \u00e9 publicar gratuitamente os livros do professor Charles Bazerman no Brasil. Organizada por Angela Paiva Dionisio, Benedito Gomes Bezerra, Denise Lino de Ara\u00fajo, Jos\u00e9 H\u00e9lder Pinheiro, Judith Chambliss Hoffnagel, Maria Augusta Reinaldo, Maria Auxiliadora Bezerra e Suzana Leite Cortez, a s\u00e9rie chega com uma abordagem dedicada ao estudo de g\u00eaneros apresentada de forma integral e amplamente acess\u00edvel aos leitores brasileiros.<\/p>\n<h4>Sobre o autor<\/h4>\n<p>&nbsp;<\/p>\n<p><strong><a href=\"https:\/\/i0.wp.com\/www.pipacomunica.com.br\/livrariadapipa\/wp-content\/uploads\/2021\/05\/chuck-ucsb-edu-circulo.png?ssl=1\"><img data-recalc-dims=\"1\" fetchpriority=\"high\" decoding=\"async\" class=\"aligncenter wp-image-11372 size-full\" title=\"Charles Bazerman\" src=\"https:\/\/i0.wp.com\/www.pipacomunica.com.br\/livrariadapipa\/wp-content\/uploads\/2021\/05\/chuck-ucsb-edu-circulo.png?resize=300%2C282&#038;ssl=1\" alt=\"Charles Bazerman\" width=\"300\" height=\"282\" \/><\/a>Charles Bazerman<br \/>\n<\/strong><\/p>\n<p>\u00c9 <em>Distinguished Professor<\/em> na Faculdade de Educa\u00e7\u00e3o da Universidade da Calif\u00f3rnia, em Santa Barbara nos Estados Unidos. Tem interesse pela pr\u00e1tica e pelo ensino da escrita, entendida em um contexto s\u00f3cio-hist\u00f3rico. Usando teorias de g\u00eanero, sistema de atividade, intera\u00e7\u00e3o, intertextualidade e desenvolvimento cognitivo de base social, investiga a hist\u00f3ria da escrita cient\u00edfica, outras formas de escrita usadas no avan\u00e7o de projetos tecnol\u00f3gicos e a rela\u00e7\u00e3o da escrita com o desenvolvimento de disciplinas do conhecimento. Atua em prol da compreens\u00e3o da import\u00e2ncia da escrita em todos os dom\u00ednios da vida moderna.<\/p>\n<h4>Ficha T\u00e9cnica<\/h4>\n<p><strong>Capa e Projeto Gr\u00e1fica<\/strong>: Karla Vidal<br \/>\n<strong>Diagrama\u00e7\u00e3o<\/strong>: Augusto Noronha e Karla Vidal<br \/>\n<strong>Editores da segunda edi\u00e7\u00e3o<\/strong>: Angela Paiva Dionisio, Augusto Noronha e Karla Vidal<br \/>\n<strong>Revis\u00e3o <\/strong><strong>da segunda edi\u00e7\u00e3o<\/strong>: Angela Dionisio, Judith Hoffnagel, Maria Augusta Reinaldo e Maria Auxiliadora Bezerra<br \/>\n<strong>Tradu\u00e7\u00e3o e adapta\u00e7\u00e3o<\/strong>: Judith Chambliss Hoffnagel<br \/>\n<strong>Revis\u00e3o t\u00e9cnica da primeira <\/strong><strong>edi\u00e7\u00e3o<\/strong>: Ana Regina Vieira, Angela Paiva Dionisio, Leonardo Mozdzenski, Luiz Ant\u00f4nio Marcuschi, Normanda da Silva Beserra<br \/>\n<strong>Edi\u00e7\u00e3o: <\/strong>Pipa Comunica\u00e7\u00e3o e EDUFCG<\/p>\n","protected":false},"excerpt":{"rendered":"<p><strong>Escrita, G\u00eanero e Intera\u00e7\u00e3o Social<\/strong><br \/>\n<a href=\"https:\/\/drive.google.com\/file\/d\/1ZvGnIfS086TYc_SEdnxmwKkGMRfn07jq\/view?usp=share_link\" target=\"_blank\" rel=\"noopener\"><em>PDF <\/em><\/a><br \/>\nCharles Bazerman<\/p>\n<p>\u201cUma vez que as informa\u00e7\u00f5es s\u00e3o produzidas e armazenadas em sistemas letrados de atividade social, e s\u00e3o depois acessadas atrav\u00e9s de sua armazenagem escrita para usos espec\u00edficos, elas levam consigo os motivos de sua coleta, preserva\u00e7\u00e3o e dissemina\u00e7\u00e3o, em que s\u00e3o sobrescritos as metas e os motivos das novas atividades pelas quais s\u00e3o acessadas como novos conjuntos de c\u00e1lculos. Compreender o que \u00e9 a informa\u00e7\u00e3o, como a usamos, como a comparamos e a calculamos e como chegamos a conclus\u00f5es sobre ela \u00e9 entender muito sobre como pensamos hoje.&#8221;<\/p>\n<p>\u2014 Charles Bazerman<\/p>\n<p>&nbsp;<\/p>\n<h4>Ficha T\u00e9cnica<\/h4>\n<p>2\u00aa ed.<br \/>\nPDF<br \/>\n328 p.<br \/>\nISBN 978-65-87033-29-7<br \/>\n1. Lingu\u00edstica. I. Bazerman, Charles. II. Dionisio, Angela Paiva (Organizadora). III. Hoffnagel, Judith Chambliss (Organizadora e Tradutora). IV. T\u00edtulo.<\/p>\n","protected":false},"featured_media":11953,"comment_status":"open","ping_status":"closed","template":"","meta":{"jetpack_post_was_ever_published":false,"jetpack_publicize_message":"","jetpack_publicize_feature_enabled":true,"jetpack_social_post_already_shared":true,"jetpack_social_options":{"image_generator_settings":{"template":"highway","default_image_id":0,"font":"","enabled":false},"version":2}},"product_brand":[],"product_cat":[34,19,17,43],"product_tag":[],"class_list":{"0":"post-11952","1":"product","2":"type-product","3":"status-publish","4":"has-post-thumbnail","6":"product_cat-sem-categoria","7":"product_cat-livros-digitais","8":"product_cat-gratuitos","9":"product_cat-serie-charles-bazerman","11":"first","12":"instock","13":"sold-individually","14":"shipping-taxable","15":"product-type-external"},"yoast_head":"<!-- This site is optimized with the Yoast SEO plugin v27.1.1 - https:\/\/yoast.com\/product\/yoast-seo-wordpress\/ -->\n<title>G\u00eanero, ag\u00eancia e escrita - S\u00e9rie Charles Bazerman<\/title>\n<meta name=\"description\" content=\"A tentativa de ser \u00fatil aos estudantes que aprendem a escrever desafia professores com quest\u00f5es motivadoras. Este livro \u00e9 uma dessas tentativas.\" \/>\n<meta name=\"robots\" content=\"index, follow, max-snippet:-1, max-image-preview:large, max-video-preview:-1\" \/>\n<link rel=\"canonical\" href=\"https:\/\/www.pipacomunica.com.br\/livrariadapipa\/produto\/escrita-genero-e-interacao-social-serie-charles-bazerman\/\" \/>\n<meta property=\"og:locale\" content=\"pt_BR\" \/>\n<meta property=\"og:type\" content=\"article\" \/>\n<meta property=\"og:title\" content=\"Escrita, G\u00eanero e Intera\u00e7\u00e3o Social\" \/>\n<meta property=\"og:description\" content=\"A tentativa de ser \u00fatil aos estudantes que aprendem a escrever desafia professores com enigmas profundamente motivadores do desenvolvimento e pensamento humanos. Este livro \u00e9 uma delas.\" \/>\n<meta property=\"og:url\" content=\"https:\/\/www.pipacomunica.com.br\/livrariadapipa\/produto\/escrita-genero-e-interacao-social-serie-charles-bazerman\/\" \/>\n<meta property=\"og:site_name\" content=\"Livraria da Pipa Comunica\u00e7\u00e3o\" \/>\n<meta property=\"article:publisher\" content=\"https:\/\/www.facebook.com\/pipacomunica\" \/>\n<meta property=\"article:modified_time\" content=\"2026-03-07T15:56:44+00:00\" \/>\n<meta property=\"og:image\" content=\"https:\/\/www.pipacomunica.com.br\/livrariadapipa\/wp-content\/uploads\/2023\/02\/thumb-v3-serie-charles-bazerman.png\" \/>\n\t<meta property=\"og:image:width\" content=\"870\" \/>\n\t<meta property=\"og:image:height\" content=\"452\" \/>\n\t<meta property=\"og:image:type\" content=\"image\/png\" \/>\n<meta name=\"twitter:card\" content=\"summary_large_image\" \/>\n<meta name=\"twitter:title\" content=\"Escrita, G\u00eanero e Intera\u00e7\u00e3o Social\" \/>\n<meta name=\"twitter:description\" content=\"A tentativa de ser \u00fatil aos estudantes que aprendem a escrever desafia professores com enigmas profundamente motivadores do desenvolvimento e pensamento humanos. Este livro \u00e9 uma delas.\" \/>\n<meta name=\"twitter:image\" content=\"https:\/\/i0.wp.com\/www.pipacomunica.com.br\/livrariadapipa\/wp-content\/uploads\/2023\/02\/thumb-v3-serie-charles-bazerman.png?fit=870%2C452&ssl=1\" \/>\n<meta name=\"twitter:site\" content=\"@PipaComunica\" \/>\n<meta name=\"twitter:label1\" content=\"Est. tempo de leitura\" \/>\n\t<meta name=\"twitter:data1\" content=\"3 minutos\" \/>\n<script type=\"application\/ld+json\" class=\"yoast-schema-graph\">{\"@context\":\"https:\/\/schema.org\",\"@graph\":[{\"@type\":\"WebPage\",\"@id\":\"https:\/\/www.pipacomunica.com.br\/livrariadapipa\/produto\/escrita-genero-e-interacao-social-serie-charles-bazerman\/\",\"url\":\"https:\/\/www.pipacomunica.com.br\/livrariadapipa\/produto\/escrita-genero-e-interacao-social-serie-charles-bazerman\/\",\"name\":\"G\u00eanero, ag\u00eancia e escrita - S\u00e9rie Charles Bazerman\",\"isPartOf\":{\"@id\":\"https:\/\/www.pipacomunica.com.br\/livrariadapipa\/#website\"},\"primaryImageOfPage\":{\"@id\":\"https:\/\/www.pipacomunica.com.br\/livrariadapipa\/produto\/escrita-genero-e-interacao-social-serie-charles-bazerman\/#primaryimage\"},\"image\":{\"@id\":\"https:\/\/www.pipacomunica.com.br\/livrariadapipa\/produto\/escrita-genero-e-interacao-social-serie-charles-bazerman\/#primaryimage\"},\"thumbnailUrl\":\"https:\/\/i0.wp.com\/www.pipacomunica.com.br\/livrariadapipa\/wp-content\/uploads\/2023\/02\/Escrita-genero-e-interacao-social.png?fit=461%2C595&ssl=1\",\"datePublished\":\"2023-02-28T13:48:40+00:00\",\"dateModified\":\"2026-03-07T15:56:44+00:00\",\"description\":\"A tentativa de ser \u00fatil aos estudantes que aprendem a escrever desafia professores com quest\u00f5es motivadoras. Este livro \u00e9 uma dessas tentativas.\",\"breadcrumb\":{\"@id\":\"https:\/\/www.pipacomunica.com.br\/livrariadapipa\/produto\/escrita-genero-e-interacao-social-serie-charles-bazerman\/#breadcrumb\"},\"inLanguage\":\"pt-BR\",\"potentialAction\":[{\"@type\":\"ReadAction\",\"target\":[\"https:\/\/www.pipacomunica.com.br\/livrariadapipa\/produto\/escrita-genero-e-interacao-social-serie-charles-bazerman\/\"]}]},{\"@type\":\"ImageObject\",\"inLanguage\":\"pt-BR\",\"@id\":\"https:\/\/www.pipacomunica.com.br\/livrariadapipa\/produto\/escrita-genero-e-interacao-social-serie-charles-bazerman\/#primaryimage\",\"url\":\"https:\/\/i0.wp.com\/www.pipacomunica.com.br\/livrariadapipa\/wp-content\/uploads\/2023\/02\/Escrita-genero-e-interacao-social.png?fit=461%2C595&ssl=1\",\"contentUrl\":\"https:\/\/i0.wp.com\/www.pipacomunica.com.br\/livrariadapipa\/wp-content\/uploads\/2023\/02\/Escrita-genero-e-interacao-social.png?fit=461%2C595&ssl=1\",\"width\":461,\"height\":595,\"caption\":\"Escrita, g\u00eanero e intera\u00e7\u00e3o social\"},{\"@type\":\"BreadcrumbList\",\"@id\":\"https:\/\/www.pipacomunica.com.br\/livrariadapipa\/produto\/escrita-genero-e-interacao-social-serie-charles-bazerman\/#breadcrumb\",\"itemListElement\":[{\"@type\":\"ListItem\",\"position\":1,\"name\":\"In\u00edcio\",\"item\":\"https:\/\/www.pipacomunica.com.br\/livrariadapipa\/\"},{\"@type\":\"ListItem\",\"position\":2,\"name\":\"Cat\u00e1logo\",\"item\":\"https:\/\/www.pipacomunica.com.br\/livrariadapipa\/vitrine\/\"},{\"@type\":\"ListItem\",\"position\":3,\"name\":\"Escrita, G\u00eanero e Intera\u00e7\u00e3o Social &#8211; S\u00e9rie Charles Bazerman\"}]},{\"@type\":\"WebSite\",\"@id\":\"https:\/\/www.pipacomunica.com.br\/livrariadapipa\/#website\",\"url\":\"https:\/\/www.pipacomunica.com.br\/livrariadapipa\/\",\"name\":\"Livraria da Pipa Comunica\u00e7\u00e3o\",\"description\":\"Livros mais baratos que xerox\",\"publisher\":{\"@id\":\"https:\/\/www.pipacomunica.com.br\/livrariadapipa\/#organization\"},\"potentialAction\":[{\"@type\":\"SearchAction\",\"target\":{\"@type\":\"EntryPoint\",\"urlTemplate\":\"https:\/\/www.pipacomunica.com.br\/livrariadapipa\/?s={search_term_string}\"},\"query-input\":{\"@type\":\"PropertyValueSpecification\",\"valueRequired\":true,\"valueName\":\"search_term_string\"}}],\"inLanguage\":\"pt-BR\"},{\"@type\":\"Organization\",\"@id\":\"https:\/\/www.pipacomunica.com.br\/livrariadapipa\/#organization\",\"name\":\"Livraria da Pipa Comunica\u00e7\u00e3o\",\"url\":\"https:\/\/www.pipacomunica.com.br\/livrariadapipa\/\",\"logo\":{\"@type\":\"ImageObject\",\"inLanguage\":\"pt-BR\",\"@id\":\"https:\/\/www.pipacomunica.com.br\/livrariadapipa\/#\/schema\/logo\/image\/\",\"url\":\"https:\/\/i0.wp.com\/www.pipacomunica.com.br\/livrariadapipa\/wp-content\/uploads\/2018\/09\/marca-livraria-pipa-400px-negativo.png?fit=400%2C80&ssl=1\",\"contentUrl\":\"https:\/\/i0.wp.com\/www.pipacomunica.com.br\/livrariadapipa\/wp-content\/uploads\/2018\/09\/marca-livraria-pipa-400px-negativo.png?fit=400%2C80&ssl=1\",\"width\":400,\"height\":80,\"caption\":\"Livraria da Pipa Comunica\u00e7\u00e3o\"},\"image\":{\"@id\":\"https:\/\/www.pipacomunica.com.br\/livrariadapipa\/#\/schema\/logo\/image\/\"},\"sameAs\":[\"https:\/\/www.facebook.com\/pipacomunica\",\"https:\/\/x.com\/PipaComunica\",\"https:\/\/instagram.com\/pipacomunicacao\",\"http:\/\/www.linkedin.com\/companies\/pipa-comunica-o\",\"https:\/\/br.pinterest.com\/pipacomunicacao\/\",\"http:\/\/il.youtube.com\/user\/pipacomunicacao\"]}]}<\/script>\n<!-- \/ Yoast SEO plugin. -->","yoast_head_json":{"title":"G\u00eanero, ag\u00eancia e escrita - S\u00e9rie Charles Bazerman","description":"A tentativa de ser \u00fatil aos estudantes que aprendem a escrever desafia professores com quest\u00f5es motivadoras. Este livro \u00e9 uma dessas tentativas.","robots":{"index":"index","follow":"follow","max-snippet":"max-snippet:-1","max-image-preview":"max-image-preview:large","max-video-preview":"max-video-preview:-1"},"canonical":"https:\/\/www.pipacomunica.com.br\/livrariadapipa\/produto\/escrita-genero-e-interacao-social-serie-charles-bazerman\/","og_locale":"pt_BR","og_type":"article","og_title":"Escrita, G\u00eanero e Intera\u00e7\u00e3o Social","og_description":"A tentativa de ser \u00fatil aos estudantes que aprendem a escrever desafia professores com enigmas profundamente motivadores do desenvolvimento e pensamento humanos. Este livro \u00e9 uma delas.","og_url":"https:\/\/www.pipacomunica.com.br\/livrariadapipa\/produto\/escrita-genero-e-interacao-social-serie-charles-bazerman\/","og_site_name":"Livraria da Pipa Comunica\u00e7\u00e3o","article_publisher":"https:\/\/www.facebook.com\/pipacomunica","article_modified_time":"2026-03-07T15:56:44+00:00","og_image":[{"width":870,"height":452,"url":"https:\/\/www.pipacomunica.com.br\/livrariadapipa\/wp-content\/uploads\/2023\/02\/thumb-v3-serie-charles-bazerman.png","type":"image\/png"}],"twitter_card":"summary_large_image","twitter_title":"Escrita, G\u00eanero e Intera\u00e7\u00e3o Social","twitter_description":"A tentativa de ser \u00fatil aos estudantes que aprendem a escrever desafia professores com enigmas profundamente motivadores do desenvolvimento e pensamento humanos. Este livro \u00e9 uma delas.","twitter_image":"https:\/\/i0.wp.com\/www.pipacomunica.com.br\/livrariadapipa\/wp-content\/uploads\/2023\/02\/thumb-v3-serie-charles-bazerman.png?fit=870%2C452&ssl=1","twitter_site":"@PipaComunica","twitter_misc":{"Est. tempo de leitura":"3 minutos"},"schema":{"@context":"https:\/\/schema.org","@graph":[{"@type":"WebPage","@id":"https:\/\/www.pipacomunica.com.br\/livrariadapipa\/produto\/escrita-genero-e-interacao-social-serie-charles-bazerman\/","url":"https:\/\/www.pipacomunica.com.br\/livrariadapipa\/produto\/escrita-genero-e-interacao-social-serie-charles-bazerman\/","name":"G\u00eanero, ag\u00eancia e escrita - S\u00e9rie Charles Bazerman","isPartOf":{"@id":"https:\/\/www.pipacomunica.com.br\/livrariadapipa\/#website"},"primaryImageOfPage":{"@id":"https:\/\/www.pipacomunica.com.br\/livrariadapipa\/produto\/escrita-genero-e-interacao-social-serie-charles-bazerman\/#primaryimage"},"image":{"@id":"https:\/\/www.pipacomunica.com.br\/livrariadapipa\/produto\/escrita-genero-e-interacao-social-serie-charles-bazerman\/#primaryimage"},"thumbnailUrl":"https:\/\/i0.wp.com\/www.pipacomunica.com.br\/livrariadapipa\/wp-content\/uploads\/2023\/02\/Escrita-genero-e-interacao-social.png?fit=461%2C595&ssl=1","datePublished":"2023-02-28T13:48:40+00:00","dateModified":"2026-03-07T15:56:44+00:00","description":"A tentativa de ser \u00fatil aos estudantes que aprendem a escrever desafia professores com quest\u00f5es motivadoras. Este livro \u00e9 uma dessas tentativas.","breadcrumb":{"@id":"https:\/\/www.pipacomunica.com.br\/livrariadapipa\/produto\/escrita-genero-e-interacao-social-serie-charles-bazerman\/#breadcrumb"},"inLanguage":"pt-BR","potentialAction":[{"@type":"ReadAction","target":["https:\/\/www.pipacomunica.com.br\/livrariadapipa\/produto\/escrita-genero-e-interacao-social-serie-charles-bazerman\/"]}]},{"@type":"ImageObject","inLanguage":"pt-BR","@id":"https:\/\/www.pipacomunica.com.br\/livrariadapipa\/produto\/escrita-genero-e-interacao-social-serie-charles-bazerman\/#primaryimage","url":"https:\/\/i0.wp.com\/www.pipacomunica.com.br\/livrariadapipa\/wp-content\/uploads\/2023\/02\/Escrita-genero-e-interacao-social.png?fit=461%2C595&ssl=1","contentUrl":"https:\/\/i0.wp.com\/www.pipacomunica.com.br\/livrariadapipa\/wp-content\/uploads\/2023\/02\/Escrita-genero-e-interacao-social.png?fit=461%2C595&ssl=1","width":461,"height":595,"caption":"Escrita, g\u00eanero e intera\u00e7\u00e3o social"},{"@type":"BreadcrumbList","@id":"https:\/\/www.pipacomunica.com.br\/livrariadapipa\/produto\/escrita-genero-e-interacao-social-serie-charles-bazerman\/#breadcrumb","itemListElement":[{"@type":"ListItem","position":1,"name":"In\u00edcio","item":"https:\/\/www.pipacomunica.com.br\/livrariadapipa\/"},{"@type":"ListItem","position":2,"name":"Cat\u00e1logo","item":"https:\/\/www.pipacomunica.com.br\/livrariadapipa\/vitrine\/"},{"@type":"ListItem","position":3,"name":"Escrita, G\u00eanero e Intera\u00e7\u00e3o Social &#8211; S\u00e9rie Charles Bazerman"}]},{"@type":"WebSite","@id":"https:\/\/www.pipacomunica.com.br\/livrariadapipa\/#website","url":"https:\/\/www.pipacomunica.com.br\/livrariadapipa\/","name":"Livraria da Pipa Comunica\u00e7\u00e3o","description":"Livros mais baratos que xerox","publisher":{"@id":"https:\/\/www.pipacomunica.com.br\/livrariadapipa\/#organization"},"potentialAction":[{"@type":"SearchAction","target":{"@type":"EntryPoint","urlTemplate":"https:\/\/www.pipacomunica.com.br\/livrariadapipa\/?s={search_term_string}"},"query-input":{"@type":"PropertyValueSpecification","valueRequired":true,"valueName":"search_term_string"}}],"inLanguage":"pt-BR"},{"@type":"Organization","@id":"https:\/\/www.pipacomunica.com.br\/livrariadapipa\/#organization","name":"Livraria da Pipa Comunica\u00e7\u00e3o","url":"https:\/\/www.pipacomunica.com.br\/livrariadapipa\/","logo":{"@type":"ImageObject","inLanguage":"pt-BR","@id":"https:\/\/www.pipacomunica.com.br\/livrariadapipa\/#\/schema\/logo\/image\/","url":"https:\/\/i0.wp.com\/www.pipacomunica.com.br\/livrariadapipa\/wp-content\/uploads\/2018\/09\/marca-livraria-pipa-400px-negativo.png?fit=400%2C80&ssl=1","contentUrl":"https:\/\/i0.wp.com\/www.pipacomunica.com.br\/livrariadapipa\/wp-content\/uploads\/2018\/09\/marca-livraria-pipa-400px-negativo.png?fit=400%2C80&ssl=1","width":400,"height":80,"caption":"Livraria da Pipa Comunica\u00e7\u00e3o"},"image":{"@id":"https:\/\/www.pipacomunica.com.br\/livrariadapipa\/#\/schema\/logo\/image\/"},"sameAs":["https:\/\/www.facebook.com\/pipacomunica","https:\/\/x.com\/PipaComunica","https:\/\/instagram.com\/pipacomunicacao","http:\/\/www.linkedin.com\/companies\/pipa-comunica-o","https:\/\/br.pinterest.com\/pipacomunicacao\/","http:\/\/il.youtube.com\/user\/pipacomunicacao"]}]}},"jetpack_publicize_connections":[],"jetpack_sharing_enabled":true,"_links":{"self":[{"href":"https:\/\/www.pipacomunica.com.br\/livrariadapipa\/wp-json\/wp\/v2\/product\/11952","targetHints":{"allow":["GET"]}}],"collection":[{"href":"https:\/\/www.pipacomunica.com.br\/livrariadapipa\/wp-json\/wp\/v2\/product"}],"about":[{"href":"https:\/\/www.pipacomunica.com.br\/livrariadapipa\/wp-json\/wp\/v2\/types\/product"}],"replies":[{"embeddable":true,"href":"https:\/\/www.pipacomunica.com.br\/livrariadapipa\/wp-json\/wp\/v2\/comments?post=11952"}],"version-history":[{"count":1,"href":"https:\/\/www.pipacomunica.com.br\/livrariadapipa\/wp-json\/wp\/v2\/product\/11952\/revisions"}],"predecessor-version":[{"id":11954,"href":"https:\/\/www.pipacomunica.com.br\/livrariadapipa\/wp-json\/wp\/v2\/product\/11952\/revisions\/11954"}],"wp:featuredmedia":[{"embeddable":true,"href":"https:\/\/www.pipacomunica.com.br\/livrariadapipa\/wp-json\/wp\/v2\/media\/11953"}],"wp:attachment":[{"href":"https:\/\/www.pipacomunica.com.br\/livrariadapipa\/wp-json\/wp\/v2\/media?parent=11952"}],"wp:term":[{"taxonomy":"product_brand","embeddable":true,"href":"https:\/\/www.pipacomunica.com.br\/livrariadapipa\/wp-json\/wp\/v2\/product_brand?post=11952"},{"taxonomy":"product_cat","embeddable":true,"href":"https:\/\/www.pipacomunica.com.br\/livrariadapipa\/wp-json\/wp\/v2\/product_cat?post=11952"},{"taxonomy":"product_tag","embeddable":true,"href":"https:\/\/www.pipacomunica.com.br\/livrariadapipa\/wp-json\/wp\/v2\/product_tag?post=11952"}],"curies":[{"name":"wp","href":"https:\/\/api.w.org\/{rel}","templated":true}]}}