{"id":11937,"date":"2023-02-15T12:35:34","date_gmt":"2023-02-15T15:35:34","guid":{"rendered":"https:\/\/www.pipacomunica.com.br\/livrariadapipa\/?post_type=product&#038;p=11937"},"modified":"2025-12-20T11:20:14","modified_gmt":"2025-12-20T14:20:14","slug":"praticas-inovadoras-na-educacao","status":"publish","type":"product","link":"https:\/\/www.pipacomunica.com.br\/livrariadapipa\/produto\/praticas-inovadoras-na-educacao\/","title":{"rendered":"Pr\u00e1ticas inovadoras na educa\u00e7\u00e3o: pesquisas e relatos de experi\u00eancias na pandemia"},"content":{"rendered":"<p><strong>Pr\u00e1ticas inovadoras na educa\u00e7\u00e3o: pesquisas e relatos de experi\u00eancias na pandemia<\/strong><br \/>\n<em>PDF <\/em><br \/>\nJos\u00e9 Ribamar Lopes Batista J\u00fanior (Organizador), Nayana Bruna Nery Mon\u00e7\u00e3o (Organizadora)<\/p>\n<p>\u201cQueremos, com o livro Pr\u00e1ticas inovadoras na educa\u00e7\u00e3o: pesquisas e relatos de experi\u00eancias na pandemia, disseminar a\u00e7\u00f5es realizadas na pesquisa e na extens\u00e3o vivenciadas\/executadas para servir como suporte de ideia e ressaltar a import\u00e2ncia de proporcionar que jovens da Educa\u00e7\u00e3o B\u00e1sica e Profissional T\u00e9cnico pratiquem a ci\u00eancia. Com base nisso, a obra re\u00fane pr\u00e1ticas de Pesquisas e Extens\u00e3o realizadas por bolsistas e pesquisadores\/as do CTF\/UFPI, bem como por membros de outras institui\u00e7\u00f5es de ensino que apoiam e reconhecem a Jornada Acad\u00eamica como porta para a divulga\u00e7\u00e3o de conhecimentos.&#8221;<\/p>\n<p>\u2014 Os organizadores<\/p>\n<h4>Sobre os organizadores e a organizadora<\/h4>\n<p>&nbsp;<\/p>\n<p><strong>Jos\u00e9 Ribamar Lopes Batista J\u00fanior<\/strong><\/p>\n<p>Professor do ensino b\u00e1sico, t\u00e9cnico e tecnol\u00f3gico da Universidade Federal do Piau\u00ed (UFPI), fundador e coordenador do Laborat\u00f3rio Experimental de Ensino e Pesquisa em Leitura e Produ\u00e7\u00e3o Textual (LPT\/ CNPq) do Col\u00e9gio T\u00e9cnico de Floriano (CTF\/UFPI). Doutor em Lingu\u00edstica pela Universidade de Bras\u00edlia. Apaixonado por v\u00f4lei, ama viajar, tem duas tatuagens e n\u00e3o dispensa uma ta\u00e7a de vinho.<\/p>\n<p><strong>Nayana Bruna Nery Mon\u00e7\u00e3o<\/strong><\/p>\n<p>Professora do ensino b\u00e1sico, t\u00e9cnico e tecnol\u00f3gico no Col\u00e9gio T\u00e9cnico de Floriano (UFPI). Mestre em Qu\u00edmica pela Universidade Federal do Piau\u00ed (UFPI) e atualmente, estudante de doutorado na linha de pesquisa Ensino de Qu\u00edmica na mesma institui\u00e7\u00e3o. Na experi\u00eancia vivenciada, e com respaldo tamb\u00e9m para as publica\u00e7\u00f5es presentes nesse referido livro, destaca o qu\u00e3o \u00e9 prazeroso a possibilidade de criar, em especial, quando se trata da produ\u00e7\u00e3o de artes, uma habilidade, inclusive, iniciada no contexto da pandemia.<\/p>\n<h4>Ficha T\u00e9cnica<\/h4>\n<p><strong>Capa e Projeto Gr\u00e1fico<\/strong>: Karla Vidal<br \/>\n<strong>Diagrama\u00e7\u00e3o<\/strong>: Augusto Noronha e Karla Vidal<br \/>\n<strong>Revis\u00e3o<\/strong>: os organizadores<br \/>\n<strong>Editores<\/strong>: Augusto Noronha e Karla Vidal (Pipa Comunica\u00e7\u00e3o &#8211; http:\/\/www.pipacomunica.com.br)<br \/>\n<strong>Realiza\u00e7\u00e3o: <\/strong>Laborat\u00f3rio de Leitura e Produ\u00e7\u00e3o Textual<\/p>\n","protected":false},"excerpt":{"rendered":"<p><em>PDF <\/em><br \/>\nJos\u00e9 Ribamar Lopes Batista J\u00fanior (Organizador), Nayana Bruna Nery Mon\u00e7\u00e3o (Organizadora)<\/p>\n<p>\u201cQueremos, com o livro Pr\u00e1ticas inovadoras na educa\u00e7\u00e3o: pesquisas e relatos de experi\u00eancias na pandemia, disseminar a\u00e7\u00f5es realizadas na pesquisa e na extens\u00e3o vivenciadas\/executadas para servir como suporte de ideia e ressaltar a import\u00e2ncia de proporcionar que jovens da Educa\u00e7\u00e3o B\u00e1sica e Profissional T\u00e9cnico pratiquem a ci\u00eancia. Com base nisso, a obra re\u00fane pr\u00e1ticas de Pesquisas e Extens\u00e3o realizadas por bolsistas e pesquisadores\/as do CTF\/UFPI, bem como por membros de outras institui\u00e7\u00f5es de ensino que apoiam e reconhecem a Jornada Acad\u00eamica como porta para a divulga\u00e7\u00e3o de conhecimentos.&#8221;<\/p>\n<p>\u2014 Os organizadores<\/p>\n<h4>Ficha T\u00e9cnica<\/h4>\n<p>1\u00aa ed.<br \/>\nPDF<br \/>\n272 p.<br \/>\nISBN 978-65-87033-51-8<br \/>\n1. Educa\u00e7\u00e3o.<\/p>\n","protected":false},"featured_media":11939,"comment_status":"open","ping_status":"closed","template":"","meta":{"jetpack_post_was_ever_published":false,"jetpack_publicize_message":"","jetpack_publicize_feature_enabled":true,"jetpack_social_post_already_shared":true,"jetpack_social_options":{"image_generator_settings":{"template":"highway","default_image_id":0,"font":"","enabled":false},"version":2}},"product_brand":[],"product_cat":[34,19,17],"product_tag":[],"class_list":{"0":"post-11937","1":"product","2":"type-product","3":"status-publish","4":"has-post-thumbnail","6":"product_cat-sem-categoria","7":"product_cat-livros-digitais","8":"product_cat-gratuitos","10":"first","11":"instock","12":"sold-individually","13":"shipping-taxable","14":"product-type-external"},"yoast_head":"<!-- This site is optimized with the Yoast SEO plugin v27.1.1 - https:\/\/yoast.com\/product\/yoast-seo-wordpress\/ -->\n<title>Pr\u00e1ticas inovadoras na educa\u00e7\u00e3o<\/title>\n<meta name=\"description\" content=\"O livro apresenta a\u00e7\u00f5es de pesquisa e e extens\u00e3o na pandemia e ressalta a import\u00e2ncia de proporcionar que jovens da Educa\u00e7\u00e3o B\u00e1sica e Profissional T\u00e9cnico pratiquem a ci\u00eancia.\" \/>\n<meta name=\"robots\" content=\"index, follow, max-snippet:-1, max-image-preview:large, max-video-preview:-1\" \/>\n<link rel=\"canonical\" href=\"https:\/\/www.pipacomunica.com.br\/livrariadapipa\/produto\/praticas-inovadoras-na-educacao\/\" \/>\n<meta property=\"og:locale\" content=\"pt_BR\" \/>\n<meta property=\"og:type\" content=\"article\" \/>\n<meta property=\"og:title\" content=\"Pr\u00e1ticas inovadoras na educa\u00e7\u00e3o: pesquisas e relatos de experi\u00eancias na pandemia\" \/>\n<meta property=\"og:description\" content=\"O livro apresenta a\u00e7\u00f5es de pesquisa e e extens\u00e3o na pandemia e ressalta a import\u00e2ncia de proporcionar que jovens da Educa\u00e7\u00e3o B\u00e1sica e Profissional T\u00e9cnico pratiquem a ci\u00eancia.\" \/>\n<meta property=\"og:url\" content=\"https:\/\/www.pipacomunica.com.br\/livrariadapipa\/produto\/praticas-inovadoras-na-educacao\/\" \/>\n<meta property=\"og:site_name\" content=\"Livraria da Pipa Comunica\u00e7\u00e3o\" \/>\n<meta property=\"article:publisher\" content=\"https:\/\/www.facebook.com\/pipacomunica\" \/>\n<meta property=\"article:modified_time\" content=\"2025-12-20T14:20:14+00:00\" \/>\n<meta property=\"og:image\" content=\"https:\/\/www.pipacomunica.com.br\/livrariadapipa\/wp-content\/uploads\/2023\/02\/thumb-ebook-praticas-inovadoras-pandemia.png\" \/>\n\t<meta property=\"og:image:width\" content=\"870\" \/>\n\t<meta property=\"og:image:height\" content=\"452\" \/>\n\t<meta property=\"og:image:type\" content=\"image\/png\" \/>\n<meta name=\"twitter:card\" content=\"summary_large_image\" \/>\n<meta name=\"twitter:title\" content=\"Pr\u00e1ticas inovadoras na educa\u00e7\u00e3o: pesquisas e relatos de experi\u00eancias na pandemia\" \/>\n<meta name=\"twitter:description\" content=\"O livro apresenta a\u00e7\u00f5es de pesquisa e e extens\u00e3o na pandemia e ressalta a import\u00e2ncia de proporcionar que jovens da Educa\u00e7\u00e3o B\u00e1sica e Profissional T\u00e9cnico pratiquem a ci\u00eancia.\" \/>\n<meta name=\"twitter:image\" content=\"https:\/\/i0.wp.com\/www.pipacomunica.com.br\/livrariadapipa\/wp-content\/uploads\/2023\/02\/thumb-ebook-praticas-inovadoras-pandemia.png?fit=870%2C452&ssl=1\" \/>\n<meta name=\"twitter:site\" content=\"@PipaComunica\" \/>\n<meta name=\"twitter:label1\" content=\"Est. tempo de leitura\" \/>\n\t<meta name=\"twitter:data1\" content=\"2 minutos\" \/>\n<script type=\"application\/ld+json\" class=\"yoast-schema-graph\">{\"@context\":\"https:\/\/schema.org\",\"@graph\":[{\"@type\":\"WebPage\",\"@id\":\"https:\/\/www.pipacomunica.com.br\/livrariadapipa\/produto\/praticas-inovadoras-na-educacao\/\",\"url\":\"https:\/\/www.pipacomunica.com.br\/livrariadapipa\/produto\/praticas-inovadoras-na-educacao\/\",\"name\":\"Pr\u00e1ticas inovadoras na educa\u00e7\u00e3o\",\"isPartOf\":{\"@id\":\"https:\/\/www.pipacomunica.com.br\/livrariadapipa\/#website\"},\"primaryImageOfPage\":{\"@id\":\"https:\/\/www.pipacomunica.com.br\/livrariadapipa\/produto\/praticas-inovadoras-na-educacao\/#primaryimage\"},\"image\":{\"@id\":\"https:\/\/www.pipacomunica.com.br\/livrariadapipa\/produto\/praticas-inovadoras-na-educacao\/#primaryimage\"},\"thumbnailUrl\":\"https:\/\/i0.wp.com\/www.pipacomunica.com.br\/livrariadapipa\/wp-content\/uploads\/2023\/02\/ebook-praticas-inovadoras-pandemia.png?fit=461%2C595&ssl=1\",\"datePublished\":\"2023-02-15T15:35:34+00:00\",\"dateModified\":\"2025-12-20T14:20:14+00:00\",\"description\":\"O livro apresenta a\u00e7\u00f5es de pesquisa e e extens\u00e3o na pandemia e ressalta a import\u00e2ncia de proporcionar que jovens da Educa\u00e7\u00e3o B\u00e1sica e Profissional T\u00e9cnico pratiquem a ci\u00eancia.\",\"breadcrumb\":{\"@id\":\"https:\/\/www.pipacomunica.com.br\/livrariadapipa\/produto\/praticas-inovadoras-na-educacao\/#breadcrumb\"},\"inLanguage\":\"pt-BR\",\"potentialAction\":[{\"@type\":\"ReadAction\",\"target\":[\"https:\/\/www.pipacomunica.com.br\/livrariadapipa\/produto\/praticas-inovadoras-na-educacao\/\"]}]},{\"@type\":\"ImageObject\",\"inLanguage\":\"pt-BR\",\"@id\":\"https:\/\/www.pipacomunica.com.br\/livrariadapipa\/produto\/praticas-inovadoras-na-educacao\/#primaryimage\",\"url\":\"https:\/\/i0.wp.com\/www.pipacomunica.com.br\/livrariadapipa\/wp-content\/uploads\/2023\/02\/ebook-praticas-inovadoras-pandemia.png?fit=461%2C595&ssl=1\",\"contentUrl\":\"https:\/\/i0.wp.com\/www.pipacomunica.com.br\/livrariadapipa\/wp-content\/uploads\/2023\/02\/ebook-praticas-inovadoras-pandemia.png?fit=461%2C595&ssl=1\",\"width\":461,\"height\":595,\"caption\":\"Pr\u00e1ticas inovadoras na educa\u00e7\u00e3o: pesquisas e relatos de experi\u00eancias na pandemia\"},{\"@type\":\"BreadcrumbList\",\"@id\":\"https:\/\/www.pipacomunica.com.br\/livrariadapipa\/produto\/praticas-inovadoras-na-educacao\/#breadcrumb\",\"itemListElement\":[{\"@type\":\"ListItem\",\"position\":1,\"name\":\"In\u00edcio\",\"item\":\"https:\/\/www.pipacomunica.com.br\/livrariadapipa\/\"},{\"@type\":\"ListItem\",\"position\":2,\"name\":\"Cat\u00e1logo\",\"item\":\"https:\/\/www.pipacomunica.com.br\/livrariadapipa\/vitrine\/\"},{\"@type\":\"ListItem\",\"position\":3,\"name\":\"Pr\u00e1ticas inovadoras na educa\u00e7\u00e3o: pesquisas e relatos de experi\u00eancias na pandemia\"}]},{\"@type\":\"WebSite\",\"@id\":\"https:\/\/www.pipacomunica.com.br\/livrariadapipa\/#website\",\"url\":\"https:\/\/www.pipacomunica.com.br\/livrariadapipa\/\",\"name\":\"Livraria da Pipa Comunica\u00e7\u00e3o\",\"description\":\"Livros mais baratos que xerox\",\"publisher\":{\"@id\":\"https:\/\/www.pipacomunica.com.br\/livrariadapipa\/#organization\"},\"potentialAction\":[{\"@type\":\"SearchAction\",\"target\":{\"@type\":\"EntryPoint\",\"urlTemplate\":\"https:\/\/www.pipacomunica.com.br\/livrariadapipa\/?s={search_term_string}\"},\"query-input\":{\"@type\":\"PropertyValueSpecification\",\"valueRequired\":true,\"valueName\":\"search_term_string\"}}],\"inLanguage\":\"pt-BR\"},{\"@type\":\"Organization\",\"@id\":\"https:\/\/www.pipacomunica.com.br\/livrariadapipa\/#organization\",\"name\":\"Livraria da Pipa Comunica\u00e7\u00e3o\",\"url\":\"https:\/\/www.pipacomunica.com.br\/livrariadapipa\/\",\"logo\":{\"@type\":\"ImageObject\",\"inLanguage\":\"pt-BR\",\"@id\":\"https:\/\/www.pipacomunica.com.br\/livrariadapipa\/#\/schema\/logo\/image\/\",\"url\":\"https:\/\/i0.wp.com\/www.pipacomunica.com.br\/livrariadapipa\/wp-content\/uploads\/2018\/09\/marca-livraria-pipa-400px-negativo.png?fit=400%2C80&ssl=1\",\"contentUrl\":\"https:\/\/i0.wp.com\/www.pipacomunica.com.br\/livrariadapipa\/wp-content\/uploads\/2018\/09\/marca-livraria-pipa-400px-negativo.png?fit=400%2C80&ssl=1\",\"width\":400,\"height\":80,\"caption\":\"Livraria da Pipa Comunica\u00e7\u00e3o\"},\"image\":{\"@id\":\"https:\/\/www.pipacomunica.com.br\/livrariadapipa\/#\/schema\/logo\/image\/\"},\"sameAs\":[\"https:\/\/www.facebook.com\/pipacomunica\",\"https:\/\/x.com\/PipaComunica\",\"https:\/\/instagram.com\/pipacomunicacao\",\"http:\/\/www.linkedin.com\/companies\/pipa-comunica-o\",\"https:\/\/br.pinterest.com\/pipacomunicacao\/\",\"http:\/\/il.youtube.com\/user\/pipacomunicacao\"]}]}<\/script>\n<!-- \/ Yoast SEO plugin. -->","yoast_head_json":{"title":"Pr\u00e1ticas inovadoras na educa\u00e7\u00e3o","description":"O livro apresenta a\u00e7\u00f5es de pesquisa e e extens\u00e3o na pandemia e ressalta a import\u00e2ncia de proporcionar que jovens da Educa\u00e7\u00e3o B\u00e1sica e Profissional T\u00e9cnico pratiquem a ci\u00eancia.","robots":{"index":"index","follow":"follow","max-snippet":"max-snippet:-1","max-image-preview":"max-image-preview:large","max-video-preview":"max-video-preview:-1"},"canonical":"https:\/\/www.pipacomunica.com.br\/livrariadapipa\/produto\/praticas-inovadoras-na-educacao\/","og_locale":"pt_BR","og_type":"article","og_title":"Pr\u00e1ticas inovadoras na educa\u00e7\u00e3o: pesquisas e relatos de experi\u00eancias na pandemia","og_description":"O livro apresenta a\u00e7\u00f5es de pesquisa e e extens\u00e3o na pandemia e ressalta a import\u00e2ncia de proporcionar que jovens da Educa\u00e7\u00e3o B\u00e1sica e Profissional T\u00e9cnico pratiquem a ci\u00eancia.","og_url":"https:\/\/www.pipacomunica.com.br\/livrariadapipa\/produto\/praticas-inovadoras-na-educacao\/","og_site_name":"Livraria da Pipa Comunica\u00e7\u00e3o","article_publisher":"https:\/\/www.facebook.com\/pipacomunica","article_modified_time":"2025-12-20T14:20:14+00:00","og_image":[{"width":870,"height":452,"url":"https:\/\/www.pipacomunica.com.br\/livrariadapipa\/wp-content\/uploads\/2023\/02\/thumb-ebook-praticas-inovadoras-pandemia.png","type":"image\/png"}],"twitter_card":"summary_large_image","twitter_title":"Pr\u00e1ticas inovadoras na educa\u00e7\u00e3o: pesquisas e relatos de experi\u00eancias na pandemia","twitter_description":"O livro apresenta a\u00e7\u00f5es de pesquisa e e extens\u00e3o na pandemia e ressalta a import\u00e2ncia de proporcionar que jovens da Educa\u00e7\u00e3o B\u00e1sica e Profissional T\u00e9cnico pratiquem a ci\u00eancia.","twitter_image":"https:\/\/i0.wp.com\/www.pipacomunica.com.br\/livrariadapipa\/wp-content\/uploads\/2023\/02\/thumb-ebook-praticas-inovadoras-pandemia.png?fit=870%2C452&ssl=1","twitter_site":"@PipaComunica","twitter_misc":{"Est. tempo de leitura":"2 minutos"},"schema":{"@context":"https:\/\/schema.org","@graph":[{"@type":"WebPage","@id":"https:\/\/www.pipacomunica.com.br\/livrariadapipa\/produto\/praticas-inovadoras-na-educacao\/","url":"https:\/\/www.pipacomunica.com.br\/livrariadapipa\/produto\/praticas-inovadoras-na-educacao\/","name":"Pr\u00e1ticas inovadoras na educa\u00e7\u00e3o","isPartOf":{"@id":"https:\/\/www.pipacomunica.com.br\/livrariadapipa\/#website"},"primaryImageOfPage":{"@id":"https:\/\/www.pipacomunica.com.br\/livrariadapipa\/produto\/praticas-inovadoras-na-educacao\/#primaryimage"},"image":{"@id":"https:\/\/www.pipacomunica.com.br\/livrariadapipa\/produto\/praticas-inovadoras-na-educacao\/#primaryimage"},"thumbnailUrl":"https:\/\/i0.wp.com\/www.pipacomunica.com.br\/livrariadapipa\/wp-content\/uploads\/2023\/02\/ebook-praticas-inovadoras-pandemia.png?fit=461%2C595&ssl=1","datePublished":"2023-02-15T15:35:34+00:00","dateModified":"2025-12-20T14:20:14+00:00","description":"O livro apresenta a\u00e7\u00f5es de pesquisa e e extens\u00e3o na pandemia e ressalta a import\u00e2ncia de proporcionar que jovens da Educa\u00e7\u00e3o B\u00e1sica e Profissional T\u00e9cnico pratiquem a ci\u00eancia.","breadcrumb":{"@id":"https:\/\/www.pipacomunica.com.br\/livrariadapipa\/produto\/praticas-inovadoras-na-educacao\/#breadcrumb"},"inLanguage":"pt-BR","potentialAction":[{"@type":"ReadAction","target":["https:\/\/www.pipacomunica.com.br\/livrariadapipa\/produto\/praticas-inovadoras-na-educacao\/"]}]},{"@type":"ImageObject","inLanguage":"pt-BR","@id":"https:\/\/www.pipacomunica.com.br\/livrariadapipa\/produto\/praticas-inovadoras-na-educacao\/#primaryimage","url":"https:\/\/i0.wp.com\/www.pipacomunica.com.br\/livrariadapipa\/wp-content\/uploads\/2023\/02\/ebook-praticas-inovadoras-pandemia.png?fit=461%2C595&ssl=1","contentUrl":"https:\/\/i0.wp.com\/www.pipacomunica.com.br\/livrariadapipa\/wp-content\/uploads\/2023\/02\/ebook-praticas-inovadoras-pandemia.png?fit=461%2C595&ssl=1","width":461,"height":595,"caption":"Pr\u00e1ticas inovadoras na educa\u00e7\u00e3o: pesquisas e relatos de experi\u00eancias na pandemia"},{"@type":"BreadcrumbList","@id":"https:\/\/www.pipacomunica.com.br\/livrariadapipa\/produto\/praticas-inovadoras-na-educacao\/#breadcrumb","itemListElement":[{"@type":"ListItem","position":1,"name":"In\u00edcio","item":"https:\/\/www.pipacomunica.com.br\/livrariadapipa\/"},{"@type":"ListItem","position":2,"name":"Cat\u00e1logo","item":"https:\/\/www.pipacomunica.com.br\/livrariadapipa\/vitrine\/"},{"@type":"ListItem","position":3,"name":"Pr\u00e1ticas inovadoras na educa\u00e7\u00e3o: pesquisas e relatos de experi\u00eancias na pandemia"}]},{"@type":"WebSite","@id":"https:\/\/www.pipacomunica.com.br\/livrariadapipa\/#website","url":"https:\/\/www.pipacomunica.com.br\/livrariadapipa\/","name":"Livraria da Pipa Comunica\u00e7\u00e3o","description":"Livros mais baratos que xerox","publisher":{"@id":"https:\/\/www.pipacomunica.com.br\/livrariadapipa\/#organization"},"potentialAction":[{"@type":"SearchAction","target":{"@type":"EntryPoint","urlTemplate":"https:\/\/www.pipacomunica.com.br\/livrariadapipa\/?s={search_term_string}"},"query-input":{"@type":"PropertyValueSpecification","valueRequired":true,"valueName":"search_term_string"}}],"inLanguage":"pt-BR"},{"@type":"Organization","@id":"https:\/\/www.pipacomunica.com.br\/livrariadapipa\/#organization","name":"Livraria da Pipa Comunica\u00e7\u00e3o","url":"https:\/\/www.pipacomunica.com.br\/livrariadapipa\/","logo":{"@type":"ImageObject","inLanguage":"pt-BR","@id":"https:\/\/www.pipacomunica.com.br\/livrariadapipa\/#\/schema\/logo\/image\/","url":"https:\/\/i0.wp.com\/www.pipacomunica.com.br\/livrariadapipa\/wp-content\/uploads\/2018\/09\/marca-livraria-pipa-400px-negativo.png?fit=400%2C80&ssl=1","contentUrl":"https:\/\/i0.wp.com\/www.pipacomunica.com.br\/livrariadapipa\/wp-content\/uploads\/2018\/09\/marca-livraria-pipa-400px-negativo.png?fit=400%2C80&ssl=1","width":400,"height":80,"caption":"Livraria da Pipa Comunica\u00e7\u00e3o"},"image":{"@id":"https:\/\/www.pipacomunica.com.br\/livrariadapipa\/#\/schema\/logo\/image\/"},"sameAs":["https:\/\/www.facebook.com\/pipacomunica","https:\/\/x.com\/PipaComunica","https:\/\/instagram.com\/pipacomunicacao","http:\/\/www.linkedin.com\/companies\/pipa-comunica-o","https:\/\/br.pinterest.com\/pipacomunicacao\/","http:\/\/il.youtube.com\/user\/pipacomunicacao"]}]}},"jetpack_publicize_connections":[],"jetpack_sharing_enabled":true,"_links":{"self":[{"href":"https:\/\/www.pipacomunica.com.br\/livrariadapipa\/wp-json\/wp\/v2\/product\/11937","targetHints":{"allow":["GET"]}}],"collection":[{"href":"https:\/\/www.pipacomunica.com.br\/livrariadapipa\/wp-json\/wp\/v2\/product"}],"about":[{"href":"https:\/\/www.pipacomunica.com.br\/livrariadapipa\/wp-json\/wp\/v2\/types\/product"}],"replies":[{"embeddable":true,"href":"https:\/\/www.pipacomunica.com.br\/livrariadapipa\/wp-json\/wp\/v2\/comments?post=11937"}],"version-history":[{"count":3,"href":"https:\/\/www.pipacomunica.com.br\/livrariadapipa\/wp-json\/wp\/v2\/product\/11937\/revisions"}],"predecessor-version":[{"id":11949,"href":"https:\/\/www.pipacomunica.com.br\/livrariadapipa\/wp-json\/wp\/v2\/product\/11937\/revisions\/11949"}],"wp:featuredmedia":[{"embeddable":true,"href":"https:\/\/www.pipacomunica.com.br\/livrariadapipa\/wp-json\/wp\/v2\/media\/11939"}],"wp:attachment":[{"href":"https:\/\/www.pipacomunica.com.br\/livrariadapipa\/wp-json\/wp\/v2\/media?parent=11937"}],"wp:term":[{"taxonomy":"product_brand","embeddable":true,"href":"https:\/\/www.pipacomunica.com.br\/livrariadapipa\/wp-json\/wp\/v2\/product_brand?post=11937"},{"taxonomy":"product_cat","embeddable":true,"href":"https:\/\/www.pipacomunica.com.br\/livrariadapipa\/wp-json\/wp\/v2\/product_cat?post=11937"},{"taxonomy":"product_tag","embeddable":true,"href":"https:\/\/www.pipacomunica.com.br\/livrariadapipa\/wp-json\/wp\/v2\/product_tag?post=11937"}],"curies":[{"name":"wp","href":"https:\/\/api.w.org\/{rel}","templated":true}]}}