{"id":11904,"date":"2023-01-18T11:41:48","date_gmt":"2023-01-18T14:41:48","guid":{"rendered":"https:\/\/www.pipacomunica.com.br\/livrariadapipa\/?post_type=product&#038;p=11904"},"modified":"2023-12-28T22:32:57","modified_gmt":"2023-12-29T01:32:57","slug":"comida-de-verdade","status":"publish","type":"product","link":"https:\/\/www.pipacomunica.com.br\/livrariadapipa\/produto\/comida-de-verdade\/","title":{"rendered":"Comida de verdade: 10 receitas veganas, f\u00e1ceis e gostosas para o dia a dia"},"content":{"rendered":"<p><strong>Comida de verdade: 10 receitas veganas, f\u00e1ceis e gostosas para o dia a dia<\/strong><br \/>\n<em>ePub<\/em><br \/>\nK\u00e1tia Lima<\/p>\n<p><em>Comida de verdade<\/em> \u00e9 o primeiro livro de receitas da autora K\u00e1tia Lima. Cozinheira, neurodivergente e vegetariana, desde 2014 pesquisa e estuda sobre o tema para combinar sabores e criar suas pr\u00f3prias receitas. Como produtora de conte\u00fado, fotografa e compartilha em seu perfil <a href=\"https:\/\/www.instagram.com\/socomesoja\/\" target=\"_blank\" rel=\"noopener\">@socomesoja<\/a> no Instagram, receitas e dicas que considera importantes para o dia a dia das pessoas vegetarianas e veganas. Foi a partir do compartilhamento de conte\u00fado que decidiu escrever seu primeiro livro para que seus leitores pudessem vivenciar a experi\u00eancia libertadora que \u00e9 fazer sua pr\u00f3pria comida. <em>Comida de verdade<\/em> apresenta 10 receitas (+ duas de presente) e muitas dicas para quem tem restri\u00e7\u00f5es alimentares, gosta de descobrir novos sabores e para todos que amam cozinhar e desejam fazer escolhas mais sustent\u00e1veis se alimentando melhor.<\/p>\n<p>&nbsp;<\/p>\n<blockquote><p>Com este livro, K\u00e1tia traz v\u00e1rios exemplos de comida de verdade que desmistificam a alimenta\u00e7\u00e3o vegana. A experi\u00eancia de tantos anos do projeto S\u00f3 Come Soja, cozinhando, garimpando lugares, receitas, conhecimento, nos brinda com esse bel\u00edssimo trabalho.<\/p>\n<p>\u2014 <strong>B\u00e1rbara Bastos<\/strong><br \/>\nProfessora da Universidade Federal de Pernambuco Cofundadora da Uni\u00e3o Vegana de Ativismo<\/p><\/blockquote>\n<h4>Sobre a autora<\/h4>\n<p style=\"text-align: center;\"><a href=\"https:\/\/i0.wp.com\/www.pipacomunica.com.br\/livrariadapipa\/wp-content\/uploads\/2023\/01\/autora.png?ssl=1\"><img data-recalc-dims=\"1\" decoding=\"async\" class=\"aligncenter wp-image-11906 size-thumbnail\" title=\"K\u00e1tia Lima\" src=\"https:\/\/i0.wp.com\/www.pipacomunica.com.br\/livrariadapipa\/wp-content\/uploads\/2023\/01\/autora.png?resize=150%2C150&#038;ssl=1\" alt=\"K\u00e1tia Lima\" width=\"150\" height=\"150\" srcset=\"https:\/\/i0.wp.com\/www.pipacomunica.com.br\/livrariadapipa\/wp-content\/uploads\/2023\/01\/autora.png?resize=150%2C150&amp;ssl=1 150w, https:\/\/i0.wp.com\/www.pipacomunica.com.br\/livrariadapipa\/wp-content\/uploads\/2023\/01\/autora.png?resize=300%2C300&amp;ssl=1 300w, https:\/\/i0.wp.com\/www.pipacomunica.com.br\/livrariadapipa\/wp-content\/uploads\/2023\/01\/autora.png?resize=768%2C768&amp;ssl=1 768w, https:\/\/i0.wp.com\/www.pipacomunica.com.br\/livrariadapipa\/wp-content\/uploads\/2023\/01\/autora.png?resize=416%2C416&amp;ssl=1 416w, https:\/\/i0.wp.com\/www.pipacomunica.com.br\/livrariadapipa\/wp-content\/uploads\/2023\/01\/autora.png?resize=100%2C100&amp;ssl=1 100w, https:\/\/i0.wp.com\/www.pipacomunica.com.br\/livrariadapipa\/wp-content\/uploads\/2023\/01\/autora.png?w=1000&amp;ssl=1 1000w\" sizes=\"(max-width: 150px) 100vw, 150px\" \/><\/a><\/p>\n<p style=\"text-align: center;\"><strong>K\u00e1tia Lima<\/strong><\/p>\n<p>Ol\u00e1, sou K\u00e1tia Lima, vegetariana h\u00e1 quase 1 d\u00e9cada e criei esse livro para compartilhar um pouco da minha jornada no vegetarianismo. Em 2014 me tornei vegetariana por compaix\u00e3o aos animais. Falo para todos que essa foi a melhor escolha da minha vida, pois o vegetarianismo s\u00f3 me trouxe coisas boas. Atrav\u00e9s dele conheci pessoas incr\u00edveis que carrego no cora\u00e7\u00e3o, foram criadas novas oportunidades de mais encontros com a fam\u00edlia, que estava sempre curiosa e disposta a experimentar minhas receitas; e, claro, no que diz respeito a minha sa\u00fade<\/p>\n<h4>Ficha T\u00e9cnica<\/h4>\n<p><strong>Autora<\/strong>: K\u00e1tia Lima<br \/>\n<strong>Edi\u00e7\u00e3o e Diagrama\u00e7\u00e3o<\/strong>: Karla Vidal e Augusto Noronha<br \/>\n<strong>Capa e Projeto Gr\u00e1fico<\/strong>: Karla Vidal<br \/>\n<strong>Fotografias<\/strong>: K\u00e1tia Lima<br \/>\n<strong>Revis\u00e3o<\/strong>: Augusto Noronha<\/p>\n","protected":false},"excerpt":{"rendered":"<p><strong>Comida de verdade: 10 receitas veganas, f\u00e1ceis e gostosas para o dia a dia<\/strong><br \/>\n<em>ePub<\/em><br \/>\nK\u00e1tia Lima<\/p>\n<p><em>Comida de verdade<\/em> \u00e9 o primeiro livro de receitas da autora K\u00e1tia Lima. Cozinheira, neurodivergente e vegetariana, desde 2014 pesquisa e estuda sobre o tema para combinar sabores e criar suas pr\u00f3prias receitas. Como produtora de conte\u00fado, fotografa e compartilha em seu perfil <a href=\"https:\/\/www.instagram.com\/socomesoja\/\" target=\"_blank\" rel=\"noopener\">@socomesoja<\/a> no Instagram, receitas e dicas que considera importantes para o dia a dia das pessoas vegetarianas e veganas. Foi a partir do compartilhamento de conte\u00fado que decidiu escrever seu primeiro livro para que seus leitores pudessem vivenciar a experi\u00eancia libertadora que \u00e9 fazer sua pr\u00f3pria comida. <em>Comida de verdade<\/em> apresenta 10 receitas (+ duas de presente) e muitas dicas para quem tem restri\u00e7\u00f5es alimentares, gosta de descobrir novos sabores e para todos que amam cozinhar e desejam fazer escolhas mais sustent\u00e1veis se alimentando melhor.<\/p>\n<h4>Ficha T\u00e9cnica<\/h4>\n<p>1\u00aa ed.<br \/>\nePub<br \/>\nISBN 978-65-87033-49-5<br \/>\n1. Culin\u00e1ria vegana. 2. Receitas. I. Lima, K\u00e1tia. II. T\u00edtulo.<\/p>\n","protected":false},"featured_media":11910,"comment_status":"open","ping_status":"closed","template":"","meta":{"jetpack_post_was_ever_published":false,"jetpack_publicize_message":"","jetpack_publicize_feature_enabled":true,"jetpack_social_post_already_shared":true,"jetpack_social_options":{"image_generator_settings":{"template":"highway","default_image_id":0,"font":"","enabled":false},"version":2}},"product_brand":[],"product_cat":[34,19],"product_tag":[],"class_list":{"0":"post-11904","1":"product","2":"type-product","3":"status-publish","4":"has-post-thumbnail","6":"product_cat-sem-categoria","7":"product_cat-livros-digitais","9":"first","10":"instock","11":"sold-individually","12":"shipping-taxable","13":"product-type-external"},"yoast_head":"<!-- This site is optimized with the Yoast SEO plugin v27.1.1 - https:\/\/yoast.com\/product\/yoast-seo-wordpress\/ -->\n<title>Comida de verdade<\/title>\n<meta name=\"description\" content=\"10 receitas veganas e muitas dicas para quem tem restri\u00e7\u00f5es alimentares e para quem deseja fazer escolhas mais sustent\u00e1veis se alimentando melhor.\" \/>\n<meta name=\"robots\" content=\"index, follow, max-snippet:-1, max-image-preview:large, max-video-preview:-1\" \/>\n<link rel=\"canonical\" href=\"https:\/\/www.pipacomunica.com.br\/livrariadapipa\/produto\/comida-de-verdade\/\" \/>\n<meta property=\"og:locale\" content=\"pt_BR\" \/>\n<meta property=\"og:type\" content=\"article\" \/>\n<meta property=\"og:title\" content=\"Comida de verdade\" \/>\n<meta property=\"og:description\" content=\"10 receitas veganas e muitas dicas para quem tem restri\u00e7\u00f5es alimentares e para quem deseja fazer escolhas mais sustent\u00e1veis se alimentando melhor.\" \/>\n<meta property=\"og:url\" content=\"https:\/\/www.pipacomunica.com.br\/livrariadapipa\/produto\/comida-de-verdade\/\" \/>\n<meta property=\"og:site_name\" content=\"Livraria da Pipa Comunica\u00e7\u00e3o\" \/>\n<meta property=\"article:publisher\" content=\"https:\/\/www.facebook.com\/pipacomunica\" \/>\n<meta property=\"article:modified_time\" content=\"2023-12-29T01:32:57+00:00\" \/>\n<meta property=\"og:image\" content=\"https:\/\/www.pipacomunica.com.br\/livrariadapipa\/wp-content\/uploads\/2023\/01\/thumb-comida-de-verdade.jpg\" \/>\n\t<meta property=\"og:image:width\" content=\"870\" \/>\n\t<meta property=\"og:image:height\" content=\"452\" \/>\n\t<meta property=\"og:image:type\" content=\"image\/jpeg\" \/>\n<meta name=\"twitter:card\" content=\"summary_large_image\" \/>\n<meta name=\"twitter:title\" content=\"Comida de verdade\" \/>\n<meta name=\"twitter:description\" content=\"10 receitas veganas e muitas dicas para quem tem restri\u00e7\u00f5es alimentares e para quem deseja fazer escolhas mais sustent\u00e1veis se alimentando melhor.\" \/>\n<meta name=\"twitter:image\" content=\"https:\/\/i0.wp.com\/www.pipacomunica.com.br\/livrariadapipa\/wp-content\/uploads\/2023\/01\/thumb-comida-de-verdade.jpg?fit=870%2C452&ssl=1\" \/>\n<meta name=\"twitter:site\" content=\"@PipaComunica\" \/>\n<meta name=\"twitter:label1\" content=\"Est. tempo de leitura\" \/>\n\t<meta name=\"twitter:data1\" content=\"2 minutos\" \/>\n<script type=\"application\/ld+json\" class=\"yoast-schema-graph\">{\"@context\":\"https:\/\/schema.org\",\"@graph\":[{\"@type\":\"WebPage\",\"@id\":\"https:\/\/www.pipacomunica.com.br\/livrariadapipa\/produto\/comida-de-verdade\/\",\"url\":\"https:\/\/www.pipacomunica.com.br\/livrariadapipa\/produto\/comida-de-verdade\/\",\"name\":\"Comida de verdade\",\"isPartOf\":{\"@id\":\"https:\/\/www.pipacomunica.com.br\/livrariadapipa\/#website\"},\"primaryImageOfPage\":{\"@id\":\"https:\/\/www.pipacomunica.com.br\/livrariadapipa\/produto\/comida-de-verdade\/#primaryimage\"},\"image\":{\"@id\":\"https:\/\/www.pipacomunica.com.br\/livrariadapipa\/produto\/comida-de-verdade\/#primaryimage\"},\"thumbnailUrl\":\"https:\/\/i0.wp.com\/www.pipacomunica.com.br\/livrariadapipa\/wp-content\/uploads\/2023\/01\/comida-de-verdade.png?fit=461%2C595&ssl=1\",\"datePublished\":\"2023-01-18T14:41:48+00:00\",\"dateModified\":\"2023-12-29T01:32:57+00:00\",\"description\":\"10 receitas veganas e muitas dicas para quem tem restri\u00e7\u00f5es alimentares e para quem deseja fazer escolhas mais sustent\u00e1veis se alimentando melhor.\",\"breadcrumb\":{\"@id\":\"https:\/\/www.pipacomunica.com.br\/livrariadapipa\/produto\/comida-de-verdade\/#breadcrumb\"},\"inLanguage\":\"pt-BR\",\"potentialAction\":[{\"@type\":\"ReadAction\",\"target\":[\"https:\/\/www.pipacomunica.com.br\/livrariadapipa\/produto\/comida-de-verdade\/\"]}]},{\"@type\":\"ImageObject\",\"inLanguage\":\"pt-BR\",\"@id\":\"https:\/\/www.pipacomunica.com.br\/livrariadapipa\/produto\/comida-de-verdade\/#primaryimage\",\"url\":\"https:\/\/i0.wp.com\/www.pipacomunica.com.br\/livrariadapipa\/wp-content\/uploads\/2023\/01\/comida-de-verdade.png?fit=461%2C595&ssl=1\",\"contentUrl\":\"https:\/\/i0.wp.com\/www.pipacomunica.com.br\/livrariadapipa\/wp-content\/uploads\/2023\/01\/comida-de-verdade.png?fit=461%2C595&ssl=1\",\"width\":461,\"height\":595,\"caption\":\"Comida de Verdade\"},{\"@type\":\"BreadcrumbList\",\"@id\":\"https:\/\/www.pipacomunica.com.br\/livrariadapipa\/produto\/comida-de-verdade\/#breadcrumb\",\"itemListElement\":[{\"@type\":\"ListItem\",\"position\":1,\"name\":\"In\u00edcio\",\"item\":\"https:\/\/www.pipacomunica.com.br\/livrariadapipa\/\"},{\"@type\":\"ListItem\",\"position\":2,\"name\":\"Cat\u00e1logo\",\"item\":\"https:\/\/www.pipacomunica.com.br\/livrariadapipa\/vitrine\/\"},{\"@type\":\"ListItem\",\"position\":3,\"name\":\"Comida de verdade: 10 receitas veganas, f\u00e1ceis e gostosas para o dia a dia\"}]},{\"@type\":\"WebSite\",\"@id\":\"https:\/\/www.pipacomunica.com.br\/livrariadapipa\/#website\",\"url\":\"https:\/\/www.pipacomunica.com.br\/livrariadapipa\/\",\"name\":\"Livraria da Pipa Comunica\u00e7\u00e3o\",\"description\":\"Livros mais baratos que xerox\",\"publisher\":{\"@id\":\"https:\/\/www.pipacomunica.com.br\/livrariadapipa\/#organization\"},\"potentialAction\":[{\"@type\":\"SearchAction\",\"target\":{\"@type\":\"EntryPoint\",\"urlTemplate\":\"https:\/\/www.pipacomunica.com.br\/livrariadapipa\/?s={search_term_string}\"},\"query-input\":{\"@type\":\"PropertyValueSpecification\",\"valueRequired\":true,\"valueName\":\"search_term_string\"}}],\"inLanguage\":\"pt-BR\"},{\"@type\":\"Organization\",\"@id\":\"https:\/\/www.pipacomunica.com.br\/livrariadapipa\/#organization\",\"name\":\"Livraria da Pipa Comunica\u00e7\u00e3o\",\"url\":\"https:\/\/www.pipacomunica.com.br\/livrariadapipa\/\",\"logo\":{\"@type\":\"ImageObject\",\"inLanguage\":\"pt-BR\",\"@id\":\"https:\/\/www.pipacomunica.com.br\/livrariadapipa\/#\/schema\/logo\/image\/\",\"url\":\"https:\/\/i0.wp.com\/www.pipacomunica.com.br\/livrariadapipa\/wp-content\/uploads\/2018\/09\/marca-livraria-pipa-400px-negativo.png?fit=400%2C80&ssl=1\",\"contentUrl\":\"https:\/\/i0.wp.com\/www.pipacomunica.com.br\/livrariadapipa\/wp-content\/uploads\/2018\/09\/marca-livraria-pipa-400px-negativo.png?fit=400%2C80&ssl=1\",\"width\":400,\"height\":80,\"caption\":\"Livraria da Pipa Comunica\u00e7\u00e3o\"},\"image\":{\"@id\":\"https:\/\/www.pipacomunica.com.br\/livrariadapipa\/#\/schema\/logo\/image\/\"},\"sameAs\":[\"https:\/\/www.facebook.com\/pipacomunica\",\"https:\/\/x.com\/PipaComunica\",\"https:\/\/instagram.com\/pipacomunicacao\",\"http:\/\/www.linkedin.com\/companies\/pipa-comunica-o\",\"https:\/\/br.pinterest.com\/pipacomunicacao\/\",\"http:\/\/il.youtube.com\/user\/pipacomunicacao\"]}]}<\/script>\n<!-- \/ Yoast SEO plugin. -->","yoast_head_json":{"title":"Comida de verdade","description":"10 receitas veganas e muitas dicas para quem tem restri\u00e7\u00f5es alimentares e para quem deseja fazer escolhas mais sustent\u00e1veis se alimentando melhor.","robots":{"index":"index","follow":"follow","max-snippet":"max-snippet:-1","max-image-preview":"max-image-preview:large","max-video-preview":"max-video-preview:-1"},"canonical":"https:\/\/www.pipacomunica.com.br\/livrariadapipa\/produto\/comida-de-verdade\/","og_locale":"pt_BR","og_type":"article","og_title":"Comida de verdade","og_description":"10 receitas veganas e muitas dicas para quem tem restri\u00e7\u00f5es alimentares e para quem deseja fazer escolhas mais sustent\u00e1veis se alimentando melhor.","og_url":"https:\/\/www.pipacomunica.com.br\/livrariadapipa\/produto\/comida-de-verdade\/","og_site_name":"Livraria da Pipa Comunica\u00e7\u00e3o","article_publisher":"https:\/\/www.facebook.com\/pipacomunica","article_modified_time":"2023-12-29T01:32:57+00:00","og_image":[{"width":870,"height":452,"url":"https:\/\/www.pipacomunica.com.br\/livrariadapipa\/wp-content\/uploads\/2023\/01\/thumb-comida-de-verdade.jpg","type":"image\/jpeg"}],"twitter_card":"summary_large_image","twitter_title":"Comida de verdade","twitter_description":"10 receitas veganas e muitas dicas para quem tem restri\u00e7\u00f5es alimentares e para quem deseja fazer escolhas mais sustent\u00e1veis se alimentando melhor.","twitter_image":"https:\/\/i0.wp.com\/www.pipacomunica.com.br\/livrariadapipa\/wp-content\/uploads\/2023\/01\/thumb-comida-de-verdade.jpg?fit=870%2C452&ssl=1","twitter_site":"@PipaComunica","twitter_misc":{"Est. tempo de leitura":"2 minutos"},"schema":{"@context":"https:\/\/schema.org","@graph":[{"@type":"WebPage","@id":"https:\/\/www.pipacomunica.com.br\/livrariadapipa\/produto\/comida-de-verdade\/","url":"https:\/\/www.pipacomunica.com.br\/livrariadapipa\/produto\/comida-de-verdade\/","name":"Comida de verdade","isPartOf":{"@id":"https:\/\/www.pipacomunica.com.br\/livrariadapipa\/#website"},"primaryImageOfPage":{"@id":"https:\/\/www.pipacomunica.com.br\/livrariadapipa\/produto\/comida-de-verdade\/#primaryimage"},"image":{"@id":"https:\/\/www.pipacomunica.com.br\/livrariadapipa\/produto\/comida-de-verdade\/#primaryimage"},"thumbnailUrl":"https:\/\/i0.wp.com\/www.pipacomunica.com.br\/livrariadapipa\/wp-content\/uploads\/2023\/01\/comida-de-verdade.png?fit=461%2C595&ssl=1","datePublished":"2023-01-18T14:41:48+00:00","dateModified":"2023-12-29T01:32:57+00:00","description":"10 receitas veganas e muitas dicas para quem tem restri\u00e7\u00f5es alimentares e para quem deseja fazer escolhas mais sustent\u00e1veis se alimentando melhor.","breadcrumb":{"@id":"https:\/\/www.pipacomunica.com.br\/livrariadapipa\/produto\/comida-de-verdade\/#breadcrumb"},"inLanguage":"pt-BR","potentialAction":[{"@type":"ReadAction","target":["https:\/\/www.pipacomunica.com.br\/livrariadapipa\/produto\/comida-de-verdade\/"]}]},{"@type":"ImageObject","inLanguage":"pt-BR","@id":"https:\/\/www.pipacomunica.com.br\/livrariadapipa\/produto\/comida-de-verdade\/#primaryimage","url":"https:\/\/i0.wp.com\/www.pipacomunica.com.br\/livrariadapipa\/wp-content\/uploads\/2023\/01\/comida-de-verdade.png?fit=461%2C595&ssl=1","contentUrl":"https:\/\/i0.wp.com\/www.pipacomunica.com.br\/livrariadapipa\/wp-content\/uploads\/2023\/01\/comida-de-verdade.png?fit=461%2C595&ssl=1","width":461,"height":595,"caption":"Comida de Verdade"},{"@type":"BreadcrumbList","@id":"https:\/\/www.pipacomunica.com.br\/livrariadapipa\/produto\/comida-de-verdade\/#breadcrumb","itemListElement":[{"@type":"ListItem","position":1,"name":"In\u00edcio","item":"https:\/\/www.pipacomunica.com.br\/livrariadapipa\/"},{"@type":"ListItem","position":2,"name":"Cat\u00e1logo","item":"https:\/\/www.pipacomunica.com.br\/livrariadapipa\/vitrine\/"},{"@type":"ListItem","position":3,"name":"Comida de verdade: 10 receitas veganas, f\u00e1ceis e gostosas para o dia a dia"}]},{"@type":"WebSite","@id":"https:\/\/www.pipacomunica.com.br\/livrariadapipa\/#website","url":"https:\/\/www.pipacomunica.com.br\/livrariadapipa\/","name":"Livraria da Pipa Comunica\u00e7\u00e3o","description":"Livros mais baratos que xerox","publisher":{"@id":"https:\/\/www.pipacomunica.com.br\/livrariadapipa\/#organization"},"potentialAction":[{"@type":"SearchAction","target":{"@type":"EntryPoint","urlTemplate":"https:\/\/www.pipacomunica.com.br\/livrariadapipa\/?s={search_term_string}"},"query-input":{"@type":"PropertyValueSpecification","valueRequired":true,"valueName":"search_term_string"}}],"inLanguage":"pt-BR"},{"@type":"Organization","@id":"https:\/\/www.pipacomunica.com.br\/livrariadapipa\/#organization","name":"Livraria da Pipa Comunica\u00e7\u00e3o","url":"https:\/\/www.pipacomunica.com.br\/livrariadapipa\/","logo":{"@type":"ImageObject","inLanguage":"pt-BR","@id":"https:\/\/www.pipacomunica.com.br\/livrariadapipa\/#\/schema\/logo\/image\/","url":"https:\/\/i0.wp.com\/www.pipacomunica.com.br\/livrariadapipa\/wp-content\/uploads\/2018\/09\/marca-livraria-pipa-400px-negativo.png?fit=400%2C80&ssl=1","contentUrl":"https:\/\/i0.wp.com\/www.pipacomunica.com.br\/livrariadapipa\/wp-content\/uploads\/2018\/09\/marca-livraria-pipa-400px-negativo.png?fit=400%2C80&ssl=1","width":400,"height":80,"caption":"Livraria da Pipa Comunica\u00e7\u00e3o"},"image":{"@id":"https:\/\/www.pipacomunica.com.br\/livrariadapipa\/#\/schema\/logo\/image\/"},"sameAs":["https:\/\/www.facebook.com\/pipacomunica","https:\/\/x.com\/PipaComunica","https:\/\/instagram.com\/pipacomunicacao","http:\/\/www.linkedin.com\/companies\/pipa-comunica-o","https:\/\/br.pinterest.com\/pipacomunicacao\/","http:\/\/il.youtube.com\/user\/pipacomunicacao"]}]}},"jetpack_publicize_connections":[],"jetpack_sharing_enabled":true,"_links":{"self":[{"href":"https:\/\/www.pipacomunica.com.br\/livrariadapipa\/wp-json\/wp\/v2\/product\/11904","targetHints":{"allow":["GET"]}}],"collection":[{"href":"https:\/\/www.pipacomunica.com.br\/livrariadapipa\/wp-json\/wp\/v2\/product"}],"about":[{"href":"https:\/\/www.pipacomunica.com.br\/livrariadapipa\/wp-json\/wp\/v2\/types\/product"}],"replies":[{"embeddable":true,"href":"https:\/\/www.pipacomunica.com.br\/livrariadapipa\/wp-json\/wp\/v2\/comments?post=11904"}],"version-history":[{"count":3,"href":"https:\/\/www.pipacomunica.com.br\/livrariadapipa\/wp-json\/wp\/v2\/product\/11904\/revisions"}],"predecessor-version":[{"id":11929,"href":"https:\/\/www.pipacomunica.com.br\/livrariadapipa\/wp-json\/wp\/v2\/product\/11904\/revisions\/11929"}],"wp:featuredmedia":[{"embeddable":true,"href":"https:\/\/www.pipacomunica.com.br\/livrariadapipa\/wp-json\/wp\/v2\/media\/11910"}],"wp:attachment":[{"href":"https:\/\/www.pipacomunica.com.br\/livrariadapipa\/wp-json\/wp\/v2\/media?parent=11904"}],"wp:term":[{"taxonomy":"product_brand","embeddable":true,"href":"https:\/\/www.pipacomunica.com.br\/livrariadapipa\/wp-json\/wp\/v2\/product_brand?post=11904"},{"taxonomy":"product_cat","embeddable":true,"href":"https:\/\/www.pipacomunica.com.br\/livrariadapipa\/wp-json\/wp\/v2\/product_cat?post=11904"},{"taxonomy":"product_tag","embeddable":true,"href":"https:\/\/www.pipacomunica.com.br\/livrariadapipa\/wp-json\/wp\/v2\/product_tag?post=11904"}],"curies":[{"name":"wp","href":"https:\/\/api.w.org\/{rel}","templated":true}]}}