{"id":11792,"date":"2022-10-11T11:41:01","date_gmt":"2022-10-11T14:41:01","guid":{"rendered":"https:\/\/www.pipacomunica.com.br\/livrariadapipa\/?post_type=product&#038;p=11792"},"modified":"2025-05-16T20:23:08","modified_gmt":"2025-05-16T23:23:08","slug":"midia-e-jornalismo-na-escola","status":"publish","type":"product","link":"https:\/\/www.pipacomunica.com.br\/livrariadapipa\/produto\/midia-e-jornalismo-na-escola\/","title":{"rendered":"M\u00eddia e jornalismo na escola"},"content":{"rendered":"<p><strong>M\u00eddia e jornalismo na escola: explorando a criatividade na sala de aula<\/strong><br \/>\n<em>PDF <\/em><br \/>\nMarcio Gon\u00e7alves<\/p>\n<p>Quando o jornalismo \u00e9 trabalhado na escola, n\u00e3o se pretende formar jornalistas. Essa \u00e9 a fun\u00e7\u00e3o da universidade. Mas, as habilidades jornal\u00edsticas podem ser ensinadas ao jovens em idade escolar. A partir disso, \u00e9 poss\u00edvel levar at\u00e9 os estudantes capacidade de an\u00e1lise, interpreta\u00e7\u00e3o e valoriza\u00e7\u00e3o dos fen\u00f4menos sociais para reconhecer o valor da cidadania, da democracia, da pluralidade de ideias, da liberdade, dos direitos humanos, da justi\u00e7a social e do desenvolvimento sustent\u00e1vel.<\/p>\n<p><em>M\u00eddia e jornalismo na escola <\/em>valoriza a educa\u00e7\u00e3o para o uso da informa\u00e7\u00e3o e das m\u00eddias. A obra aborda a natureza do jornalista investigador e como o jornalismo pode ser aplicado no universo escolar. Nas p\u00e1ginas, os leitores tamb\u00e9m v\u00e3o conhecer iniciativas de jornalismo escrito para crian\u00e7as e jovens, al\u00e9m de perceber como o estudante pode desempenhar t\u00e9cnicas de investigador, entendendo como o faro jornal\u00edstico pode despertar para a forma\u00e7\u00e3o de leitores mais cr\u00edticos da informa\u00e7\u00e3o. O livro n\u00e3o fica s\u00f3 na teoria, ele traz ideias de atividades que podem ser usadas pelos professores dentro e fora da sala de aula. \u00c9 ler para aprender colocando a m\u00e3o na m\u00eddia.<\/p>\n<h4>Sobre autor<\/h4>\n<p><a href=\"https:\/\/i0.wp.com\/www.pipacomunica.com.br\/livrariadapipa\/wp-content\/uploads\/2022\/10\/colagem-marcio-goncalves.png?ssl=1\"><img data-recalc-dims=\"1\" fetchpriority=\"high\" decoding=\"async\" class=\"aligncenter size-full wp-image-11794\" src=\"https:\/\/i0.wp.com\/www.pipacomunica.com.br\/livrariadapipa\/wp-content\/uploads\/2022\/10\/colagem-marcio-goncalves.png?resize=250%2C250&#038;ssl=1\" alt=\"Marcio Gon\u00e7alves\" width=\"250\" height=\"250\" srcset=\"https:\/\/i0.wp.com\/www.pipacomunica.com.br\/livrariadapipa\/wp-content\/uploads\/2022\/10\/colagem-marcio-goncalves.png?w=250&amp;ssl=1 250w, https:\/\/i0.wp.com\/www.pipacomunica.com.br\/livrariadapipa\/wp-content\/uploads\/2022\/10\/colagem-marcio-goncalves.png?resize=150%2C150&amp;ssl=1 150w, https:\/\/i0.wp.com\/www.pipacomunica.com.br\/livrariadapipa\/wp-content\/uploads\/2022\/10\/colagem-marcio-goncalves.png?resize=100%2C100&amp;ssl=1 100w\" sizes=\"(max-width: 250px) 100vw, 250px\" \/><\/a><\/p>\n<p><strong>Marcio Gon\u00e7alves<\/strong><\/p>\n<p>Sou Professor com bacharelado em Jornalismo e licenciatura em Comunica\u00e7\u00e3o Social, al\u00e9m de mestrado e doutorado em Ci\u00eancia da Informa\u00e7\u00e3o. Sou Consultor em Tecnologias Educacionais, Facilitador do Programa Educam\u00eddia, Colunista do Jornal da Crian\u00e7a e Organizador da Semana da M\u00eddia na Escola. Sou estudante na segunda gradua\u00e7\u00e3o em Pedagogia pela Universidade do Estado do Rio de Janeiro (UERJ). Sou reconhecido pelo Google como Certified Innovator. Entre outras obras, sou autor do livro-caixinha \u2014 Intelig\u00eancia Digital \u2014, publicado pela Editora Matrix e membro do Conselho Editorial da Pipa Comunica\u00e7\u00e3o.<\/p>\n<h4>V\u00eddeo explicando o processo de edi\u00e7\u00e3o<\/h4>\n<div class=\"su-youtube su-u-responsive-media-yes\"><iframe width=\"600\" height=\"400\" src=\"https:\/\/www.youtube.com\/embed\/VIZfVQw60f4?\" frameborder=\"0\" allowfullscreen allow=\"autoplay; encrypted-media; picture-in-picture\" title=\"\"><\/iframe><\/div>\n<h4>Ficha T\u00e9cnica<\/h4>\n<p><strong>Autor<\/strong>: Marcio Gon\u00e7alves<br \/>\n<strong>Edi\u00e7\u00e3o<\/strong>: Karla Vidal e Augusto Noronha<br \/>\n<strong>Capa e ilustra\u00e7\u00f5es<\/strong>: Karla Vidal<br \/>\n<strong>Projeto Gr\u00e1fico e Diagrama\u00e7\u00e3o<\/strong>: Karla Vidal<br \/>\n<strong>Revis\u00e3o<\/strong>: Augusto Noronha<\/p>\n","protected":false},"excerpt":{"rendered":"<p><strong>M\u00eddia e jornalismo na escola: explorando a criatividade na sala de aula<\/strong><br \/>\n<em>PDF <\/em><br \/>\nMarcio Gon\u00e7alves<\/p>\n<p><em>M\u00eddia e jornalismo na escola <\/em>valoriza a educa\u00e7\u00e3o para o uso da informa\u00e7\u00e3o e das m\u00eddias. A obra aborda a natureza do jornalista investigador e como o jornalismo pode ser aplicado no universo escolar. Nas p\u00e1ginas, os leitores tamb\u00e9m v\u00e3o conhecer iniciativas de jornalismo escrito para crian\u00e7as e jovens, al\u00e9m de perceber como o estudante pode desempenhar t\u00e9cnicas de investigador, entendendo como o faro jornal\u00edstico pode despertar para a forma\u00e7\u00e3o de leitores mais cr\u00edticos da informa\u00e7\u00e3o. O livro n\u00e3o fica s\u00f3 na teoria, ele traz ideias de atividades que podem ser usadas pelos professores dentro e fora da sala de aula. \u00c9 ler para aprender colocando a m\u00e3o na m\u00eddia.<\/p>\n<h4>Ficha T\u00e9cnica<\/h4>\n<p>1\u00aa ed.<br \/>\nPDF<br \/>\n88 p.<br \/>\nISBN 978-65-87033-46-4<br \/>\n1. Educa\u00e7\u00e3o. I. Gon\u00e7alves, Marcio. II. Vidal, Karla (Ilustradora). III. Lopes, Marcelo (Pref\u00e1cio). IV. Apolin\u00e1rio, Carolina (Pref\u00e1cio). V. T\u00edtulo.<\/p>\n","protected":false},"featured_media":11796,"comment_status":"open","ping_status":"closed","template":"","meta":{"jetpack_post_was_ever_published":false,"jetpack_publicize_message":"","jetpack_publicize_feature_enabled":true,"jetpack_social_post_already_shared":true,"jetpack_social_options":{"image_generator_settings":{"template":"highway","default_image_id":0,"font":"","enabled":false},"version":2}},"product_brand":[],"product_cat":[34,19,17],"product_tag":[],"class_list":{"0":"post-11792","1":"product","2":"type-product","3":"status-publish","4":"has-post-thumbnail","6":"product_cat-sem-categoria","7":"product_cat-livros-digitais","8":"product_cat-gratuitos","10":"first","11":"instock","12":"sold-individually","13":"shipping-taxable","14":"product-type-external"},"yoast_head":"<!-- This site is optimized with the Yoast SEO plugin v27.1.1 - https:\/\/yoast.com\/product\/yoast-seo-wordpress\/ -->\n<title>M\u00eddia e jornalismo na escola<\/title>\n<meta name=\"description\" content=\"M\u00eddia e jornalismo na escola aborda a natureza do jornalista investigador e como o jornalismo pode ser aplicado para explorar a criatividade na sala de aula\" \/>\n<meta name=\"robots\" content=\"index, follow, max-snippet:-1, max-image-preview:large, max-video-preview:-1\" \/>\n<link rel=\"canonical\" href=\"https:\/\/www.pipacomunica.com.br\/livrariadapipa\/produto\/midia-e-jornalismo-na-escola\/\" \/>\n<meta property=\"og:locale\" content=\"pt_BR\" \/>\n<meta property=\"og:type\" content=\"article\" \/>\n<meta property=\"og:title\" content=\"M\u00eddia e jornalismo na escola: explorando a criatividade na sala de aula\" \/>\n<meta property=\"og:description\" content=\"M\u00eddia e jornalismo na escola aborda a natureza do jornalista investigador e como o jornalismo pode ser aplicado para explorar a criatividade na sala de aula\" \/>\n<meta property=\"og:url\" content=\"https:\/\/www.pipacomunica.com.br\/livrariadapipa\/produto\/midia-e-jornalismo-na-escola\/\" \/>\n<meta property=\"og:site_name\" content=\"Livraria da Pipa Comunica\u00e7\u00e3o\" \/>\n<meta property=\"article:publisher\" content=\"https:\/\/www.facebook.com\/pipacomunica\" \/>\n<meta property=\"article:modified_time\" content=\"2025-05-16T23:23:08+00:00\" \/>\n<meta property=\"og:image\" content=\"https:\/\/www.pipacomunica.com.br\/livrariadapipa\/wp-content\/uploads\/2022\/10\/thumb-noticia-facebook.png\" \/>\n\t<meta property=\"og:image:width\" content=\"870\" \/>\n\t<meta property=\"og:image:height\" content=\"452\" \/>\n\t<meta property=\"og:image:type\" content=\"image\/png\" \/>\n<meta name=\"twitter:card\" content=\"summary_large_image\" \/>\n<meta name=\"twitter:title\" content=\"M\u00eddia e jornalismo na escola: explorando a criatividade na sala de aula\" \/>\n<meta name=\"twitter:description\" content=\"M\u00eddia e jornalismo na escola aborda a natureza do jornalista investigador e como o jornalismo pode ser aplicado para explorar a criatividade na sala de aula\" \/>\n<meta name=\"twitter:image\" content=\"https:\/\/i0.wp.com\/www.pipacomunica.com.br\/livrariadapipa\/wp-content\/uploads\/2022\/10\/thumb-noticia-facebook.png?fit=870%2C452&ssl=1\" \/>\n<meta name=\"twitter:site\" content=\"@PipaComunica\" \/>\n<meta name=\"twitter:label1\" content=\"Est. tempo de leitura\" \/>\n\t<meta name=\"twitter:data1\" content=\"2 minutos\" \/>\n<script type=\"application\/ld+json\" class=\"yoast-schema-graph\">{\"@context\":\"https:\/\/schema.org\",\"@graph\":[{\"@type\":\"WebPage\",\"@id\":\"https:\/\/www.pipacomunica.com.br\/livrariadapipa\/produto\/midia-e-jornalismo-na-escola\/\",\"url\":\"https:\/\/www.pipacomunica.com.br\/livrariadapipa\/produto\/midia-e-jornalismo-na-escola\/\",\"name\":\"M\u00eddia e jornalismo na escola\",\"isPartOf\":{\"@id\":\"https:\/\/www.pipacomunica.com.br\/livrariadapipa\/#website\"},\"primaryImageOfPage\":{\"@id\":\"https:\/\/www.pipacomunica.com.br\/livrariadapipa\/produto\/midia-e-jornalismo-na-escola\/#primaryimage\"},\"image\":{\"@id\":\"https:\/\/www.pipacomunica.com.br\/livrariadapipa\/produto\/midia-e-jornalismo-na-escola\/#primaryimage\"},\"thumbnailUrl\":\"https:\/\/i0.wp.com\/www.pipacomunica.com.br\/livrariadapipa\/wp-content\/uploads\/2022\/10\/midia-e-jornalismo-na-escola.png?fit=461%2C595&ssl=1\",\"datePublished\":\"2022-10-11T14:41:01+00:00\",\"dateModified\":\"2025-05-16T23:23:08+00:00\",\"description\":\"M\u00eddia e jornalismo na escola aborda a natureza do jornalista investigador e como o jornalismo pode ser aplicado para explorar a criatividade na sala de aula\",\"breadcrumb\":{\"@id\":\"https:\/\/www.pipacomunica.com.br\/livrariadapipa\/produto\/midia-e-jornalismo-na-escola\/#breadcrumb\"},\"inLanguage\":\"pt-BR\",\"potentialAction\":[{\"@type\":\"ReadAction\",\"target\":[\"https:\/\/www.pipacomunica.com.br\/livrariadapipa\/produto\/midia-e-jornalismo-na-escola\/\"]}]},{\"@type\":\"ImageObject\",\"inLanguage\":\"pt-BR\",\"@id\":\"https:\/\/www.pipacomunica.com.br\/livrariadapipa\/produto\/midia-e-jornalismo-na-escola\/#primaryimage\",\"url\":\"https:\/\/i0.wp.com\/www.pipacomunica.com.br\/livrariadapipa\/wp-content\/uploads\/2022\/10\/midia-e-jornalismo-na-escola.png?fit=461%2C595&ssl=1\",\"contentUrl\":\"https:\/\/i0.wp.com\/www.pipacomunica.com.br\/livrariadapipa\/wp-content\/uploads\/2022\/10\/midia-e-jornalismo-na-escola.png?fit=461%2C595&ssl=1\",\"width\":461,\"height\":595,\"caption\":\"M\u00eddia e jornalismo na escola: explorando a criatividade na sala de aula\"},{\"@type\":\"BreadcrumbList\",\"@id\":\"https:\/\/www.pipacomunica.com.br\/livrariadapipa\/produto\/midia-e-jornalismo-na-escola\/#breadcrumb\",\"itemListElement\":[{\"@type\":\"ListItem\",\"position\":1,\"name\":\"In\u00edcio\",\"item\":\"https:\/\/www.pipacomunica.com.br\/livrariadapipa\/\"},{\"@type\":\"ListItem\",\"position\":2,\"name\":\"Cat\u00e1logo\",\"item\":\"https:\/\/www.pipacomunica.com.br\/livrariadapipa\/vitrine\/\"},{\"@type\":\"ListItem\",\"position\":3,\"name\":\"M\u00eddia e jornalismo na escola\"}]},{\"@type\":\"WebSite\",\"@id\":\"https:\/\/www.pipacomunica.com.br\/livrariadapipa\/#website\",\"url\":\"https:\/\/www.pipacomunica.com.br\/livrariadapipa\/\",\"name\":\"Livraria da Pipa Comunica\u00e7\u00e3o\",\"description\":\"Livros mais baratos que xerox\",\"publisher\":{\"@id\":\"https:\/\/www.pipacomunica.com.br\/livrariadapipa\/#organization\"},\"potentialAction\":[{\"@type\":\"SearchAction\",\"target\":{\"@type\":\"EntryPoint\",\"urlTemplate\":\"https:\/\/www.pipacomunica.com.br\/livrariadapipa\/?s={search_term_string}\"},\"query-input\":{\"@type\":\"PropertyValueSpecification\",\"valueRequired\":true,\"valueName\":\"search_term_string\"}}],\"inLanguage\":\"pt-BR\"},{\"@type\":\"Organization\",\"@id\":\"https:\/\/www.pipacomunica.com.br\/livrariadapipa\/#organization\",\"name\":\"Livraria da Pipa Comunica\u00e7\u00e3o\",\"url\":\"https:\/\/www.pipacomunica.com.br\/livrariadapipa\/\",\"logo\":{\"@type\":\"ImageObject\",\"inLanguage\":\"pt-BR\",\"@id\":\"https:\/\/www.pipacomunica.com.br\/livrariadapipa\/#\/schema\/logo\/image\/\",\"url\":\"https:\/\/i0.wp.com\/www.pipacomunica.com.br\/livrariadapipa\/wp-content\/uploads\/2018\/09\/marca-livraria-pipa-400px-negativo.png?fit=400%2C80&ssl=1\",\"contentUrl\":\"https:\/\/i0.wp.com\/www.pipacomunica.com.br\/livrariadapipa\/wp-content\/uploads\/2018\/09\/marca-livraria-pipa-400px-negativo.png?fit=400%2C80&ssl=1\",\"width\":400,\"height\":80,\"caption\":\"Livraria da Pipa Comunica\u00e7\u00e3o\"},\"image\":{\"@id\":\"https:\/\/www.pipacomunica.com.br\/livrariadapipa\/#\/schema\/logo\/image\/\"},\"sameAs\":[\"https:\/\/www.facebook.com\/pipacomunica\",\"https:\/\/x.com\/PipaComunica\",\"https:\/\/instagram.com\/pipacomunicacao\",\"http:\/\/www.linkedin.com\/companies\/pipa-comunica-o\",\"https:\/\/br.pinterest.com\/pipacomunicacao\/\",\"http:\/\/il.youtube.com\/user\/pipacomunicacao\"]}]}<\/script>\n<!-- \/ Yoast SEO plugin. -->","yoast_head_json":{"title":"M\u00eddia e jornalismo na escola","description":"M\u00eddia e jornalismo na escola aborda a natureza do jornalista investigador e como o jornalismo pode ser aplicado para explorar a criatividade na sala de aula","robots":{"index":"index","follow":"follow","max-snippet":"max-snippet:-1","max-image-preview":"max-image-preview:large","max-video-preview":"max-video-preview:-1"},"canonical":"https:\/\/www.pipacomunica.com.br\/livrariadapipa\/produto\/midia-e-jornalismo-na-escola\/","og_locale":"pt_BR","og_type":"article","og_title":"M\u00eddia e jornalismo na escola: explorando a criatividade na sala de aula","og_description":"M\u00eddia e jornalismo na escola aborda a natureza do jornalista investigador e como o jornalismo pode ser aplicado para explorar a criatividade na sala de aula","og_url":"https:\/\/www.pipacomunica.com.br\/livrariadapipa\/produto\/midia-e-jornalismo-na-escola\/","og_site_name":"Livraria da Pipa Comunica\u00e7\u00e3o","article_publisher":"https:\/\/www.facebook.com\/pipacomunica","article_modified_time":"2025-05-16T23:23:08+00:00","og_image":[{"width":870,"height":452,"url":"https:\/\/www.pipacomunica.com.br\/livrariadapipa\/wp-content\/uploads\/2022\/10\/thumb-noticia-facebook.png","type":"image\/png"}],"twitter_card":"summary_large_image","twitter_title":"M\u00eddia e jornalismo na escola: explorando a criatividade na sala de aula","twitter_description":"M\u00eddia e jornalismo na escola aborda a natureza do jornalista investigador e como o jornalismo pode ser aplicado para explorar a criatividade na sala de aula","twitter_image":"https:\/\/i0.wp.com\/www.pipacomunica.com.br\/livrariadapipa\/wp-content\/uploads\/2022\/10\/thumb-noticia-facebook.png?fit=870%2C452&ssl=1","twitter_site":"@PipaComunica","twitter_misc":{"Est. tempo de leitura":"2 minutos"},"schema":{"@context":"https:\/\/schema.org","@graph":[{"@type":"WebPage","@id":"https:\/\/www.pipacomunica.com.br\/livrariadapipa\/produto\/midia-e-jornalismo-na-escola\/","url":"https:\/\/www.pipacomunica.com.br\/livrariadapipa\/produto\/midia-e-jornalismo-na-escola\/","name":"M\u00eddia e jornalismo na escola","isPartOf":{"@id":"https:\/\/www.pipacomunica.com.br\/livrariadapipa\/#website"},"primaryImageOfPage":{"@id":"https:\/\/www.pipacomunica.com.br\/livrariadapipa\/produto\/midia-e-jornalismo-na-escola\/#primaryimage"},"image":{"@id":"https:\/\/www.pipacomunica.com.br\/livrariadapipa\/produto\/midia-e-jornalismo-na-escola\/#primaryimage"},"thumbnailUrl":"https:\/\/i0.wp.com\/www.pipacomunica.com.br\/livrariadapipa\/wp-content\/uploads\/2022\/10\/midia-e-jornalismo-na-escola.png?fit=461%2C595&ssl=1","datePublished":"2022-10-11T14:41:01+00:00","dateModified":"2025-05-16T23:23:08+00:00","description":"M\u00eddia e jornalismo na escola aborda a natureza do jornalista investigador e como o jornalismo pode ser aplicado para explorar a criatividade na sala de aula","breadcrumb":{"@id":"https:\/\/www.pipacomunica.com.br\/livrariadapipa\/produto\/midia-e-jornalismo-na-escola\/#breadcrumb"},"inLanguage":"pt-BR","potentialAction":[{"@type":"ReadAction","target":["https:\/\/www.pipacomunica.com.br\/livrariadapipa\/produto\/midia-e-jornalismo-na-escola\/"]}]},{"@type":"ImageObject","inLanguage":"pt-BR","@id":"https:\/\/www.pipacomunica.com.br\/livrariadapipa\/produto\/midia-e-jornalismo-na-escola\/#primaryimage","url":"https:\/\/i0.wp.com\/www.pipacomunica.com.br\/livrariadapipa\/wp-content\/uploads\/2022\/10\/midia-e-jornalismo-na-escola.png?fit=461%2C595&ssl=1","contentUrl":"https:\/\/i0.wp.com\/www.pipacomunica.com.br\/livrariadapipa\/wp-content\/uploads\/2022\/10\/midia-e-jornalismo-na-escola.png?fit=461%2C595&ssl=1","width":461,"height":595,"caption":"M\u00eddia e jornalismo na escola: explorando a criatividade na sala de aula"},{"@type":"BreadcrumbList","@id":"https:\/\/www.pipacomunica.com.br\/livrariadapipa\/produto\/midia-e-jornalismo-na-escola\/#breadcrumb","itemListElement":[{"@type":"ListItem","position":1,"name":"In\u00edcio","item":"https:\/\/www.pipacomunica.com.br\/livrariadapipa\/"},{"@type":"ListItem","position":2,"name":"Cat\u00e1logo","item":"https:\/\/www.pipacomunica.com.br\/livrariadapipa\/vitrine\/"},{"@type":"ListItem","position":3,"name":"M\u00eddia e jornalismo na escola"}]},{"@type":"WebSite","@id":"https:\/\/www.pipacomunica.com.br\/livrariadapipa\/#website","url":"https:\/\/www.pipacomunica.com.br\/livrariadapipa\/","name":"Livraria da Pipa Comunica\u00e7\u00e3o","description":"Livros mais baratos que xerox","publisher":{"@id":"https:\/\/www.pipacomunica.com.br\/livrariadapipa\/#organization"},"potentialAction":[{"@type":"SearchAction","target":{"@type":"EntryPoint","urlTemplate":"https:\/\/www.pipacomunica.com.br\/livrariadapipa\/?s={search_term_string}"},"query-input":{"@type":"PropertyValueSpecification","valueRequired":true,"valueName":"search_term_string"}}],"inLanguage":"pt-BR"},{"@type":"Organization","@id":"https:\/\/www.pipacomunica.com.br\/livrariadapipa\/#organization","name":"Livraria da Pipa Comunica\u00e7\u00e3o","url":"https:\/\/www.pipacomunica.com.br\/livrariadapipa\/","logo":{"@type":"ImageObject","inLanguage":"pt-BR","@id":"https:\/\/www.pipacomunica.com.br\/livrariadapipa\/#\/schema\/logo\/image\/","url":"https:\/\/i0.wp.com\/www.pipacomunica.com.br\/livrariadapipa\/wp-content\/uploads\/2018\/09\/marca-livraria-pipa-400px-negativo.png?fit=400%2C80&ssl=1","contentUrl":"https:\/\/i0.wp.com\/www.pipacomunica.com.br\/livrariadapipa\/wp-content\/uploads\/2018\/09\/marca-livraria-pipa-400px-negativo.png?fit=400%2C80&ssl=1","width":400,"height":80,"caption":"Livraria da Pipa Comunica\u00e7\u00e3o"},"image":{"@id":"https:\/\/www.pipacomunica.com.br\/livrariadapipa\/#\/schema\/logo\/image\/"},"sameAs":["https:\/\/www.facebook.com\/pipacomunica","https:\/\/x.com\/PipaComunica","https:\/\/instagram.com\/pipacomunicacao","http:\/\/www.linkedin.com\/companies\/pipa-comunica-o","https:\/\/br.pinterest.com\/pipacomunicacao\/","http:\/\/il.youtube.com\/user\/pipacomunicacao"]}]}},"jetpack_publicize_connections":[],"jetpack_sharing_enabled":true,"_links":{"self":[{"href":"https:\/\/www.pipacomunica.com.br\/livrariadapipa\/wp-json\/wp\/v2\/product\/11792","targetHints":{"allow":["GET"]}}],"collection":[{"href":"https:\/\/www.pipacomunica.com.br\/livrariadapipa\/wp-json\/wp\/v2\/product"}],"about":[{"href":"https:\/\/www.pipacomunica.com.br\/livrariadapipa\/wp-json\/wp\/v2\/types\/product"}],"replies":[{"embeddable":true,"href":"https:\/\/www.pipacomunica.com.br\/livrariadapipa\/wp-json\/wp\/v2\/comments?post=11792"}],"version-history":[{"count":3,"href":"https:\/\/www.pipacomunica.com.br\/livrariadapipa\/wp-json\/wp\/v2\/product\/11792\/revisions"}],"predecessor-version":[{"id":11820,"href":"https:\/\/www.pipacomunica.com.br\/livrariadapipa\/wp-json\/wp\/v2\/product\/11792\/revisions\/11820"}],"wp:featuredmedia":[{"embeddable":true,"href":"https:\/\/www.pipacomunica.com.br\/livrariadapipa\/wp-json\/wp\/v2\/media\/11796"}],"wp:attachment":[{"href":"https:\/\/www.pipacomunica.com.br\/livrariadapipa\/wp-json\/wp\/v2\/media?parent=11792"}],"wp:term":[{"taxonomy":"product_brand","embeddable":true,"href":"https:\/\/www.pipacomunica.com.br\/livrariadapipa\/wp-json\/wp\/v2\/product_brand?post=11792"},{"taxonomy":"product_cat","embeddable":true,"href":"https:\/\/www.pipacomunica.com.br\/livrariadapipa\/wp-json\/wp\/v2\/product_cat?post=11792"},{"taxonomy":"product_tag","embeddable":true,"href":"https:\/\/www.pipacomunica.com.br\/livrariadapipa\/wp-json\/wp\/v2\/product_tag?post=11792"}],"curies":[{"name":"wp","href":"https:\/\/api.w.org\/{rel}","templated":true}]}}