{"id":1175,"date":"2016-09-24T17:32:17","date_gmt":"2016-09-24T20:32:17","guid":{"rendered":"https:\/\/www.pipacomunica.com.br\/livrariadapipa\/?post_type=product&#038;p=1175"},"modified":"2025-03-08T12:27:50","modified_gmt":"2025-03-08T15:27:50","slug":"educacao-criativa","status":"publish","type":"product","link":"https:\/\/www.pipacomunica.com.br\/livrariadapipa\/produto\/educacao-criativa\/","title":{"rendered":"Educa\u00e7\u00e3o criativa: multiplicando experi\u00eancias para a aprendizagem"},"content":{"rendered":"<p><strong>Educa\u00e7\u00e3o criativa: multiplicando experi\u00eancias para a aprendizagem<\/strong><br \/>\nS\u00e9rie Professor Criativo &#8211; Volume 4 (especial)<br \/>\nLivro Digital \u2014 PDF, EPUB e MOBI<br \/>\nAndr\u00e9 Lu\u00eds Alice Raabe; Alex Sandro Gomes; Ig Ibert Bittencourt; Taciana Pontual (orgs.)<\/p>\n<p>1\u00aa Edi\u00e7\u00e3o. Pipa Comunica\u00e7\u00e3o. 2016.<br \/>\nISBN: 978-85-66530-60-5<br \/>\n472p. : Il., Fig., Quadros. (e-book)<br \/>\n1. Educa\u00e7\u00e3o. 2. Aprendizagem. 3. Criatividade. 4. Inova\u00e7\u00f5es pedag\u00f3gicas.<\/p>\n<h5>Sobre a obra<\/h5>\n<p>O volume especial da S\u00e9rie Professor Criativo surge a partir da <a href=\"http:\/\/pipacomunicacao.blogspot.com.br\/2016\/04\/resultado-final-da-chamada-publica-de.html\" target=\"_blank\" rel=\"noopener\">sele\u00e7\u00e3o de 14 textos<\/a> realizada atrav\u00e9s de <a href=\"https:\/\/www.pipacomunica.com.br\/professorcriativo\/chamada-para-capitulos\/\" target=\"_blank\" rel=\"noopener\">chamada p\u00fablica<\/a> lan\u00e7ada em setembro de 2015 pelos organizadores e editores da s\u00e9rie. O edital marca o desejo dos editores de fazer desta iniciativa de forma\u00e7\u00e3o um espa\u00e7o aberto \u00e0 participa\u00e7\u00e3o de professores desbravadores que desejam transformar a educa\u00e7\u00e3o atrav\u00e9s do compartilhamento de experi\u00eancias de aprendizagem cada vez mais criativas.<\/p>\n<h5>Vai referenciar? Saiba como!<\/h5>\n<p>RAABE, A. L. A. et al. Educa\u00e7\u00e3o criativa: multiplicando experi\u00eancias para a aprendizagem. Recife: Pipa Comunica\u00e7\u00e3o, 2016. 470p. (S\u00e9rie professor criativo, IV).<\/p>\n<h5>Assista ao v\u00eddeo de lan\u00e7amento<\/h5>\n<div class=\"su-youtube su-u-responsive-media-yes\"><iframe width=\"600\" height=\"400\" src=\"https:\/\/www.youtube.com\/embed\/wWLbtJ0U6hs?\" frameborder=\"0\" allowfullscreen allow=\"autoplay; encrypted-media; picture-in-picture\" title=\"\"><\/iframe><\/div>\n<h5>FICHA T\u00c9CNICA<\/h5>\n<p>Concep\u00e7\u00e3o de capa e Projeto Gr\u00e1fico: <a href=\"http:\/\/www.karlavidal.com.br\" target=\"_blank\" rel=\"noopener\">Karla Vidal <\/a><br \/>\nDiagrama\u00e7\u00e3o: Augusto Noronha e Karla Vidal<br \/>\nRevis\u00e3o: Os autores<br \/>\nEdi\u00e7\u00e3o: Pipa Comunica\u00e7\u00e3o &#8211; <a href=\"https:\/\/www.pipacomunica.com.br\" target=\"_blank\" rel=\"noopener\">https:\/\/www.pipacomunica.com.br<\/a>.<\/p>\n","protected":false},"excerpt":{"rendered":"<p><strong>Educa\u00e7\u00e3o criativa: multiplicando experi\u00eancias para a aprendizagem<\/strong><br \/>\nS\u00e9rie Professor Criativo &#8211; Volume 4 (especial)<br \/>\nLivro Digital \u2014 PDF, EPUB e MOBI<br \/>\nAndr\u00e9 Lu\u00eds Alice Raabe; Alex Sandro Gomes; Ig Ibert Bittencourt; Taciana Pontual (orgs.)<\/p>\n<p>O volume especial da S\u00e9rie Professor Criativo surge a partir da <a href=\"http:\/\/pipacomunicacao.blogspot.com.br\/2016\/04\/resultado-final-da-chamada-publica-de.html\" target=\"_blank\" rel=\"noopener\">sele\u00e7\u00e3o de 14 textos<\/a> realizada atrav\u00e9s de <a href=\"https:\/\/www.pipacomunica.com.br\/professorcriativo\/chamada-para-capitulos\/\" target=\"_blank\" rel=\"noopener\">chamada p\u00fablica<\/a> lan\u00e7ada em setembro de 2015 pelos organizadores e editores da s\u00e9rie. O edital marca o desejo dos editores de fazer desta iniciativa de forma\u00e7\u00e3o um espa\u00e7o aberto \u00e0 participa\u00e7\u00e3o de professores desbravadores que desejam transformar a educa\u00e7\u00e3o atrav\u00e9s do compartilhamento de experi\u00eancias de aprendizagem cada vez mais criativas.<\/p>\n<ul>\n<li>Leitura Online no ISSUU: <a href=\"https:\/\/goo.gl\/nftUPr\" target=\"_blank\" rel=\"noopener\">https:\/\/goo.gl\/nftUPr<\/a><\/li>\n<li>PDF: <a href=\"https:\/\/goo.gl\/LrDfB8\" target=\"_blank\" rel=\"noopener\">https:\/\/goo.gl\/LrDfB8 <\/a>ou via <a href=\"https:\/\/www.dropbox.com\/s\/vki7gr7wsp9zhne\/educacao-criativa-volume4-SPC.pdf?dl=0\">Dropbox<\/a> (6.2 MB)<\/li>\n<li>EPUB: <a href=\"https:\/\/goo.gl\/rhPyW6\" target=\"_blank\" rel=\"noopener\">https:\/\/goo.gl\/rhPyW6<\/a> ou via <a href=\"https:\/\/www.dropbox.com\/s\/6tag94qnvthigqf\/educacao-criativa-volume4-SPC.epub?dl=0\">Dropbox<\/a>\u00a0(17 MB)<\/li>\n<li>MOBI:\u00a0<a href=\"https:\/\/goo.gl\/lhqAAY\" target=\"_blank\" rel=\"noopener\">https:\/\/goo.gl\/lhqAAY<\/a> ou via <a href=\"https:\/\/www.dropbox.com\/s\/h6xse30obbmwg9v\/educacao-criativa-volume4-SPC.mobi?dl=0\">Dropbox<\/a> (7.8 MB)<\/li>\n<\/ul>\n<h5>Vai referenciar? Saiba como:<\/h5>\n<p>RAABE, A. L. A. et al. Educa\u00e7\u00e3o criativa: multiplicando experi\u00eancias para a aprendizagem. Recife: Pipa Comunica\u00e7\u00e3o, 2016. 470p. (S\u00e9rie professor criativo, IV).<\/p>\n<h5>FICHA T\u00c9CNICA<\/h5>\n<p>Concep\u00e7\u00e3o de capa e Projeto Gr\u00e1fico: <a href=\"http:\/\/www.karlavidal.com.br\" target=\"_blank\" rel=\"noopener\">Karla Vidal <\/a><br \/>\nDiagrama\u00e7\u00e3o: Augusto Noronha e Karla Vidal<br \/>\nRevis\u00e3o: Os autores<br \/>\nEdi\u00e7\u00e3o: Pipa Comunica\u00e7\u00e3o &#8211; <a href=\"https:\/\/www.pipacomunica.com.br\" target=\"_blank\" rel=\"noopener\">https:\/\/www.pipacomunica.com.br<\/a>.<\/p>\n","protected":false},"featured_media":1180,"comment_status":"open","ping_status":"closed","template":"","meta":{"jetpack_post_was_ever_published":false,"jetpack_publicize_message":"","jetpack_publicize_feature_enabled":true,"jetpack_social_post_already_shared":false,"jetpack_social_options":{"image_generator_settings":{"template":"highway","default_image_id":0,"font":"","enabled":false},"version":2}},"product_brand":[],"product_cat":[34,17,20],"product_tag":[],"class_list":{"0":"post-1175","1":"product","2":"type-product","3":"status-publish","4":"has-post-thumbnail","6":"product_cat-sem-categoria","7":"product_cat-gratuitos","8":"product_cat-serie-professor-criativo","10":"first","11":"instock","12":"shipping-taxable","13":"product-type-external"},"yoast_head":"<!-- This site is optimized with the Yoast SEO plugin v27.1.1 - https:\/\/yoast.com\/product\/yoast-seo-wordpress\/ -->\n<title>Educa\u00e7\u00e3o criativa: multiplicando experi\u00eancias para a aprendizagem<\/title>\n<meta name=\"description\" content=\"O volume especial da S\u00e9rie Professor Criativo re\u00fane m\u00faltiplas experi\u00eancias criativas de professores brasileiros e portugueses para inspirar educadores.\" \/>\n<meta name=\"robots\" content=\"index, follow, max-snippet:-1, max-image-preview:large, max-video-preview:-1\" \/>\n<link rel=\"canonical\" href=\"https:\/\/www.pipacomunica.com.br\/livrariadapipa\/produto\/educacao-criativa\/\" \/>\n<meta property=\"og:locale\" content=\"pt_BR\" \/>\n<meta property=\"og:type\" content=\"article\" \/>\n<meta property=\"og:title\" content=\"Educa\u00e7\u00e3o criativa: multiplicando experi\u00eancias para a aprendizagem\" \/>\n<meta property=\"og:description\" content=\"O volume especial da S\u00e9rie Professor Criativo re\u00fane m\u00faltiplas experi\u00eancias criativas de professores brasileiros e portugueses para inspirar educadores.\" \/>\n<meta property=\"og:url\" content=\"https:\/\/www.pipacomunica.com.br\/livrariadapipa\/produto\/educacao-criativa\/\" \/>\n<meta property=\"og:site_name\" content=\"Livraria da Pipa Comunica\u00e7\u00e3o\" \/>\n<meta property=\"article:publisher\" content=\"https:\/\/www.facebook.com\/pipacomunica\" \/>\n<meta property=\"article:modified_time\" content=\"2025-03-08T15:27:50+00:00\" \/>\n<meta property=\"og:image\" content=\"https:\/\/www.pipacomunica.com.br\/livrariadapipa\/wp-content\/uploads\/2016\/09\/thum-educacao-criativa.png\" \/>\n\t<meta property=\"og:image:width\" content=\"870\" \/>\n\t<meta property=\"og:image:height\" content=\"452\" \/>\n\t<meta property=\"og:image:type\" content=\"image\/png\" \/>\n<meta name=\"twitter:card\" content=\"summary_large_image\" \/>\n<meta name=\"twitter:title\" content=\"Educa\u00e7\u00e3o criativa: multiplicando experi\u00eancias para a aprendizagem\" \/>\n<meta name=\"twitter:description\" content=\"O volume especial da S\u00e9rie Professor Criativo re\u00fane m\u00faltiplas experi\u00eancias criativas de professores brasileiros e portugueses para inspirar educadores.\" \/>\n<meta name=\"twitter:image\" content=\"https:\/\/i0.wp.com\/www.pipacomunica.com.br\/livrariadapipa\/wp-content\/uploads\/2016\/09\/thum-educacao-criativa.png?fit=870%2C452&ssl=1\" \/>\n<meta name=\"twitter:site\" content=\"@PipaComunica\" \/>\n<meta name=\"twitter:label1\" content=\"Est. tempo de leitura\" \/>\n\t<meta name=\"twitter:data1\" content=\"1 minuto\" \/>\n<script type=\"application\/ld+json\" class=\"yoast-schema-graph\">{\"@context\":\"https:\/\/schema.org\",\"@graph\":[{\"@type\":\"WebPage\",\"@id\":\"https:\/\/www.pipacomunica.com.br\/livrariadapipa\/produto\/educacao-criativa\/\",\"url\":\"https:\/\/www.pipacomunica.com.br\/livrariadapipa\/produto\/educacao-criativa\/\",\"name\":\"Educa\u00e7\u00e3o criativa: multiplicando experi\u00eancias para a aprendizagem\",\"isPartOf\":{\"@id\":\"https:\/\/www.pipacomunica.com.br\/livrariadapipa\/#website\"},\"primaryImageOfPage\":{\"@id\":\"https:\/\/www.pipacomunica.com.br\/livrariadapipa\/produto\/educacao-criativa\/#primaryimage\"},\"image\":{\"@id\":\"https:\/\/www.pipacomunica.com.br\/livrariadapipa\/produto\/educacao-criativa\/#primaryimage\"},\"thumbnailUrl\":\"https:\/\/i0.wp.com\/www.pipacomunica.com.br\/livrariadapipa\/wp-content\/uploads\/2016\/09\/ebook-educacao-criativa.jpg?fit=461%2C595&ssl=1\",\"datePublished\":\"2016-09-24T20:32:17+00:00\",\"dateModified\":\"2025-03-08T15:27:50+00:00\",\"description\":\"O volume especial da S\u00e9rie Professor Criativo re\u00fane m\u00faltiplas experi\u00eancias criativas de professores brasileiros e portugueses para inspirar educadores.\",\"breadcrumb\":{\"@id\":\"https:\/\/www.pipacomunica.com.br\/livrariadapipa\/produto\/educacao-criativa\/#breadcrumb\"},\"inLanguage\":\"pt-BR\",\"potentialAction\":[{\"@type\":\"ReadAction\",\"target\":[\"https:\/\/www.pipacomunica.com.br\/livrariadapipa\/produto\/educacao-criativa\/\"]}]},{\"@type\":\"ImageObject\",\"inLanguage\":\"pt-BR\",\"@id\":\"https:\/\/www.pipacomunica.com.br\/livrariadapipa\/produto\/educacao-criativa\/#primaryimage\",\"url\":\"https:\/\/i0.wp.com\/www.pipacomunica.com.br\/livrariadapipa\/wp-content\/uploads\/2016\/09\/ebook-educacao-criativa.jpg?fit=461%2C595&ssl=1\",\"contentUrl\":\"https:\/\/i0.wp.com\/www.pipacomunica.com.br\/livrariadapipa\/wp-content\/uploads\/2016\/09\/ebook-educacao-criativa.jpg?fit=461%2C595&ssl=1\",\"width\":461,\"height\":595,\"caption\":\"Educa\u00e7\u00e3o criativa: multiplicando experi\u00eancias para a aprendizagem\"},{\"@type\":\"BreadcrumbList\",\"@id\":\"https:\/\/www.pipacomunica.com.br\/livrariadapipa\/produto\/educacao-criativa\/#breadcrumb\",\"itemListElement\":[{\"@type\":\"ListItem\",\"position\":1,\"name\":\"In\u00edcio\",\"item\":\"https:\/\/www.pipacomunica.com.br\/livrariadapipa\/\"},{\"@type\":\"ListItem\",\"position\":2,\"name\":\"Cat\u00e1logo\",\"item\":\"https:\/\/www.pipacomunica.com.br\/livrariadapipa\/vitrine\/\"},{\"@type\":\"ListItem\",\"position\":3,\"name\":\"Educa\u00e7\u00e3o criativa: multiplicando experi\u00eancias para a aprendizagem\"}]},{\"@type\":\"WebSite\",\"@id\":\"https:\/\/www.pipacomunica.com.br\/livrariadapipa\/#website\",\"url\":\"https:\/\/www.pipacomunica.com.br\/livrariadapipa\/\",\"name\":\"Livraria da Pipa Comunica\u00e7\u00e3o\",\"description\":\"Livros mais baratos que xerox\",\"publisher\":{\"@id\":\"https:\/\/www.pipacomunica.com.br\/livrariadapipa\/#organization\"},\"potentialAction\":[{\"@type\":\"SearchAction\",\"target\":{\"@type\":\"EntryPoint\",\"urlTemplate\":\"https:\/\/www.pipacomunica.com.br\/livrariadapipa\/?s={search_term_string}\"},\"query-input\":{\"@type\":\"PropertyValueSpecification\",\"valueRequired\":true,\"valueName\":\"search_term_string\"}}],\"inLanguage\":\"pt-BR\"},{\"@type\":\"Organization\",\"@id\":\"https:\/\/www.pipacomunica.com.br\/livrariadapipa\/#organization\",\"name\":\"Livraria da Pipa Comunica\u00e7\u00e3o\",\"url\":\"https:\/\/www.pipacomunica.com.br\/livrariadapipa\/\",\"logo\":{\"@type\":\"ImageObject\",\"inLanguage\":\"pt-BR\",\"@id\":\"https:\/\/www.pipacomunica.com.br\/livrariadapipa\/#\/schema\/logo\/image\/\",\"url\":\"https:\/\/i0.wp.com\/www.pipacomunica.com.br\/livrariadapipa\/wp-content\/uploads\/2018\/09\/marca-livraria-pipa-400px-negativo.png?fit=400%2C80&ssl=1\",\"contentUrl\":\"https:\/\/i0.wp.com\/www.pipacomunica.com.br\/livrariadapipa\/wp-content\/uploads\/2018\/09\/marca-livraria-pipa-400px-negativo.png?fit=400%2C80&ssl=1\",\"width\":400,\"height\":80,\"caption\":\"Livraria da Pipa Comunica\u00e7\u00e3o\"},\"image\":{\"@id\":\"https:\/\/www.pipacomunica.com.br\/livrariadapipa\/#\/schema\/logo\/image\/\"},\"sameAs\":[\"https:\/\/www.facebook.com\/pipacomunica\",\"https:\/\/x.com\/PipaComunica\",\"https:\/\/instagram.com\/pipacomunicacao\",\"http:\/\/www.linkedin.com\/companies\/pipa-comunica-o\",\"https:\/\/br.pinterest.com\/pipacomunicacao\/\",\"http:\/\/il.youtube.com\/user\/pipacomunicacao\"]}]}<\/script>\n<!-- \/ Yoast SEO plugin. -->","yoast_head_json":{"title":"Educa\u00e7\u00e3o criativa: multiplicando experi\u00eancias para a aprendizagem","description":"O volume especial da S\u00e9rie Professor Criativo re\u00fane m\u00faltiplas experi\u00eancias criativas de professores brasileiros e portugueses para inspirar educadores.","robots":{"index":"index","follow":"follow","max-snippet":"max-snippet:-1","max-image-preview":"max-image-preview:large","max-video-preview":"max-video-preview:-1"},"canonical":"https:\/\/www.pipacomunica.com.br\/livrariadapipa\/produto\/educacao-criativa\/","og_locale":"pt_BR","og_type":"article","og_title":"Educa\u00e7\u00e3o criativa: multiplicando experi\u00eancias para a aprendizagem","og_description":"O volume especial da S\u00e9rie Professor Criativo re\u00fane m\u00faltiplas experi\u00eancias criativas de professores brasileiros e portugueses para inspirar educadores.","og_url":"https:\/\/www.pipacomunica.com.br\/livrariadapipa\/produto\/educacao-criativa\/","og_site_name":"Livraria da Pipa Comunica\u00e7\u00e3o","article_publisher":"https:\/\/www.facebook.com\/pipacomunica","article_modified_time":"2025-03-08T15:27:50+00:00","og_image":[{"width":870,"height":452,"url":"https:\/\/www.pipacomunica.com.br\/livrariadapipa\/wp-content\/uploads\/2016\/09\/thum-educacao-criativa.png","type":"image\/png"}],"twitter_card":"summary_large_image","twitter_title":"Educa\u00e7\u00e3o criativa: multiplicando experi\u00eancias para a aprendizagem","twitter_description":"O volume especial da S\u00e9rie Professor Criativo re\u00fane m\u00faltiplas experi\u00eancias criativas de professores brasileiros e portugueses para inspirar educadores.","twitter_image":"https:\/\/i0.wp.com\/www.pipacomunica.com.br\/livrariadapipa\/wp-content\/uploads\/2016\/09\/thum-educacao-criativa.png?fit=870%2C452&ssl=1","twitter_site":"@PipaComunica","twitter_misc":{"Est. tempo de leitura":"1 minuto"},"schema":{"@context":"https:\/\/schema.org","@graph":[{"@type":"WebPage","@id":"https:\/\/www.pipacomunica.com.br\/livrariadapipa\/produto\/educacao-criativa\/","url":"https:\/\/www.pipacomunica.com.br\/livrariadapipa\/produto\/educacao-criativa\/","name":"Educa\u00e7\u00e3o criativa: multiplicando experi\u00eancias para a aprendizagem","isPartOf":{"@id":"https:\/\/www.pipacomunica.com.br\/livrariadapipa\/#website"},"primaryImageOfPage":{"@id":"https:\/\/www.pipacomunica.com.br\/livrariadapipa\/produto\/educacao-criativa\/#primaryimage"},"image":{"@id":"https:\/\/www.pipacomunica.com.br\/livrariadapipa\/produto\/educacao-criativa\/#primaryimage"},"thumbnailUrl":"https:\/\/i0.wp.com\/www.pipacomunica.com.br\/livrariadapipa\/wp-content\/uploads\/2016\/09\/ebook-educacao-criativa.jpg?fit=461%2C595&ssl=1","datePublished":"2016-09-24T20:32:17+00:00","dateModified":"2025-03-08T15:27:50+00:00","description":"O volume especial da S\u00e9rie Professor Criativo re\u00fane m\u00faltiplas experi\u00eancias criativas de professores brasileiros e portugueses para inspirar educadores.","breadcrumb":{"@id":"https:\/\/www.pipacomunica.com.br\/livrariadapipa\/produto\/educacao-criativa\/#breadcrumb"},"inLanguage":"pt-BR","potentialAction":[{"@type":"ReadAction","target":["https:\/\/www.pipacomunica.com.br\/livrariadapipa\/produto\/educacao-criativa\/"]}]},{"@type":"ImageObject","inLanguage":"pt-BR","@id":"https:\/\/www.pipacomunica.com.br\/livrariadapipa\/produto\/educacao-criativa\/#primaryimage","url":"https:\/\/i0.wp.com\/www.pipacomunica.com.br\/livrariadapipa\/wp-content\/uploads\/2016\/09\/ebook-educacao-criativa.jpg?fit=461%2C595&ssl=1","contentUrl":"https:\/\/i0.wp.com\/www.pipacomunica.com.br\/livrariadapipa\/wp-content\/uploads\/2016\/09\/ebook-educacao-criativa.jpg?fit=461%2C595&ssl=1","width":461,"height":595,"caption":"Educa\u00e7\u00e3o criativa: multiplicando experi\u00eancias para a aprendizagem"},{"@type":"BreadcrumbList","@id":"https:\/\/www.pipacomunica.com.br\/livrariadapipa\/produto\/educacao-criativa\/#breadcrumb","itemListElement":[{"@type":"ListItem","position":1,"name":"In\u00edcio","item":"https:\/\/www.pipacomunica.com.br\/livrariadapipa\/"},{"@type":"ListItem","position":2,"name":"Cat\u00e1logo","item":"https:\/\/www.pipacomunica.com.br\/livrariadapipa\/vitrine\/"},{"@type":"ListItem","position":3,"name":"Educa\u00e7\u00e3o criativa: multiplicando experi\u00eancias para a aprendizagem"}]},{"@type":"WebSite","@id":"https:\/\/www.pipacomunica.com.br\/livrariadapipa\/#website","url":"https:\/\/www.pipacomunica.com.br\/livrariadapipa\/","name":"Livraria da Pipa Comunica\u00e7\u00e3o","description":"Livros mais baratos que xerox","publisher":{"@id":"https:\/\/www.pipacomunica.com.br\/livrariadapipa\/#organization"},"potentialAction":[{"@type":"SearchAction","target":{"@type":"EntryPoint","urlTemplate":"https:\/\/www.pipacomunica.com.br\/livrariadapipa\/?s={search_term_string}"},"query-input":{"@type":"PropertyValueSpecification","valueRequired":true,"valueName":"search_term_string"}}],"inLanguage":"pt-BR"},{"@type":"Organization","@id":"https:\/\/www.pipacomunica.com.br\/livrariadapipa\/#organization","name":"Livraria da Pipa Comunica\u00e7\u00e3o","url":"https:\/\/www.pipacomunica.com.br\/livrariadapipa\/","logo":{"@type":"ImageObject","inLanguage":"pt-BR","@id":"https:\/\/www.pipacomunica.com.br\/livrariadapipa\/#\/schema\/logo\/image\/","url":"https:\/\/i0.wp.com\/www.pipacomunica.com.br\/livrariadapipa\/wp-content\/uploads\/2018\/09\/marca-livraria-pipa-400px-negativo.png?fit=400%2C80&ssl=1","contentUrl":"https:\/\/i0.wp.com\/www.pipacomunica.com.br\/livrariadapipa\/wp-content\/uploads\/2018\/09\/marca-livraria-pipa-400px-negativo.png?fit=400%2C80&ssl=1","width":400,"height":80,"caption":"Livraria da Pipa Comunica\u00e7\u00e3o"},"image":{"@id":"https:\/\/www.pipacomunica.com.br\/livrariadapipa\/#\/schema\/logo\/image\/"},"sameAs":["https:\/\/www.facebook.com\/pipacomunica","https:\/\/x.com\/PipaComunica","https:\/\/instagram.com\/pipacomunicacao","http:\/\/www.linkedin.com\/companies\/pipa-comunica-o","https:\/\/br.pinterest.com\/pipacomunicacao\/","http:\/\/il.youtube.com\/user\/pipacomunicacao"]}]}},"jetpack_publicize_connections":[],"jetpack_sharing_enabled":true,"_links":{"self":[{"href":"https:\/\/www.pipacomunica.com.br\/livrariadapipa\/wp-json\/wp\/v2\/product\/1175","targetHints":{"allow":["GET"]}}],"collection":[{"href":"https:\/\/www.pipacomunica.com.br\/livrariadapipa\/wp-json\/wp\/v2\/product"}],"about":[{"href":"https:\/\/www.pipacomunica.com.br\/livrariadapipa\/wp-json\/wp\/v2\/types\/product"}],"replies":[{"embeddable":true,"href":"https:\/\/www.pipacomunica.com.br\/livrariadapipa\/wp-json\/wp\/v2\/comments?post=1175"}],"version-history":[{"count":1,"href":"https:\/\/www.pipacomunica.com.br\/livrariadapipa\/wp-json\/wp\/v2\/product\/1175\/revisions"}],"predecessor-version":[{"id":11867,"href":"https:\/\/www.pipacomunica.com.br\/livrariadapipa\/wp-json\/wp\/v2\/product\/1175\/revisions\/11867"}],"wp:featuredmedia":[{"embeddable":true,"href":"https:\/\/www.pipacomunica.com.br\/livrariadapipa\/wp-json\/wp\/v2\/media\/1180"}],"wp:attachment":[{"href":"https:\/\/www.pipacomunica.com.br\/livrariadapipa\/wp-json\/wp\/v2\/media?parent=1175"}],"wp:term":[{"taxonomy":"product_brand","embeddable":true,"href":"https:\/\/www.pipacomunica.com.br\/livrariadapipa\/wp-json\/wp\/v2\/product_brand?post=1175"},{"taxonomy":"product_cat","embeddable":true,"href":"https:\/\/www.pipacomunica.com.br\/livrariadapipa\/wp-json\/wp\/v2\/product_cat?post=1175"},{"taxonomy":"product_tag","embeddable":true,"href":"https:\/\/www.pipacomunica.com.br\/livrariadapipa\/wp-json\/wp\/v2\/product_tag?post=1175"}],"curies":[{"name":"wp","href":"https:\/\/api.w.org\/{rel}","templated":true}]}}