{"id":11726,"date":"2022-05-17T15:48:19","date_gmt":"2022-05-17T18:48:19","guid":{"rendered":"https:\/\/www.pipacomunica.com.br\/livrariadapipa\/?post_type=product&#038;p=11726"},"modified":"2023-12-28T22:33:44","modified_gmt":"2023-12-29T01:33:44","slug":"formacao-de-professores-novas-tecnologias-inclusao-e-inovacao-na-educacao-profissional","status":"publish","type":"product","link":"https:\/\/www.pipacomunica.com.br\/livrariadapipa\/produto\/formacao-de-professores-novas-tecnologias-inclusao-e-inovacao-na-educacao-profissional\/","title":{"rendered":"Forma\u00e7\u00e3o de professores: novas tecnologias, inclus\u00e3o e inova\u00e7\u00e3o na educa\u00e7\u00e3o profissional"},"content":{"rendered":"<p><strong>Forma\u00e7\u00e3o de professores: novas tecnologias, inclus\u00e3o e inova\u00e7\u00e3o na educa\u00e7\u00e3o profissional<\/strong><br \/>\nAri\u00e1dne Joseane F\u00e9lix Quintela (Organizadora)<br \/>\n<em>PDF<\/em><\/p>\n<p>As pesquisas em \u00e2mbito educacional s\u00e3o desafiadoras e complexas; realizar estudos na \u00e1rea requer acuidade daqueles que enveredam por esse caminho.<\/p>\n<p>O Grupo de Pesquisa em Educa\u00e7\u00e3o a Dist\u00e2ncia (GPED), certificado pelo Instituto Federal de Educa\u00e7\u00e3o, Ci\u00eancia e Tecnologia de Rond\u00f4nia (IFRO), fez essa op\u00e7\u00e3o e concentra as pesquisas em educa\u00e7\u00e3o com \u00eanfase na educa\u00e7\u00e3o a dist\u00e2ncia (EaD) em tr\u00eas linhas: a) Gest\u00e3o, Produ\u00e7\u00e3o e Linguagens: objetiva investigar e aprofundar estudos em gest\u00e3o, produ\u00e7\u00e3o, linguagens, ferramentas e ambientes utilizados nas tecnologias da informa\u00e7\u00e3o e da comunica\u00e7\u00e3o (TICs); b) Metodologia, Forma\u00e7\u00e3o, Curr\u00edculo e Avalia\u00e7\u00e3o: prioriza o estudo de metodologias, modelos de forma\u00e7\u00e3o inicial e continuada docente, curr\u00edculo e avalia\u00e7\u00e3o voltados \u00e0 educa\u00e7\u00e3o a dist\u00e2ncia, bem como a investiga\u00e7\u00e3o de elementos relevantes que legitimem a media\u00e7\u00e3o enquanto princ\u00edpio educativo; c) Tecnologia, Pol\u00edtica, Sociedade e Cultura: estuda a rela\u00e7\u00e3o entre tecnologia, sociedade e cultura, com foco nas discuss\u00f5es ligadas \u00e0 revolu\u00e7\u00e3o tecnol\u00f3gica.<\/p>\n<p>Nesse sentido, as pesquisas do GPED reunidas neste trabalho tratam de temas relacionados \u00e0 forma\u00e7\u00e3o de professores; a perspectiva de abordagem s\u00e3o as novas tecnologias enquanto dispositivos de inclus\u00e3o e inova\u00e7\u00e3o, capazes de impulsionar pol\u00edticas p\u00fablicas na\/para a forma\u00e7\u00e3o de professores.<\/p>\n<h4>Sobre os autores<\/h4>\n<p>&nbsp;<\/p>\n<p><strong>Ari\u00e1dne Joseane F\u00e9lix Quintela.<\/strong> Mestra em Educa\u00e7\u00e3o, p\u00f3s-graduada em Educa\u00e7\u00e3o a Dist\u00e2ncia, Tecnologias na Educa\u00e7\u00e3o, M\u00eddias na Educa\u00e7\u00e3o e Gest\u00e3o Educacional, graduada em Hist\u00f3ria. \u00c9 professora do Instituto Federal de Educa\u00e7\u00e3o, Ci\u00eancia e Tecnologia de Rond\u00f4nia na \u00e1rea de Ci\u00eancias Humanas e Tecnologias no Ensino Presencial e a Dist\u00e2ncia e l\u00edder do Grupo de Pesquisa em Educa\u00e7\u00e3o a Dist\u00e2ncia (GPED). Tem experi\u00eancia na \u00e1rea de Educa\u00e7\u00e3o, com \u00eanfase em Hist\u00f3ria, forma\u00e7\u00e3o continuada de professores, m\u00eddias e tecnologias educacionais, educa\u00e7\u00e3o a dist\u00e2ncia, produ\u00e7\u00e3o de materiais para EaD, educa\u00e7\u00e3o profissional e gest\u00e3o escolar.<\/p>\n<p><strong>Anabela Aparecida Silva Barbosa<\/strong>. Mestra em Educa\u00e7\u00e3o Escolar, p\u00f3s-graduada em Metodologia do Ensino Superior, Psicopedagogia e Gest\u00e3o Escolar e Direito Administrativo, graduada em Pedagogia e Direito. \u00c9 professora do Instituto Federal de Educa\u00e7\u00e3o, Ci\u00eancia e Tecnologia de Rond\u00f4nia. Tem experi\u00eancia na \u00e1rea de Educa\u00e7\u00e3o, com \u00eanfase em forma\u00e7\u00e3o de professores, linguagem, planejamento e administra\u00e7\u00e3o de sistemas escolares e educa\u00e7\u00e3o a dist\u00e2ncia.<\/p>\n<p><strong>Karina Francys de Quadros<\/strong>. Graduada em Comunica\u00e7\u00e3o Social &#8211; Jornalismo, \u00e9 redatora, editora e apresentadora de programas de r\u00e1dio e TV. Tem experi\u00eancia na \u00e1rea da Educa\u00e7\u00e3o com \u00eanfase em t\u00e9cnicas de jornalismo e de apresenta\u00e7\u00e3o em cursos de forma\u00e7\u00e3o para professores que atuam na educa\u00e7\u00e3o a dist\u00e2ncia do Instituto Federal de Educa\u00e7\u00e3o, Ci\u00eancia e Tecnologia de Rond\u00f4nia.<\/p>\n<p><strong>Rafael Nink de Carvalho<\/strong>. Mestre em Matem\u00e1tica, p\u00f3s-graduado em M\u00eddias em Educa\u00e7\u00e3o, Tecnologias em Educa\u00e7\u00e3o, Metodologia do Ensino Superior e Educa\u00e7\u00e3o Matem\u00e1tica, graduado em Sistemas de Informa\u00e7\u00e3o e Matem\u00e1tica. \u00c9 professor do Instituto Federal de Educa\u00e7\u00e3o, Ci\u00eancia e Tecnologia de Rond\u00f4nia. Tem experi\u00eancia na na \u00e1rea de Educa\u00e7\u00e3o, com \u00eanfase em ensino-aprendizagem e tecnologias educacionais.<\/p>\n<p><strong>S\u00f4nia Carla Gravena C\u00e2ndido da Silva<\/strong>. Mestre em Educa\u00e7\u00e3o, p\u00f3s-graduada em Psicopedagogia e Gest\u00e3o Escolar e M\u00eddias na Educa\u00e7\u00e3o, graduada em Pedagogia. Atualmente, \u00e9 supervisora pedag\u00f3gica do Instituto Federal de Educa\u00e7\u00e3o, Ci\u00eancia e Tecnologia de Rond\u00f4nia e pesquisadora do GPED. Tem experi\u00eancia na \u00e1rea de educa\u00e7\u00e3o b\u00e1sica, t\u00e9cnica e tecnol\u00f3gica e educa\u00e7\u00e3o a dist\u00e2ncia, com \u00eanfase em educa\u00e7\u00e3o especial, pessoas com necessidades educativas especiais e inclus\u00e3o, identidade profissional, forma\u00e7\u00e3o de professores e tecnologias na educa\u00e7\u00e3o.<\/p>\n","protected":false},"excerpt":{"rendered":"<p><strong>Forma\u00e7\u00e3o de professores: novas tecnologias, inclus\u00e3o e inova\u00e7\u00e3o na educa\u00e7\u00e3o profissional<\/strong><br \/>\nAri\u00e1dne Joseane F\u00e9lix Quintela (Organizadora)<br \/>\n<em>PDF<\/em><\/p>\n<p>As pesquisas reunidas neste ebook abordam as novas tecnologias enquanto dispositivos de inclus\u00e3o e inova\u00e7\u00e3o, capazes de impulsionar pol\u00edticas p\u00fablicas na e para a forma\u00e7\u00e3o de professores. S\u00e3o resultado do trabalho do Grupo de Pesquisa em Educa\u00e7\u00e3o a Dist\u00e2ncia (GPED), certificado pelo Instituto Federal de Educa\u00e7\u00e3o, Ci\u00eancia e Tecnologia de Rond\u00f4nia (IFRO).<\/p>\n","protected":false},"featured_media":11734,"comment_status":"open","ping_status":"closed","template":"","meta":{"jetpack_post_was_ever_published":false,"jetpack_publicize_message":"","jetpack_publicize_feature_enabled":true,"jetpack_social_post_already_shared":true,"jetpack_social_options":{"image_generator_settings":{"template":"highway","default_image_id":0,"font":"","enabled":false},"version":2}},"product_brand":[],"product_cat":[34,19,17],"product_tag":[],"class_list":{"0":"post-11726","1":"product","2":"type-product","3":"status-publish","4":"has-post-thumbnail","6":"product_cat-sem-categoria","7":"product_cat-livros-digitais","8":"product_cat-gratuitos","10":"first","11":"instock","12":"shipping-taxable","13":"product-type-external"},"yoast_head":"<!-- This site is optimized with the Yoast SEO plugin v27.1.1 - https:\/\/yoast.com\/product\/yoast-seo-wordpress\/ -->\n<title>Forma\u00e7\u00e3o de professores: novas tecnologias, inclus\u00e3o e inova\u00e7\u00e3o na educa\u00e7\u00e3o profissional<\/title>\n<meta name=\"description\" content=\"As pesquisas reunidas no ebook abordam as novas tecnologias enquanto dispositivos de inclus\u00e3o e inova\u00e7\u00e3o, capazes de impulsionar pol\u00edticas p\u00fablicas na e para a forma\u00e7\u00e3o de professores.\" \/>\n<meta name=\"robots\" content=\"index, follow, max-snippet:-1, max-image-preview:large, max-video-preview:-1\" \/>\n<link rel=\"canonical\" href=\"https:\/\/www.pipacomunica.com.br\/livrariadapipa\/produto\/formacao-de-professores-novas-tecnologias-inclusao-e-inovacao-na-educacao-profissional\/\" \/>\n<meta property=\"og:locale\" content=\"pt_BR\" \/>\n<meta property=\"og:type\" content=\"article\" \/>\n<meta property=\"og:title\" content=\"Forma\u00e7\u00e3o de professores: novas tecnologias, inclus\u00e3o e inova\u00e7\u00e3o na educa\u00e7\u00e3o profissional\" \/>\n<meta property=\"og:description\" content=\"As pesquisas reunidas no ebook tratam da abordagem das novas tecnologias enquanto dispositivos de inclus\u00e3o e inova\u00e7\u00e3o, capazes de impulsionar pol\u00edticas p\u00fablicas na e para a forma\u00e7\u00e3o de professores.\" \/>\n<meta property=\"og:url\" content=\"https:\/\/www.pipacomunica.com.br\/livrariadapipa\/produto\/formacao-de-professores-novas-tecnologias-inclusao-e-inovacao-na-educacao-profissional\/\" \/>\n<meta property=\"og:site_name\" content=\"Livraria da Pipa Comunica\u00e7\u00e3o\" \/>\n<meta property=\"article:publisher\" content=\"https:\/\/www.facebook.com\/pipacomunica\" \/>\n<meta property=\"article:modified_time\" content=\"2023-12-29T01:33:44+00:00\" \/>\n<meta property=\"og:image\" content=\"https:\/\/www.pipacomunica.com.br\/livrariadapipa\/wp-content\/uploads\/2022\/05\/Thumb_Formacao-de-professores_IFRO-6-1.png\" \/>\n\t<meta property=\"og:image:width\" content=\"870\" \/>\n\t<meta property=\"og:image:height\" content=\"452\" \/>\n\t<meta property=\"og:image:type\" content=\"image\/png\" \/>\n<meta name=\"twitter:card\" content=\"summary_large_image\" \/>\n<meta name=\"twitter:title\" content=\"Forma\u00e7\u00e3o de professores: novas tecnologias, inclus\u00e3o e inova\u00e7\u00e3o na educa\u00e7\u00e3o profissional\" \/>\n<meta name=\"twitter:description\" content=\"As pesquisas reunidas no ebook tratam da abordagem das novas tecnologias enquanto dispositivos de inclus\u00e3o e inova\u00e7\u00e3o, capazes de impulsionar pol\u00edticas p\u00fablicas na e para a forma\u00e7\u00e3o de professores.\" \/>\n<meta name=\"twitter:image\" content=\"https:\/\/i0.wp.com\/www.pipacomunica.com.br\/livrariadapipa\/wp-content\/uploads\/2022\/05\/Thumb_Formacao-de-professores_IFRO-6-1.png?fit=870%2C452&ssl=1\" \/>\n<meta name=\"twitter:site\" content=\"@PipaComunica\" \/>\n<meta name=\"twitter:label1\" content=\"Est. tempo de leitura\" \/>\n\t<meta name=\"twitter:data1\" content=\"1 minuto\" \/>\n<script type=\"application\/ld+json\" class=\"yoast-schema-graph\">{\"@context\":\"https:\/\/schema.org\",\"@graph\":[{\"@type\":\"WebPage\",\"@id\":\"https:\/\/www.pipacomunica.com.br\/livrariadapipa\/produto\/formacao-de-professores-novas-tecnologias-inclusao-e-inovacao-na-educacao-profissional\/\",\"url\":\"https:\/\/www.pipacomunica.com.br\/livrariadapipa\/produto\/formacao-de-professores-novas-tecnologias-inclusao-e-inovacao-na-educacao-profissional\/\",\"name\":\"Forma\u00e7\u00e3o de professores: novas tecnologias, inclus\u00e3o e inova\u00e7\u00e3o na educa\u00e7\u00e3o profissional\",\"isPartOf\":{\"@id\":\"https:\/\/www.pipacomunica.com.br\/livrariadapipa\/#website\"},\"primaryImageOfPage\":{\"@id\":\"https:\/\/www.pipacomunica.com.br\/livrariadapipa\/produto\/formacao-de-professores-novas-tecnologias-inclusao-e-inovacao-na-educacao-profissional\/#primaryimage\"},\"image\":{\"@id\":\"https:\/\/www.pipacomunica.com.br\/livrariadapipa\/produto\/formacao-de-professores-novas-tecnologias-inclusao-e-inovacao-na-educacao-profissional\/#primaryimage\"},\"thumbnailUrl\":\"https:\/\/i0.wp.com\/www.pipacomunica.com.br\/livrariadapipa\/wp-content\/uploads\/2022\/05\/ebook_Formacao-de-professores_IFRO.png?fit=461%2C595&ssl=1\",\"datePublished\":\"2022-05-17T18:48:19+00:00\",\"dateModified\":\"2023-12-29T01:33:44+00:00\",\"description\":\"As pesquisas reunidas no ebook abordam as novas tecnologias enquanto dispositivos de inclus\u00e3o e inova\u00e7\u00e3o, capazes de impulsionar pol\u00edticas p\u00fablicas na e para a forma\u00e7\u00e3o de professores.\",\"breadcrumb\":{\"@id\":\"https:\/\/www.pipacomunica.com.br\/livrariadapipa\/produto\/formacao-de-professores-novas-tecnologias-inclusao-e-inovacao-na-educacao-profissional\/#breadcrumb\"},\"inLanguage\":\"pt-BR\",\"potentialAction\":[{\"@type\":\"ReadAction\",\"target\":[\"https:\/\/www.pipacomunica.com.br\/livrariadapipa\/produto\/formacao-de-professores-novas-tecnologias-inclusao-e-inovacao-na-educacao-profissional\/\"]}]},{\"@type\":\"ImageObject\",\"inLanguage\":\"pt-BR\",\"@id\":\"https:\/\/www.pipacomunica.com.br\/livrariadapipa\/produto\/formacao-de-professores-novas-tecnologias-inclusao-e-inovacao-na-educacao-profissional\/#primaryimage\",\"url\":\"https:\/\/i0.wp.com\/www.pipacomunica.com.br\/livrariadapipa\/wp-content\/uploads\/2022\/05\/ebook_Formacao-de-professores_IFRO.png?fit=461%2C595&ssl=1\",\"contentUrl\":\"https:\/\/i0.wp.com\/www.pipacomunica.com.br\/livrariadapipa\/wp-content\/uploads\/2022\/05\/ebook_Formacao-de-professores_IFRO.png?fit=461%2C595&ssl=1\",\"width\":461,\"height\":595,\"caption\":\"Forma\u00e7\u00e3o de professores: novas tecnologias, inclus\u00e3o e inova\u00e7\u00e3o na educa\u00e7\u00e3o profissional\"},{\"@type\":\"BreadcrumbList\",\"@id\":\"https:\/\/www.pipacomunica.com.br\/livrariadapipa\/produto\/formacao-de-professores-novas-tecnologias-inclusao-e-inovacao-na-educacao-profissional\/#breadcrumb\",\"itemListElement\":[{\"@type\":\"ListItem\",\"position\":1,\"name\":\"In\u00edcio\",\"item\":\"https:\/\/www.pipacomunica.com.br\/livrariadapipa\/\"},{\"@type\":\"ListItem\",\"position\":2,\"name\":\"Cat\u00e1logo\",\"item\":\"https:\/\/www.pipacomunica.com.br\/livrariadapipa\/vitrine\/\"},{\"@type\":\"ListItem\",\"position\":3,\"name\":\"Forma\u00e7\u00e3o de professores: novas tecnologias, inclus\u00e3o e inova\u00e7\u00e3o na educa\u00e7\u00e3o profissional\"}]},{\"@type\":\"WebSite\",\"@id\":\"https:\/\/www.pipacomunica.com.br\/livrariadapipa\/#website\",\"url\":\"https:\/\/www.pipacomunica.com.br\/livrariadapipa\/\",\"name\":\"Livraria da Pipa Comunica\u00e7\u00e3o\",\"description\":\"Livros mais baratos que xerox\",\"publisher\":{\"@id\":\"https:\/\/www.pipacomunica.com.br\/livrariadapipa\/#organization\"},\"potentialAction\":[{\"@type\":\"SearchAction\",\"target\":{\"@type\":\"EntryPoint\",\"urlTemplate\":\"https:\/\/www.pipacomunica.com.br\/livrariadapipa\/?s={search_term_string}\"},\"query-input\":{\"@type\":\"PropertyValueSpecification\",\"valueRequired\":true,\"valueName\":\"search_term_string\"}}],\"inLanguage\":\"pt-BR\"},{\"@type\":\"Organization\",\"@id\":\"https:\/\/www.pipacomunica.com.br\/livrariadapipa\/#organization\",\"name\":\"Livraria da Pipa Comunica\u00e7\u00e3o\",\"url\":\"https:\/\/www.pipacomunica.com.br\/livrariadapipa\/\",\"logo\":{\"@type\":\"ImageObject\",\"inLanguage\":\"pt-BR\",\"@id\":\"https:\/\/www.pipacomunica.com.br\/livrariadapipa\/#\/schema\/logo\/image\/\",\"url\":\"https:\/\/i0.wp.com\/www.pipacomunica.com.br\/livrariadapipa\/wp-content\/uploads\/2018\/09\/marca-livraria-pipa-400px-negativo.png?fit=400%2C80&ssl=1\",\"contentUrl\":\"https:\/\/i0.wp.com\/www.pipacomunica.com.br\/livrariadapipa\/wp-content\/uploads\/2018\/09\/marca-livraria-pipa-400px-negativo.png?fit=400%2C80&ssl=1\",\"width\":400,\"height\":80,\"caption\":\"Livraria da Pipa Comunica\u00e7\u00e3o\"},\"image\":{\"@id\":\"https:\/\/www.pipacomunica.com.br\/livrariadapipa\/#\/schema\/logo\/image\/\"},\"sameAs\":[\"https:\/\/www.facebook.com\/pipacomunica\",\"https:\/\/x.com\/PipaComunica\",\"https:\/\/instagram.com\/pipacomunicacao\",\"http:\/\/www.linkedin.com\/companies\/pipa-comunica-o\",\"https:\/\/br.pinterest.com\/pipacomunicacao\/\",\"http:\/\/il.youtube.com\/user\/pipacomunicacao\"]}]}<\/script>\n<!-- \/ Yoast SEO plugin. -->","yoast_head_json":{"title":"Forma\u00e7\u00e3o de professores: novas tecnologias, inclus\u00e3o e inova\u00e7\u00e3o na educa\u00e7\u00e3o profissional","description":"As pesquisas reunidas no ebook abordam as novas tecnologias enquanto dispositivos de inclus\u00e3o e inova\u00e7\u00e3o, capazes de impulsionar pol\u00edticas p\u00fablicas na e para a forma\u00e7\u00e3o de professores.","robots":{"index":"index","follow":"follow","max-snippet":"max-snippet:-1","max-image-preview":"max-image-preview:large","max-video-preview":"max-video-preview:-1"},"canonical":"https:\/\/www.pipacomunica.com.br\/livrariadapipa\/produto\/formacao-de-professores-novas-tecnologias-inclusao-e-inovacao-na-educacao-profissional\/","og_locale":"pt_BR","og_type":"article","og_title":"Forma\u00e7\u00e3o de professores: novas tecnologias, inclus\u00e3o e inova\u00e7\u00e3o na educa\u00e7\u00e3o profissional","og_description":"As pesquisas reunidas no ebook tratam da abordagem das novas tecnologias enquanto dispositivos de inclus\u00e3o e inova\u00e7\u00e3o, capazes de impulsionar pol\u00edticas p\u00fablicas na e para a forma\u00e7\u00e3o de professores.","og_url":"https:\/\/www.pipacomunica.com.br\/livrariadapipa\/produto\/formacao-de-professores-novas-tecnologias-inclusao-e-inovacao-na-educacao-profissional\/","og_site_name":"Livraria da Pipa Comunica\u00e7\u00e3o","article_publisher":"https:\/\/www.facebook.com\/pipacomunica","article_modified_time":"2023-12-29T01:33:44+00:00","og_image":[{"width":870,"height":452,"url":"https:\/\/www.pipacomunica.com.br\/livrariadapipa\/wp-content\/uploads\/2022\/05\/Thumb_Formacao-de-professores_IFRO-6-1.png","type":"image\/png"}],"twitter_card":"summary_large_image","twitter_title":"Forma\u00e7\u00e3o de professores: novas tecnologias, inclus\u00e3o e inova\u00e7\u00e3o na educa\u00e7\u00e3o profissional","twitter_description":"As pesquisas reunidas no ebook tratam da abordagem das novas tecnologias enquanto dispositivos de inclus\u00e3o e inova\u00e7\u00e3o, capazes de impulsionar pol\u00edticas p\u00fablicas na e para a forma\u00e7\u00e3o de professores.","twitter_image":"https:\/\/i0.wp.com\/www.pipacomunica.com.br\/livrariadapipa\/wp-content\/uploads\/2022\/05\/Thumb_Formacao-de-professores_IFRO-6-1.png?fit=870%2C452&ssl=1","twitter_site":"@PipaComunica","twitter_misc":{"Est. tempo de leitura":"1 minuto"},"schema":{"@context":"https:\/\/schema.org","@graph":[{"@type":"WebPage","@id":"https:\/\/www.pipacomunica.com.br\/livrariadapipa\/produto\/formacao-de-professores-novas-tecnologias-inclusao-e-inovacao-na-educacao-profissional\/","url":"https:\/\/www.pipacomunica.com.br\/livrariadapipa\/produto\/formacao-de-professores-novas-tecnologias-inclusao-e-inovacao-na-educacao-profissional\/","name":"Forma\u00e7\u00e3o de professores: novas tecnologias, inclus\u00e3o e inova\u00e7\u00e3o na educa\u00e7\u00e3o profissional","isPartOf":{"@id":"https:\/\/www.pipacomunica.com.br\/livrariadapipa\/#website"},"primaryImageOfPage":{"@id":"https:\/\/www.pipacomunica.com.br\/livrariadapipa\/produto\/formacao-de-professores-novas-tecnologias-inclusao-e-inovacao-na-educacao-profissional\/#primaryimage"},"image":{"@id":"https:\/\/www.pipacomunica.com.br\/livrariadapipa\/produto\/formacao-de-professores-novas-tecnologias-inclusao-e-inovacao-na-educacao-profissional\/#primaryimage"},"thumbnailUrl":"https:\/\/i0.wp.com\/www.pipacomunica.com.br\/livrariadapipa\/wp-content\/uploads\/2022\/05\/ebook_Formacao-de-professores_IFRO.png?fit=461%2C595&ssl=1","datePublished":"2022-05-17T18:48:19+00:00","dateModified":"2023-12-29T01:33:44+00:00","description":"As pesquisas reunidas no ebook abordam as novas tecnologias enquanto dispositivos de inclus\u00e3o e inova\u00e7\u00e3o, capazes de impulsionar pol\u00edticas p\u00fablicas na e para a forma\u00e7\u00e3o de professores.","breadcrumb":{"@id":"https:\/\/www.pipacomunica.com.br\/livrariadapipa\/produto\/formacao-de-professores-novas-tecnologias-inclusao-e-inovacao-na-educacao-profissional\/#breadcrumb"},"inLanguage":"pt-BR","potentialAction":[{"@type":"ReadAction","target":["https:\/\/www.pipacomunica.com.br\/livrariadapipa\/produto\/formacao-de-professores-novas-tecnologias-inclusao-e-inovacao-na-educacao-profissional\/"]}]},{"@type":"ImageObject","inLanguage":"pt-BR","@id":"https:\/\/www.pipacomunica.com.br\/livrariadapipa\/produto\/formacao-de-professores-novas-tecnologias-inclusao-e-inovacao-na-educacao-profissional\/#primaryimage","url":"https:\/\/i0.wp.com\/www.pipacomunica.com.br\/livrariadapipa\/wp-content\/uploads\/2022\/05\/ebook_Formacao-de-professores_IFRO.png?fit=461%2C595&ssl=1","contentUrl":"https:\/\/i0.wp.com\/www.pipacomunica.com.br\/livrariadapipa\/wp-content\/uploads\/2022\/05\/ebook_Formacao-de-professores_IFRO.png?fit=461%2C595&ssl=1","width":461,"height":595,"caption":"Forma\u00e7\u00e3o de professores: novas tecnologias, inclus\u00e3o e inova\u00e7\u00e3o na educa\u00e7\u00e3o profissional"},{"@type":"BreadcrumbList","@id":"https:\/\/www.pipacomunica.com.br\/livrariadapipa\/produto\/formacao-de-professores-novas-tecnologias-inclusao-e-inovacao-na-educacao-profissional\/#breadcrumb","itemListElement":[{"@type":"ListItem","position":1,"name":"In\u00edcio","item":"https:\/\/www.pipacomunica.com.br\/livrariadapipa\/"},{"@type":"ListItem","position":2,"name":"Cat\u00e1logo","item":"https:\/\/www.pipacomunica.com.br\/livrariadapipa\/vitrine\/"},{"@type":"ListItem","position":3,"name":"Forma\u00e7\u00e3o de professores: novas tecnologias, inclus\u00e3o e inova\u00e7\u00e3o na educa\u00e7\u00e3o profissional"}]},{"@type":"WebSite","@id":"https:\/\/www.pipacomunica.com.br\/livrariadapipa\/#website","url":"https:\/\/www.pipacomunica.com.br\/livrariadapipa\/","name":"Livraria da Pipa Comunica\u00e7\u00e3o","description":"Livros mais baratos que xerox","publisher":{"@id":"https:\/\/www.pipacomunica.com.br\/livrariadapipa\/#organization"},"potentialAction":[{"@type":"SearchAction","target":{"@type":"EntryPoint","urlTemplate":"https:\/\/www.pipacomunica.com.br\/livrariadapipa\/?s={search_term_string}"},"query-input":{"@type":"PropertyValueSpecification","valueRequired":true,"valueName":"search_term_string"}}],"inLanguage":"pt-BR"},{"@type":"Organization","@id":"https:\/\/www.pipacomunica.com.br\/livrariadapipa\/#organization","name":"Livraria da Pipa Comunica\u00e7\u00e3o","url":"https:\/\/www.pipacomunica.com.br\/livrariadapipa\/","logo":{"@type":"ImageObject","inLanguage":"pt-BR","@id":"https:\/\/www.pipacomunica.com.br\/livrariadapipa\/#\/schema\/logo\/image\/","url":"https:\/\/i0.wp.com\/www.pipacomunica.com.br\/livrariadapipa\/wp-content\/uploads\/2018\/09\/marca-livraria-pipa-400px-negativo.png?fit=400%2C80&ssl=1","contentUrl":"https:\/\/i0.wp.com\/www.pipacomunica.com.br\/livrariadapipa\/wp-content\/uploads\/2018\/09\/marca-livraria-pipa-400px-negativo.png?fit=400%2C80&ssl=1","width":400,"height":80,"caption":"Livraria da Pipa Comunica\u00e7\u00e3o"},"image":{"@id":"https:\/\/www.pipacomunica.com.br\/livrariadapipa\/#\/schema\/logo\/image\/"},"sameAs":["https:\/\/www.facebook.com\/pipacomunica","https:\/\/x.com\/PipaComunica","https:\/\/instagram.com\/pipacomunicacao","http:\/\/www.linkedin.com\/companies\/pipa-comunica-o","https:\/\/br.pinterest.com\/pipacomunicacao\/","http:\/\/il.youtube.com\/user\/pipacomunicacao"]}]}},"jetpack_publicize_connections":[],"jetpack_sharing_enabled":true,"_links":{"self":[{"href":"https:\/\/www.pipacomunica.com.br\/livrariadapipa\/wp-json\/wp\/v2\/product\/11726","targetHints":{"allow":["GET"]}}],"collection":[{"href":"https:\/\/www.pipacomunica.com.br\/livrariadapipa\/wp-json\/wp\/v2\/product"}],"about":[{"href":"https:\/\/www.pipacomunica.com.br\/livrariadapipa\/wp-json\/wp\/v2\/types\/product"}],"replies":[{"embeddable":true,"href":"https:\/\/www.pipacomunica.com.br\/livrariadapipa\/wp-json\/wp\/v2\/comments?post=11726"}],"version-history":[{"count":3,"href":"https:\/\/www.pipacomunica.com.br\/livrariadapipa\/wp-json\/wp\/v2\/product\/11726\/revisions"}],"predecessor-version":[{"id":11742,"href":"https:\/\/www.pipacomunica.com.br\/livrariadapipa\/wp-json\/wp\/v2\/product\/11726\/revisions\/11742"}],"wp:featuredmedia":[{"embeddable":true,"href":"https:\/\/www.pipacomunica.com.br\/livrariadapipa\/wp-json\/wp\/v2\/media\/11734"}],"wp:attachment":[{"href":"https:\/\/www.pipacomunica.com.br\/livrariadapipa\/wp-json\/wp\/v2\/media?parent=11726"}],"wp:term":[{"taxonomy":"product_brand","embeddable":true,"href":"https:\/\/www.pipacomunica.com.br\/livrariadapipa\/wp-json\/wp\/v2\/product_brand?post=11726"},{"taxonomy":"product_cat","embeddable":true,"href":"https:\/\/www.pipacomunica.com.br\/livrariadapipa\/wp-json\/wp\/v2\/product_cat?post=11726"},{"taxonomy":"product_tag","embeddable":true,"href":"https:\/\/www.pipacomunica.com.br\/livrariadapipa\/wp-json\/wp\/v2\/product_tag?post=11726"}],"curies":[{"name":"wp","href":"https:\/\/api.w.org\/{rel}","templated":true}]}}