{"id":11662,"date":"2022-02-04T11:41:03","date_gmt":"2022-02-04T14:41:03","guid":{"rendered":"https:\/\/www.pipacomunica.com.br\/livrariadapipa\/?post_type=product&#038;p=11662"},"modified":"2026-04-24T14:03:25","modified_gmt":"2026-04-24T17:03:25","slug":"como-educar-familias-para-futuros-desafiadores","status":"publish","type":"product","link":"https:\/\/www.pipacomunica.com.br\/livrariadapipa\/produto\/como-educar-familias-para-futuros-desafiadores\/","title":{"rendered":"Como educar fam\u00edlias para futuros desafiadores"},"content":{"rendered":"<p><strong>Como educar fam\u00edlias para futuros desafiadores<\/strong><br \/>\nRafael Parente e Caio Dib<br \/>\n<em><a href=\"https:\/\/www.amazon.com.br\/Como-educar-fam%C3%ADlias-futuros-desafiadores\/dp\/6587033326\/ref=sr_1_2?__mk_pt_BR=%C3%85M%C3%85%C5%BD%C3%95%C3%91&amp;crid=3E46YKLK8KQE1&amp;keywords=Como+educar+fam%C3%ADlias+para+futuros+desafiadores&amp;qid=1643984558&amp;sprefix=como+educar+fam%C3%ADlias+para+futuros+desafiadores%2Caps%2C546&amp;sr=8-2\" target=\"_blank\" rel=\"noopener\">Impresso<\/a> e <a href=\"https:\/\/www.amazon.com.br\/Como-educar-fam%C3%ADlias-futuros-desafiadores-ebook\/dp\/B09QXZQ16S\/ref=sr_1_1?__mk_pt_BR=%C3%85M%C3%85%C5%BD%C3%95%C3%91&amp;crid=3E46YKLK8KQE1&amp;keywords=Como+educar+fam%C3%ADlias+para+futuros+desafiadores&amp;qid=1643984558&amp;sprefix=como+educar+fam%C3%ADlias+para+futuros+desafiadores%2Caps%2C546&amp;sr=8-1\" target=\"_blank\" rel=\"noopener\">eBook<\/a><\/em><\/p>\n<p>Rafael Parente e Caio Dib conversaram com professores, m\u00e9dicos, estudantes, l\u00edderes populares e familiares de v\u00e1rias partes do pa\u00eds para entender como podemos lidar com as transforma\u00e7\u00f5es que est\u00e3o acontecendo na sociedade e trazer dicas pr\u00e1ticas sobre como fam\u00edlias e educadores podem potencializar a educa\u00e7\u00e3o de nossas crian\u00e7as e jovens. Uma obra que pretende ajudar a desenhar futuros poss\u00edveis junto com as fam\u00edlias e educadores de todo o pa\u00eds.<\/p>\n<h4>Sobre os autores<\/h4>\n<p>&nbsp;<\/p>\n<p><a href=\"https:\/\/i0.wp.com\/www.pipacomunica.com.br\/livrariadapipa\/wp-content\/uploads\/2022\/02\/rafael.png?ssl=1\"><img data-recalc-dims=\"1\" decoding=\"async\" class=\"aligncenter wp-image-11664 size-thumbnail\" src=\"https:\/\/i0.wp.com\/www.pipacomunica.com.br\/livrariadapipa\/wp-content\/uploads\/2022\/02\/rafael.png?resize=150%2C150&#038;ssl=1\" alt=\"Rafael Parente\" width=\"150\" height=\"150\" srcset=\"https:\/\/i0.wp.com\/www.pipacomunica.com.br\/livrariadapipa\/wp-content\/uploads\/2022\/02\/rafael.png?resize=150%2C150&amp;ssl=1 150w, https:\/\/i0.wp.com\/www.pipacomunica.com.br\/livrariadapipa\/wp-content\/uploads\/2022\/02\/rafael.png?resize=300%2C300&amp;ssl=1 300w, https:\/\/i0.wp.com\/www.pipacomunica.com.br\/livrariadapipa\/wp-content\/uploads\/2022\/02\/rafael.png?resize=416%2C416&amp;ssl=1 416w, https:\/\/i0.wp.com\/www.pipacomunica.com.br\/livrariadapipa\/wp-content\/uploads\/2022\/02\/rafael.png?resize=100%2C100&amp;ssl=1 100w, https:\/\/i0.wp.com\/www.pipacomunica.com.br\/livrariadapipa\/wp-content\/uploads\/2022\/02\/rafael.png?w=494&amp;ssl=1 494w\" sizes=\"(max-width: 150px) 100vw, 150px\" \/><\/a><br \/>\n<a href=\"https:\/\/www.linkedin.com\/in\/rafaelparente\/\" target=\"_blank\" rel=\"noopener noreferrer\">Rafael Parente<\/a> \u00c9 professor, PhD em educa\u00e7\u00e3o pela Universidade de Nova York (NYU), cofundador do Movimento Agora!. Foi secret\u00e1rio de estado de educa\u00e7\u00e3o do Distrito Federal e subsecret\u00e1rio de educa\u00e7\u00e3o no munic\u00edpio do Rio de Janeiro.<\/p>\n<p><a href=\"https:\/\/i0.wp.com\/www.pipacomunica.com.br\/livrariadapipa\/wp-content\/uploads\/2022\/02\/caio.png?ssl=1\"><img data-recalc-dims=\"1\" decoding=\"async\" class=\"aligncenter wp-image-11663 size-thumbnail\" src=\"https:\/\/i0.wp.com\/www.pipacomunica.com.br\/livrariadapipa\/wp-content\/uploads\/2022\/02\/caio.png?resize=150%2C150&#038;ssl=1\" alt=\"Caio Dib\" width=\"150\" height=\"150\" srcset=\"https:\/\/i0.wp.com\/www.pipacomunica.com.br\/livrariadapipa\/wp-content\/uploads\/2022\/02\/caio.png?resize=150%2C150&amp;ssl=1 150w, https:\/\/i0.wp.com\/www.pipacomunica.com.br\/livrariadapipa\/wp-content\/uploads\/2022\/02\/caio.png?resize=300%2C300&amp;ssl=1 300w, https:\/\/i0.wp.com\/www.pipacomunica.com.br\/livrariadapipa\/wp-content\/uploads\/2022\/02\/caio.png?resize=416%2C416&amp;ssl=1 416w, https:\/\/i0.wp.com\/www.pipacomunica.com.br\/livrariadapipa\/wp-content\/uploads\/2022\/02\/caio.png?resize=100%2C100&amp;ssl=1 100w, https:\/\/i0.wp.com\/www.pipacomunica.com.br\/livrariadapipa\/wp-content\/uploads\/2022\/02\/caio.png?w=494&amp;ssl=1 494w\" sizes=\"(max-width: 150px) 100vw, 150px\" \/><\/a><\/p>\n<p><a href=\"https:\/\/www.linkedin.com\/in\/caiodib\/\" target=\"_blank\" rel=\"noopener noreferrer\">Caio Dib<\/a> \u00c9 designer de servi\u00e7o em educa\u00e7\u00e3o, consultor e autor e co-autor de 7 livros sobre educa\u00e7\u00e3o e inova\u00e7\u00e3o. Em 2013, viajou o Brasil de \u00f4nibus por 5 meses para conhecer pr\u00e1ticas educacionais inovadoras pelo pa\u00eds.<\/p>\n<h4>Assista ao lan\u00e7amento no portal Metr\u00f3polis<\/h4>\n<div class=\"su-youtube su-u-responsive-media-yes\"><iframe width=\"600\" height=\"400\" src=\"https:\/\/www.youtube.com\/embed\/mhNTHt5CGNw?\" frameborder=\"0\" allowfullscreen allow=\"autoplay; encrypted-media; picture-in-picture\" title=\"\"><\/iframe><\/div>\n","protected":false},"excerpt":{"rendered":"<p><strong>Como educar fam\u00edlias para futuros desafiadores<\/strong><br \/>\nRafael Parente e Caio Dib<br \/>\n<em><a href=\"https:\/\/www.amazon.com.br\/Como-educar-fam%C3%ADlias-futuros-desafiadores\/dp\/6587033326\/ref=sr_1_2?__mk_pt_BR=%C3%85M%C3%85%C5%BD%C3%95%C3%91&amp;crid=3E46YKLK8KQE1&amp;keywords=Como+educar+fam%C3%ADlias+para+futuros+desafiadores&amp;qid=1643984558&amp;sprefix=como+educar+fam%C3%ADlias+para+futuros+desafiadores%2Caps%2C546&amp;sr=8-2\" target=\"_blank\" rel=\"noopener\">Impresso<\/a> e <a href=\"https:\/\/www.amazon.com.br\/Como-educar-fam%C3%ADlias-futuros-desafiadores-ebook\/dp\/B09QXZQ16S\/ref=sr_1_1?__mk_pt_BR=%C3%85M%C3%85%C5%BD%C3%95%C3%91&amp;crid=3E46YKLK8KQE1&amp;keywords=Como+educar+fam%C3%ADlias+para+futuros+desafiadores&amp;qid=1643984558&amp;sprefix=como+educar+fam%C3%ADlias+para+futuros+desafiadores%2Caps%2C546&amp;sr=8-1\" target=\"_blank\" rel=\"noopener\">eBook<\/a><\/em><\/p>\n<p>Rafael Parente e Caio Dib conversaram com professores, m\u00e9dicos, estudantes, l\u00edderes populares e familiares de v\u00e1rias partes do pa\u00eds para entender como podemos lidar com as transforma\u00e7\u00f5es que est\u00e3o acontecendo na sociedade e trazer dicas pr\u00e1ticas sobre como fam\u00edlias e educadores podem potencializar a educa\u00e7\u00e3o de nossas crian\u00e7as e jovens. Uma obra que pretende ajudar a desenhar futuros poss\u00edveis junto com as fam\u00edlias e educadores de todo o pa\u00eds.<\/p>\n","protected":false},"featured_media":11682,"comment_status":"open","ping_status":"closed","template":"","meta":{"jetpack_post_was_ever_published":false,"jetpack_publicize_message":"","jetpack_publicize_feature_enabled":true,"jetpack_social_post_already_shared":true,"jetpack_social_options":{"image_generator_settings":{"template":"highway","default_image_id":0,"font":"","enabled":false},"version":2}},"product_brand":[],"product_cat":[34,19,18],"product_tag":[],"class_list":{"0":"post-11662","1":"product","2":"type-product","3":"status-publish","4":"has-post-thumbnail","6":"product_cat-sem-categoria","7":"product_cat-livros-digitais","8":"product_cat-livros-impressos","10":"first","11":"instock","12":"shipping-taxable","13":"product-type-external"},"yoast_head":"<!-- This site is optimized with the Yoast SEO plugin v27.1.1 - https:\/\/yoast.com\/product\/yoast-seo-wordpress\/ -->\n<title>Como educar fam\u00edlias para futuros desafiadores<\/title>\n<meta name=\"description\" content=\"Como as fam\u00edlias podem ser apoiadas para preparar crian\u00e7as e jovens para um futuro que se torna mais imprevis\u00edvel a cada dia que passa?\" \/>\n<meta name=\"robots\" content=\"index, follow, max-snippet:-1, max-image-preview:large, max-video-preview:-1\" \/>\n<link rel=\"canonical\" href=\"https:\/\/www.pipacomunica.com.br\/livrariadapipa\/produto\/como-educar-familias-para-futuros-desafiadores\/\" \/>\n<meta property=\"og:locale\" content=\"pt_BR\" \/>\n<meta property=\"og:type\" content=\"article\" \/>\n<meta property=\"og:title\" content=\"Como educar fam\u00edlias para futuros desafiadores\" \/>\n<meta property=\"og:description\" content=\"Como as fam\u00edlias podem ser apoiadas para preparar crian\u00e7as e jovens para um futuro que se torna mais imprevis\u00edvel a cada dia que passa?\" \/>\n<meta property=\"og:url\" content=\"https:\/\/www.pipacomunica.com.br\/livrariadapipa\/produto\/como-educar-familias-para-futuros-desafiadores\/\" \/>\n<meta property=\"og:site_name\" content=\"Livraria da Pipa Comunica\u00e7\u00e3o\" \/>\n<meta property=\"article:publisher\" content=\"https:\/\/www.facebook.com\/pipacomunica\" \/>\n<meta property=\"article:modified_time\" content=\"2026-04-24T17:03:25+00:00\" \/>\n<meta property=\"og:image\" content=\"https:\/\/www.pipacomunica.com.br\/livrariadapipa\/wp-content\/uploads\/2022\/02\/Thumb-Produto-Livraria-da-Pipa-1.jpg\" \/>\n\t<meta property=\"og:image:width\" content=\"870\" \/>\n\t<meta property=\"og:image:height\" content=\"452\" \/>\n\t<meta property=\"og:image:type\" content=\"image\/jpeg\" \/>\n<meta name=\"twitter:card\" content=\"summary_large_image\" \/>\n<meta name=\"twitter:title\" content=\"Como educar fam\u00edlias para futuros desafiadores\" \/>\n<meta name=\"twitter:description\" content=\"Como as fam\u00edlias podem ser apoiadas para preparar crian\u00e7as e jovens para um futuro que se torna mais imprevis\u00edvel a cada dia que passa?\" \/>\n<meta name=\"twitter:image\" content=\"https:\/\/i0.wp.com\/www.pipacomunica.com.br\/livrariadapipa\/wp-content\/uploads\/2022\/02\/Thumb-Produto-Livraria-da-Pipa-1.jpg?fit=870%2C452&ssl=1\" \/>\n<meta name=\"twitter:site\" content=\"@PipaComunica\" \/>\n<meta name=\"twitter:label1\" content=\"Est. tempo de leitura\" \/>\n\t<meta name=\"twitter:data1\" content=\"2 minutos\" \/>\n<script type=\"application\/ld+json\" class=\"yoast-schema-graph\">{\"@context\":\"https:\/\/schema.org\",\"@graph\":[{\"@type\":\"WebPage\",\"@id\":\"https:\/\/www.pipacomunica.com.br\/livrariadapipa\/produto\/como-educar-familias-para-futuros-desafiadores\/\",\"url\":\"https:\/\/www.pipacomunica.com.br\/livrariadapipa\/produto\/como-educar-familias-para-futuros-desafiadores\/\",\"name\":\"Como educar fam\u00edlias para futuros desafiadores\",\"isPartOf\":{\"@id\":\"https:\/\/www.pipacomunica.com.br\/livrariadapipa\/#website\"},\"primaryImageOfPage\":{\"@id\":\"https:\/\/www.pipacomunica.com.br\/livrariadapipa\/produto\/como-educar-familias-para-futuros-desafiadores\/#primaryimage\"},\"image\":{\"@id\":\"https:\/\/www.pipacomunica.com.br\/livrariadapipa\/produto\/como-educar-familias-para-futuros-desafiadores\/#primaryimage\"},\"thumbnailUrl\":\"https:\/\/i0.wp.com\/www.pipacomunica.com.br\/livrariadapipa\/wp-content\/uploads\/2022\/02\/Produto-Livraria-da-Pipa-1-1.png?fit=600%2C600&ssl=1\",\"datePublished\":\"2022-02-04T14:41:03+00:00\",\"dateModified\":\"2026-04-24T17:03:25+00:00\",\"description\":\"Como as fam\u00edlias podem ser apoiadas para preparar crian\u00e7as e jovens para um futuro que se torna mais imprevis\u00edvel a cada dia que passa?\",\"breadcrumb\":{\"@id\":\"https:\/\/www.pipacomunica.com.br\/livrariadapipa\/produto\/como-educar-familias-para-futuros-desafiadores\/#breadcrumb\"},\"inLanguage\":\"pt-BR\",\"potentialAction\":[{\"@type\":\"ReadAction\",\"target\":[\"https:\/\/www.pipacomunica.com.br\/livrariadapipa\/produto\/como-educar-familias-para-futuros-desafiadores\/\"]}]},{\"@type\":\"ImageObject\",\"inLanguage\":\"pt-BR\",\"@id\":\"https:\/\/www.pipacomunica.com.br\/livrariadapipa\/produto\/como-educar-familias-para-futuros-desafiadores\/#primaryimage\",\"url\":\"https:\/\/i0.wp.com\/www.pipacomunica.com.br\/livrariadapipa\/wp-content\/uploads\/2022\/02\/Produto-Livraria-da-Pipa-1-1.png?fit=600%2C600&ssl=1\",\"contentUrl\":\"https:\/\/i0.wp.com\/www.pipacomunica.com.br\/livrariadapipa\/wp-content\/uploads\/2022\/02\/Produto-Livraria-da-Pipa-1-1.png?fit=600%2C600&ssl=1\",\"width\":600,\"height\":600,\"caption\":\"Como educar fam\u00edlias para futuros desafiadores\"},{\"@type\":\"BreadcrumbList\",\"@id\":\"https:\/\/www.pipacomunica.com.br\/livrariadapipa\/produto\/como-educar-familias-para-futuros-desafiadores\/#breadcrumb\",\"itemListElement\":[{\"@type\":\"ListItem\",\"position\":1,\"name\":\"In\u00edcio\",\"item\":\"https:\/\/www.pipacomunica.com.br\/livrariadapipa\/\"},{\"@type\":\"ListItem\",\"position\":2,\"name\":\"Cat\u00e1logo\",\"item\":\"https:\/\/www.pipacomunica.com.br\/livrariadapipa\/vitrine\/\"},{\"@type\":\"ListItem\",\"position\":3,\"name\":\"Como educar fam\u00edlias para futuros desafiadores\"}]},{\"@type\":\"WebSite\",\"@id\":\"https:\/\/www.pipacomunica.com.br\/livrariadapipa\/#website\",\"url\":\"https:\/\/www.pipacomunica.com.br\/livrariadapipa\/\",\"name\":\"Livraria da Pipa Comunica\u00e7\u00e3o\",\"description\":\"Livros mais baratos que xerox\",\"publisher\":{\"@id\":\"https:\/\/www.pipacomunica.com.br\/livrariadapipa\/#organization\"},\"potentialAction\":[{\"@type\":\"SearchAction\",\"target\":{\"@type\":\"EntryPoint\",\"urlTemplate\":\"https:\/\/www.pipacomunica.com.br\/livrariadapipa\/?s={search_term_string}\"},\"query-input\":{\"@type\":\"PropertyValueSpecification\",\"valueRequired\":true,\"valueName\":\"search_term_string\"}}],\"inLanguage\":\"pt-BR\"},{\"@type\":\"Organization\",\"@id\":\"https:\/\/www.pipacomunica.com.br\/livrariadapipa\/#organization\",\"name\":\"Livraria da Pipa Comunica\u00e7\u00e3o\",\"url\":\"https:\/\/www.pipacomunica.com.br\/livrariadapipa\/\",\"logo\":{\"@type\":\"ImageObject\",\"inLanguage\":\"pt-BR\",\"@id\":\"https:\/\/www.pipacomunica.com.br\/livrariadapipa\/#\/schema\/logo\/image\/\",\"url\":\"https:\/\/i0.wp.com\/www.pipacomunica.com.br\/livrariadapipa\/wp-content\/uploads\/2018\/09\/marca-livraria-pipa-400px-negativo.png?fit=400%2C80&ssl=1\",\"contentUrl\":\"https:\/\/i0.wp.com\/www.pipacomunica.com.br\/livrariadapipa\/wp-content\/uploads\/2018\/09\/marca-livraria-pipa-400px-negativo.png?fit=400%2C80&ssl=1\",\"width\":400,\"height\":80,\"caption\":\"Livraria da Pipa Comunica\u00e7\u00e3o\"},\"image\":{\"@id\":\"https:\/\/www.pipacomunica.com.br\/livrariadapipa\/#\/schema\/logo\/image\/\"},\"sameAs\":[\"https:\/\/www.facebook.com\/pipacomunica\",\"https:\/\/x.com\/PipaComunica\",\"https:\/\/instagram.com\/pipacomunicacao\",\"http:\/\/www.linkedin.com\/companies\/pipa-comunica-o\",\"https:\/\/br.pinterest.com\/pipacomunicacao\/\",\"http:\/\/il.youtube.com\/user\/pipacomunicacao\"]}]}<\/script>\n<!-- \/ Yoast SEO plugin. -->","yoast_head_json":{"title":"Como educar fam\u00edlias para futuros desafiadores","description":"Como as fam\u00edlias podem ser apoiadas para preparar crian\u00e7as e jovens para um futuro que se torna mais imprevis\u00edvel a cada dia que passa?","robots":{"index":"index","follow":"follow","max-snippet":"max-snippet:-1","max-image-preview":"max-image-preview:large","max-video-preview":"max-video-preview:-1"},"canonical":"https:\/\/www.pipacomunica.com.br\/livrariadapipa\/produto\/como-educar-familias-para-futuros-desafiadores\/","og_locale":"pt_BR","og_type":"article","og_title":"Como educar fam\u00edlias para futuros desafiadores","og_description":"Como as fam\u00edlias podem ser apoiadas para preparar crian\u00e7as e jovens para um futuro que se torna mais imprevis\u00edvel a cada dia que passa?","og_url":"https:\/\/www.pipacomunica.com.br\/livrariadapipa\/produto\/como-educar-familias-para-futuros-desafiadores\/","og_site_name":"Livraria da Pipa Comunica\u00e7\u00e3o","article_publisher":"https:\/\/www.facebook.com\/pipacomunica","article_modified_time":"2026-04-24T17:03:25+00:00","og_image":[{"width":870,"height":452,"url":"https:\/\/www.pipacomunica.com.br\/livrariadapipa\/wp-content\/uploads\/2022\/02\/Thumb-Produto-Livraria-da-Pipa-1.jpg","type":"image\/jpeg"}],"twitter_card":"summary_large_image","twitter_title":"Como educar fam\u00edlias para futuros desafiadores","twitter_description":"Como as fam\u00edlias podem ser apoiadas para preparar crian\u00e7as e jovens para um futuro que se torna mais imprevis\u00edvel a cada dia que passa?","twitter_image":"https:\/\/i0.wp.com\/www.pipacomunica.com.br\/livrariadapipa\/wp-content\/uploads\/2022\/02\/Thumb-Produto-Livraria-da-Pipa-1.jpg?fit=870%2C452&ssl=1","twitter_site":"@PipaComunica","twitter_misc":{"Est. tempo de leitura":"2 minutos"},"schema":{"@context":"https:\/\/schema.org","@graph":[{"@type":"WebPage","@id":"https:\/\/www.pipacomunica.com.br\/livrariadapipa\/produto\/como-educar-familias-para-futuros-desafiadores\/","url":"https:\/\/www.pipacomunica.com.br\/livrariadapipa\/produto\/como-educar-familias-para-futuros-desafiadores\/","name":"Como educar fam\u00edlias para futuros desafiadores","isPartOf":{"@id":"https:\/\/www.pipacomunica.com.br\/livrariadapipa\/#website"},"primaryImageOfPage":{"@id":"https:\/\/www.pipacomunica.com.br\/livrariadapipa\/produto\/como-educar-familias-para-futuros-desafiadores\/#primaryimage"},"image":{"@id":"https:\/\/www.pipacomunica.com.br\/livrariadapipa\/produto\/como-educar-familias-para-futuros-desafiadores\/#primaryimage"},"thumbnailUrl":"https:\/\/i0.wp.com\/www.pipacomunica.com.br\/livrariadapipa\/wp-content\/uploads\/2022\/02\/Produto-Livraria-da-Pipa-1-1.png?fit=600%2C600&ssl=1","datePublished":"2022-02-04T14:41:03+00:00","dateModified":"2026-04-24T17:03:25+00:00","description":"Como as fam\u00edlias podem ser apoiadas para preparar crian\u00e7as e jovens para um futuro que se torna mais imprevis\u00edvel a cada dia que passa?","breadcrumb":{"@id":"https:\/\/www.pipacomunica.com.br\/livrariadapipa\/produto\/como-educar-familias-para-futuros-desafiadores\/#breadcrumb"},"inLanguage":"pt-BR","potentialAction":[{"@type":"ReadAction","target":["https:\/\/www.pipacomunica.com.br\/livrariadapipa\/produto\/como-educar-familias-para-futuros-desafiadores\/"]}]},{"@type":"ImageObject","inLanguage":"pt-BR","@id":"https:\/\/www.pipacomunica.com.br\/livrariadapipa\/produto\/como-educar-familias-para-futuros-desafiadores\/#primaryimage","url":"https:\/\/i0.wp.com\/www.pipacomunica.com.br\/livrariadapipa\/wp-content\/uploads\/2022\/02\/Produto-Livraria-da-Pipa-1-1.png?fit=600%2C600&ssl=1","contentUrl":"https:\/\/i0.wp.com\/www.pipacomunica.com.br\/livrariadapipa\/wp-content\/uploads\/2022\/02\/Produto-Livraria-da-Pipa-1-1.png?fit=600%2C600&ssl=1","width":600,"height":600,"caption":"Como educar fam\u00edlias para futuros desafiadores"},{"@type":"BreadcrumbList","@id":"https:\/\/www.pipacomunica.com.br\/livrariadapipa\/produto\/como-educar-familias-para-futuros-desafiadores\/#breadcrumb","itemListElement":[{"@type":"ListItem","position":1,"name":"In\u00edcio","item":"https:\/\/www.pipacomunica.com.br\/livrariadapipa\/"},{"@type":"ListItem","position":2,"name":"Cat\u00e1logo","item":"https:\/\/www.pipacomunica.com.br\/livrariadapipa\/vitrine\/"},{"@type":"ListItem","position":3,"name":"Como educar fam\u00edlias para futuros desafiadores"}]},{"@type":"WebSite","@id":"https:\/\/www.pipacomunica.com.br\/livrariadapipa\/#website","url":"https:\/\/www.pipacomunica.com.br\/livrariadapipa\/","name":"Livraria da Pipa Comunica\u00e7\u00e3o","description":"Livros mais baratos que xerox","publisher":{"@id":"https:\/\/www.pipacomunica.com.br\/livrariadapipa\/#organization"},"potentialAction":[{"@type":"SearchAction","target":{"@type":"EntryPoint","urlTemplate":"https:\/\/www.pipacomunica.com.br\/livrariadapipa\/?s={search_term_string}"},"query-input":{"@type":"PropertyValueSpecification","valueRequired":true,"valueName":"search_term_string"}}],"inLanguage":"pt-BR"},{"@type":"Organization","@id":"https:\/\/www.pipacomunica.com.br\/livrariadapipa\/#organization","name":"Livraria da Pipa Comunica\u00e7\u00e3o","url":"https:\/\/www.pipacomunica.com.br\/livrariadapipa\/","logo":{"@type":"ImageObject","inLanguage":"pt-BR","@id":"https:\/\/www.pipacomunica.com.br\/livrariadapipa\/#\/schema\/logo\/image\/","url":"https:\/\/i0.wp.com\/www.pipacomunica.com.br\/livrariadapipa\/wp-content\/uploads\/2018\/09\/marca-livraria-pipa-400px-negativo.png?fit=400%2C80&ssl=1","contentUrl":"https:\/\/i0.wp.com\/www.pipacomunica.com.br\/livrariadapipa\/wp-content\/uploads\/2018\/09\/marca-livraria-pipa-400px-negativo.png?fit=400%2C80&ssl=1","width":400,"height":80,"caption":"Livraria da Pipa Comunica\u00e7\u00e3o"},"image":{"@id":"https:\/\/www.pipacomunica.com.br\/livrariadapipa\/#\/schema\/logo\/image\/"},"sameAs":["https:\/\/www.facebook.com\/pipacomunica","https:\/\/x.com\/PipaComunica","https:\/\/instagram.com\/pipacomunicacao","http:\/\/www.linkedin.com\/companies\/pipa-comunica-o","https:\/\/br.pinterest.com\/pipacomunicacao\/","http:\/\/il.youtube.com\/user\/pipacomunicacao"]}]}},"jetpack_publicize_connections":[],"jetpack_sharing_enabled":true,"_links":{"self":[{"href":"https:\/\/www.pipacomunica.com.br\/livrariadapipa\/wp-json\/wp\/v2\/product\/11662","targetHints":{"allow":["GET"]}}],"collection":[{"href":"https:\/\/www.pipacomunica.com.br\/livrariadapipa\/wp-json\/wp\/v2\/product"}],"about":[{"href":"https:\/\/www.pipacomunica.com.br\/livrariadapipa\/wp-json\/wp\/v2\/types\/product"}],"replies":[{"embeddable":true,"href":"https:\/\/www.pipacomunica.com.br\/livrariadapipa\/wp-json\/wp\/v2\/comments?post=11662"}],"version-history":[{"count":3,"href":"https:\/\/www.pipacomunica.com.br\/livrariadapipa\/wp-json\/wp\/v2\/product\/11662\/revisions"}],"predecessor-version":[{"id":11725,"href":"https:\/\/www.pipacomunica.com.br\/livrariadapipa\/wp-json\/wp\/v2\/product\/11662\/revisions\/11725"}],"wp:featuredmedia":[{"embeddable":true,"href":"https:\/\/www.pipacomunica.com.br\/livrariadapipa\/wp-json\/wp\/v2\/media\/11682"}],"wp:attachment":[{"href":"https:\/\/www.pipacomunica.com.br\/livrariadapipa\/wp-json\/wp\/v2\/media?parent=11662"}],"wp:term":[{"taxonomy":"product_brand","embeddable":true,"href":"https:\/\/www.pipacomunica.com.br\/livrariadapipa\/wp-json\/wp\/v2\/product_brand?post=11662"},{"taxonomy":"product_cat","embeddable":true,"href":"https:\/\/www.pipacomunica.com.br\/livrariadapipa\/wp-json\/wp\/v2\/product_cat?post=11662"},{"taxonomy":"product_tag","embeddable":true,"href":"https:\/\/www.pipacomunica.com.br\/livrariadapipa\/wp-json\/wp\/v2\/product_tag?post=11662"}],"curies":[{"name":"wp","href":"https:\/\/api.w.org\/{rel}","templated":true}]}}