{"id":11638,"date":"2022-01-13T14:58:50","date_gmt":"2022-01-13T17:58:50","guid":{"rendered":"https:\/\/www.pipacomunica.com.br\/livrariadapipa\/?post_type=product&#038;p=11638"},"modified":"2024-10-21T20:04:31","modified_gmt":"2024-10-21T23:04:31","slug":"a-lingua-de-todos","status":"publish","type":"product","link":"https:\/\/www.pipacomunica.com.br\/livrariadapipa\/produto\/a-lingua-de-todos\/","title":{"rendered":"A l\u00edngua de todos e a l\u00edngua de cada um"},"content":{"rendered":"<p><strong>A l\u00edngua de todos e a l\u00edngua de cada um <\/strong><br \/>\n<em>eBook na Amazon<\/em><br \/>\nJorgelina Tallei, Renata Alves de Oliveira; Laura Zanon Irineu<\/p>\n<p>Voc\u00ea j\u00e1 leu algum livro em portunhol? J\u00e1 imaginou a l\u00edngua como um elemento de inclus\u00e3o ou exclus\u00e3o de algu\u00e9m? As autoras de <em>A l\u00edngua de todos e a l\u00edngua de cada um<\/em> pensaram e ilustraram todo esse cen\u00e1rio em um livro sobre linguagem, pessoas, diferen\u00e7as e diversidade. A obra aprensenta uma hist\u00f3ria sens\u00edvel que revela, a partir da l\u00edngua, a perspectiva de quem vem de outro lugar e que, de maneiras sutis, \u00e9 uma pessoa silenciosa.<\/p>\n<p>&#8220;A l\u00edngua de todos e a l\u00edngua de cada um&#8221; comp\u00f5e de maneira harm\u00f4nica um conjunto de imagens e palavras que nos desafiam a pensar sobre a l\u00edngua como identidade de cada sujeito e dialogar com nossas crian\u00e7as sobre o tema. Como a pr\u00f3pria hist\u00f3ria diz &#8220;A l\u00edngua de todos pode ser a l\u00edngua de ningu\u00e9m quando ningu\u00e9m se entende&#8221;.<\/p>\n<p>Um livro que merece nossa leitura e reflex\u00e3o.<\/p>\n<p>\u2014 Gisele de Souza Gon\u00e7alves (Professora na fronteira, m\u00e3e, leitora em movimento)<\/p>\n<h4>Sobre as autoras<\/h4>\n<p>&nbsp;<\/p>\n<p><strong><a href=\"https:\/\/i0.wp.com\/www.pipacomunica.com.br\/livrariadapipa\/wp-content\/uploads\/2022\/01\/renata-alves.png?ssl=1\"><img data-recalc-dims=\"1\" fetchpriority=\"high\" decoding=\"async\" class=\"aligncenter wp-image-11647 size-full\" title=\"Charles Bazerman\" src=\"https:\/\/i0.wp.com\/www.pipacomunica.com.br\/livrariadapipa\/wp-content\/uploads\/2022\/01\/renata-alves.png?resize=274%2C274&#038;ssl=1\" alt=\"Renata Alves de Oliveira\" width=\"274\" height=\"274\" srcset=\"https:\/\/i0.wp.com\/www.pipacomunica.com.br\/livrariadapipa\/wp-content\/uploads\/2022\/01\/renata-alves.png?w=274&amp;ssl=1 274w, https:\/\/i0.wp.com\/www.pipacomunica.com.br\/livrariadapipa\/wp-content\/uploads\/2022\/01\/renata-alves.png?resize=150%2C150&amp;ssl=1 150w, https:\/\/i0.wp.com\/www.pipacomunica.com.br\/livrariadapipa\/wp-content\/uploads\/2022\/01\/renata-alves.png?resize=100%2C100&amp;ssl=1 100w\" sizes=\"(max-width: 274px) 100vw, 274px\" \/><\/a>Renata Alves de Oliveira<br \/>\n<\/strong><\/p>\n<p>Eu sou Renata e estudo sobre a inf\u00e2ncia, suas l\u00ednguas e linguagens e tudo o que faz parte desse universo. Meu sonho \u00e9 que as crian\u00e7as possam aprender o que quiserem nas mais diversas l\u00ednguas. N\u00e3o seria bacana? Nosso livro em portunhol foi um super desafio para minha amiga Jorgelina e para mim, porque tentamos mostrar un tiquitito dos sentimentos de uma crian\u00e7a que fala l\u00ednguas diferentes da que \u00e9 ensinada na escola. Que l\u00ednguas voc\u00ea fala na sua casa, com seus amigos e vizinhos, na sua comunidade? Todas essas l\u00ednguas s\u00e3o muito importantes, sabia? Foi pensando nisso que escrevemos essa hist\u00f3ria, que pode ter um final muito feliz se as pessoas valorizarem a diversidade.<\/p>\n<p><strong><a href=\"https:\/\/i0.wp.com\/www.pipacomunica.com.br\/livrariadapipa\/wp-content\/uploads\/2022\/01\/jorgelina-talei.png?ssl=1\"><img data-recalc-dims=\"1\" decoding=\"async\" class=\"aligncenter wp-image-11645 size-full\" title=\"Charles Bazerman\" src=\"https:\/\/i0.wp.com\/www.pipacomunica.com.br\/livrariadapipa\/wp-content\/uploads\/2022\/01\/jorgelina-talei.png?resize=275%2C275&#038;ssl=1\" alt=\"Jorgelina Tallei\" width=\"275\" height=\"275\" srcset=\"https:\/\/i0.wp.com\/www.pipacomunica.com.br\/livrariadapipa\/wp-content\/uploads\/2022\/01\/jorgelina-talei.png?w=275&amp;ssl=1 275w, https:\/\/i0.wp.com\/www.pipacomunica.com.br\/livrariadapipa\/wp-content\/uploads\/2022\/01\/jorgelina-talei.png?resize=150%2C150&amp;ssl=1 150w, https:\/\/i0.wp.com\/www.pipacomunica.com.br\/livrariadapipa\/wp-content\/uploads\/2022\/01\/jorgelina-talei.png?resize=100%2C100&amp;ssl=1 100w\" sizes=\"(max-width: 275px) 100vw, 275px\" \/><\/a>Jorgelina Tallei<br \/>\n<\/strong><\/p>\n<p>Soy Jorgelina. Mi nombre naci\u00f3 as\u00ed porque mi pap\u00e1 se llamaba Jorge. Soy profesora de espa\u00f1ol, nac\u00ed en Argentina y Brasil me adopt\u00f3. Mi lengua es de frontera, vivo en la frontera y doy clases de espa\u00f1ol en la Universidad Federal de Integraci\u00f3n Latinoam\u00e9rica. Conoc\u00ed a Renata aqu\u00ed y juntas pensamos que podemos cruzar la frontera con la imaginaci\u00f3n. Vamos?<\/p>\n<p><strong><a href=\"https:\/\/i0.wp.com\/www.pipacomunica.com.br\/livrariadapipa\/wp-content\/uploads\/2022\/01\/Laura-Zanon.png?ssl=1\"><img data-recalc-dims=\"1\" decoding=\"async\" class=\"aligncenter wp-image-11646 size-full\" title=\"Charles Bazerman\" src=\"https:\/\/i0.wp.com\/www.pipacomunica.com.br\/livrariadapipa\/wp-content\/uploads\/2022\/01\/Laura-Zanon.png?resize=274%2C275&#038;ssl=1\" alt=\"Laura Zanon Irineu \" width=\"274\" height=\"275\" srcset=\"https:\/\/i0.wp.com\/www.pipacomunica.com.br\/livrariadapipa\/wp-content\/uploads\/2022\/01\/Laura-Zanon.png?w=274&amp;ssl=1 274w, https:\/\/i0.wp.com\/www.pipacomunica.com.br\/livrariadapipa\/wp-content\/uploads\/2022\/01\/Laura-Zanon.png?resize=150%2C150&amp;ssl=1 150w, https:\/\/i0.wp.com\/www.pipacomunica.com.br\/livrariadapipa\/wp-content\/uploads\/2022\/01\/Laura-Zanon.png?resize=100%2C100&amp;ssl=1 100w\" sizes=\"(max-width: 274px) 100vw, 274px\" \/><\/a>Laura Zanon Irineu<br \/>\n<\/strong><\/p>\n<p>Me chamo Laura Zanon, sou ilustradora e professora em forma\u00e7\u00e3o pela Universidade Estadual do Oeste do Paran\u00e1 (Unioeste). Contribuir com a realiza\u00e7\u00e3o desse projeto foi muito enriquecedor, porque pude representar a narrativa de maneira visual. A escolha dos personagens, suas caracter\u00edsticas f\u00edsicas e emocionais, bem como a preocupa\u00e7\u00e3o de criar uma obra representativa para diversas crian\u00e7as. As ilustra\u00e7\u00f5es buscam amparar e acolher todas as crian\u00e7as que se sentem deslocadas e mostrar que a escola tamb\u00e9m pode ser um lugar receptivo, onde toda l\u00edngua, cor, cren\u00e7a, religi\u00e3o e g\u00eanero s\u00e3o bem-vindas.<\/p>\n<h4>Ficha T\u00e9cnica<\/h4>\n<p><strong>Edi\u00e7\u00e3o e Diagrama\u00e7\u00e3o<\/strong>: Karla Vidal e Augusto Noronha<br \/>\n<strong>Capa e Ilustra\u00e7\u00f5es<\/strong>: Laura Zanon Irine<br \/>\n<strong>Revis\u00e3o<\/strong>: as autoras<br \/>\n<strong>Edi\u00e7\u00e3o: <\/strong>Pipa Comunica\u00e7\u00e3o<\/p>\n","protected":false},"excerpt":{"rendered":"[su_button url=\"https:\/\/www.amazon.com.br\/l%C3%ADngua-todos-cada-ebook\/dp\/B09QB32HN8\/\" target=\"blank\" style=\"flat\" background=\"#AF2B72\" color=\"#ffffff\" size=\"5\" radius=\"0\" icon=\"icon: amazon\"]Comprar na Amazon[\/su_button]\n<p>&nbsp;<\/p>\n<p><strong>A l\u00edngua de todos e a l\u00edngua de cada um <\/strong><br \/>\n<em>eBook na Amazon<\/em><br \/>\nJorgelina Tallei, Renata Alves de Oliveira; Laura Zanon Irineu<\/p>\n<p>Voc\u00ea j\u00e1 leu algum livro em portunhol? J\u00e1 imaginou a l\u00edngua como um elemento de inclus\u00e3o ou exclus\u00e3o de algu\u00e9m? As autoras de <em>A l\u00edngua de todos e a l\u00edngua de cada um<\/em> pensaram e ilustraram todo esse cen\u00e1rio em um livro sobre linguagem, pessoas, diferen\u00e7as e diversidade. A obra aprensenta uma hist\u00f3ria sens\u00edvel que revela, a partir da l\u00edngua, a perspectiva de quem vem de outro lugar e que, de maneiras sutis, \u00e9 uma pessoa silenciosa.<\/p>\n<p>&#8220;A l\u00edngua de todos e a l\u00edngua de cada um&#8221; comp\u00f5e de maneira harm\u00f4nica um conjunto de imagens e palavras que nos desafiam a pensar sobre a l\u00edngua como identidade de cada sujeito e dialogar com nossas crian\u00e7as sobre o tema. Como a pr\u00f3pria hist\u00f3ria diz &#8220;A l\u00edngua de todos pode ser a l\u00edngua de ningu\u00e9m quando ningu\u00e9m se entende&#8221;.<\/p>\n<p>Um livro que merece nossa leitura e reflex\u00e3o.<\/p>\n<p>\u2014 Gisele de Souza Gon\u00e7alves (Professora na fronteira, m\u00e3e, leitora em movimento)<\/p>\n<p>&nbsp;<\/p>\n<h4>Ficha T\u00e9cnica<\/h4>\n<p>A l\u00edngua de todos e a l\u00edngua de cada um \/ Jorgelina Tallei, Renata Alves de Oliveira; Laura Zanon Irineu (Ilustradora)<br \/>\nRecife: Pipa Comunica\u00e7\u00e3o, 2021.<br \/>\nPDF<br \/>\nISBN 978-65-87033-35-8<br \/>\n1. Literatura infantil. I. Tallei, Jorgelina. II. Oliveira, Renata Alves de. III. Irineu, Laura Zanon (Ilustradora). IV. T\u00edtulo.<br \/>\nCDD 028.5<\/p>\n","protected":false},"featured_media":11639,"comment_status":"open","ping_status":"closed","template":"","meta":{"jetpack_post_was_ever_published":false,"jetpack_publicize_message":"","jetpack_publicize_feature_enabled":true,"jetpack_social_post_already_shared":true,"jetpack_social_options":{"image_generator_settings":{"template":"highway","default_image_id":0,"font":"","enabled":false},"version":2}},"product_brand":[],"product_cat":[34,19],"product_tag":[],"class_list":{"0":"post-11638","1":"product","2":"type-product","3":"status-publish","4":"has-post-thumbnail","6":"product_cat-sem-categoria","7":"product_cat-livros-digitais","9":"first","10":"instock","11":"sold-individually","12":"shipping-taxable","13":"product-type-external"},"yoast_head":"<!-- This site is optimized with the Yoast SEO plugin v27.1.1 - https:\/\/yoast.com\/product\/yoast-seo-wordpress\/ -->\n<title>A l\u00edngua de todos e a l\u00edngua de cada um<\/title>\n<meta name=\"description\" content=\"Um livro sobre linguagem, pessoas, diferen\u00e7as e diversidade, com uma hist\u00f3ria que apresenta a perspectiva de quem vem de um outro lugar.\" \/>\n<meta name=\"robots\" content=\"index, follow, max-snippet:-1, max-image-preview:large, max-video-preview:-1\" \/>\n<link rel=\"canonical\" href=\"https:\/\/www.pipacomunica.com.br\/livrariadapipa\/produto\/a-lingua-de-todos\/\" \/>\n<meta property=\"og:locale\" content=\"pt_BR\" \/>\n<meta property=\"og:type\" content=\"article\" \/>\n<meta property=\"og:title\" content=\"A l\u00edngua de todos e a l\u00edngua de cada um\" \/>\n<meta property=\"og:description\" content=\"Um livro sobre linguagem, pessoas, diferen\u00e7as e diversidade, com uma hist\u00f3ria sens\u00edvel que apresenta, a partir da l\u00edngua, a perspectiva de quem vem de outro lugar e que, de maneiras sutis, \u00e9 silencioso.\" \/>\n<meta property=\"og:url\" content=\"https:\/\/www.pipacomunica.com.br\/livrariadapipa\/produto\/a-lingua-de-todos\/\" \/>\n<meta property=\"og:site_name\" content=\"Livraria da Pipa Comunica\u00e7\u00e3o\" \/>\n<meta property=\"article:publisher\" content=\"https:\/\/www.facebook.com\/pipacomunica\" \/>\n<meta property=\"article:modified_time\" content=\"2024-10-21T23:04:31+00:00\" \/>\n<meta property=\"og:image\" content=\"https:\/\/www.pipacomunica.com.br\/livrariadapipa\/wp-content\/uploads\/2022\/01\/thumb-a-lingua-de-todos.png\" \/>\n\t<meta property=\"og:image:width\" content=\"870\" \/>\n\t<meta property=\"og:image:height\" content=\"452\" \/>\n\t<meta property=\"og:image:type\" content=\"image\/png\" \/>\n<meta name=\"twitter:card\" content=\"summary_large_image\" \/>\n<meta name=\"twitter:title\" content=\"A l\u00edngua de todos e a l\u00edngua de cada um\" \/>\n<meta name=\"twitter:description\" content=\"Um livro sobre linguagem, pessoas, diferen\u00e7as e diversidade, com uma hist\u00f3ria sens\u00edvel que apresenta, a partir da l\u00edngua, a perspectiva de quem vem de outro lugar e que, de maneiras sutis, \u00e9 silencioso.\" \/>\n<meta name=\"twitter:image\" content=\"https:\/\/i0.wp.com\/www.pipacomunica.com.br\/livrariadapipa\/wp-content\/uploads\/2022\/01\/thumb-a-lingua-de-todos.png?fit=870%2C452&ssl=1\" \/>\n<meta name=\"twitter:site\" content=\"@PipaComunica\" \/>\n<meta name=\"twitter:label1\" content=\"Est. tempo de leitura\" \/>\n\t<meta name=\"twitter:data1\" content=\"4 minutos\" \/>\n<script type=\"application\/ld+json\" class=\"yoast-schema-graph\">{\"@context\":\"https:\/\/schema.org\",\"@graph\":[{\"@type\":\"WebPage\",\"@id\":\"https:\/\/www.pipacomunica.com.br\/livrariadapipa\/produto\/a-lingua-de-todos\/\",\"url\":\"https:\/\/www.pipacomunica.com.br\/livrariadapipa\/produto\/a-lingua-de-todos\/\",\"name\":\"A l\u00edngua de todos e a l\u00edngua de cada um\",\"isPartOf\":{\"@id\":\"https:\/\/www.pipacomunica.com.br\/livrariadapipa\/#website\"},\"primaryImageOfPage\":{\"@id\":\"https:\/\/www.pipacomunica.com.br\/livrariadapipa\/produto\/a-lingua-de-todos\/#primaryimage\"},\"image\":{\"@id\":\"https:\/\/www.pipacomunica.com.br\/livrariadapipa\/produto\/a-lingua-de-todos\/#primaryimage\"},\"thumbnailUrl\":\"https:\/\/i0.wp.com\/www.pipacomunica.com.br\/livrariadapipa\/wp-content\/uploads\/2022\/01\/ebook-a-lingua-de-todos.gif?fit=461%2C595&ssl=1\",\"datePublished\":\"2022-01-13T17:58:50+00:00\",\"dateModified\":\"2024-10-21T23:04:31+00:00\",\"description\":\"Um livro sobre linguagem, pessoas, diferen\u00e7as e diversidade, com uma hist\u00f3ria que apresenta a perspectiva de quem vem de um outro lugar.\",\"breadcrumb\":{\"@id\":\"https:\/\/www.pipacomunica.com.br\/livrariadapipa\/produto\/a-lingua-de-todos\/#breadcrumb\"},\"inLanguage\":\"pt-BR\",\"potentialAction\":[{\"@type\":\"ReadAction\",\"target\":[\"https:\/\/www.pipacomunica.com.br\/livrariadapipa\/produto\/a-lingua-de-todos\/\"]}]},{\"@type\":\"ImageObject\",\"inLanguage\":\"pt-BR\",\"@id\":\"https:\/\/www.pipacomunica.com.br\/livrariadapipa\/produto\/a-lingua-de-todos\/#primaryimage\",\"url\":\"https:\/\/i0.wp.com\/www.pipacomunica.com.br\/livrariadapipa\/wp-content\/uploads\/2022\/01\/ebook-a-lingua-de-todos.gif?fit=461%2C595&ssl=1\",\"contentUrl\":\"https:\/\/i0.wp.com\/www.pipacomunica.com.br\/livrariadapipa\/wp-content\/uploads\/2022\/01\/ebook-a-lingua-de-todos.gif?fit=461%2C595&ssl=1\",\"width\":461,\"height\":595,\"caption\":\"A l\u00edngua de todos e a l\u00edngua de cada um\"},{\"@type\":\"BreadcrumbList\",\"@id\":\"https:\/\/www.pipacomunica.com.br\/livrariadapipa\/produto\/a-lingua-de-todos\/#breadcrumb\",\"itemListElement\":[{\"@type\":\"ListItem\",\"position\":1,\"name\":\"In\u00edcio\",\"item\":\"https:\/\/www.pipacomunica.com.br\/livrariadapipa\/\"},{\"@type\":\"ListItem\",\"position\":2,\"name\":\"Cat\u00e1logo\",\"item\":\"https:\/\/www.pipacomunica.com.br\/livrariadapipa\/vitrine\/\"},{\"@type\":\"ListItem\",\"position\":3,\"name\":\"A l\u00edngua de todos e a l\u00edngua de cada um\"}]},{\"@type\":\"WebSite\",\"@id\":\"https:\/\/www.pipacomunica.com.br\/livrariadapipa\/#website\",\"url\":\"https:\/\/www.pipacomunica.com.br\/livrariadapipa\/\",\"name\":\"Livraria da Pipa Comunica\u00e7\u00e3o\",\"description\":\"Livros mais baratos que xerox\",\"publisher\":{\"@id\":\"https:\/\/www.pipacomunica.com.br\/livrariadapipa\/#organization\"},\"potentialAction\":[{\"@type\":\"SearchAction\",\"target\":{\"@type\":\"EntryPoint\",\"urlTemplate\":\"https:\/\/www.pipacomunica.com.br\/livrariadapipa\/?s={search_term_string}\"},\"query-input\":{\"@type\":\"PropertyValueSpecification\",\"valueRequired\":true,\"valueName\":\"search_term_string\"}}],\"inLanguage\":\"pt-BR\"},{\"@type\":\"Organization\",\"@id\":\"https:\/\/www.pipacomunica.com.br\/livrariadapipa\/#organization\",\"name\":\"Livraria da Pipa Comunica\u00e7\u00e3o\",\"url\":\"https:\/\/www.pipacomunica.com.br\/livrariadapipa\/\",\"logo\":{\"@type\":\"ImageObject\",\"inLanguage\":\"pt-BR\",\"@id\":\"https:\/\/www.pipacomunica.com.br\/livrariadapipa\/#\/schema\/logo\/image\/\",\"url\":\"https:\/\/i0.wp.com\/www.pipacomunica.com.br\/livrariadapipa\/wp-content\/uploads\/2018\/09\/marca-livraria-pipa-400px-negativo.png?fit=400%2C80&ssl=1\",\"contentUrl\":\"https:\/\/i0.wp.com\/www.pipacomunica.com.br\/livrariadapipa\/wp-content\/uploads\/2018\/09\/marca-livraria-pipa-400px-negativo.png?fit=400%2C80&ssl=1\",\"width\":400,\"height\":80,\"caption\":\"Livraria da Pipa Comunica\u00e7\u00e3o\"},\"image\":{\"@id\":\"https:\/\/www.pipacomunica.com.br\/livrariadapipa\/#\/schema\/logo\/image\/\"},\"sameAs\":[\"https:\/\/www.facebook.com\/pipacomunica\",\"https:\/\/x.com\/PipaComunica\",\"https:\/\/instagram.com\/pipacomunicacao\",\"http:\/\/www.linkedin.com\/companies\/pipa-comunica-o\",\"https:\/\/br.pinterest.com\/pipacomunicacao\/\",\"http:\/\/il.youtube.com\/user\/pipacomunicacao\"]}]}<\/script>\n<!-- \/ Yoast SEO plugin. -->","yoast_head_json":{"title":"A l\u00edngua de todos e a l\u00edngua de cada um","description":"Um livro sobre linguagem, pessoas, diferen\u00e7as e diversidade, com uma hist\u00f3ria que apresenta a perspectiva de quem vem de um outro lugar.","robots":{"index":"index","follow":"follow","max-snippet":"max-snippet:-1","max-image-preview":"max-image-preview:large","max-video-preview":"max-video-preview:-1"},"canonical":"https:\/\/www.pipacomunica.com.br\/livrariadapipa\/produto\/a-lingua-de-todos\/","og_locale":"pt_BR","og_type":"article","og_title":"A l\u00edngua de todos e a l\u00edngua de cada um","og_description":"Um livro sobre linguagem, pessoas, diferen\u00e7as e diversidade, com uma hist\u00f3ria sens\u00edvel que apresenta, a partir da l\u00edngua, a perspectiva de quem vem de outro lugar e que, de maneiras sutis, \u00e9 silencioso.","og_url":"https:\/\/www.pipacomunica.com.br\/livrariadapipa\/produto\/a-lingua-de-todos\/","og_site_name":"Livraria da Pipa Comunica\u00e7\u00e3o","article_publisher":"https:\/\/www.facebook.com\/pipacomunica","article_modified_time":"2024-10-21T23:04:31+00:00","og_image":[{"width":870,"height":452,"url":"https:\/\/www.pipacomunica.com.br\/livrariadapipa\/wp-content\/uploads\/2022\/01\/thumb-a-lingua-de-todos.png","type":"image\/png"}],"twitter_card":"summary_large_image","twitter_title":"A l\u00edngua de todos e a l\u00edngua de cada um","twitter_description":"Um livro sobre linguagem, pessoas, diferen\u00e7as e diversidade, com uma hist\u00f3ria sens\u00edvel que apresenta, a partir da l\u00edngua, a perspectiva de quem vem de outro lugar e que, de maneiras sutis, \u00e9 silencioso.","twitter_image":"https:\/\/i0.wp.com\/www.pipacomunica.com.br\/livrariadapipa\/wp-content\/uploads\/2022\/01\/thumb-a-lingua-de-todos.png?fit=870%2C452&ssl=1","twitter_site":"@PipaComunica","twitter_misc":{"Est. tempo de leitura":"4 minutos"},"schema":{"@context":"https:\/\/schema.org","@graph":[{"@type":"WebPage","@id":"https:\/\/www.pipacomunica.com.br\/livrariadapipa\/produto\/a-lingua-de-todos\/","url":"https:\/\/www.pipacomunica.com.br\/livrariadapipa\/produto\/a-lingua-de-todos\/","name":"A l\u00edngua de todos e a l\u00edngua de cada um","isPartOf":{"@id":"https:\/\/www.pipacomunica.com.br\/livrariadapipa\/#website"},"primaryImageOfPage":{"@id":"https:\/\/www.pipacomunica.com.br\/livrariadapipa\/produto\/a-lingua-de-todos\/#primaryimage"},"image":{"@id":"https:\/\/www.pipacomunica.com.br\/livrariadapipa\/produto\/a-lingua-de-todos\/#primaryimage"},"thumbnailUrl":"https:\/\/i0.wp.com\/www.pipacomunica.com.br\/livrariadapipa\/wp-content\/uploads\/2022\/01\/ebook-a-lingua-de-todos.gif?fit=461%2C595&ssl=1","datePublished":"2022-01-13T17:58:50+00:00","dateModified":"2024-10-21T23:04:31+00:00","description":"Um livro sobre linguagem, pessoas, diferen\u00e7as e diversidade, com uma hist\u00f3ria que apresenta a perspectiva de quem vem de um outro lugar.","breadcrumb":{"@id":"https:\/\/www.pipacomunica.com.br\/livrariadapipa\/produto\/a-lingua-de-todos\/#breadcrumb"},"inLanguage":"pt-BR","potentialAction":[{"@type":"ReadAction","target":["https:\/\/www.pipacomunica.com.br\/livrariadapipa\/produto\/a-lingua-de-todos\/"]}]},{"@type":"ImageObject","inLanguage":"pt-BR","@id":"https:\/\/www.pipacomunica.com.br\/livrariadapipa\/produto\/a-lingua-de-todos\/#primaryimage","url":"https:\/\/i0.wp.com\/www.pipacomunica.com.br\/livrariadapipa\/wp-content\/uploads\/2022\/01\/ebook-a-lingua-de-todos.gif?fit=461%2C595&ssl=1","contentUrl":"https:\/\/i0.wp.com\/www.pipacomunica.com.br\/livrariadapipa\/wp-content\/uploads\/2022\/01\/ebook-a-lingua-de-todos.gif?fit=461%2C595&ssl=1","width":461,"height":595,"caption":"A l\u00edngua de todos e a l\u00edngua de cada um"},{"@type":"BreadcrumbList","@id":"https:\/\/www.pipacomunica.com.br\/livrariadapipa\/produto\/a-lingua-de-todos\/#breadcrumb","itemListElement":[{"@type":"ListItem","position":1,"name":"In\u00edcio","item":"https:\/\/www.pipacomunica.com.br\/livrariadapipa\/"},{"@type":"ListItem","position":2,"name":"Cat\u00e1logo","item":"https:\/\/www.pipacomunica.com.br\/livrariadapipa\/vitrine\/"},{"@type":"ListItem","position":3,"name":"A l\u00edngua de todos e a l\u00edngua de cada um"}]},{"@type":"WebSite","@id":"https:\/\/www.pipacomunica.com.br\/livrariadapipa\/#website","url":"https:\/\/www.pipacomunica.com.br\/livrariadapipa\/","name":"Livraria da Pipa Comunica\u00e7\u00e3o","description":"Livros mais baratos que xerox","publisher":{"@id":"https:\/\/www.pipacomunica.com.br\/livrariadapipa\/#organization"},"potentialAction":[{"@type":"SearchAction","target":{"@type":"EntryPoint","urlTemplate":"https:\/\/www.pipacomunica.com.br\/livrariadapipa\/?s={search_term_string}"},"query-input":{"@type":"PropertyValueSpecification","valueRequired":true,"valueName":"search_term_string"}}],"inLanguage":"pt-BR"},{"@type":"Organization","@id":"https:\/\/www.pipacomunica.com.br\/livrariadapipa\/#organization","name":"Livraria da Pipa Comunica\u00e7\u00e3o","url":"https:\/\/www.pipacomunica.com.br\/livrariadapipa\/","logo":{"@type":"ImageObject","inLanguage":"pt-BR","@id":"https:\/\/www.pipacomunica.com.br\/livrariadapipa\/#\/schema\/logo\/image\/","url":"https:\/\/i0.wp.com\/www.pipacomunica.com.br\/livrariadapipa\/wp-content\/uploads\/2018\/09\/marca-livraria-pipa-400px-negativo.png?fit=400%2C80&ssl=1","contentUrl":"https:\/\/i0.wp.com\/www.pipacomunica.com.br\/livrariadapipa\/wp-content\/uploads\/2018\/09\/marca-livraria-pipa-400px-negativo.png?fit=400%2C80&ssl=1","width":400,"height":80,"caption":"Livraria da Pipa Comunica\u00e7\u00e3o"},"image":{"@id":"https:\/\/www.pipacomunica.com.br\/livrariadapipa\/#\/schema\/logo\/image\/"},"sameAs":["https:\/\/www.facebook.com\/pipacomunica","https:\/\/x.com\/PipaComunica","https:\/\/instagram.com\/pipacomunicacao","http:\/\/www.linkedin.com\/companies\/pipa-comunica-o","https:\/\/br.pinterest.com\/pipacomunicacao\/","http:\/\/il.youtube.com\/user\/pipacomunicacao"]}]}},"jetpack_publicize_connections":[],"jetpack_sharing_enabled":true,"_links":{"self":[{"href":"https:\/\/www.pipacomunica.com.br\/livrariadapipa\/wp-json\/wp\/v2\/product\/11638","targetHints":{"allow":["GET"]}}],"collection":[{"href":"https:\/\/www.pipacomunica.com.br\/livrariadapipa\/wp-json\/wp\/v2\/product"}],"about":[{"href":"https:\/\/www.pipacomunica.com.br\/livrariadapipa\/wp-json\/wp\/v2\/types\/product"}],"replies":[{"embeddable":true,"href":"https:\/\/www.pipacomunica.com.br\/livrariadapipa\/wp-json\/wp\/v2\/comments?post=11638"}],"version-history":[{"count":3,"href":"https:\/\/www.pipacomunica.com.br\/livrariadapipa\/wp-json\/wp\/v2\/product\/11638\/revisions"}],"predecessor-version":[{"id":11778,"href":"https:\/\/www.pipacomunica.com.br\/livrariadapipa\/wp-json\/wp\/v2\/product\/11638\/revisions\/11778"}],"wp:featuredmedia":[{"embeddable":true,"href":"https:\/\/www.pipacomunica.com.br\/livrariadapipa\/wp-json\/wp\/v2\/media\/11639"}],"wp:attachment":[{"href":"https:\/\/www.pipacomunica.com.br\/livrariadapipa\/wp-json\/wp\/v2\/media?parent=11638"}],"wp:term":[{"taxonomy":"product_brand","embeddable":true,"href":"https:\/\/www.pipacomunica.com.br\/livrariadapipa\/wp-json\/wp\/v2\/product_brand?post=11638"},{"taxonomy":"product_cat","embeddable":true,"href":"https:\/\/www.pipacomunica.com.br\/livrariadapipa\/wp-json\/wp\/v2\/product_cat?post=11638"},{"taxonomy":"product_tag","embeddable":true,"href":"https:\/\/www.pipacomunica.com.br\/livrariadapipa\/wp-json\/wp\/v2\/product_tag?post=11638"}],"curies":[{"name":"wp","href":"https:\/\/api.w.org\/{rel}","templated":true}]}}