{"id":11611,"date":"2021-12-07T21:59:42","date_gmt":"2021-12-08T00:59:42","guid":{"rendered":"https:\/\/www.pipacomunica.com.br\/livrariadapipa\/?post_type=product&#038;p=11611"},"modified":"2023-12-28T22:34:23","modified_gmt":"2023-12-29T01:34:23","slug":"a-voz-de-jovens-cientistas","status":"publish","type":"product","link":"https:\/\/www.pipacomunica.com.br\/livrariadapipa\/produto\/a-voz-de-jovens-cientistas\/","title":{"rendered":"A voz de jovens cientistas e de professores pesquisadores na educa\u00e7\u00e3o profissional e tecnol\u00f3gica"},"content":{"rendered":"<p><strong>A voz de jovens cientistas e de professores pesquisadores na educa\u00e7\u00e3o profissional e tecnol\u00f3gica: pr\u00e1ticas na pesquisa e na extens\u00e3o<\/strong><br \/>\n<em>PDF <\/em><br \/>\nJos\u00e9 Ribamar Lopes Batista J\u00fanior (Organizador), Nayana Bruna Nery Mon\u00e7\u00e3o (Organizadora), Diego Porto Rocha (Organizador)<\/p>\n<p>\u201cO livro A Voz de Jovens Cientistas e de professores pesquisadores na Educa\u00e7\u00e3o Profissional e Tecnol\u00f3gica tem como objetivo propor que o\/a leitor\/a, por meio de sua voz interior, leia palavras escritas, muitas vezes, por um p\u00fablico que descobriu a import\u00e2ncia da ci\u00eancia ainda jovem (quando tratamos da maioria do p\u00fablico da Educa\u00e7\u00e3o Profissional e Tecnol\u00f3gica) e que entraram nesta modalidade, apenas para adquirir qualifica\u00e7\u00e3o profissional, mas pela oportunidade de participa\u00e7\u00e3o na Pesquisa e\/ou Extens\u00e3o adquiriram e receberam valores e experi\u00eancias \u00edmpares.&#8221;<\/p>\n<p>\u2014 Os organizadores<\/p>\n<h4>Sobre os organizadores e a organizadora<\/h4>\n<p>&nbsp;<\/p>\n<p><strong>Jos\u00e9 Ribamar Lopes Batista J\u00fanior<\/strong><\/p>\n<p>Professor do ensino b\u00e1sico, t\u00e9cnico e tecnol\u00f3gico da Universidade Federal do Piau\u00ed (UFPI), fundador e coordenador do Laborat\u00f3rio Experimental de Ensino e Pesquisa em Leitura e Produ\u00e7\u00e3o Textual (LPT\/CNPq) do Col\u00e9gio T\u00e9cnico de Floriano (CTF\/UFPI). Doutor em Lingu\u00edstica pela Universidade de Bras\u00edlia.<\/p>\n<p><strong>Nayana Bruna Nery Mon\u00e7\u00e3o<\/strong><\/p>\n<p>Mestre em Qu\u00edmica pela Universidade Federal do Piau\u00ed (UFPI). Professora do ensino b\u00e1sico, t\u00e9cnico e tecnol\u00f3gico do Col\u00e9gio T\u00e9cnico de Floriano (UFPI), orientou em projeto de inicia\u00e7\u00e3o cient\u00edfica, as discentes<br \/>\ndo curso t\u00e9cnico em inform\u00e1tica &#8211; modalidade concomit\u00e2ncia, Maria Clara Oliveira Trajano e Maria Nilma Silva e Sousa.<\/p>\n<p><strong>Diego Porto Rocha<\/strong><\/p>\n<p>Graduado em Bacharelado Ci\u00eancia da Computa\u00e7\u00e3o na Universidade Federal do Piau\u00ed (UFPI) em 2014. Mestre em Ci\u00eancia da Computa\u00e7\u00e3o na Universidade Federal do Piau\u00ed (UFPI). Ex-professor do Col\u00e9gio T\u00e9cnico de Floriano da UFPI. Atua principalmente nos seguintes temas: Rob\u00f3tica M\u00f3vel, Navega\u00e7\u00e3o Aut\u00f4noma, Processamento de Imagem, Sistemas embarcados, Intelig\u00eancia Artificial e Desenvolvimento de<br \/>\nJogos Digitais.<\/p>\n<h4>Ficha T\u00e9cnica<\/h4>\n<p><strong>Capa e Projeto Gr\u00e1fico<\/strong>: Karla Vidal<br \/>\n<strong>Diagrama\u00e7\u00e3o<\/strong>: Augusto Noronha e Karla Vidal<br \/>\n<strong>Revis\u00e3o <\/strong><strong>da segunda edi\u00e7\u00e3o<\/strong>: os organizadores<br \/>\n<strong>Edi\u00e7\u00e3o: <\/strong>Pipa Comunica\u00e7\u00e3o<br \/>\n<strong>Realiza\u00e7\u00e3o: <\/strong>Laborat\u00f3rio de Leitura e Produ\u00e7\u00e3o Textual<\/p>\n","protected":false},"excerpt":{"rendered":"<p><strong>A voz de jovens cientistas e de professores pesquisadores na educa\u00e7\u00e3o profissional e tecnol\u00f3gica: pr\u00e1ticas na pesquisa e na extens\u00e3o<\/strong><br \/>\n<em>PDF <\/em><br \/>\nJos\u00e9 Ribamar Lopes Batista J\u00fanior (Organizador), Nayana Bruna Nery Mon\u00e7\u00e3o (Organizadora), Diego Porto Rocha (Organizador)<\/p>\n<p>\u201cO livro A Voz de Jovens Cientistas e de professores pesquisadores na Educa\u00e7\u00e3o Profissional e Tecnol\u00f3gica tem como objetivo propor que o\/a leitor\/a, por meio de sua voz interior, leia palavras escritas, muitas vezes, por um p\u00fablico que descobriu a import\u00e2ncia da ci\u00eancia ainda jovem (quando tratamos da maioria do p\u00fablico da Educa\u00e7\u00e3o Profissional e Tecnol\u00f3gica) e que entraram nesta modalidade, apenas para adquirir qualifica\u00e7\u00e3o profissional, mas pela oportunidade de participa\u00e7\u00e3o na Pesquisa e\/ou Extens\u00e3o adquiriram e receberam valores e experi\u00eancias \u00edmpares.&#8221;<\/p>\n<p>\u2014 Os organizadores<\/p>\n<h4>Ficha T\u00e9cnica<\/h4>\n<p>1\u00aa ed.<br \/>\nPDF<br \/>\n384 p.<br \/>\nISBN 978-65-87033-22-8<br \/>\n1. Educa\u00e7\u00e3o profissional e tecnol\u00f3gica. 2. Educa\u00e7\u00e3o.<\/p>\n","protected":false},"featured_media":11617,"comment_status":"open","ping_status":"closed","template":"","meta":{"jetpack_post_was_ever_published":false,"jetpack_publicize_message":"","jetpack_publicize_feature_enabled":true,"jetpack_social_post_already_shared":true,"jetpack_social_options":{"image_generator_settings":{"template":"highway","default_image_id":0,"font":"","enabled":false},"version":2}},"product_brand":[],"product_cat":[34,19,17],"product_tag":[],"class_list":{"0":"post-11611","1":"product","2":"type-product","3":"status-publish","4":"has-post-thumbnail","6":"product_cat-sem-categoria","7":"product_cat-livros-digitais","8":"product_cat-gratuitos","10":"first","11":"instock","12":"sold-individually","13":"shipping-taxable","14":"product-type-external"},"yoast_head":"<!-- This site is optimized with the Yoast SEO plugin v27.1.1 - https:\/\/yoast.com\/product\/yoast-seo-wordpress\/ -->\n<title>A voz de jovens cientistas e de professores pesquisadores na educa\u00e7\u00e3o profissional e tecnol\u00f3gica<\/title>\n<meta name=\"description\" content=\"Este livro tem como objetivo propor que o\/a leitor\/a, por meio de sua voz interior, leia palavras escritas por um p\u00fablico que descobriu a import\u00e2ncia da ci\u00eancia ainda jovem, no Ensino M\u00e9dio.\" \/>\n<meta name=\"robots\" content=\"index, follow, max-snippet:-1, max-image-preview:large, max-video-preview:-1\" \/>\n<link rel=\"canonical\" href=\"https:\/\/www.pipacomunica.com.br\/livrariadapipa\/produto\/a-voz-de-jovens-cientistas\/\" \/>\n<meta property=\"og:locale\" content=\"pt_BR\" \/>\n<meta property=\"og:type\" content=\"article\" \/>\n<meta property=\"og:title\" content=\"A voz de jovens cientistas e de professores pesquisadores na educa\u00e7\u00e3o profissional e tecnol\u00f3gica\" \/>\n<meta property=\"og:description\" content=\"Este livro tem como objetivo propor que o\/a leitor\/a, por meio de sua voz interior, leia palavras escritas, muitas vezes, por um p\u00fablico que descobriu a import\u00e2ncia da ci\u00eancia ainda jovem, no Ensino M\u00e9dio.\" \/>\n<meta property=\"og:url\" content=\"https:\/\/www.pipacomunica.com.br\/livrariadapipa\/produto\/a-voz-de-jovens-cientistas\/\" \/>\n<meta property=\"og:site_name\" content=\"Livraria da Pipa Comunica\u00e7\u00e3o\" \/>\n<meta property=\"article:publisher\" content=\"https:\/\/www.facebook.com\/pipacomunica\" \/>\n<meta property=\"article:modified_time\" content=\"2023-12-29T01:34:23+00:00\" \/>\n<meta property=\"og:image\" content=\"https:\/\/www.pipacomunica.com.br\/livrariadapipa\/wp-content\/uploads\/2021\/12\/thumb-a-voz-de-jovens-cientistas.png\" \/>\n\t<meta property=\"og:image:width\" content=\"870\" \/>\n\t<meta property=\"og:image:height\" content=\"452\" \/>\n\t<meta property=\"og:image:type\" content=\"image\/png\" \/>\n<meta name=\"twitter:card\" content=\"summary_large_image\" \/>\n<meta name=\"twitter:title\" content=\"A voz de jovens cientistas e de professores pesquisadores na educa\u00e7\u00e3o profissional e tecnol\u00f3gica\" \/>\n<meta name=\"twitter:description\" content=\"Este livro tem como objetivo propor que o\/a leitor\/a, por meio de sua voz interior, leia palavras escritas, muitas vezes, por um p\u00fablico que descobriu a import\u00e2ncia da ci\u00eancia ainda jovem, no Ensino M\u00e9dio.\" \/>\n<meta name=\"twitter:image\" content=\"https:\/\/i0.wp.com\/www.pipacomunica.com.br\/livrariadapipa\/wp-content\/uploads\/2021\/12\/thumb-a-voz-de-jovens-cientistas.png?fit=870%2C452&ssl=1\" \/>\n<meta name=\"twitter:site\" content=\"@PipaComunica\" \/>\n<meta name=\"twitter:label1\" content=\"Est. tempo de leitura\" \/>\n\t<meta name=\"twitter:data1\" content=\"2 minutos\" \/>\n<script type=\"application\/ld+json\" class=\"yoast-schema-graph\">{\"@context\":\"https:\/\/schema.org\",\"@graph\":[{\"@type\":\"WebPage\",\"@id\":\"https:\/\/www.pipacomunica.com.br\/livrariadapipa\/produto\/a-voz-de-jovens-cientistas\/\",\"url\":\"https:\/\/www.pipacomunica.com.br\/livrariadapipa\/produto\/a-voz-de-jovens-cientistas\/\",\"name\":\"A voz de jovens cientistas e de professores pesquisadores na educa\u00e7\u00e3o profissional e tecnol\u00f3gica\",\"isPartOf\":{\"@id\":\"https:\/\/www.pipacomunica.com.br\/livrariadapipa\/#website\"},\"primaryImageOfPage\":{\"@id\":\"https:\/\/www.pipacomunica.com.br\/livrariadapipa\/produto\/a-voz-de-jovens-cientistas\/#primaryimage\"},\"image\":{\"@id\":\"https:\/\/www.pipacomunica.com.br\/livrariadapipa\/produto\/a-voz-de-jovens-cientistas\/#primaryimage\"},\"thumbnailUrl\":\"https:\/\/i0.wp.com\/www.pipacomunica.com.br\/livrariadapipa\/wp-content\/uploads\/2021\/12\/a-voz-de-jovens.gif?fit=461%2C595&ssl=1\",\"datePublished\":\"2021-12-08T00:59:42+00:00\",\"dateModified\":\"2023-12-29T01:34:23+00:00\",\"description\":\"Este livro tem como objetivo propor que o\/a leitor\/a, por meio de sua voz interior, leia palavras escritas por um p\u00fablico que descobriu a import\u00e2ncia da ci\u00eancia ainda jovem, no Ensino M\u00e9dio.\",\"breadcrumb\":{\"@id\":\"https:\/\/www.pipacomunica.com.br\/livrariadapipa\/produto\/a-voz-de-jovens-cientistas\/#breadcrumb\"},\"inLanguage\":\"pt-BR\",\"potentialAction\":[{\"@type\":\"ReadAction\",\"target\":[\"https:\/\/www.pipacomunica.com.br\/livrariadapipa\/produto\/a-voz-de-jovens-cientistas\/\"]}]},{\"@type\":\"ImageObject\",\"inLanguage\":\"pt-BR\",\"@id\":\"https:\/\/www.pipacomunica.com.br\/livrariadapipa\/produto\/a-voz-de-jovens-cientistas\/#primaryimage\",\"url\":\"https:\/\/i0.wp.com\/www.pipacomunica.com.br\/livrariadapipa\/wp-content\/uploads\/2021\/12\/a-voz-de-jovens.gif?fit=461%2C595&ssl=1\",\"contentUrl\":\"https:\/\/i0.wp.com\/www.pipacomunica.com.br\/livrariadapipa\/wp-content\/uploads\/2021\/12\/a-voz-de-jovens.gif?fit=461%2C595&ssl=1\",\"width\":461,\"height\":595,\"caption\":\"A voz de jovens cientistas e de professores pesquisadores na educa\u00e7\u00e3o profissional e tecnol\u00f3gica\"},{\"@type\":\"BreadcrumbList\",\"@id\":\"https:\/\/www.pipacomunica.com.br\/livrariadapipa\/produto\/a-voz-de-jovens-cientistas\/#breadcrumb\",\"itemListElement\":[{\"@type\":\"ListItem\",\"position\":1,\"name\":\"In\u00edcio\",\"item\":\"https:\/\/www.pipacomunica.com.br\/livrariadapipa\/\"},{\"@type\":\"ListItem\",\"position\":2,\"name\":\"Cat\u00e1logo\",\"item\":\"https:\/\/www.pipacomunica.com.br\/livrariadapipa\/vitrine\/\"},{\"@type\":\"ListItem\",\"position\":3,\"name\":\"A voz de jovens cientistas e de professores pesquisadores na educa\u00e7\u00e3o profissional e tecnol\u00f3gica\"}]},{\"@type\":\"WebSite\",\"@id\":\"https:\/\/www.pipacomunica.com.br\/livrariadapipa\/#website\",\"url\":\"https:\/\/www.pipacomunica.com.br\/livrariadapipa\/\",\"name\":\"Livraria da Pipa Comunica\u00e7\u00e3o\",\"description\":\"Livros mais baratos que xerox\",\"publisher\":{\"@id\":\"https:\/\/www.pipacomunica.com.br\/livrariadapipa\/#organization\"},\"potentialAction\":[{\"@type\":\"SearchAction\",\"target\":{\"@type\":\"EntryPoint\",\"urlTemplate\":\"https:\/\/www.pipacomunica.com.br\/livrariadapipa\/?s={search_term_string}\"},\"query-input\":{\"@type\":\"PropertyValueSpecification\",\"valueRequired\":true,\"valueName\":\"search_term_string\"}}],\"inLanguage\":\"pt-BR\"},{\"@type\":\"Organization\",\"@id\":\"https:\/\/www.pipacomunica.com.br\/livrariadapipa\/#organization\",\"name\":\"Livraria da Pipa Comunica\u00e7\u00e3o\",\"url\":\"https:\/\/www.pipacomunica.com.br\/livrariadapipa\/\",\"logo\":{\"@type\":\"ImageObject\",\"inLanguage\":\"pt-BR\",\"@id\":\"https:\/\/www.pipacomunica.com.br\/livrariadapipa\/#\/schema\/logo\/image\/\",\"url\":\"https:\/\/i0.wp.com\/www.pipacomunica.com.br\/livrariadapipa\/wp-content\/uploads\/2018\/09\/marca-livraria-pipa-400px-negativo.png?fit=400%2C80&ssl=1\",\"contentUrl\":\"https:\/\/i0.wp.com\/www.pipacomunica.com.br\/livrariadapipa\/wp-content\/uploads\/2018\/09\/marca-livraria-pipa-400px-negativo.png?fit=400%2C80&ssl=1\",\"width\":400,\"height\":80,\"caption\":\"Livraria da Pipa Comunica\u00e7\u00e3o\"},\"image\":{\"@id\":\"https:\/\/www.pipacomunica.com.br\/livrariadapipa\/#\/schema\/logo\/image\/\"},\"sameAs\":[\"https:\/\/www.facebook.com\/pipacomunica\",\"https:\/\/x.com\/PipaComunica\",\"https:\/\/instagram.com\/pipacomunicacao\",\"http:\/\/www.linkedin.com\/companies\/pipa-comunica-o\",\"https:\/\/br.pinterest.com\/pipacomunicacao\/\",\"http:\/\/il.youtube.com\/user\/pipacomunicacao\"]}]}<\/script>\n<!-- \/ Yoast SEO plugin. -->","yoast_head_json":{"title":"A voz de jovens cientistas e de professores pesquisadores na educa\u00e7\u00e3o profissional e tecnol\u00f3gica","description":"Este livro tem como objetivo propor que o\/a leitor\/a, por meio de sua voz interior, leia palavras escritas por um p\u00fablico que descobriu a import\u00e2ncia da ci\u00eancia ainda jovem, no Ensino M\u00e9dio.","robots":{"index":"index","follow":"follow","max-snippet":"max-snippet:-1","max-image-preview":"max-image-preview:large","max-video-preview":"max-video-preview:-1"},"canonical":"https:\/\/www.pipacomunica.com.br\/livrariadapipa\/produto\/a-voz-de-jovens-cientistas\/","og_locale":"pt_BR","og_type":"article","og_title":"A voz de jovens cientistas e de professores pesquisadores na educa\u00e7\u00e3o profissional e tecnol\u00f3gica","og_description":"Este livro tem como objetivo propor que o\/a leitor\/a, por meio de sua voz interior, leia palavras escritas, muitas vezes, por um p\u00fablico que descobriu a import\u00e2ncia da ci\u00eancia ainda jovem, no Ensino M\u00e9dio.","og_url":"https:\/\/www.pipacomunica.com.br\/livrariadapipa\/produto\/a-voz-de-jovens-cientistas\/","og_site_name":"Livraria da Pipa Comunica\u00e7\u00e3o","article_publisher":"https:\/\/www.facebook.com\/pipacomunica","article_modified_time":"2023-12-29T01:34:23+00:00","og_image":[{"width":870,"height":452,"url":"https:\/\/www.pipacomunica.com.br\/livrariadapipa\/wp-content\/uploads\/2021\/12\/thumb-a-voz-de-jovens-cientistas.png","type":"image\/png"}],"twitter_card":"summary_large_image","twitter_title":"A voz de jovens cientistas e de professores pesquisadores na educa\u00e7\u00e3o profissional e tecnol\u00f3gica","twitter_description":"Este livro tem como objetivo propor que o\/a leitor\/a, por meio de sua voz interior, leia palavras escritas, muitas vezes, por um p\u00fablico que descobriu a import\u00e2ncia da ci\u00eancia ainda jovem, no Ensino M\u00e9dio.","twitter_image":"https:\/\/i0.wp.com\/www.pipacomunica.com.br\/livrariadapipa\/wp-content\/uploads\/2021\/12\/thumb-a-voz-de-jovens-cientistas.png?fit=870%2C452&ssl=1","twitter_site":"@PipaComunica","twitter_misc":{"Est. tempo de leitura":"2 minutos"},"schema":{"@context":"https:\/\/schema.org","@graph":[{"@type":"WebPage","@id":"https:\/\/www.pipacomunica.com.br\/livrariadapipa\/produto\/a-voz-de-jovens-cientistas\/","url":"https:\/\/www.pipacomunica.com.br\/livrariadapipa\/produto\/a-voz-de-jovens-cientistas\/","name":"A voz de jovens cientistas e de professores pesquisadores na educa\u00e7\u00e3o profissional e tecnol\u00f3gica","isPartOf":{"@id":"https:\/\/www.pipacomunica.com.br\/livrariadapipa\/#website"},"primaryImageOfPage":{"@id":"https:\/\/www.pipacomunica.com.br\/livrariadapipa\/produto\/a-voz-de-jovens-cientistas\/#primaryimage"},"image":{"@id":"https:\/\/www.pipacomunica.com.br\/livrariadapipa\/produto\/a-voz-de-jovens-cientistas\/#primaryimage"},"thumbnailUrl":"https:\/\/i0.wp.com\/www.pipacomunica.com.br\/livrariadapipa\/wp-content\/uploads\/2021\/12\/a-voz-de-jovens.gif?fit=461%2C595&ssl=1","datePublished":"2021-12-08T00:59:42+00:00","dateModified":"2023-12-29T01:34:23+00:00","description":"Este livro tem como objetivo propor que o\/a leitor\/a, por meio de sua voz interior, leia palavras escritas por um p\u00fablico que descobriu a import\u00e2ncia da ci\u00eancia ainda jovem, no Ensino M\u00e9dio.","breadcrumb":{"@id":"https:\/\/www.pipacomunica.com.br\/livrariadapipa\/produto\/a-voz-de-jovens-cientistas\/#breadcrumb"},"inLanguage":"pt-BR","potentialAction":[{"@type":"ReadAction","target":["https:\/\/www.pipacomunica.com.br\/livrariadapipa\/produto\/a-voz-de-jovens-cientistas\/"]}]},{"@type":"ImageObject","inLanguage":"pt-BR","@id":"https:\/\/www.pipacomunica.com.br\/livrariadapipa\/produto\/a-voz-de-jovens-cientistas\/#primaryimage","url":"https:\/\/i0.wp.com\/www.pipacomunica.com.br\/livrariadapipa\/wp-content\/uploads\/2021\/12\/a-voz-de-jovens.gif?fit=461%2C595&ssl=1","contentUrl":"https:\/\/i0.wp.com\/www.pipacomunica.com.br\/livrariadapipa\/wp-content\/uploads\/2021\/12\/a-voz-de-jovens.gif?fit=461%2C595&ssl=1","width":461,"height":595,"caption":"A voz de jovens cientistas e de professores pesquisadores na educa\u00e7\u00e3o profissional e tecnol\u00f3gica"},{"@type":"BreadcrumbList","@id":"https:\/\/www.pipacomunica.com.br\/livrariadapipa\/produto\/a-voz-de-jovens-cientistas\/#breadcrumb","itemListElement":[{"@type":"ListItem","position":1,"name":"In\u00edcio","item":"https:\/\/www.pipacomunica.com.br\/livrariadapipa\/"},{"@type":"ListItem","position":2,"name":"Cat\u00e1logo","item":"https:\/\/www.pipacomunica.com.br\/livrariadapipa\/vitrine\/"},{"@type":"ListItem","position":3,"name":"A voz de jovens cientistas e de professores pesquisadores na educa\u00e7\u00e3o profissional e tecnol\u00f3gica"}]},{"@type":"WebSite","@id":"https:\/\/www.pipacomunica.com.br\/livrariadapipa\/#website","url":"https:\/\/www.pipacomunica.com.br\/livrariadapipa\/","name":"Livraria da Pipa Comunica\u00e7\u00e3o","description":"Livros mais baratos que xerox","publisher":{"@id":"https:\/\/www.pipacomunica.com.br\/livrariadapipa\/#organization"},"potentialAction":[{"@type":"SearchAction","target":{"@type":"EntryPoint","urlTemplate":"https:\/\/www.pipacomunica.com.br\/livrariadapipa\/?s={search_term_string}"},"query-input":{"@type":"PropertyValueSpecification","valueRequired":true,"valueName":"search_term_string"}}],"inLanguage":"pt-BR"},{"@type":"Organization","@id":"https:\/\/www.pipacomunica.com.br\/livrariadapipa\/#organization","name":"Livraria da Pipa Comunica\u00e7\u00e3o","url":"https:\/\/www.pipacomunica.com.br\/livrariadapipa\/","logo":{"@type":"ImageObject","inLanguage":"pt-BR","@id":"https:\/\/www.pipacomunica.com.br\/livrariadapipa\/#\/schema\/logo\/image\/","url":"https:\/\/i0.wp.com\/www.pipacomunica.com.br\/livrariadapipa\/wp-content\/uploads\/2018\/09\/marca-livraria-pipa-400px-negativo.png?fit=400%2C80&ssl=1","contentUrl":"https:\/\/i0.wp.com\/www.pipacomunica.com.br\/livrariadapipa\/wp-content\/uploads\/2018\/09\/marca-livraria-pipa-400px-negativo.png?fit=400%2C80&ssl=1","width":400,"height":80,"caption":"Livraria da Pipa Comunica\u00e7\u00e3o"},"image":{"@id":"https:\/\/www.pipacomunica.com.br\/livrariadapipa\/#\/schema\/logo\/image\/"},"sameAs":["https:\/\/www.facebook.com\/pipacomunica","https:\/\/x.com\/PipaComunica","https:\/\/instagram.com\/pipacomunicacao","http:\/\/www.linkedin.com\/companies\/pipa-comunica-o","https:\/\/br.pinterest.com\/pipacomunicacao\/","http:\/\/il.youtube.com\/user\/pipacomunicacao"]}]}},"jetpack_publicize_connections":[],"jetpack_sharing_enabled":true,"_links":{"self":[{"href":"https:\/\/www.pipacomunica.com.br\/livrariadapipa\/wp-json\/wp\/v2\/product\/11611","targetHints":{"allow":["GET"]}}],"collection":[{"href":"https:\/\/www.pipacomunica.com.br\/livrariadapipa\/wp-json\/wp\/v2\/product"}],"about":[{"href":"https:\/\/www.pipacomunica.com.br\/livrariadapipa\/wp-json\/wp\/v2\/types\/product"}],"replies":[{"embeddable":true,"href":"https:\/\/www.pipacomunica.com.br\/livrariadapipa\/wp-json\/wp\/v2\/comments?post=11611"}],"version-history":[{"count":4,"href":"https:\/\/www.pipacomunica.com.br\/livrariadapipa\/wp-json\/wp\/v2\/product\/11611\/revisions"}],"predecessor-version":[{"id":11626,"href":"https:\/\/www.pipacomunica.com.br\/livrariadapipa\/wp-json\/wp\/v2\/product\/11611\/revisions\/11626"}],"wp:featuredmedia":[{"embeddable":true,"href":"https:\/\/www.pipacomunica.com.br\/livrariadapipa\/wp-json\/wp\/v2\/media\/11617"}],"wp:attachment":[{"href":"https:\/\/www.pipacomunica.com.br\/livrariadapipa\/wp-json\/wp\/v2\/media?parent=11611"}],"wp:term":[{"taxonomy":"product_brand","embeddable":true,"href":"https:\/\/www.pipacomunica.com.br\/livrariadapipa\/wp-json\/wp\/v2\/product_brand?post=11611"},{"taxonomy":"product_cat","embeddable":true,"href":"https:\/\/www.pipacomunica.com.br\/livrariadapipa\/wp-json\/wp\/v2\/product_cat?post=11611"},{"taxonomy":"product_tag","embeddable":true,"href":"https:\/\/www.pipacomunica.com.br\/livrariadapipa\/wp-json\/wp\/v2\/product_tag?post=11611"}],"curies":[{"name":"wp","href":"https:\/\/api.w.org\/{rel}","templated":true}]}}