{"id":10502,"date":"2020-07-19T22:00:37","date_gmt":"2020-07-20T01:00:37","guid":{"rendered":"https:\/\/www.pipacomunica.com.br\/livrariadapipa\/?post_type=product&#038;p=10502"},"modified":"2026-04-11T08:15:21","modified_gmt":"2026-04-11T11:15:21","slug":"aprenda-desaprenda-reaprenda","status":"publish","type":"product","link":"https:\/\/www.pipacomunica.com.br\/livrariadapipa\/produto\/aprenda-desaprenda-reaprenda\/","title":{"rendered":"APRENDA, DESAP\u042fE\u0418DA E REAPRENDA"},"content":{"rendered":"<p><strong>APRENDA, DESAP\u042fE\u0418DA E REAPRENDA<\/strong><br \/>\n<em>Brochura<\/em><br \/>\nLeila Ribeiro<\/p>\n<p><strong>E se, ao inv\u00e9s de termos aprendido disciplinas e conceitos, tiv\u00e9ssemos aprendido a &#8230; aprender?<\/strong><\/p>\n<p>Essa \u00e9 a provoca\u00e7\u00e3o de \u201cAprenda, Desaprenda e Reaprenda\u201d, livro de estreia da autora Leila Ribeiro. Nele, est\u00e3o reunidos os principais insights para a mudan\u00e7a do modelo de aprendizagem em diversos n\u00edveis e contextos. Leila tamb\u00e9m traz ferramentas e t\u00e9cnicas que apoiam os processos de facilita\u00e7\u00e3o da aprendizagem. Voc\u00ea vai ver que \u00e9 aprendendo com os pr\u00f3prios erros, fazendo testes e superando as frustra\u00e7\u00f5es, que vamos encontrar solu\u00e7\u00f5es inovadoras para os nossos desafios cotidianos de vida e trabalho. Mas se prepare, o segredo n\u00e3o ser\u00e1 apenas sobre saber aprender, mas tamb\u00e9m sobre se permitir desaprender para reaprender.<\/p>\n<p>\u201cAprenda, Desaprenda e Reaprenda\u201d proporciona uma leitura clara e certamente agrad\u00e1vel. Al\u00e9m dos conte\u00fados sobre design, a obra lan\u00e7a m\u00e3o das estrat\u00e9gias do design para criar uma experi\u00eancia de leitura inovadora a fim de fazer voc\u00ea se apaixonar por cada uma das 228 p\u00e1ginas cuidadosamente desenhadas com esse objetivo. Al\u00e9m disso, o livro apresenta ferramentas como frameworks, esquemas visuais e mapas para facilitar o entendimento e ajudar voc\u00ea em suas atividades futuras.<\/p>\n<h4>V\u00eddeo de lan\u00e7amento<\/h4>\n<div class=\"su-youtube su-u-responsive-media-yes\"><iframe width=\"600\" height=\"400\" src=\"https:\/\/www.youtube.com\/embed\/OiO1B4Ld1WM?\" frameborder=\"0\" allowfullscreen allow=\"autoplay; encrypted-media; picture-in-picture\" title=\"\"><\/iframe><\/div>\n<h4>Sobre a autora<\/h4>\n<p>&nbsp;<\/p>\n<p><strong>LEILA RIBEIRO<br \/>\n<\/strong><\/p>\n<p><a href=\"https:\/\/br.linkedin.com\/in\/leilagirassol\" target=\"_blank\" rel=\"noopener noreferrer\">Leila Ribeiro<\/a> \u00e9 uma brasiliense apaixonada por pesquisa, criatividade e inova\u00e7\u00e3o. \u00c9 co-fundadora da <a href=\"http:\/\/sala.org.br\/\" target=\"_blank\" rel=\"noopener noreferrer\">Sala<\/a>, empresa criada em 2007 que leva a qualquer espa\u00e7o \u2013 seja ele acad\u00eamico, corporativo ou social \u2013 um novo processo de aprendizagem.<\/p>\n<p>\u201cAPRENDA, DESAP\u042fE\u0418DA E REAPRENDA\u201d \u00e9 seu primeiro livro, elaborado com base em sua pesquisa de mestrado sobre o uso do design como um propulsor para o aprendizado disruptivo contempor\u00e2neo.<\/p>\n<p>Al\u00e9m de ser licenciada em Letras, Leila \u00e9 Doutora em Ci\u00eancia da Informa\u00e7\u00e3o, Mestre em Design e Mestre em Lingu\u00edstica Aplicada pela Universidade de Bras\u00edlia (UnB), mesma institui\u00e7\u00e3o onde desenvolveu uma pesquisa de p\u00f3s doutorado sobre processos de aprendizagens n\u00e3o-convencionais depois de uma s\u00e9rie de viagens de imers\u00e3o em locais e contextos que quebravam com o tradicional.<\/p>\n<p><strong>EDI\u00c7\u00c3O<\/strong> Jacqueline Lafloufa<br \/>\n<strong>PROJETO GR\u00c1FICO E CAPA<\/strong> Walter Mattos e Iure Figueira<br \/>\n<strong>REVIS\u00c3O<\/strong> Maria Clara Paes<br \/>\n<strong>FOTOS<\/strong> Washington Ribeiro (@wrbk)<br \/>\n<strong>FOTOS DOS PERFIS<\/strong> Arquivo pessoal<br \/>\n<strong>EDITORES<\/strong>: Augusto Noronha e Karla Vidal<br \/>\n<strong>EDI\u00c7\u00c3O: <\/strong>Pipa Comunica\u00e7\u00e3o &#8211;\u00a0<a href=\"https:\/\/www.pipacomunica.com.br\"><strong>https:\/\/www.pipacomunica.com.br<\/strong><\/a><\/p>\n","protected":false},"excerpt":{"rendered":"<p><strong>APRENDA, DESAP\u042fE\u0418DA E REAPRENDA<\/strong><br \/>\n<em>Brochura<\/em><br \/>\nLeila Ribeiro<\/p>\n<p><strong>E se, ao inv\u00e9s de termos aprendido disciplinas e conceitos, tiv\u00e9ssemos aprendido a &#8230; aprender?<\/strong><\/p>\n<p>Essa \u00e9 a provoca\u00e7\u00e3o de \u201cAprenda, Desaprenda e Reaprenda\u201d, livro de estreia de Leila Ribeiro, PhD em aprendizagem disruptiva, educadora e designer. Nele, est\u00e3o reunidos os principais insights para a mudan\u00e7a do modelo de aprendizagem em diversos n\u00edveis e contextos. Leila tamb\u00e9m traz ferramentas e t\u00e9cnicas que apoiam os processos de facilita\u00e7\u00e3o da aprendizagem. Voc\u00ea vai ver que \u00e9 aprendendo com os pr\u00f3prios erros, fazendo testes e superando as frustra\u00e7\u00f5es, que vamos encontrar solu\u00e7\u00f5es inovadoras para os nossos desafios cotidianos de vida e trabalho. Mas se prepare, o segredo n\u00e3o ser\u00e1 apenas sobre saber aprender, mas tamb\u00e9m sobre se permitir desaprender para reaprender.<\/p>\n<p>Educadores, gestores, facilitadores, l\u00edderes, agentes de mudan\u00e7a, designers, inovadores, criativos, curiosos e exploradores de aprendizagem que rompe com o modelo convencional: esse livro \u00e9 para voc\u00ea =)<\/p>\n<h4>Ficha T\u00e9cnica<\/h4>\n<p>1\u00aa ed.<br \/>\n228 p.: il; 14,8 x 21cm<br \/>\nInclui bibliografia<br \/>\nISBN: 978-65-87033-03-7<br \/>\n1. Modelo de Aprendizagem. 2. Ensino Contempor\u00e2neo. 3. Aprendizagem Disruptiva. 4. Pensamento de Design. I. T\u00edtulo.<br \/>\nCDD: 371.3<\/p>\n","protected":false},"featured_media":10508,"comment_status":"open","ping_status":"closed","template":"","meta":{"jetpack_post_was_ever_published":false,"jetpack_publicize_message":"","jetpack_publicize_feature_enabled":true,"jetpack_social_post_already_shared":true,"jetpack_social_options":{"image_generator_settings":{"template":"highway","default_image_id":0,"font":"","enabled":false},"version":2}},"product_brand":[],"product_cat":[34,18],"product_tag":[],"class_list":{"0":"post-10502","1":"product","2":"type-product","3":"status-publish","4":"has-post-thumbnail","6":"product_cat-sem-categoria","7":"product_cat-livros-impressos","9":"first","10":"instock","11":"shipping-taxable","12":"product-type-external"},"yoast_head":"<!-- This site is optimized with the Yoast SEO plugin v27.1.1 - https:\/\/yoast.com\/product\/yoast-seo-wordpress\/ -->\n<title>APRENDA, DESAP\u042fE\u0418DA E REAPRENDA<\/title>\n<meta name=\"description\" content=\"E se, ao inv\u00e9s de termos aprendido disciplinas e conceitos, tiv\u00e9ssemos aprendido a... aprender? Essa \u00e9 a provoca\u00e7\u00e3o do livro de estreia de Leila Ribeiro.\" \/>\n<meta name=\"robots\" content=\"index, follow, max-snippet:-1, max-image-preview:large, max-video-preview:-1\" \/>\n<link rel=\"canonical\" href=\"https:\/\/www.pipacomunica.com.br\/livrariadapipa\/produto\/aprenda-desaprenda-reaprenda\/\" \/>\n<meta property=\"og:locale\" content=\"pt_BR\" \/>\n<meta property=\"og:type\" content=\"article\" \/>\n<meta property=\"og:title\" content=\"APRENDA, DESAP\u042fE\u0418DA E REAPRENDA\" \/>\n<meta property=\"og:description\" content=\"E se, ao inv\u00e9s de termos aprendido disciplinas e conceitos, tiv\u00e9ssemos aprendido a... aprender? Essa \u00e9 a provoca\u00e7\u00e3o do livro de estreia de Leila Ribeiro.\" \/>\n<meta property=\"og:url\" content=\"https:\/\/www.pipacomunica.com.br\/livrariadapipa\/produto\/aprenda-desaprenda-reaprenda\/\" \/>\n<meta property=\"og:site_name\" content=\"Livraria da Pipa Comunica\u00e7\u00e3o\" \/>\n<meta property=\"article:publisher\" content=\"https:\/\/www.facebook.com\/pipacomunica\" \/>\n<meta property=\"article:modified_time\" content=\"2026-04-11T11:15:21+00:00\" \/>\n<meta property=\"og:image\" content=\"https:\/\/www.pipacomunica.com.br\/livrariadapipa\/wp-content\/uploads\/2020\/07\/thumb-aprenda-desaprenda-reaprenda.png\" \/>\n\t<meta property=\"og:image:width\" content=\"870\" \/>\n\t<meta property=\"og:image:height\" content=\"452\" \/>\n\t<meta property=\"og:image:type\" content=\"image\/png\" \/>\n<meta name=\"twitter:card\" content=\"summary_large_image\" \/>\n<meta name=\"twitter:title\" content=\"APRENDA, DESAP\u042fE\u0418DA E REAPRENDA\" \/>\n<meta name=\"twitter:description\" content=\"E se, ao inv\u00e9s de termos aprendido disciplinas e conceitos, tiv\u00e9ssemos aprendido a... aprender? Essa \u00e9 a provoca\u00e7\u00e3o do livro de estreia de Leila Ribeiro.\" \/>\n<meta name=\"twitter:image\" content=\"https:\/\/i0.wp.com\/www.pipacomunica.com.br\/livrariadapipa\/wp-content\/uploads\/2020\/07\/thumb-aprenda-desaprenda-reaprenda.png?fit=870%2C452&ssl=1\" \/>\n<meta name=\"twitter:site\" content=\"@PipaComunica\" \/>\n<meta name=\"twitter:label1\" content=\"Est. tempo de leitura\" \/>\n\t<meta name=\"twitter:data1\" content=\"3 minutos\" \/>\n<script type=\"application\/ld+json\" class=\"yoast-schema-graph\">{\"@context\":\"https:\/\/schema.org\",\"@graph\":[{\"@type\":\"WebPage\",\"@id\":\"https:\/\/www.pipacomunica.com.br\/livrariadapipa\/produto\/aprenda-desaprenda-reaprenda\/\",\"url\":\"https:\/\/www.pipacomunica.com.br\/livrariadapipa\/produto\/aprenda-desaprenda-reaprenda\/\",\"name\":\"APRENDA, DESAP\u042fE\u0418DA E REAPRENDA\",\"isPartOf\":{\"@id\":\"https:\/\/www.pipacomunica.com.br\/livrariadapipa\/#website\"},\"primaryImageOfPage\":{\"@id\":\"https:\/\/www.pipacomunica.com.br\/livrariadapipa\/produto\/aprenda-desaprenda-reaprenda\/#primaryimage\"},\"image\":{\"@id\":\"https:\/\/www.pipacomunica.com.br\/livrariadapipa\/produto\/aprenda-desaprenda-reaprenda\/#primaryimage\"},\"thumbnailUrl\":\"https:\/\/i0.wp.com\/www.pipacomunica.com.br\/livrariadapipa\/wp-content\/uploads\/2020\/07\/impresso-aprenda-desaprenda-reaprenda.png?fit=1000%2C1000&ssl=1\",\"datePublished\":\"2020-07-20T01:00:37+00:00\",\"dateModified\":\"2026-04-11T11:15:21+00:00\",\"description\":\"E se, ao inv\u00e9s de termos aprendido disciplinas e conceitos, tiv\u00e9ssemos aprendido a... aprender? Essa \u00e9 a provoca\u00e7\u00e3o do livro de estreia de Leila Ribeiro.\",\"breadcrumb\":{\"@id\":\"https:\/\/www.pipacomunica.com.br\/livrariadapipa\/produto\/aprenda-desaprenda-reaprenda\/#breadcrumb\"},\"inLanguage\":\"pt-BR\",\"potentialAction\":[{\"@type\":\"ReadAction\",\"target\":[\"https:\/\/www.pipacomunica.com.br\/livrariadapipa\/produto\/aprenda-desaprenda-reaprenda\/\"]}]},{\"@type\":\"ImageObject\",\"inLanguage\":\"pt-BR\",\"@id\":\"https:\/\/www.pipacomunica.com.br\/livrariadapipa\/produto\/aprenda-desaprenda-reaprenda\/#primaryimage\",\"url\":\"https:\/\/i0.wp.com\/www.pipacomunica.com.br\/livrariadapipa\/wp-content\/uploads\/2020\/07\/impresso-aprenda-desaprenda-reaprenda.png?fit=1000%2C1000&ssl=1\",\"contentUrl\":\"https:\/\/i0.wp.com\/www.pipacomunica.com.br\/livrariadapipa\/wp-content\/uploads\/2020\/07\/impresso-aprenda-desaprenda-reaprenda.png?fit=1000%2C1000&ssl=1\",\"width\":1000,\"height\":1000,\"caption\":\"APRENDA, DESAP\u042fE\u0418DA E REAPRENDA\"},{\"@type\":\"BreadcrumbList\",\"@id\":\"https:\/\/www.pipacomunica.com.br\/livrariadapipa\/produto\/aprenda-desaprenda-reaprenda\/#breadcrumb\",\"itemListElement\":[{\"@type\":\"ListItem\",\"position\":1,\"name\":\"In\u00edcio\",\"item\":\"https:\/\/www.pipacomunica.com.br\/livrariadapipa\/\"},{\"@type\":\"ListItem\",\"position\":2,\"name\":\"Cat\u00e1logo\",\"item\":\"https:\/\/www.pipacomunica.com.br\/livrariadapipa\/vitrine\/\"},{\"@type\":\"ListItem\",\"position\":3,\"name\":\"APRENDA, DESAP\u042fE\u0418DA E REAPRENDA\"}]},{\"@type\":\"WebSite\",\"@id\":\"https:\/\/www.pipacomunica.com.br\/livrariadapipa\/#website\",\"url\":\"https:\/\/www.pipacomunica.com.br\/livrariadapipa\/\",\"name\":\"Livraria da Pipa Comunica\u00e7\u00e3o\",\"description\":\"Livros mais baratos que xerox\",\"publisher\":{\"@id\":\"https:\/\/www.pipacomunica.com.br\/livrariadapipa\/#organization\"},\"potentialAction\":[{\"@type\":\"SearchAction\",\"target\":{\"@type\":\"EntryPoint\",\"urlTemplate\":\"https:\/\/www.pipacomunica.com.br\/livrariadapipa\/?s={search_term_string}\"},\"query-input\":{\"@type\":\"PropertyValueSpecification\",\"valueRequired\":true,\"valueName\":\"search_term_string\"}}],\"inLanguage\":\"pt-BR\"},{\"@type\":\"Organization\",\"@id\":\"https:\/\/www.pipacomunica.com.br\/livrariadapipa\/#organization\",\"name\":\"Livraria da Pipa Comunica\u00e7\u00e3o\",\"url\":\"https:\/\/www.pipacomunica.com.br\/livrariadapipa\/\",\"logo\":{\"@type\":\"ImageObject\",\"inLanguage\":\"pt-BR\",\"@id\":\"https:\/\/www.pipacomunica.com.br\/livrariadapipa\/#\/schema\/logo\/image\/\",\"url\":\"https:\/\/i0.wp.com\/www.pipacomunica.com.br\/livrariadapipa\/wp-content\/uploads\/2018\/09\/marca-livraria-pipa-400px-negativo.png?fit=400%2C80&ssl=1\",\"contentUrl\":\"https:\/\/i0.wp.com\/www.pipacomunica.com.br\/livrariadapipa\/wp-content\/uploads\/2018\/09\/marca-livraria-pipa-400px-negativo.png?fit=400%2C80&ssl=1\",\"width\":400,\"height\":80,\"caption\":\"Livraria da Pipa Comunica\u00e7\u00e3o\"},\"image\":{\"@id\":\"https:\/\/www.pipacomunica.com.br\/livrariadapipa\/#\/schema\/logo\/image\/\"},\"sameAs\":[\"https:\/\/www.facebook.com\/pipacomunica\",\"https:\/\/x.com\/PipaComunica\",\"https:\/\/instagram.com\/pipacomunicacao\",\"http:\/\/www.linkedin.com\/companies\/pipa-comunica-o\",\"https:\/\/br.pinterest.com\/pipacomunicacao\/\",\"http:\/\/il.youtube.com\/user\/pipacomunicacao\"]}]}<\/script>\n<!-- \/ Yoast SEO plugin. -->","yoast_head_json":{"title":"APRENDA, DESAP\u042fE\u0418DA E REAPRENDA","description":"E se, ao inv\u00e9s de termos aprendido disciplinas e conceitos, tiv\u00e9ssemos aprendido a... aprender? Essa \u00e9 a provoca\u00e7\u00e3o do livro de estreia de Leila Ribeiro.","robots":{"index":"index","follow":"follow","max-snippet":"max-snippet:-1","max-image-preview":"max-image-preview:large","max-video-preview":"max-video-preview:-1"},"canonical":"https:\/\/www.pipacomunica.com.br\/livrariadapipa\/produto\/aprenda-desaprenda-reaprenda\/","og_locale":"pt_BR","og_type":"article","og_title":"APRENDA, DESAP\u042fE\u0418DA E REAPRENDA","og_description":"E se, ao inv\u00e9s de termos aprendido disciplinas e conceitos, tiv\u00e9ssemos aprendido a... aprender? Essa \u00e9 a provoca\u00e7\u00e3o do livro de estreia de Leila Ribeiro.","og_url":"https:\/\/www.pipacomunica.com.br\/livrariadapipa\/produto\/aprenda-desaprenda-reaprenda\/","og_site_name":"Livraria da Pipa Comunica\u00e7\u00e3o","article_publisher":"https:\/\/www.facebook.com\/pipacomunica","article_modified_time":"2026-04-11T11:15:21+00:00","og_image":[{"width":870,"height":452,"url":"https:\/\/www.pipacomunica.com.br\/livrariadapipa\/wp-content\/uploads\/2020\/07\/thumb-aprenda-desaprenda-reaprenda.png","type":"image\/png"}],"twitter_card":"summary_large_image","twitter_title":"APRENDA, DESAP\u042fE\u0418DA E REAPRENDA","twitter_description":"E se, ao inv\u00e9s de termos aprendido disciplinas e conceitos, tiv\u00e9ssemos aprendido a... aprender? Essa \u00e9 a provoca\u00e7\u00e3o do livro de estreia de Leila Ribeiro.","twitter_image":"https:\/\/i0.wp.com\/www.pipacomunica.com.br\/livrariadapipa\/wp-content\/uploads\/2020\/07\/thumb-aprenda-desaprenda-reaprenda.png?fit=870%2C452&ssl=1","twitter_site":"@PipaComunica","twitter_misc":{"Est. tempo de leitura":"3 minutos"},"schema":{"@context":"https:\/\/schema.org","@graph":[{"@type":"WebPage","@id":"https:\/\/www.pipacomunica.com.br\/livrariadapipa\/produto\/aprenda-desaprenda-reaprenda\/","url":"https:\/\/www.pipacomunica.com.br\/livrariadapipa\/produto\/aprenda-desaprenda-reaprenda\/","name":"APRENDA, DESAP\u042fE\u0418DA E REAPRENDA","isPartOf":{"@id":"https:\/\/www.pipacomunica.com.br\/livrariadapipa\/#website"},"primaryImageOfPage":{"@id":"https:\/\/www.pipacomunica.com.br\/livrariadapipa\/produto\/aprenda-desaprenda-reaprenda\/#primaryimage"},"image":{"@id":"https:\/\/www.pipacomunica.com.br\/livrariadapipa\/produto\/aprenda-desaprenda-reaprenda\/#primaryimage"},"thumbnailUrl":"https:\/\/i0.wp.com\/www.pipacomunica.com.br\/livrariadapipa\/wp-content\/uploads\/2020\/07\/impresso-aprenda-desaprenda-reaprenda.png?fit=1000%2C1000&ssl=1","datePublished":"2020-07-20T01:00:37+00:00","dateModified":"2026-04-11T11:15:21+00:00","description":"E se, ao inv\u00e9s de termos aprendido disciplinas e conceitos, tiv\u00e9ssemos aprendido a... aprender? Essa \u00e9 a provoca\u00e7\u00e3o do livro de estreia de Leila Ribeiro.","breadcrumb":{"@id":"https:\/\/www.pipacomunica.com.br\/livrariadapipa\/produto\/aprenda-desaprenda-reaprenda\/#breadcrumb"},"inLanguage":"pt-BR","potentialAction":[{"@type":"ReadAction","target":["https:\/\/www.pipacomunica.com.br\/livrariadapipa\/produto\/aprenda-desaprenda-reaprenda\/"]}]},{"@type":"ImageObject","inLanguage":"pt-BR","@id":"https:\/\/www.pipacomunica.com.br\/livrariadapipa\/produto\/aprenda-desaprenda-reaprenda\/#primaryimage","url":"https:\/\/i0.wp.com\/www.pipacomunica.com.br\/livrariadapipa\/wp-content\/uploads\/2020\/07\/impresso-aprenda-desaprenda-reaprenda.png?fit=1000%2C1000&ssl=1","contentUrl":"https:\/\/i0.wp.com\/www.pipacomunica.com.br\/livrariadapipa\/wp-content\/uploads\/2020\/07\/impresso-aprenda-desaprenda-reaprenda.png?fit=1000%2C1000&ssl=1","width":1000,"height":1000,"caption":"APRENDA, DESAP\u042fE\u0418DA E REAPRENDA"},{"@type":"BreadcrumbList","@id":"https:\/\/www.pipacomunica.com.br\/livrariadapipa\/produto\/aprenda-desaprenda-reaprenda\/#breadcrumb","itemListElement":[{"@type":"ListItem","position":1,"name":"In\u00edcio","item":"https:\/\/www.pipacomunica.com.br\/livrariadapipa\/"},{"@type":"ListItem","position":2,"name":"Cat\u00e1logo","item":"https:\/\/www.pipacomunica.com.br\/livrariadapipa\/vitrine\/"},{"@type":"ListItem","position":3,"name":"APRENDA, DESAP\u042fE\u0418DA E REAPRENDA"}]},{"@type":"WebSite","@id":"https:\/\/www.pipacomunica.com.br\/livrariadapipa\/#website","url":"https:\/\/www.pipacomunica.com.br\/livrariadapipa\/","name":"Livraria da Pipa Comunica\u00e7\u00e3o","description":"Livros mais baratos que xerox","publisher":{"@id":"https:\/\/www.pipacomunica.com.br\/livrariadapipa\/#organization"},"potentialAction":[{"@type":"SearchAction","target":{"@type":"EntryPoint","urlTemplate":"https:\/\/www.pipacomunica.com.br\/livrariadapipa\/?s={search_term_string}"},"query-input":{"@type":"PropertyValueSpecification","valueRequired":true,"valueName":"search_term_string"}}],"inLanguage":"pt-BR"},{"@type":"Organization","@id":"https:\/\/www.pipacomunica.com.br\/livrariadapipa\/#organization","name":"Livraria da Pipa Comunica\u00e7\u00e3o","url":"https:\/\/www.pipacomunica.com.br\/livrariadapipa\/","logo":{"@type":"ImageObject","inLanguage":"pt-BR","@id":"https:\/\/www.pipacomunica.com.br\/livrariadapipa\/#\/schema\/logo\/image\/","url":"https:\/\/i0.wp.com\/www.pipacomunica.com.br\/livrariadapipa\/wp-content\/uploads\/2018\/09\/marca-livraria-pipa-400px-negativo.png?fit=400%2C80&ssl=1","contentUrl":"https:\/\/i0.wp.com\/www.pipacomunica.com.br\/livrariadapipa\/wp-content\/uploads\/2018\/09\/marca-livraria-pipa-400px-negativo.png?fit=400%2C80&ssl=1","width":400,"height":80,"caption":"Livraria da Pipa Comunica\u00e7\u00e3o"},"image":{"@id":"https:\/\/www.pipacomunica.com.br\/livrariadapipa\/#\/schema\/logo\/image\/"},"sameAs":["https:\/\/www.facebook.com\/pipacomunica","https:\/\/x.com\/PipaComunica","https:\/\/instagram.com\/pipacomunicacao","http:\/\/www.linkedin.com\/companies\/pipa-comunica-o","https:\/\/br.pinterest.com\/pipacomunicacao\/","http:\/\/il.youtube.com\/user\/pipacomunicacao"]}]}},"jetpack_publicize_connections":[],"jetpack_sharing_enabled":true,"_links":{"self":[{"href":"https:\/\/www.pipacomunica.com.br\/livrariadapipa\/wp-json\/wp\/v2\/product\/10502","targetHints":{"allow":["GET"]}}],"collection":[{"href":"https:\/\/www.pipacomunica.com.br\/livrariadapipa\/wp-json\/wp\/v2\/product"}],"about":[{"href":"https:\/\/www.pipacomunica.com.br\/livrariadapipa\/wp-json\/wp\/v2\/types\/product"}],"replies":[{"embeddable":true,"href":"https:\/\/www.pipacomunica.com.br\/livrariadapipa\/wp-json\/wp\/v2\/comments?post=10502"}],"version-history":[{"count":4,"href":"https:\/\/www.pipacomunica.com.br\/livrariadapipa\/wp-json\/wp\/v2\/product\/10502\/revisions"}],"predecessor-version":[{"id":10521,"href":"https:\/\/www.pipacomunica.com.br\/livrariadapipa\/wp-json\/wp\/v2\/product\/10502\/revisions\/10521"}],"wp:featuredmedia":[{"embeddable":true,"href":"https:\/\/www.pipacomunica.com.br\/livrariadapipa\/wp-json\/wp\/v2\/media\/10508"}],"wp:attachment":[{"href":"https:\/\/www.pipacomunica.com.br\/livrariadapipa\/wp-json\/wp\/v2\/media?parent=10502"}],"wp:term":[{"taxonomy":"product_brand","embeddable":true,"href":"https:\/\/www.pipacomunica.com.br\/livrariadapipa\/wp-json\/wp\/v2\/product_brand?post=10502"},{"taxonomy":"product_cat","embeddable":true,"href":"https:\/\/www.pipacomunica.com.br\/livrariadapipa\/wp-json\/wp\/v2\/product_cat?post=10502"},{"taxonomy":"product_tag","embeddable":true,"href":"https:\/\/www.pipacomunica.com.br\/livrariadapipa\/wp-json\/wp\/v2\/product_tag?post=10502"}],"curies":[{"name":"wp","href":"https:\/\/api.w.org\/{rel}","templated":true}]}}